{"id":2181,"date":"2023-06-02T15:33:57","date_gmt":"2023-06-02T07:33:57","guid":{"rendered":"http:\/\/203.196.10.64:3021\/?post_type=product&#038;p=2181"},"modified":"2024-12-16T14:43:16","modified_gmt":"2024-12-16T06:43:16","slug":"sk8260-2","status":"publish","type":"product","link":"https:\/\/www.sikortex.com\/pl\/produkt\/sk8260-2\/","title":{"rendered":"Tkanina na odzie\u017c robocz\u0105 z poliestru 300D Gabardine"},"content":{"rendered":"<h6>SIKOR-TEX <span style=\"color: #3366ff;\"><a style=\"color: #3366ff;\" href=\"https:\/\/www.sikortex.com\/pl\/nylonowo-bawelniana-tkanina-ripstop-tkanina-wiatrowka-5\/\">Tkanina oksfordzka<\/a><\/span> producent<\/h6>\n<p>Poliestrowa tkanina gabardynowa 300D na odzie\u017c robocz\u0105, uosobienie trwa\u0142o\u015bci i funkcjonalno\u015bci dla Twoich profesjonalnych potrzeb. Zaprojektowany z niezwyk\u0142\u0105 dba\u0142o\u015bci\u0105 o szczeg\u00f3\u0142y, materia\u0142 ten z \u0142atwo\u015bci\u0105 wytrzyma najci\u0119\u017csze warunki pracy.<\/p>\n<p>Wykonany z wysokiej jako\u015bci poliestru 300D, nasz materia\u0142 charakteryzuje si\u0119 wyj\u0105tkow\u0105 wytrzyma\u0142o\u015bci\u0105 i spr\u0119\u017cysto\u015bci\u0105, zapewniaj\u0105c d\u0142ugowieczno\u015b\u0107 i d\u0142ugotrwa\u0142e u\u017cytkowanie. Splot sko\u015bny 2\/2 dodaje odrobiny wyrafinowania, jednocze\u015bnie zwi\u0119kszaj\u0105c trwa\u0142o\u015b\u0107 i odporno\u015b\u0107 tkaniny na rozdarcia.<\/p>\n<p>Niezale\u017cnie od tego, czy pracujesz w budownictwie, produkcji, czy w innej wymagaj\u0105cej bran\u017cy, nasza tkanina na odzie\u017c robocz\u0105 Gabardine jest Twoim niezawodnym towarzyszem. Zapewnia doskona\u0142\u0105 ochron\u0119 przed otarciami, dzi\u0119ki czemu idealnie nadaje si\u0119 do ci\u0119\u017ckich zada\u0144. Dodatkowo sk\u0142ad poliestru zapewnia odporno\u015b\u0107 na wod\u0119 i plamy, dzi\u0119ki czemu b\u0119dziesz wygl\u0105da\u0107 ostro i profesjonalnie.<\/p>\n<p>Dost\u0119pna jest r\u00f3wnie\u017c tkanina poliestrowa 300D na odzie\u017c robocz\u0105 <span style=\"color: #3366ff;\"><a style=\"color: #3366ff;\" href=\"https:\/\/www.sikortex.com\/pl\/tkaniny-o-wysokiej-widocznosci\/\">Cze\u015b\u0107 VIS<\/a><\/span> zabarwienie<\/p>\n<p>&nbsp;<\/p>","protected":false},"excerpt":{"rendered":"<p>1000 metr\u00f3w (min. zam\u00f3wienie)<\/p>","protected":false},"featured_media":3825,"comment_status":"closed","ping_status":"closed","template":"","meta":{"_uag_custom_page_level_css":"","site-sidebar-layout":"default","site-content-layout":"default","ast-site-content-layout":"","site-content-style":"default","site-sidebar-style":"default","ast-global-header-display":"","ast-banner-title-visibility":"","ast-main-header-display":"","ast-hfb-above-header-display":"","ast-hfb-below-header-display":"","ast-hfb-mobile-header-display":"","site-post-title":"","ast-breadcrumbs-content":"","ast-featured-img":"","footer-sml-layout":"","theme-transparent-header-meta":"default","adv-header-id-meta":"","stick-header-meta":"default","header-above-stick-meta":"","header-main-stick-meta":"","header-below-stick-meta":"","astra-migrate-meta-layouts":"default","ast-page-background-enabled":"default","ast-page-background-meta":{"desktop":{"background-color":"","background-image":"","background-repeat":"repeat","background-position":"center center","background-size":"auto","background-attachment":"scroll","background-type":"","background-media":"","overlay-type":"","overlay-color":"","overlay-opacity":"","overlay-gradient":""},"tablet":{"background-color":"","background-image":"","background-repeat":"repeat","background-position":"center center","background-size":"auto","background-attachment":"scroll","background-type":"","background-media":"","overlay-type":"","overlay-color":"","overlay-opacity":"","overlay-gradient":""},"mobile":{"background-color":"","background-image":"","background-repeat":"repeat","background-position":"center center","background-size":"auto","background-attachment":"scroll","background-type":"","background-media":"","overlay-type":"","overlay-color":"","overlay-opacity":"","overlay-gradient":""}},"ast-content-background-meta":{"desktop":{"background-color":"var(--ast-global-color-5)","background-image":"","background-repeat":"repeat","background-position":"center center","background-size":"auto","background-attachment":"scroll","background-type":"","background-media":"","overlay-type":"","overlay-color":"","overlay-opacity":"","overlay-gradient":""},"tablet":{"background-color":"var(--ast-global-color-5)","background-image":"","background-repeat":"repeat","background-position":"center center","background-size":"auto","background-attachment":"scroll","background-type":"","background-media":"","overlay-type":"","overlay-color":"","overlay-opacity":"","overlay-gradient":""},"mobile":{"background-color":"var(--ast-global-color-5)","background-image":"","background-repeat":"repeat","background-position":"center center","background-size":"auto","background-attachment":"scroll","background-type":"","background-media":"","overlay-type":"","overlay-color":"","overlay-opacity":"","overlay-gradient":""}}},"product_brand":[],"product_cat":[426,427,403,407,425],"product_tag":[],"class_list":{"0":"post-2181","1":"product","2":"type-product","3":"status-publish","4":"has-post-thumbnail","6":"product_cat-constructionmining","7":"product_cat-petroleum-and-petrochemical","8":"product_cat-polyester-fabrics","9":"product_cat-recycled-fabric","10":"product_cat-security-emergencies-road-services","11":"pa_available_colors-1526-03","12":"pa_available_colors-1526-05","13":"pa_available_colors-1526-07","14":"pa_available_colors-1526-13","15":"pa_available_colors-1526-48","16":"pa_available_colors-fluorescent-orange","17":"pa_available_colors-fluorescent-red","18":"pa_available_colors-fluorescent-yellow","19":"pa_available_colors-000020-wht","20":"desktop-align-left","21":"tablet-align-left","22":"mobile-align-left","23":"ast-product-gallery-layout-vertical-slider","24":"ast-product-tabs-layout-horizontal","26":"first","27":"instock","28":"shipping-taxable","29":"product-type-simple"},"uagb_featured_image_src":{"full":["https:\/\/www.sikortex.com\/wp-content\/uploads\/2023\/06\/O1CN01enrbwT1t4tLO6bPkc_2211895355849-0-cib-1.jpg",1024,1024,false],"thumbnail":["https:\/\/www.sikortex.com\/wp-content\/uploads\/2023\/06\/O1CN01enrbwT1t4tLO6bPkc_2211895355849-0-cib-1-150x150.jpg",150,150,true],"medium":["https:\/\/www.sikortex.com\/wp-content\/uploads\/2023\/06\/O1CN01enrbwT1t4tLO6bPkc_2211895355849-0-cib-1-300x300.jpg",300,300,true],"medium_large":["https:\/\/www.sikortex.com\/wp-content\/uploads\/2023\/06\/O1CN01enrbwT1t4tLO6bPkc_2211895355849-0-cib-1-768x768.jpg",768,768,true],"large":["https:\/\/www.sikortex.com\/wp-content\/uploads\/2023\/06\/O1CN01enrbwT1t4tLO6bPkc_2211895355849-0-cib-1.jpg",1024,1024,false],"1536x1536":["https:\/\/www.sikortex.com\/wp-content\/uploads\/2023\/06\/O1CN01enrbwT1t4tLO6bPkc_2211895355849-0-cib-1.jpg",1024,1024,false],"2048x2048":["https:\/\/www.sikortex.com\/wp-content\/uploads\/2023\/06\/O1CN01enrbwT1t4tLO6bPkc_2211895355849-0-cib-1.jpg",1024,1024,false],"trp-custom-language-flag":["https:\/\/www.sikortex.com\/wp-content\/uploads\/2023\/06\/O1CN01enrbwT1t4tLO6bPkc_2211895355849-0-cib-1.jpg",12,12,false],"woocommerce_thumbnail":["https:\/\/www.sikortex.com\/wp-content\/uploads\/2023\/06\/O1CN01enrbwT1t4tLO6bPkc_2211895355849-0-cib-1-300x300.jpg",300,300,true],"woocommerce_single":["https:\/\/www.sikortex.com\/wp-content\/uploads\/2023\/06\/O1CN01enrbwT1t4tLO6bPkc_2211895355849-0-cib-1-600x600.jpg",600,600,true],"woocommerce_gallery_thumbnail":["https:\/\/www.sikortex.com\/wp-content\/uploads\/2023\/06\/O1CN01enrbwT1t4tLO6bPkc_2211895355849-0-cib-1-100x100.jpg",100,100,true]},"uagb_author_info":{"display_name":"Perry","author_link":"https:\/\/www.sikortex.com\/pl\/author\/"},"uagb_comment_info":0,"uagb_excerpt":"1000 Meters(Min.Order)","_links":{"self":[{"href":"https:\/\/www.sikortex.com\/pl\/wp-json\/wp\/v2\/product\/2181","targetHints":{"allow":["GET"]}}],"collection":[{"href":"https:\/\/www.sikortex.com\/pl\/wp-json\/wp\/v2\/product"}],"about":[{"href":"https:\/\/www.sikortex.com\/pl\/wp-json\/wp\/v2\/types\/product"}],"replies":[{"embeddable":true,"href":"https:\/\/www.sikortex.com\/pl\/wp-json\/wp\/v2\/comments?post=2181"}],"wp:featuredmedia":[{"embeddable":true,"href":"https:\/\/www.sikortex.com\/pl\/wp-json\/wp\/v2\/media\/3825"}],"wp:attachment":[{"href":"https:\/\/www.sikortex.com\/pl\/wp-json\/wp\/v2\/media?parent=2181"}],"wp:term":[{"taxonomy":"product_brand","embeddable":true,"href":"https:\/\/www.sikortex.com\/pl\/wp-json\/wp\/v2\/product_brand?post=2181"},{"taxonomy":"product_cat","embeddable":true,"href":"https:\/\/www.sikortex.com\/pl\/wp-json\/wp\/v2\/product_cat?post=2181"},{"taxonomy":"product_tag","embeddable":true,"href":"https:\/\/www.sikortex.com\/pl\/wp-json\/wp\/v2\/product_tag?post=2181"}],"curies":[{"name":"wp","href":"https:\/\/api.w.org\/{rel}","templated":true}]}}