{"id":2161,"date":"2023-06-02T15:31:22","date_gmt":"2023-06-02T07:31:22","guid":{"rendered":"http:\/\/203.196.10.64:3021\/?post_type=product&#038;p=2161"},"modified":"2023-11-05T15:16:53","modified_gmt":"2023-11-05T07:16:53","slug":"sk8259-tkanina-elastyczna-kamuflaz","status":"publish","type":"product","link":"https:\/\/www.sikortex.com\/pl\/produkt\/sk8259-tkanina-elastyczna-kamuflaz\/","title":{"rendered":"Tkanina wspinaczkowa z nylonu spandex z nadrukiem w kamufla\u017cu, 280GSM"},"content":{"rendered":"<p>&nbsp;<\/p>\n<p>Tkanina wspinaczkowa SIKOR-TEX z nadrukiem w kamufla\u017c, nylonowym spandexem, starannie wykonana, aby zapewni\u0107 niezr\u00f3wnan\u0105 wydajno\u015b\u0107 na \u015bwie\u017cym powietrzu. Tkaniny te, wykonane z nylonu, poliestru i spandexu, na nowo definiuj\u0105 komfort i funkcjonalno\u015b\u0107.<\/p>\n<p>Dzi\u0119ki zaawansowanej dwuwarstwowej strukturze nasze tkaniny oferuj\u0105 g\u0142adk\u0105 powierzchni\u0119 przedni\u0105, co zwi\u0119ksza trwa\u0142o\u015b\u0107 i elastyczno\u015b\u0107. Odwrotna strona prezentuje innowacyjne cz\u0105steczki p\u0119telkowe, optymalizuj\u0105ce oddychalno\u015b\u0107 i w\u0142a\u015bciwo\u015bci odprowadzaj\u0105ce wilgo\u0107, zapewniaj\u0105c sucho\u015b\u0107 i wygod\u0119 podczas przyg\u00f3d.<\/p>\n<p>Zaprojektowane specjalnie do alpinizmu, pieszych w\u0119dr\u00f3wek i wspinaczki, nasze tkaniny zapewniaj\u0105 idealn\u0105 r\u00f3wnowag\u0119 rozci\u0105gliwo\u015bci i spr\u0119\u017cysto\u015bci, umo\u017cliwiaj\u0105c nieograniczony ruch w trudnym terenie. S\u0105 one fachowo dostosowane, aby wytrzyma\u0107 wymagaj\u0105ce warunki eksploracji na \u015bwie\u017cym powietrzu, zapewniaj\u0105c trwa\u0142o\u015b\u0107 i niezawodno\u015b\u0107.<\/p>\n<p>Ciesz si\u0119 wolno\u015bci\u0105 i pewno\u015bci\u0105 siebie, aby zdobywa\u0107 nowe szczyty. Nasze tkaniny alpinistyczne to najlepszy wyb\u00f3r do tworzenia wysokiej jako\u015bci kurtek, spodni i odzie\u017cy sportowej, kt\u00f3ra zaspokoi Twojego ducha przyg\u00f3d. Poznaj szczyt komfortu i funkcjonalno\u015bci, rewolucjonizuj\u0105c Twoje podr\u00f3\u017ce na \u015bwie\u017cym powietrzu jak nigdy dot\u0105d. Ju\u017c dzi\u015b podnie\u015b sw\u00f3j sprz\u0119t dzi\u0119ki naszym wyj\u0105tkowym tkaninom alpinistycznym.<\/p>","protected":false},"excerpt":{"rendered":"<p>600 metr\u00f3w (min. zam\u00f3wienie)<\/p>","protected":false},"featured_media":3823,"comment_status":"closed","ping_status":"closed","template":"","meta":{"_uag_custom_page_level_css":"","site-sidebar-layout":"default","site-content-layout":"default","ast-site-content-layout":"","site-content-style":"default","site-sidebar-style":"default","ast-global-header-display":"","ast-banner-title-visibility":"","ast-main-header-display":"","ast-hfb-above-header-display":"","ast-hfb-below-header-display":"","ast-hfb-mobile-header-display":"","site-post-title":"","ast-breadcrumbs-content":"","ast-featured-img":"","footer-sml-layout":"","theme-transparent-header-meta":"default","adv-header-id-meta":"","stick-header-meta":"default","header-above-stick-meta":"","header-main-stick-meta":"","header-below-stick-meta":"","astra-migrate-meta-layouts":"default","ast-page-background-enabled":"default","ast-page-background-meta":{"desktop":{"background-color":"","background-image":"","background-repeat":"repeat","background-position":"center center","background-size":"auto","background-attachment":"scroll","background-type":"","background-media":"","overlay-type":"","overlay-color":"","overlay-opacity":"","overlay-gradient":""},"tablet":{"background-color":"","background-image":"","background-repeat":"repeat","background-position":"center center","background-size":"auto","background-attachment":"scroll","background-type":"","background-media":"","overlay-type":"","overlay-color":"","overlay-opacity":"","overlay-gradient":""},"mobile":{"background-color":"","background-image":"","background-repeat":"repeat","background-position":"center center","background-size":"auto","background-attachment":"scroll","background-type":"","background-media":"","overlay-type":"","overlay-color":"","overlay-opacity":"","overlay-gradient":""}},"ast-content-background-meta":{"desktop":{"background-color":"var(--ast-global-color-5)","background-image":"","background-repeat":"repeat","background-position":"center center","background-size":"auto","background-attachment":"scroll","background-type":"","background-media":"","overlay-type":"","overlay-color":"","overlay-opacity":"","overlay-gradient":""},"tablet":{"background-color":"var(--ast-global-color-5)","background-image":"","background-repeat":"repeat","background-position":"center center","background-size":"auto","background-attachment":"scroll","background-type":"","background-media":"","overlay-type":"","overlay-color":"","overlay-opacity":"","overlay-gradient":""},"mobile":{"background-color":"var(--ast-global-color-5)","background-image":"","background-repeat":"repeat","background-position":"center center","background-size":"auto","background-attachment":"scroll","background-type":"","background-media":"","overlay-type":"","overlay-color":"","overlay-opacity":"","overlay-gradient":""}}},"product_brand":[],"product_cat":[423,428,404,420],"product_tag":[],"class_list":{"0":"post-2161","1":"product","2":"type-product","3":"status-publish","4":"has-post-thumbnail","6":"product_cat-fabric-for-military-police","7":"product_cat-fabric-for-outdoor-sports","8":"product_cat-nylon-fabrics","9":"product_cat-stretch-fabrics","10":"pa_available_colors-yellow","11":"desktop-align-left","12":"tablet-align-left","13":"mobile-align-left","14":"ast-product-gallery-layout-vertical-slider","15":"ast-product-tabs-layout-horizontal","17":"first","18":"instock","19":"shipping-taxable","20":"product-type-simple"},"uagb_featured_image_src":{"full":["https:\/\/www.sikortex.com\/wp-content\/uploads\/2023\/06\/O1CN01Er1qbw1JA5jVxdS88_3828250987-0-cib-1.jpg",1024,1024,false],"thumbnail":["https:\/\/www.sikortex.com\/wp-content\/uploads\/2023\/06\/O1CN01Er1qbw1JA5jVxdS88_3828250987-0-cib-1-150x150.jpg",150,150,true],"medium":["https:\/\/www.sikortex.com\/wp-content\/uploads\/2023\/06\/O1CN01Er1qbw1JA5jVxdS88_3828250987-0-cib-1-300x300.jpg",300,300,true],"medium_large":["https:\/\/www.sikortex.com\/wp-content\/uploads\/2023\/06\/O1CN01Er1qbw1JA5jVxdS88_3828250987-0-cib-1-768x768.jpg",768,768,true],"large":["https:\/\/www.sikortex.com\/wp-content\/uploads\/2023\/06\/O1CN01Er1qbw1JA5jVxdS88_3828250987-0-cib-1.jpg",1024,1024,false],"1536x1536":["https:\/\/www.sikortex.com\/wp-content\/uploads\/2023\/06\/O1CN01Er1qbw1JA5jVxdS88_3828250987-0-cib-1.jpg",1024,1024,false],"2048x2048":["https:\/\/www.sikortex.com\/wp-content\/uploads\/2023\/06\/O1CN01Er1qbw1JA5jVxdS88_3828250987-0-cib-1.jpg",1024,1024,false],"trp-custom-language-flag":["https:\/\/www.sikortex.com\/wp-content\/uploads\/2023\/06\/O1CN01Er1qbw1JA5jVxdS88_3828250987-0-cib-1.jpg",12,12,false],"woocommerce_thumbnail":["https:\/\/www.sikortex.com\/wp-content\/uploads\/2023\/06\/O1CN01Er1qbw1JA5jVxdS88_3828250987-0-cib-1-300x300.jpg",300,300,true],"woocommerce_single":["https:\/\/www.sikortex.com\/wp-content\/uploads\/2023\/06\/O1CN01Er1qbw1JA5jVxdS88_3828250987-0-cib-1-600x600.jpg",600,600,true],"woocommerce_gallery_thumbnail":["https:\/\/www.sikortex.com\/wp-content\/uploads\/2023\/06\/O1CN01Er1qbw1JA5jVxdS88_3828250987-0-cib-1-100x100.jpg",100,100,true]},"uagb_author_info":{"display_name":"Perry","author_link":"https:\/\/www.sikortex.com\/pl\/author\/"},"uagb_comment_info":0,"uagb_excerpt":"600 Meters(Min.Order)","_links":{"self":[{"href":"https:\/\/www.sikortex.com\/pl\/wp-json\/wp\/v2\/product\/2161","targetHints":{"allow":["GET"]}}],"collection":[{"href":"https:\/\/www.sikortex.com\/pl\/wp-json\/wp\/v2\/product"}],"about":[{"href":"https:\/\/www.sikortex.com\/pl\/wp-json\/wp\/v2\/types\/product"}],"replies":[{"embeddable":true,"href":"https:\/\/www.sikortex.com\/pl\/wp-json\/wp\/v2\/comments?post=2161"}],"wp:featuredmedia":[{"embeddable":true,"href":"https:\/\/www.sikortex.com\/pl\/wp-json\/wp\/v2\/media\/3823"}],"wp:attachment":[{"href":"https:\/\/www.sikortex.com\/pl\/wp-json\/wp\/v2\/media?parent=2161"}],"wp:term":[{"taxonomy":"product_brand","embeddable":true,"href":"https:\/\/www.sikortex.com\/pl\/wp-json\/wp\/v2\/product_brand?post=2161"},{"taxonomy":"product_cat","embeddable":true,"href":"https:\/\/www.sikortex.com\/pl\/wp-json\/wp\/v2\/product_cat?post=2161"},{"taxonomy":"product_tag","embeddable":true,"href":"https:\/\/www.sikortex.com\/pl\/wp-json\/wp\/v2\/product_tag?post=2161"}],"curies":[{"name":"wp","href":"https:\/\/api.w.org\/{rel}","templated":true}]}}