{"id":2146,"date":"2023-06-02T15:28:57","date_gmt":"2023-06-02T07:28:57","guid":{"rendered":"http:\/\/203.196.10.64:3021\/?post_type=product&#038;p=2146"},"modified":"2023-11-06T14:30:44","modified_gmt":"2023-11-06T06:30:44","slug":"sk8258-wodoodporna-oddychajaca-tkanina","status":"publish","type":"product","link":"https:\/\/www.sikortex.com\/pl\/produkt\/sk8258-wodoodporna-oddychajaca-tkanina\/","title":{"rendered":"75D T800 Rozci\u0105gliwy laminowany PTFE Wodoodporny, oddychaj\u0105cy materia\u0142"},"content":{"rendered":"<p>Przedstawiamy nasz\u0105 wodoodporn\u0105, oddychaj\u0105c\u0105 tkanin\u0119 laminowan\u0105 PTFE 75D T800, wysokowydajny materia\u0142, kt\u00f3ry \u0142\u0105czy w sobie w\u0142a\u015bciwo\u015bci wodoodporne i oddychaj\u0105ce, zapewniaj\u0105c optymalny komfort podczas aktywno\u015bci na \u015bwie\u017cym powietrzu. Ten 3-warstwowy materia\u0142 zosta\u0142 zaprojektowany tak, aby wytrzyma\u0107 trudne warunki pogodowe, zapewniaj\u0105c jednocze\u015bnie sucho\u015b\u0107 i wygod\u0119.<\/p>\n<p>Tkanina posiada rozci\u0105gliw\u0105 warstw\u0119 zewn\u0119trzn\u0105 75D T800, kt\u00f3ra zapewnia trwa\u0142o\u015b\u0107 i elastyczno\u015b\u0107 oraz nieograniczon\u0105 swobod\u0119 ruchu. Laminowana membrana PTFE (politetrafluoroetylen) w warstwie \u015brodkowej pe\u0142ni funkcj\u0119 wodoodpornej bariery o wysokiej wodoodporno\u015bci 20000 mm, zapewniaj\u0105c doskona\u0142\u0105 ochron\u0119 przed deszczem i wilgoci\u0105.<\/p>\n<p>Jednocze\u015bnie membrana PTFE charakteryzuje si\u0119 r\u00f3wnie\u017c wysok\u0105 oddychalno\u015bci\u0105, pozwalaj\u0105c na ucieczk\u0119 pary wodnej i utrzymanie komfortowego mikroklimatu wewn\u0105trz tkaniny. Dzi\u0119ki oddychalno\u015bci 20000 g\/m\u00b2\/24h mo\u017cesz pozosta\u0107 suchy i nie poci\u0107 si\u0119 nawet podczas intensywnych \u0107wicze\u0144 fizycznych.<\/p>\n<p>Dzi\u0119ki wyj\u0105tkowym w\u0142a\u015bciwo\u015bciom wodoodpornym i oddychaj\u0105cym tkanina ta idealnie nadaje si\u0119 do szeregu zastosowa\u0144 zewn\u0119trznych, w tym do kurtek, spodni i innej odzie\u017cy wierzchniej. Niezale\u017cnie od tego, czy uprawiasz turystyk\u0119 piesz\u0105, biwakujesz, czy uprawiasz r\u00f3\u017cne zaj\u0119cia sportowe, nasza rozci\u0105gliwa laminowana tkanina PTFE zapewni niezawodn\u0105 ochron\u0119 przed deszczem, \u015bniegiem i wiatrem, zapewniaj\u0105c jednocze\u015bnie wygod\u0119 i sucho\u015b\u0107.<\/p>\n<p>Opr\u00f3cz swoich funkcji funkcjonalnych, tkanina zapewnia wygod\u0119 w dotyku. Rozci\u0105gliwo\u015b\u0107 pozwala na swobod\u0119 ruchu, a mi\u0119kki dotyk zwi\u0119ksza og\u00f3lny komfort podczas noszenia.<\/p>\n<p>Wybierz nasz\u0105 rozci\u0105gliw\u0105 laminowan\u0105 tkanin\u0119 PTFE ze wzgl\u0119du na jej wyj\u0105tkowe w\u0142a\u015bciwo\u015bci wodoodporne i oddychaj\u0105ce. Poczuj swobod\u0119 ruchu i zachowaj sucho\u015b\u0107 i wygod\u0119 podczas wszystkich aktywno\u015bci na \u015bwie\u017cym powietrzu.<\/p>","protected":false},"excerpt":{"rendered":"<p>600 metr\u00f3w (min. zam\u00f3wienie)<\/p>","protected":false},"featured_media":6005,"comment_status":"closed","ping_status":"closed","template":"","meta":{"_uag_custom_page_level_css":"","site-sidebar-layout":"default","site-content-layout":"default","ast-site-content-layout":"","site-content-style":"default","site-sidebar-style":"default","ast-global-header-display":"","ast-banner-title-visibility":"","ast-main-header-display":"","ast-hfb-above-header-display":"","ast-hfb-below-header-display":"","ast-hfb-mobile-header-display":"","site-post-title":"","ast-breadcrumbs-content":"","ast-featured-img":"","footer-sml-layout":"","theme-transparent-header-meta":"default","adv-header-id-meta":"","stick-header-meta":"default","header-above-stick-meta":"","header-main-stick-meta":"","header-below-stick-meta":"","astra-migrate-meta-layouts":"default","ast-page-background-enabled":"default","ast-page-background-meta":{"desktop":{"background-color":"","background-image":"","background-repeat":"repeat","background-position":"center center","background-size":"auto","background-attachment":"scroll","background-type":"","background-media":"","overlay-type":"","overlay-color":"","overlay-opacity":"","overlay-gradient":""},"tablet":{"background-color":"","background-image":"","background-repeat":"repeat","background-position":"center center","background-size":"auto","background-attachment":"scroll","background-type":"","background-media":"","overlay-type":"","overlay-color":"","overlay-opacity":"","overlay-gradient":""},"mobile":{"background-color":"","background-image":"","background-repeat":"repeat","background-position":"center center","background-size":"auto","background-attachment":"scroll","background-type":"","background-media":"","overlay-type":"","overlay-color":"","overlay-opacity":"","overlay-gradient":""}},"ast-content-background-meta":{"desktop":{"background-color":"var(--ast-global-color-5)","background-image":"","background-repeat":"repeat","background-position":"center center","background-size":"auto","background-attachment":"scroll","background-type":"","background-media":"","overlay-type":"","overlay-color":"","overlay-opacity":"","overlay-gradient":""},"tablet":{"background-color":"var(--ast-global-color-5)","background-image":"","background-repeat":"repeat","background-position":"center center","background-size":"auto","background-attachment":"scroll","background-type":"","background-media":"","overlay-type":"","overlay-color":"","overlay-opacity":"","overlay-gradient":""},"mobile":{"background-color":"var(--ast-global-color-5)","background-image":"","background-repeat":"repeat","background-position":"center center","background-size":"auto","background-attachment":"scroll","background-type":"","background-media":"","overlay-type":"","overlay-color":"","overlay-opacity":"","overlay-gradient":""}}},"product_brand":[],"product_cat":[431,430,428,421,415,403,414],"product_tag":[],"class_list":{"0":"post-2146","1":"product","2":"type-product","3":"status-publish","4":"has-post-thumbnail","6":"product_cat-fabric-for-commuting-clothing","7":"product_cat-fabric-for-motorwear","8":"product_cat-fabric-for-outdoor-sports","9":"product_cat-foul-weather-fabrics","10":"product_cat-oil-repellent-fabric","11":"product_cat-polyester-fabrics","12":"product_cat-waterproof-fabrics","13":"pa_available_colors-501001-spc","14":"pa_available_colors-h-black","15":"pa_available_colors-911052-spc","16":"pa_available_colors-000020-wht","17":"desktop-align-left","18":"tablet-align-left","19":"mobile-align-left","20":"ast-product-gallery-layout-vertical-slider","21":"ast-product-tabs-layout-horizontal","23":"first","24":"instock","25":"shipping-taxable","26":"product-type-simple"},"uagb_featured_image_src":{"full":["https:\/\/www.sikortex.com\/wp-content\/uploads\/2023\/06\/66-1.jpg",764,764,false],"thumbnail":["https:\/\/www.sikortex.com\/wp-content\/uploads\/2023\/06\/66-1-150x150.jpg",150,150,true],"medium":["https:\/\/www.sikortex.com\/wp-content\/uploads\/2023\/06\/66-1-300x300.jpg",300,300,true],"medium_large":["https:\/\/www.sikortex.com\/wp-content\/uploads\/2023\/06\/66-1.jpg",764,764,false],"large":["https:\/\/www.sikortex.com\/wp-content\/uploads\/2023\/06\/66-1.jpg",764,764,false],"1536x1536":["https:\/\/www.sikortex.com\/wp-content\/uploads\/2023\/06\/66-1.jpg",764,764,false],"2048x2048":["https:\/\/www.sikortex.com\/wp-content\/uploads\/2023\/06\/66-1.jpg",764,764,false],"trp-custom-language-flag":["https:\/\/www.sikortex.com\/wp-content\/uploads\/2023\/06\/66-1-12x12.jpg",12,12,true],"woocommerce_thumbnail":["https:\/\/www.sikortex.com\/wp-content\/uploads\/2023\/06\/66-1-300x300.jpg",300,300,true],"woocommerce_single":["https:\/\/www.sikortex.com\/wp-content\/uploads\/2023\/06\/66-1-600x600.jpg",600,600,true],"woocommerce_gallery_thumbnail":["https:\/\/www.sikortex.com\/wp-content\/uploads\/2023\/06\/66-1-100x100.jpg",100,100,true]},"uagb_author_info":{"display_name":"Perry","author_link":"https:\/\/www.sikortex.com\/pl\/author\/"},"uagb_comment_info":0,"uagb_excerpt":"600 Meters(Min.Order)","_links":{"self":[{"href":"https:\/\/www.sikortex.com\/pl\/wp-json\/wp\/v2\/product\/2146","targetHints":{"allow":["GET"]}}],"collection":[{"href":"https:\/\/www.sikortex.com\/pl\/wp-json\/wp\/v2\/product"}],"about":[{"href":"https:\/\/www.sikortex.com\/pl\/wp-json\/wp\/v2\/types\/product"}],"replies":[{"embeddable":true,"href":"https:\/\/www.sikortex.com\/pl\/wp-json\/wp\/v2\/comments?post=2146"}],"wp:featuredmedia":[{"embeddable":true,"href":"https:\/\/www.sikortex.com\/pl\/wp-json\/wp\/v2\/media\/6005"}],"wp:attachment":[{"href":"https:\/\/www.sikortex.com\/pl\/wp-json\/wp\/v2\/media?parent=2146"}],"wp:term":[{"taxonomy":"product_brand","embeddable":true,"href":"https:\/\/www.sikortex.com\/pl\/wp-json\/wp\/v2\/product_brand?post=2146"},{"taxonomy":"product_cat","embeddable":true,"href":"https:\/\/www.sikortex.com\/pl\/wp-json\/wp\/v2\/product_cat?post=2146"},{"taxonomy":"product_tag","embeddable":true,"href":"https:\/\/www.sikortex.com\/pl\/wp-json\/wp\/v2\/product_tag?post=2146"}],"curies":[{"name":"wp","href":"https:\/\/api.w.org\/{rel}","templated":true}]}}