{"id":2143,"date":"2023-06-02T15:26:30","date_gmt":"2023-06-02T07:26:30","guid":{"rendered":"http:\/\/203.196.10.64:3021\/?post_type=product&#038;p=2143"},"modified":"2024-12-16T14:38:12","modified_gmt":"2024-12-16T06:38:12","slug":"sk8344-poliester-bawelna-stretch-tkanina","status":"publish","type":"product","link":"https:\/\/www.sikortex.com\/pl\/produkt\/sk8344-poliester-bawelna-stretch-tkanina\/","title":{"rendered":"T400 Materia\u0142 Ripstop Elastyczna tkanina poliestrowo-bawe\u0142niana na kombinezony"},"content":{"rendered":"<p>Producent tkanin u\u017cytkowych SIKOR-TEX<\/p>\n<p>SIKOR-TEX T400 Materia\u0142 Ripstop Rozci\u0105gliwa tkanina poliestrowo-bawe\u0142niana na kombinezony to wysokiej jako\u015bci materia\u0142, kt\u00f3ry idealnie nadaje si\u0119 na mundury policyjne i odzie\u017c robocz\u0105. Tkanina wykonana jest z mieszanki poliestru i bawe\u0142ny, dzi\u0119ki czemu jest wygodna w noszeniu i \u0142atwa w piel\u0119gnacji. Ma doskona\u0142\u0105 trwa\u0142o\u015b\u0107 i jest odporny na rozdarcia, co oznacza, \u017ce jest odporny na zu\u017cycie podczas codziennego u\u017cytkowania. Funkcja rozci\u0105gania T400 zapewnia dodatkowy komfort i elastyczno\u015b\u0107, dzi\u0119ki czemu idealnie nadaje si\u0119 dla policjant\u00f3w i innych specjalist\u00f3w, kt\u00f3rzy wymagaj\u0105 pe\u0142nego zakresu ruchu. Dodatkowo tkanina nadaje si\u0119 do prania, dzi\u0119ki czemu jest \u0142atwa w utrzymaniu i utrzymaniu czysto\u015bci.<br \/>\nOg\u00f3lnie rzecz bior\u0105c, tkanina poliestrowo-bawe\u0142niana T400 na mundury policyjne na kombinezony Materia\u0142 Ripstop Zmywalny materia\u0142 to wszechstronny i trwa\u0142y materia\u0142, kt\u00f3ry nadaje si\u0119 do szerokiego zakresu zastosowa\u0144. Jego unikalne cechy sprawiaj\u0105, \u017ce jest to idealny wyb\u00f3r do mundur\u00f3w policyjnych i odzie\u017cy roboczej, zapewniaj\u0105c zar\u00f3wno wygod\u0119, jak i trwa\u0142o\u015b\u0107 w codziennym u\u017cytkowaniu.<\/p>\n<p>Przegl\u0105daj wi\u0119cej <span style=\"color: #3366ff;\"><a style=\"color: #3366ff;\" href=\"https:\/\/www.sikortex.com\/pl\/military-fabric-ripstop-fabric\/\">materia\u0142y ripstopowe<\/a><\/span><\/p>","protected":false},"excerpt":{"rendered":"<p>1000 metr\u00f3w (min. zam\u00f3wienie)<\/p>","protected":false},"featured_media":3813,"comment_status":"closed","ping_status":"closed","template":"","meta":{"_uag_custom_page_level_css":"","site-sidebar-layout":"default","site-content-layout":"default","ast-site-content-layout":"","site-content-style":"default","site-sidebar-style":"default","ast-global-header-display":"","ast-banner-title-visibility":"","ast-main-header-display":"","ast-hfb-above-header-display":"","ast-hfb-below-header-display":"","ast-hfb-mobile-header-display":"","site-post-title":"","ast-breadcrumbs-content":"","ast-featured-img":"","footer-sml-layout":"","theme-transparent-header-meta":"default","adv-header-id-meta":"","stick-header-meta":"default","header-above-stick-meta":"","header-main-stick-meta":"","header-below-stick-meta":"","astra-migrate-meta-layouts":"default","ast-page-background-enabled":"default","ast-page-background-meta":{"desktop":{"background-color":"","background-image":"","background-repeat":"repeat","background-position":"center center","background-size":"auto","background-attachment":"scroll","background-type":"","background-media":"","overlay-type":"","overlay-color":"","overlay-opacity":"","overlay-gradient":""},"tablet":{"background-color":"","background-image":"","background-repeat":"repeat","background-position":"center center","background-size":"auto","background-attachment":"scroll","background-type":"","background-media":"","overlay-type":"","overlay-color":"","overlay-opacity":"","overlay-gradient":""},"mobile":{"background-color":"","background-image":"","background-repeat":"repeat","background-position":"center center","background-size":"auto","background-attachment":"scroll","background-type":"","background-media":"","overlay-type":"","overlay-color":"","overlay-opacity":"","overlay-gradient":""}},"ast-content-background-meta":{"desktop":{"background-color":"var(--ast-global-color-5)","background-image":"","background-repeat":"repeat","background-position":"center center","background-size":"auto","background-attachment":"scroll","background-type":"","background-media":"","overlay-type":"","overlay-color":"","overlay-opacity":"","overlay-gradient":""},"tablet":{"background-color":"var(--ast-global-color-5)","background-image":"","background-repeat":"repeat","background-position":"center center","background-size":"auto","background-attachment":"scroll","background-type":"","background-media":"","overlay-type":"","overlay-color":"","overlay-opacity":"","overlay-gradient":""},"mobile":{"background-color":"var(--ast-global-color-5)","background-image":"","background-repeat":"repeat","background-position":"center center","background-size":"auto","background-attachment":"scroll","background-type":"","background-media":"","overlay-type":"","overlay-color":"","overlay-opacity":"","overlay-gradient":""}}},"product_brand":[],"product_cat":[423,405],"product_tag":[],"class_list":{"0":"post-2143","1":"product","2":"type-product","3":"status-publish","4":"has-post-thumbnail","6":"product_cat-fabric-for-military-police","7":"product_cat-polyester-cotton","8":"pa_available_colors-h-black","9":"desktop-align-left","10":"tablet-align-left","11":"mobile-align-left","12":"ast-product-gallery-layout-vertical-slider","13":"ast-product-tabs-layout-horizontal","15":"first","16":"instock","17":"shipping-taxable","18":"product-type-simple"},"uagb_featured_image_src":{"full":["https:\/\/www.sikortex.com\/wp-content\/uploads\/2023\/06\/O1CN01MlXMrI1x9hv2sTXeR_2031326401-0-cib-1.jpg",1024,1024,false],"thumbnail":["https:\/\/www.sikortex.com\/wp-content\/uploads\/2023\/06\/O1CN01MlXMrI1x9hv2sTXeR_2031326401-0-cib-1-150x150.jpg",150,150,true],"medium":["https:\/\/www.sikortex.com\/wp-content\/uploads\/2023\/06\/O1CN01MlXMrI1x9hv2sTXeR_2031326401-0-cib-1-300x300.jpg",300,300,true],"medium_large":["https:\/\/www.sikortex.com\/wp-content\/uploads\/2023\/06\/O1CN01MlXMrI1x9hv2sTXeR_2031326401-0-cib-1-768x768.jpg",768,768,true],"large":["https:\/\/www.sikortex.com\/wp-content\/uploads\/2023\/06\/O1CN01MlXMrI1x9hv2sTXeR_2031326401-0-cib-1.jpg",1024,1024,false],"1536x1536":["https:\/\/www.sikortex.com\/wp-content\/uploads\/2023\/06\/O1CN01MlXMrI1x9hv2sTXeR_2031326401-0-cib-1.jpg",1024,1024,false],"2048x2048":["https:\/\/www.sikortex.com\/wp-content\/uploads\/2023\/06\/O1CN01MlXMrI1x9hv2sTXeR_2031326401-0-cib-1.jpg",1024,1024,false],"trp-custom-language-flag":["https:\/\/www.sikortex.com\/wp-content\/uploads\/2023\/06\/O1CN01MlXMrI1x9hv2sTXeR_2031326401-0-cib-1.jpg",12,12,false],"woocommerce_thumbnail":["https:\/\/www.sikortex.com\/wp-content\/uploads\/2023\/06\/O1CN01MlXMrI1x9hv2sTXeR_2031326401-0-cib-1-300x300.jpg",300,300,true],"woocommerce_single":["https:\/\/www.sikortex.com\/wp-content\/uploads\/2023\/06\/O1CN01MlXMrI1x9hv2sTXeR_2031326401-0-cib-1-600x600.jpg",600,600,true],"woocommerce_gallery_thumbnail":["https:\/\/www.sikortex.com\/wp-content\/uploads\/2023\/06\/O1CN01MlXMrI1x9hv2sTXeR_2031326401-0-cib-1-100x100.jpg",100,100,true]},"uagb_author_info":{"display_name":"Perry","author_link":"https:\/\/www.sikortex.com\/pl\/author\/"},"uagb_comment_info":0,"uagb_excerpt":"1000 Meters(Min.Order)","_links":{"self":[{"href":"https:\/\/www.sikortex.com\/pl\/wp-json\/wp\/v2\/product\/2143","targetHints":{"allow":["GET"]}}],"collection":[{"href":"https:\/\/www.sikortex.com\/pl\/wp-json\/wp\/v2\/product"}],"about":[{"href":"https:\/\/www.sikortex.com\/pl\/wp-json\/wp\/v2\/types\/product"}],"replies":[{"embeddable":true,"href":"https:\/\/www.sikortex.com\/pl\/wp-json\/wp\/v2\/comments?post=2143"}],"wp:featuredmedia":[{"embeddable":true,"href":"https:\/\/www.sikortex.com\/pl\/wp-json\/wp\/v2\/media\/3813"}],"wp:attachment":[{"href":"https:\/\/www.sikortex.com\/pl\/wp-json\/wp\/v2\/media?parent=2143"}],"wp:term":[{"taxonomy":"product_brand","embeddable":true,"href":"https:\/\/www.sikortex.com\/pl\/wp-json\/wp\/v2\/product_brand?post=2143"},{"taxonomy":"product_cat","embeddable":true,"href":"https:\/\/www.sikortex.com\/pl\/wp-json\/wp\/v2\/product_cat?post=2143"},{"taxonomy":"product_tag","embeddable":true,"href":"https:\/\/www.sikortex.com\/pl\/wp-json\/wp\/v2\/product_tag?post=2143"}],"curies":[{"name":"wp","href":"https:\/\/api.w.org\/{rel}","templated":true}]}}