{"id":2133,"date":"2023-06-02T15:24:28","date_gmt":"2023-06-02T07:24:28","guid":{"rendered":"http:\/\/203.196.10.64:3021\/?post_type=product&#038;p=2133"},"modified":"2024-12-16T14:36:36","modified_gmt":"2024-12-16T06:36:36","slug":"sk8345-ripstop-nylon-taslan","status":"publish","type":"product","link":"https:\/\/www.sikortex.com\/pl\/produkt\/sk8345-ripstop-nylon-taslan\/","title":{"rendered":"T\u0119py nylon Ripstop Taslan 5*6mm Check Etaproof"},"content":{"rendered":"<p>Producent tkanin u\u017cytkowych SIKOR-TEX<\/p>\n<p>SIKOR-TEX Ripstop Nylon Taslan Wz\u00f3r w kratk\u0119 5*6 mm na tkaninie dodaje wizualnego zainteresowania i tekstury, jednocze\u015bnie przyczyniaj\u0105c si\u0119 do trwa\u0142o\u015bci tkaniny. Tkanina jest r\u00f3wnie\u017c lekka i oddychaj\u0105ca, co zapewnia wygod\u0119 noszenia przez d\u0142u\u017cszy czas. Ponadto tkanina ma doskona\u0142e w\u0142a\u015bciwo\u015bci odprowadzania wilgoci, co pomaga utrzyma\u0107 cia\u0142o w sucho\u015bci i ch\u0142odzie w gor\u0105cym i wilgotnym \u015brodowisku.<br \/>\nT\u0119py nylonowy materia\u0142 Ripstop Taslan 5*6mm Check Etaproof Fabric to idealny materia\u0142 na mundury policyjne i odzie\u017c robocz\u0105 ze wzgl\u0119du na jego wysok\u0105 wytrzyma\u0142o\u015b\u0107, odporno\u015b\u0107 na \u015bcieranie i w\u0142a\u015bciwo\u015bci odprowadzania wilgoci. Unikalny wz\u00f3r w kratk\u0119 zwi\u0119ksza atrakcyjno\u015b\u0107 wizualn\u0105, jednocze\u015bnie zwi\u0119kszaj\u0105c trwa\u0142o\u015b\u0107 tkaniny, co czyni j\u0105 idealnym wyborem do trudnych warunk\u00f3w pracy.<br \/>\nOpr\u00f3cz mundur\u00f3w policyjnych i odzie\u017cy roboczej, tkanina taslan SIKOR-TEX mo\u017ce by\u0107 r\u00f3wnie\u017c wykorzystywana do produkcji odzie\u017cy outdoorowej i sprz\u0119tu sportowego, takiego jak odzie\u017c turystyczna, p\u0142aszcze przeciwdeszczowe i plecaki. Jego trwa\u0142o\u015b\u0107 i w\u0142a\u015bciwo\u015bci odprowadzania wilgoci sprawiaj\u0105, \u017ce nadaje si\u0119 do stosowania podczas r\u00f3\u017cnych aktywno\u015bci na \u015bwie\u017cym powietrzu.<\/p>\n<p>Przegl\u0105daj nasze <span style=\"color: #3366ff;\"><a style=\"color: #3366ff;\" href=\"https:\/\/www.sikortex.com\/pl\/military-fabric-ripstop-fabric\/\">tkaniny wojskowe<\/a><\/span><\/p>","protected":false},"excerpt":{"rendered":"<p>1200 metr\u00f3w (min. zam\u00f3wienie)<\/p>","protected":false},"featured_media":4155,"comment_status":"closed","ping_status":"closed","template":"","meta":{"_uag_custom_page_level_css":"","site-sidebar-layout":"default","site-content-layout":"default","ast-site-content-layout":"","site-content-style":"default","site-sidebar-style":"default","ast-global-header-display":"","ast-banner-title-visibility":"","ast-main-header-display":"","ast-hfb-above-header-display":"","ast-hfb-below-header-display":"","ast-hfb-mobile-header-display":"","site-post-title":"","ast-breadcrumbs-content":"","ast-featured-img":"","footer-sml-layout":"","theme-transparent-header-meta":"default","adv-header-id-meta":"","stick-header-meta":"default","header-above-stick-meta":"","header-main-stick-meta":"","header-below-stick-meta":"","astra-migrate-meta-layouts":"default","ast-page-background-enabled":"default","ast-page-background-meta":{"desktop":{"background-color":"","background-image":"","background-repeat":"repeat","background-position":"center center","background-size":"auto","background-attachment":"scroll","background-type":"","background-media":"","overlay-type":"","overlay-color":"","overlay-opacity":"","overlay-gradient":""},"tablet":{"background-color":"","background-image":"","background-repeat":"repeat","background-position":"center center","background-size":"auto","background-attachment":"scroll","background-type":"","background-media":"","overlay-type":"","overlay-color":"","overlay-opacity":"","overlay-gradient":""},"mobile":{"background-color":"","background-image":"","background-repeat":"repeat","background-position":"center center","background-size":"auto","background-attachment":"scroll","background-type":"","background-media":"","overlay-type":"","overlay-color":"","overlay-opacity":"","overlay-gradient":""}},"ast-content-background-meta":{"desktop":{"background-color":"var(--ast-global-color-5)","background-image":"","background-repeat":"repeat","background-position":"center center","background-size":"auto","background-attachment":"scroll","background-type":"","background-media":"","overlay-type":"","overlay-color":"","overlay-opacity":"","overlay-gradient":""},"tablet":{"background-color":"var(--ast-global-color-5)","background-image":"","background-repeat":"repeat","background-position":"center center","background-size":"auto","background-attachment":"scroll","background-type":"","background-media":"","overlay-type":"","overlay-color":"","overlay-opacity":"","overlay-gradient":""},"mobile":{"background-color":"var(--ast-global-color-5)","background-image":"","background-repeat":"repeat","background-position":"center center","background-size":"auto","background-attachment":"scroll","background-type":"","background-media":"","overlay-type":"","overlay-color":"","overlay-opacity":"","overlay-gradient":""}}},"product_brand":[],"product_cat":[426,431,423,428,404,414],"product_tag":[],"class_list":{"0":"post-2133","1":"product","2":"type-product","3":"status-publish","4":"has-post-thumbnail","6":"product_cat-constructionmining","7":"product_cat-fabric-for-commuting-clothing","8":"product_cat-fabric-for-military-police","9":"product_cat-fabric-for-outdoor-sports","10":"product_cat-nylon-fabrics","11":"product_cat-waterproof-fabrics","12":"pa_available_colors-911052-spc","13":"desktop-align-left","14":"tablet-align-left","15":"mobile-align-left","16":"ast-product-gallery-layout-vertical-slider","17":"ast-product-tabs-layout-horizontal","19":"first","20":"instock","21":"shipping-taxable","22":"product-type-simple"},"uagb_featured_image_src":{"full":["https:\/\/www.sikortex.com\/wp-content\/uploads\/2023\/06\/20211166361_1202519561.jpg",754,500,false],"thumbnail":["https:\/\/www.sikortex.com\/wp-content\/uploads\/2023\/06\/20211166361_1202519561-150x150.jpg",150,150,true],"medium":["https:\/\/www.sikortex.com\/wp-content\/uploads\/2023\/06\/20211166361_1202519561-300x199.jpg",300,199,true],"medium_large":["https:\/\/www.sikortex.com\/wp-content\/uploads\/2023\/06\/20211166361_1202519561.jpg",754,500,false],"large":["https:\/\/www.sikortex.com\/wp-content\/uploads\/2023\/06\/20211166361_1202519561.jpg",754,500,false],"1536x1536":["https:\/\/www.sikortex.com\/wp-content\/uploads\/2023\/06\/20211166361_1202519561.jpg",754,500,false],"2048x2048":["https:\/\/www.sikortex.com\/wp-content\/uploads\/2023\/06\/20211166361_1202519561.jpg",754,500,false],"trp-custom-language-flag":["https:\/\/www.sikortex.com\/wp-content\/uploads\/2023\/06\/20211166361_1202519561.jpg",18,12,false],"woocommerce_thumbnail":["https:\/\/www.sikortex.com\/wp-content\/uploads\/2023\/06\/20211166361_1202519561-300x300.jpg",300,300,true],"woocommerce_single":["https:\/\/www.sikortex.com\/wp-content\/uploads\/2023\/06\/20211166361_1202519561-600x398.jpg",600,398,true],"woocommerce_gallery_thumbnail":["https:\/\/www.sikortex.com\/wp-content\/uploads\/2023\/06\/20211166361_1202519561-100x100.jpg",100,100,true]},"uagb_author_info":{"display_name":"Perry","author_link":"https:\/\/www.sikortex.com\/pl\/author\/"},"uagb_comment_info":0,"uagb_excerpt":"1200 Meters(Min.Order)","_links":{"self":[{"href":"https:\/\/www.sikortex.com\/pl\/wp-json\/wp\/v2\/product\/2133","targetHints":{"allow":["GET"]}}],"collection":[{"href":"https:\/\/www.sikortex.com\/pl\/wp-json\/wp\/v2\/product"}],"about":[{"href":"https:\/\/www.sikortex.com\/pl\/wp-json\/wp\/v2\/types\/product"}],"replies":[{"embeddable":true,"href":"https:\/\/www.sikortex.com\/pl\/wp-json\/wp\/v2\/comments?post=2133"}],"wp:featuredmedia":[{"embeddable":true,"href":"https:\/\/www.sikortex.com\/pl\/wp-json\/wp\/v2\/media\/4155"}],"wp:attachment":[{"href":"https:\/\/www.sikortex.com\/pl\/wp-json\/wp\/v2\/media?parent=2133"}],"wp:term":[{"taxonomy":"product_brand","embeddable":true,"href":"https:\/\/www.sikortex.com\/pl\/wp-json\/wp\/v2\/product_brand?post=2133"},{"taxonomy":"product_cat","embeddable":true,"href":"https:\/\/www.sikortex.com\/pl\/wp-json\/wp\/v2\/product_cat?post=2133"},{"taxonomy":"product_tag","embeddable":true,"href":"https:\/\/www.sikortex.com\/pl\/wp-json\/wp\/v2\/product_tag?post=2133"}],"curies":[{"name":"wp","href":"https:\/\/api.w.org\/{rel}","templated":true}]}}