{"id":2036,"date":"2023-06-02T14:53:38","date_gmt":"2023-06-02T06:53:38","guid":{"rendered":"http:\/\/203.196.10.64:3021\/?post_type=product&#038;p=2036"},"modified":"2023-10-23T11:18:49","modified_gmt":"2023-10-23T03:18:49","slug":"sk8359-nylonowa-tkanina-przeciwpodczerwona","status":"publish","type":"product","link":"https:\/\/www.sikortex.com\/pl\/produkt\/sk8359-nylonowa-tkanina-przeciwpodczerwona\/","title":{"rendered":"Nylonowa tkanina kamufla\u017cowa IRR, rozci\u0105gliwa w czterech kierunkach, odporna na podczerwie\u0144"},"content":{"rendered":"<p>SIKOR-TEX Nylonowa tkanina kamufla\u017cowa przeciw podczerwieni, rozci\u0105gliwa w czterech kierunkach IRR to wysokiej jako\u015bci materia\u0142, kt\u00f3ry idealnie nadaje si\u0119 do zastosowa\u0144 wojskowych i organ\u00f3w \u015bcigania, a tak\u017ce do zewn\u0119trznej odzie\u017cy roboczej i sprz\u0119tu my\u015bliwskiego. Wykonany z nylonu 90% i spandexu 10%, materia\u0142 ten zapewnia doskona\u0142\u0105 rozci\u0105gliwo\u015b\u0107 i elastyczno\u015b\u0107, pozwalaj\u0105c na swobod\u0119 ruch\u00f3w przy jednoczesnym zachowaniu kszta\u0142tu.<\/p>\n<p>Jego w\u0142a\u015bciwo\u015bci przeciwpodczerwone sprawiaj\u0105, \u017ce jest to niezb\u0119dny materia\u0142 na mundury wojskowe i organ\u00f3w \u015bcigania, poniewa\u017c mo\u017ce pom\u00f3c ukry\u0107 u\u017cytkownika przed wykryciem przez czujniki podczerwieni. Ponadto tkanina jest oddychaj\u0105ca i lekka, dzi\u0119ki czemu mo\u017cna j\u0105 wygodnie nosi\u0107 przez d\u0142u\u017cszy czas. Jego trwa\u0142o\u015b\u0107 sprawia, \u017ce nadaje si\u0119 r\u00f3wnie\u017c do odzie\u017cy roboczej na zewn\u0105trz, zapewniaj\u0105c ochron\u0119 przed \u017cywio\u0142ami, zachowuj\u0105c jednocze\u015bnie sw\u00f3j wygl\u0105d i funkcjonalno\u015b\u0107.<\/p>","protected":false},"excerpt":{"rendered":"<p>3000 metr\u00f3w (min. zam\u00f3wienie)<\/p>","protected":false},"featured_media":3779,"comment_status":"closed","ping_status":"closed","template":"","meta":{"_uag_custom_page_level_css":"","site-sidebar-layout":"default","site-content-layout":"default","ast-site-content-layout":"","site-content-style":"default","site-sidebar-style":"default","ast-global-header-display":"","ast-banner-title-visibility":"","ast-main-header-display":"","ast-hfb-above-header-display":"","ast-hfb-below-header-display":"","ast-hfb-mobile-header-display":"","site-post-title":"","ast-breadcrumbs-content":"","ast-featured-img":"","footer-sml-layout":"","theme-transparent-header-meta":"default","adv-header-id-meta":"","stick-header-meta":"default","header-above-stick-meta":"","header-main-stick-meta":"","header-below-stick-meta":"","astra-migrate-meta-layouts":"default","ast-page-background-enabled":"default","ast-page-background-meta":{"desktop":{"background-color":"","background-image":"","background-repeat":"repeat","background-position":"center center","background-size":"auto","background-attachment":"scroll","background-type":"","background-media":"","overlay-type":"","overlay-color":"","overlay-opacity":"","overlay-gradient":""},"tablet":{"background-color":"","background-image":"","background-repeat":"repeat","background-position":"center center","background-size":"auto","background-attachment":"scroll","background-type":"","background-media":"","overlay-type":"","overlay-color":"","overlay-opacity":"","overlay-gradient":""},"mobile":{"background-color":"","background-image":"","background-repeat":"repeat","background-position":"center center","background-size":"auto","background-attachment":"scroll","background-type":"","background-media":"","overlay-type":"","overlay-color":"","overlay-opacity":"","overlay-gradient":""}},"ast-content-background-meta":{"desktop":{"background-color":"var(--ast-global-color-5)","background-image":"","background-repeat":"repeat","background-position":"center center","background-size":"auto","background-attachment":"scroll","background-type":"","background-media":"","overlay-type":"","overlay-color":"","overlay-opacity":"","overlay-gradient":""},"tablet":{"background-color":"var(--ast-global-color-5)","background-image":"","background-repeat":"repeat","background-position":"center center","background-size":"auto","background-attachment":"scroll","background-type":"","background-media":"","overlay-type":"","overlay-color":"","overlay-opacity":"","overlay-gradient":""},"mobile":{"background-color":"var(--ast-global-color-5)","background-image":"","background-repeat":"repeat","background-position":"center center","background-size":"auto","background-attachment":"scroll","background-type":"","background-media":"","overlay-type":"","overlay-color":"","overlay-opacity":"","overlay-gradient":""}}},"product_brand":[],"product_cat":[419,423,404,420],"product_tag":[],"class_list":{"0":"post-2036","1":"product","2":"type-product","3":"status-publish","4":"has-post-thumbnail","6":"product_cat-anti-infrared-fabrics","7":"product_cat-fabric-for-military-police","8":"product_cat-nylon-fabrics","9":"product_cat-stretch-fabrics","10":"pa_available_colors-911052-spc","11":"desktop-align-left","12":"tablet-align-left","13":"mobile-align-left","14":"ast-product-gallery-layout-vertical-slider","15":"ast-product-tabs-layout-horizontal","17":"first","18":"instock","19":"shipping-taxable","20":"product-type-simple"},"uagb_featured_image_src":{"full":["https:\/\/www.sikortex.com\/wp-content\/uploads\/2023\/06\/O1CN01bbXUWN1pAbrmaAQ79_2215116835320-0-cib-1.jpg",1024,1024,false],"thumbnail":["https:\/\/www.sikortex.com\/wp-content\/uploads\/2023\/06\/O1CN01bbXUWN1pAbrmaAQ79_2215116835320-0-cib-1-150x150.jpg",150,150,true],"medium":["https:\/\/www.sikortex.com\/wp-content\/uploads\/2023\/06\/O1CN01bbXUWN1pAbrmaAQ79_2215116835320-0-cib-1-300x300.jpg",300,300,true],"medium_large":["https:\/\/www.sikortex.com\/wp-content\/uploads\/2023\/06\/O1CN01bbXUWN1pAbrmaAQ79_2215116835320-0-cib-1-768x768.jpg",768,768,true],"large":["https:\/\/www.sikortex.com\/wp-content\/uploads\/2023\/06\/O1CN01bbXUWN1pAbrmaAQ79_2215116835320-0-cib-1.jpg",1024,1024,false],"1536x1536":["https:\/\/www.sikortex.com\/wp-content\/uploads\/2023\/06\/O1CN01bbXUWN1pAbrmaAQ79_2215116835320-0-cib-1.jpg",1024,1024,false],"2048x2048":["https:\/\/www.sikortex.com\/wp-content\/uploads\/2023\/06\/O1CN01bbXUWN1pAbrmaAQ79_2215116835320-0-cib-1.jpg",1024,1024,false],"trp-custom-language-flag":["https:\/\/www.sikortex.com\/wp-content\/uploads\/2023\/06\/O1CN01bbXUWN1pAbrmaAQ79_2215116835320-0-cib-1.jpg",12,12,false],"woocommerce_thumbnail":["https:\/\/www.sikortex.com\/wp-content\/uploads\/2023\/06\/O1CN01bbXUWN1pAbrmaAQ79_2215116835320-0-cib-1-300x300.jpg",300,300,true],"woocommerce_single":["https:\/\/www.sikortex.com\/wp-content\/uploads\/2023\/06\/O1CN01bbXUWN1pAbrmaAQ79_2215116835320-0-cib-1-600x600.jpg",600,600,true],"woocommerce_gallery_thumbnail":["https:\/\/www.sikortex.com\/wp-content\/uploads\/2023\/06\/O1CN01bbXUWN1pAbrmaAQ79_2215116835320-0-cib-1-100x100.jpg",100,100,true]},"uagb_author_info":{"display_name":"Perry","author_link":"https:\/\/www.sikortex.com\/pl\/author\/"},"uagb_comment_info":0,"uagb_excerpt":"3000 Meters(Min.Order)","_links":{"self":[{"href":"https:\/\/www.sikortex.com\/pl\/wp-json\/wp\/v2\/product\/2036","targetHints":{"allow":["GET"]}}],"collection":[{"href":"https:\/\/www.sikortex.com\/pl\/wp-json\/wp\/v2\/product"}],"about":[{"href":"https:\/\/www.sikortex.com\/pl\/wp-json\/wp\/v2\/types\/product"}],"replies":[{"embeddable":true,"href":"https:\/\/www.sikortex.com\/pl\/wp-json\/wp\/v2\/comments?post=2036"}],"wp:featuredmedia":[{"embeddable":true,"href":"https:\/\/www.sikortex.com\/pl\/wp-json\/wp\/v2\/media\/3779"}],"wp:attachment":[{"href":"https:\/\/www.sikortex.com\/pl\/wp-json\/wp\/v2\/media?parent=2036"}],"wp:term":[{"taxonomy":"product_brand","embeddable":true,"href":"https:\/\/www.sikortex.com\/pl\/wp-json\/wp\/v2\/product_brand?post=2036"},{"taxonomy":"product_cat","embeddable":true,"href":"https:\/\/www.sikortex.com\/pl\/wp-json\/wp\/v2\/product_cat?post=2036"},{"taxonomy":"product_tag","embeddable":true,"href":"https:\/\/www.sikortex.com\/pl\/wp-json\/wp\/v2\/product_tag?post=2036"}],"curies":[{"name":"wp","href":"https:\/\/api.w.org\/{rel}","templated":true}]}}