{"id":2034,"date":"2023-06-02T15:18:05","date_gmt":"2023-06-02T07:18:05","guid":{"rendered":"http:\/\/203.196.10.64:3021\/?post_type=product&#038;p=2034"},"modified":"2025-01-10T11:17:33","modified_gmt":"2025-01-10T03:17:33","slug":"sk8256-2","status":"publish","type":"product","link":"https:\/\/www.sikortex.com\/pl\/produkt\/sk8256-2\/","title":{"rendered":"40D Nylon spandex elastyczny Laminowany materia\u0142 ePTFE 3-warstwowy"},"content":{"rendered":"<p>Producent tkanin u\u017cytkowych SIKOR-TEX<\/p>\n<p>Ta 3-warstwowa, wodoodporna, rozci\u0105gliwa tkanina to elastyczna laminowana tkanina TPU z nylonu spandex 40D, wszechstronny wyb\u00f3r do r\u00f3\u017cnych zastosowa\u0144 wymagaj\u0105cych elastyczno\u015bci, mi\u0119kko\u015bci i ochrony przed warunkami atmosferycznymi. Tkanina ta zosta\u0142a zaprojektowana tak, aby zapewni\u0107 wyj\u0105tkow\u0105 wydajno\u015b\u0107 w wymagaj\u0105cych \u015brodowiskach.<\/p>\n<p>Wykonana z wysokiej jako\u015bci mieszanki nylonu 92% i spandeksu 8%, ta wodoodporna, elastyczna tkanina zapewnia doskona\u0142\u0105 rozci\u0105gliwo\u015b\u0107 we wszystkich kierunkach, umo\u017cliwiaj\u0105c nieskr\u0119powane ruchy i wygodne dopasowanie. 3-warstwowa laminowana struktura obejmuje membran\u0119 ePTFE (politetrafluoroetylen), kt\u00f3ra zapewnia w\u0142a\u015bciwo\u015bci wodoodporne i oddychaj\u0105ce, zapewniaj\u0105c sucho\u015b\u0107 i wygod\u0119 w mokrych warunkach.<\/p>\n<p>Pomimo swojej lekko\u015bci, tkanina ta zapewnia ciep\u0142o i izolacj\u0119, dzi\u0119ki czemu nadaje si\u0119 do wielu zastosowa\u0144, takich jak softshelle, kurtki, kombinezony motocyklowe i odzie\u017c sportowa. Niezale\u017cnie od tego, czy bierzesz udzia\u0142 w zaj\u0119ciach na \u015bwie\u017cym powietrzu, je\u017adzisz na motocyklu czy uprawiasz sport, nasza 40D Nylon Four-way Stretch 3-layer Laminated ePTFE Fabric oferuje idealne po\u0142\u0105czenie ochrony, elastyczno\u015bci i wygody.<\/p>","protected":false},"excerpt":{"rendered":"<p>1200 metr\u00f3w (min. zam\u00f3wienie)<\/p>","protected":false},"featured_media":3817,"comment_status":"closed","ping_status":"closed","template":"","meta":{"_uag_custom_page_level_css":"","site-sidebar-layout":"default","site-content-layout":"default","ast-site-content-layout":"","site-content-style":"default","site-sidebar-style":"default","ast-global-header-display":"","ast-banner-title-visibility":"","ast-main-header-display":"","ast-hfb-above-header-display":"","ast-hfb-below-header-display":"","ast-hfb-mobile-header-display":"","site-post-title":"","ast-breadcrumbs-content":"","ast-featured-img":"","footer-sml-layout":"","theme-transparent-header-meta":"default","adv-header-id-meta":"","stick-header-meta":"default","header-above-stick-meta":"","header-main-stick-meta":"","header-below-stick-meta":"","astra-migrate-meta-layouts":"default","ast-page-background-enabled":"default","ast-page-background-meta":{"desktop":{"background-color":"","background-image":"","background-repeat":"repeat","background-position":"center center","background-size":"auto","background-attachment":"scroll","background-type":"","background-media":"","overlay-type":"","overlay-color":"","overlay-opacity":"","overlay-gradient":""},"tablet":{"background-color":"","background-image":"","background-repeat":"repeat","background-position":"center center","background-size":"auto","background-attachment":"scroll","background-type":"","background-media":"","overlay-type":"","overlay-color":"","overlay-opacity":"","overlay-gradient":""},"mobile":{"background-color":"","background-image":"","background-repeat":"repeat","background-position":"center center","background-size":"auto","background-attachment":"scroll","background-type":"","background-media":"","overlay-type":"","overlay-color":"","overlay-opacity":"","overlay-gradient":""}},"ast-content-background-meta":{"desktop":{"background-color":"var(--ast-global-color-5)","background-image":"","background-repeat":"repeat","background-position":"center center","background-size":"auto","background-attachment":"scroll","background-type":"","background-media":"","overlay-type":"","overlay-color":"","overlay-opacity":"","overlay-gradient":""},"tablet":{"background-color":"var(--ast-global-color-5)","background-image":"","background-repeat":"repeat","background-position":"center center","background-size":"auto","background-attachment":"scroll","background-type":"","background-media":"","overlay-type":"","overlay-color":"","overlay-opacity":"","overlay-gradient":""},"mobile":{"background-color":"var(--ast-global-color-5)","background-image":"","background-repeat":"repeat","background-position":"center center","background-size":"auto","background-attachment":"scroll","background-type":"","background-media":"","overlay-type":"","overlay-color":"","overlay-opacity":"","overlay-gradient":""}}},"product_brand":[],"product_cat":[431,428,429,421,1145,404,420,414],"product_tag":[],"class_list":{"0":"post-2034","1":"product","2":"type-product","3":"status-publish","4":"has-post-thumbnail","6":"product_cat-fabric-for-commuting-clothing","7":"product_cat-fabric-for-outdoor-sports","8":"product_cat-fabric-for-sportswear","9":"product_cat-foul-weather-fabrics","10":"product_cat-lightweight-fabric","11":"product_cat-nylon-fabrics","12":"product_cat-stretch-fabrics","13":"product_cat-waterproof-fabrics","14":"pa_available_colors-h-black","15":"desktop-align-left","16":"tablet-align-left","17":"mobile-align-left","18":"ast-product-gallery-layout-vertical-slider","19":"ast-product-tabs-layout-horizontal","21":"first","22":"instock","23":"shipping-taxable","24":"product-type-simple"},"uagb_featured_image_src":{"full":["https:\/\/www.sikortex.com\/wp-content\/uploads\/2023\/06\/IMG_4906-1.jpg",1024,1024,false],"thumbnail":["https:\/\/www.sikortex.com\/wp-content\/uploads\/2023\/06\/IMG_4906-1-150x150.jpg",150,150,true],"medium":["https:\/\/www.sikortex.com\/wp-content\/uploads\/2023\/06\/IMG_4906-1-300x300.jpg",300,300,true],"medium_large":["https:\/\/www.sikortex.com\/wp-content\/uploads\/2023\/06\/IMG_4906-1-768x768.jpg",768,768,true],"large":["https:\/\/www.sikortex.com\/wp-content\/uploads\/2023\/06\/IMG_4906-1.jpg",1024,1024,false],"1536x1536":["https:\/\/www.sikortex.com\/wp-content\/uploads\/2023\/06\/IMG_4906-1.jpg",1024,1024,false],"2048x2048":["https:\/\/www.sikortex.com\/wp-content\/uploads\/2023\/06\/IMG_4906-1.jpg",1024,1024,false],"trp-custom-language-flag":["https:\/\/www.sikortex.com\/wp-content\/uploads\/2023\/06\/IMG_4906-1.jpg",12,12,false],"woocommerce_thumbnail":["https:\/\/www.sikortex.com\/wp-content\/uploads\/2023\/06\/IMG_4906-1-300x300.jpg",300,300,true],"woocommerce_single":["https:\/\/www.sikortex.com\/wp-content\/uploads\/2023\/06\/IMG_4906-1-600x600.jpg",600,600,true],"woocommerce_gallery_thumbnail":["https:\/\/www.sikortex.com\/wp-content\/uploads\/2023\/06\/IMG_4906-1-100x100.jpg",100,100,true]},"uagb_author_info":{"display_name":"Perry","author_link":"https:\/\/www.sikortex.com\/pl\/author\/"},"uagb_comment_info":0,"uagb_excerpt":"1200 Meters(Min.Order)","_links":{"self":[{"href":"https:\/\/www.sikortex.com\/pl\/wp-json\/wp\/v2\/product\/2034","targetHints":{"allow":["GET"]}}],"collection":[{"href":"https:\/\/www.sikortex.com\/pl\/wp-json\/wp\/v2\/product"}],"about":[{"href":"https:\/\/www.sikortex.com\/pl\/wp-json\/wp\/v2\/types\/product"}],"replies":[{"embeddable":true,"href":"https:\/\/www.sikortex.com\/pl\/wp-json\/wp\/v2\/comments?post=2034"}],"wp:featuredmedia":[{"embeddable":true,"href":"https:\/\/www.sikortex.com\/pl\/wp-json\/wp\/v2\/media\/3817"}],"wp:attachment":[{"href":"https:\/\/www.sikortex.com\/pl\/wp-json\/wp\/v2\/media?parent=2034"}],"wp:term":[{"taxonomy":"product_brand","embeddable":true,"href":"https:\/\/www.sikortex.com\/pl\/wp-json\/wp\/v2\/product_brand?post=2034"},{"taxonomy":"product_cat","embeddable":true,"href":"https:\/\/www.sikortex.com\/pl\/wp-json\/wp\/v2\/product_cat?post=2034"},{"taxonomy":"product_tag","embeddable":true,"href":"https:\/\/www.sikortex.com\/pl\/wp-json\/wp\/v2\/product_tag?post=2034"}],"curies":[{"name":"wp","href":"https:\/\/api.w.org\/{rel}","templated":true}]}}