{"id":2023,"date":"2023-06-02T14:50:44","date_gmt":"2023-06-02T06:50:44","guid":{"rendered":"http:\/\/203.196.10.64:3021\/?post_type=product&#038;p=2023"},"modified":"2024-12-16T14:27:35","modified_gmt":"2024-12-16T06:27:35","slug":"sk8360-t400-rozciagliwa-tkanina-poliestrowa","status":"publish","type":"product","link":"https:\/\/www.sikortex.com\/pl\/produkt\/sk8360-t400-rozciagliwa-tkanina-poliestrowa\/","title":{"rendered":"Elastyczna tkanina poliestrowa T400 Small Oxford w kamufla\u017cu"},"content":{"rendered":"<p>Producent tkanin u\u017cytkowych SIKOR-TEX<\/p>\n<p>SIKOR-TEX T400 Small Oxford Camouflage Polyester Stretch Fabric to wysokiej jako\u015bci tkanina, kt\u00f3ra doskonale nadaje si\u0119 do tworzenia odzie\u017cy sportowej outdoorowej, zimowej odzie\u017cy outdoorowej, kurtek casualowych i wiatr\u00f3wek. Tkanina ta ma wygl\u0105d tkaniny oxford, ale ma umiarkowan\u0105 grubo\u015b\u0107 i wysok\u0105 elastyczno\u015b\u0107. Wykonany jest z wytrzyma\u0142ego materia\u0142u poliestrowego, kt\u00f3ry wytrzymuje trudne warunki zewn\u0119trzne. Wz\u00f3r kamufla\u017cu dodaje stylu ka\u017cdemu elementowi garderoby wykonanemu z tego materia\u0142u, dzi\u0119ki czemu nadaje si\u0119 do wielu styl\u00f3w mody.<\/p>\n<p>Wysoka elastyczno\u015b\u0107 tkaniny sprawia, \u017ce ubrania z niej wykonane s\u0105 wygodne i \u0142atwe w poruszaniu si\u0119. Doskonale nadaje si\u0119 do tworzenia odzie\u017cy aktywnej wymagaj\u0105cej pe\u0142nego zakresu ruchu. Rozci\u0105gliwo\u015b\u0107 materia\u0142u zapewnia r\u00f3wnie\u017c dok\u0142adne dopasowanie do cia\u0142a, zapewniaj\u0105c ciep\u0142o i ochron\u0119 przed \u017cywio\u0142ami.<\/p>\n<p>Przegl\u0105daj wiele <span style=\"color: #3366ff;\"><a style=\"color: #3366ff;\" href=\"https:\/\/www.sikortex.com\/pl\/tkaniny-rozciagliwe\/\">tkaniny rozci\u0105gliwe<\/a><\/span><\/p>","protected":false},"excerpt":{"rendered":"<p>1000 metr\u00f3w (min. zam\u00f3wienie)<\/p>","protected":false},"featured_media":3777,"comment_status":"closed","ping_status":"closed","template":"","meta":{"_uag_custom_page_level_css":"","site-sidebar-layout":"default","site-content-layout":"default","ast-site-content-layout":"","site-content-style":"default","site-sidebar-style":"default","ast-global-header-display":"","ast-banner-title-visibility":"","ast-main-header-display":"","ast-hfb-above-header-display":"","ast-hfb-below-header-display":"","ast-hfb-mobile-header-display":"","site-post-title":"","ast-breadcrumbs-content":"","ast-featured-img":"","footer-sml-layout":"","theme-transparent-header-meta":"default","adv-header-id-meta":"","stick-header-meta":"default","header-above-stick-meta":"","header-main-stick-meta":"","header-below-stick-meta":"","astra-migrate-meta-layouts":"default","ast-page-background-enabled":"default","ast-page-background-meta":{"desktop":{"background-color":"","background-image":"","background-repeat":"repeat","background-position":"center center","background-size":"auto","background-attachment":"scroll","background-type":"","background-media":"","overlay-type":"","overlay-color":"","overlay-opacity":"","overlay-gradient":""},"tablet":{"background-color":"","background-image":"","background-repeat":"repeat","background-position":"center center","background-size":"auto","background-attachment":"scroll","background-type":"","background-media":"","overlay-type":"","overlay-color":"","overlay-opacity":"","overlay-gradient":""},"mobile":{"background-color":"","background-image":"","background-repeat":"repeat","background-position":"center center","background-size":"auto","background-attachment":"scroll","background-type":"","background-media":"","overlay-type":"","overlay-color":"","overlay-opacity":"","overlay-gradient":""}},"ast-content-background-meta":{"desktop":{"background-color":"var(--ast-global-color-5)","background-image":"","background-repeat":"repeat","background-position":"center center","background-size":"auto","background-attachment":"scroll","background-type":"","background-media":"","overlay-type":"","overlay-color":"","overlay-opacity":"","overlay-gradient":""},"tablet":{"background-color":"var(--ast-global-color-5)","background-image":"","background-repeat":"repeat","background-position":"center center","background-size":"auto","background-attachment":"scroll","background-type":"","background-media":"","overlay-type":"","overlay-color":"","overlay-opacity":"","overlay-gradient":""},"mobile":{"background-color":"var(--ast-global-color-5)","background-image":"","background-repeat":"repeat","background-position":"center center","background-size":"auto","background-attachment":"scroll","background-type":"","background-media":"","overlay-type":"","overlay-color":"","overlay-opacity":"","overlay-gradient":""}}},"product_brand":[],"product_cat":[431,428,403,420],"product_tag":[],"class_list":{"0":"post-2023","1":"product","2":"type-product","3":"status-publish","4":"has-post-thumbnail","6":"product_cat-fabric-for-commuting-clothing","7":"product_cat-fabric-for-outdoor-sports","8":"product_cat-polyester-fabrics","9":"product_cat-stretch-fabrics","10":"pa_available_colors-911052-spc","11":"desktop-align-left","12":"tablet-align-left","13":"mobile-align-left","14":"ast-product-gallery-layout-vertical-slider","15":"ast-product-tabs-layout-horizontal","17":"first","18":"instock","19":"shipping-taxable","20":"product-type-simple"},"uagb_featured_image_src":{"full":["https:\/\/www.sikortex.com\/wp-content\/uploads\/2023\/06\/O1CN01R9MhPI1xXywxCZ21s_2213305656454-0-cib-1.jpg",1024,1024,false],"thumbnail":["https:\/\/www.sikortex.com\/wp-content\/uploads\/2023\/06\/O1CN01R9MhPI1xXywxCZ21s_2213305656454-0-cib-1-150x150.jpg",150,150,true],"medium":["https:\/\/www.sikortex.com\/wp-content\/uploads\/2023\/06\/O1CN01R9MhPI1xXywxCZ21s_2213305656454-0-cib-1-300x300.jpg",300,300,true],"medium_large":["https:\/\/www.sikortex.com\/wp-content\/uploads\/2023\/06\/O1CN01R9MhPI1xXywxCZ21s_2213305656454-0-cib-1-768x768.jpg",768,768,true],"large":["https:\/\/www.sikortex.com\/wp-content\/uploads\/2023\/06\/O1CN01R9MhPI1xXywxCZ21s_2213305656454-0-cib-1.jpg",1024,1024,false],"1536x1536":["https:\/\/www.sikortex.com\/wp-content\/uploads\/2023\/06\/O1CN01R9MhPI1xXywxCZ21s_2213305656454-0-cib-1.jpg",1024,1024,false],"2048x2048":["https:\/\/www.sikortex.com\/wp-content\/uploads\/2023\/06\/O1CN01R9MhPI1xXywxCZ21s_2213305656454-0-cib-1.jpg",1024,1024,false],"trp-custom-language-flag":["https:\/\/www.sikortex.com\/wp-content\/uploads\/2023\/06\/O1CN01R9MhPI1xXywxCZ21s_2213305656454-0-cib-1.jpg",12,12,false],"woocommerce_thumbnail":["https:\/\/www.sikortex.com\/wp-content\/uploads\/2023\/06\/O1CN01R9MhPI1xXywxCZ21s_2213305656454-0-cib-1-300x300.jpg",300,300,true],"woocommerce_single":["https:\/\/www.sikortex.com\/wp-content\/uploads\/2023\/06\/O1CN01R9MhPI1xXywxCZ21s_2213305656454-0-cib-1-600x600.jpg",600,600,true],"woocommerce_gallery_thumbnail":["https:\/\/www.sikortex.com\/wp-content\/uploads\/2023\/06\/O1CN01R9MhPI1xXywxCZ21s_2213305656454-0-cib-1-100x100.jpg",100,100,true]},"uagb_author_info":{"display_name":"Perry","author_link":"https:\/\/www.sikortex.com\/pl\/author\/"},"uagb_comment_info":0,"uagb_excerpt":"1000 Meters(Min.Order)","_links":{"self":[{"href":"https:\/\/www.sikortex.com\/pl\/wp-json\/wp\/v2\/product\/2023","targetHints":{"allow":["GET"]}}],"collection":[{"href":"https:\/\/www.sikortex.com\/pl\/wp-json\/wp\/v2\/product"}],"about":[{"href":"https:\/\/www.sikortex.com\/pl\/wp-json\/wp\/v2\/types\/product"}],"replies":[{"embeddable":true,"href":"https:\/\/www.sikortex.com\/pl\/wp-json\/wp\/v2\/comments?post=2023"}],"wp:featuredmedia":[{"embeddable":true,"href":"https:\/\/www.sikortex.com\/pl\/wp-json\/wp\/v2\/media\/3777"}],"wp:attachment":[{"href":"https:\/\/www.sikortex.com\/pl\/wp-json\/wp\/v2\/media?parent=2023"}],"wp:term":[{"taxonomy":"product_brand","embeddable":true,"href":"https:\/\/www.sikortex.com\/pl\/wp-json\/wp\/v2\/product_brand?post=2023"},{"taxonomy":"product_cat","embeddable":true,"href":"https:\/\/www.sikortex.com\/pl\/wp-json\/wp\/v2\/product_cat?post=2023"},{"taxonomy":"product_tag","embeddable":true,"href":"https:\/\/www.sikortex.com\/pl\/wp-json\/wp\/v2\/product_tag?post=2023"}],"curies":[{"name":"wp","href":"https:\/\/api.w.org\/{rel}","templated":true}]}}