{"id":2022,"date":"2023-06-02T14:50:27","date_gmt":"2023-06-02T06:50:27","guid":{"rendered":"http:\/\/203.196.10.64:3021\/?post_type=product&#038;p=2022"},"modified":"2023-10-25T14:42:47","modified_gmt":"2023-10-25T06:42:47","slug":"sk8255-1000d-nylon-tkanina-kamuflazowa","status":"publish","type":"product","link":"https:\/\/www.sikortex.com\/pl\/produkt\/sk8255-1000d-nylon-tkanina-kamuflazowa\/","title":{"rendered":"Drukowana tkanina nylonowa Cordura IRR 1000D w kamufla\u017cu"},"content":{"rendered":"<p>Producent tkanin u\u017cytkowych SIKOR-TEX<\/p>\n<p>Tkanina Cordura IRR z nadrukiem w kamufla\u017cu 1000D, wyj\u0105tkowy wyb\u00f3r do r\u00f3\u017cnych zastosowa\u0144 wymagaj\u0105cych trwa\u0142o\u015bci, wytrzyma\u0142o\u015bci i funkcjonalno\u015bci kamufla\u017cu. Wykonany z wysokiej jako\u015bci nylonu o g\u0119sto\u015bci 1000 Denier, materia\u0142 ten zapewnia doskona\u0142\u0105 wydajno\u015b\u0107 w trudnych warunkach.<\/p>\n<p>Nasz drukowany wz\u00f3r kamufla\u017cu p\u0142ynnie wtapia si\u0119 w naturalne otoczenie, zapewniaj\u0105c skuteczne maskowanie i zwi\u0119kszaj\u0105c zdolno\u015b\u0107 u\u017cytkownika do wtopienia si\u0119 w otoczenie. Konstrukcja 1000D ripstop Cordura IRR zapewnia wyj\u0105tkow\u0105 wytrzyma\u0142o\u015b\u0107, przewy\u017cszaj\u0105c\u0105 wydajno\u015b\u0107 standardowych tkanin.<\/p>\n<p>Dzi\u0119ki wysokiej trwa\u0142o\u015bci i odporno\u015bci na rozdarcie tkanina ta idealnie nadaje si\u0119 na sprz\u0119t wojskowy, sprz\u0119t outdoorowy i inne zastosowania, w kt\u00f3rych najwa\u017cniejszy jest niezawodny kamufla\u017c i wytrzyma\u0142o\u015b\u0107. Niezale\u017cnie od tego, czy tworzysz kamizelki taktyczne, plecaki czy sprz\u0119t my\u015bliwski, nasza tkanina kamufla\u017cowa z nylonow\u0105 Cordur\u0105 1000D zosta\u0142a zaprojektowana, aby sprosta\u0107 wymaganiom trudnych warunk\u00f3w.<\/p>","protected":false},"excerpt":{"rendered":"<p>3000 metr\u00f3w (min. zam\u00f3wienie)<\/p>","protected":false},"featured_media":3775,"comment_status":"closed","ping_status":"closed","template":"","meta":{"_uag_custom_page_level_css":"","site-sidebar-layout":"default","site-content-layout":"default","ast-site-content-layout":"","site-content-style":"default","site-sidebar-style":"default","ast-global-header-display":"","ast-banner-title-visibility":"","ast-main-header-display":"","ast-hfb-above-header-display":"","ast-hfb-below-header-display":"","ast-hfb-mobile-header-display":"","site-post-title":"","ast-breadcrumbs-content":"","ast-featured-img":"","footer-sml-layout":"","theme-transparent-header-meta":"default","adv-header-id-meta":"","stick-header-meta":"default","header-above-stick-meta":"","header-main-stick-meta":"","header-below-stick-meta":"","astra-migrate-meta-layouts":"default","ast-page-background-enabled":"default","ast-page-background-meta":{"desktop":{"background-color":"","background-image":"","background-repeat":"repeat","background-position":"center center","background-size":"auto","background-attachment":"scroll","background-type":"","background-media":"","overlay-type":"","overlay-color":"","overlay-opacity":"","overlay-gradient":""},"tablet":{"background-color":"","background-image":"","background-repeat":"repeat","background-position":"center center","background-size":"auto","background-attachment":"scroll","background-type":"","background-media":"","overlay-type":"","overlay-color":"","overlay-opacity":"","overlay-gradient":""},"mobile":{"background-color":"","background-image":"","background-repeat":"repeat","background-position":"center center","background-size":"auto","background-attachment":"scroll","background-type":"","background-media":"","overlay-type":"","overlay-color":"","overlay-opacity":"","overlay-gradient":""}},"ast-content-background-meta":{"desktop":{"background-color":"var(--ast-global-color-5)","background-image":"","background-repeat":"repeat","background-position":"center center","background-size":"auto","background-attachment":"scroll","background-type":"","background-media":"","overlay-type":"","overlay-color":"","overlay-opacity":"","overlay-gradient":""},"tablet":{"background-color":"var(--ast-global-color-5)","background-image":"","background-repeat":"repeat","background-position":"center center","background-size":"auto","background-attachment":"scroll","background-type":"","background-media":"","overlay-type":"","overlay-color":"","overlay-opacity":"","overlay-gradient":""},"mobile":{"background-color":"var(--ast-global-color-5)","background-image":"","background-repeat":"repeat","background-position":"center center","background-size":"auto","background-attachment":"scroll","background-type":"","background-media":"","overlay-type":"","overlay-color":"","overlay-opacity":"","overlay-gradient":""}}},"product_brand":[],"product_cat":[423,432,404,407],"product_tag":[],"class_list":{"0":"post-2022","1":"product","2":"type-product","3":"status-publish","4":"has-post-thumbnail","6":"product_cat-fabric-for-military-police","7":"product_cat-fabric-for-tent","8":"product_cat-nylon-fabrics","9":"product_cat-recycled-fabric","10":"pa_available_colors-yellow","11":"desktop-align-left","12":"tablet-align-left","13":"mobile-align-left","14":"ast-product-gallery-layout-vertical-slider","15":"ast-product-tabs-layout-horizontal","17":"first","18":"instock","19":"shipping-taxable","20":"product-type-simple"},"uagb_featured_image_src":{"full":["https:\/\/www.sikortex.com\/wp-content\/uploads\/2023\/06\/O1CN017H8hVh1JA5gzwxKYt_3828250987-0-cib-1.jpg",1024,1024,false],"thumbnail":["https:\/\/www.sikortex.com\/wp-content\/uploads\/2023\/06\/O1CN017H8hVh1JA5gzwxKYt_3828250987-0-cib-1-150x150.jpg",150,150,true],"medium":["https:\/\/www.sikortex.com\/wp-content\/uploads\/2023\/06\/O1CN017H8hVh1JA5gzwxKYt_3828250987-0-cib-1-300x300.jpg",300,300,true],"medium_large":["https:\/\/www.sikortex.com\/wp-content\/uploads\/2023\/06\/O1CN017H8hVh1JA5gzwxKYt_3828250987-0-cib-1-768x768.jpg",768,768,true],"large":["https:\/\/www.sikortex.com\/wp-content\/uploads\/2023\/06\/O1CN017H8hVh1JA5gzwxKYt_3828250987-0-cib-1.jpg",1024,1024,false],"1536x1536":["https:\/\/www.sikortex.com\/wp-content\/uploads\/2023\/06\/O1CN017H8hVh1JA5gzwxKYt_3828250987-0-cib-1.jpg",1024,1024,false],"2048x2048":["https:\/\/www.sikortex.com\/wp-content\/uploads\/2023\/06\/O1CN017H8hVh1JA5gzwxKYt_3828250987-0-cib-1.jpg",1024,1024,false],"trp-custom-language-flag":["https:\/\/www.sikortex.com\/wp-content\/uploads\/2023\/06\/O1CN017H8hVh1JA5gzwxKYt_3828250987-0-cib-1.jpg",12,12,false],"woocommerce_thumbnail":["https:\/\/www.sikortex.com\/wp-content\/uploads\/2023\/06\/O1CN017H8hVh1JA5gzwxKYt_3828250987-0-cib-1-300x300.jpg",300,300,true],"woocommerce_single":["https:\/\/www.sikortex.com\/wp-content\/uploads\/2023\/06\/O1CN017H8hVh1JA5gzwxKYt_3828250987-0-cib-1-600x600.jpg",600,600,true],"woocommerce_gallery_thumbnail":["https:\/\/www.sikortex.com\/wp-content\/uploads\/2023\/06\/O1CN017H8hVh1JA5gzwxKYt_3828250987-0-cib-1-100x100.jpg",100,100,true]},"uagb_author_info":{"display_name":"Perry","author_link":"https:\/\/www.sikortex.com\/pl\/author\/"},"uagb_comment_info":0,"uagb_excerpt":"3000 Meters(Min.Order)","_links":{"self":[{"href":"https:\/\/www.sikortex.com\/pl\/wp-json\/wp\/v2\/product\/2022","targetHints":{"allow":["GET"]}}],"collection":[{"href":"https:\/\/www.sikortex.com\/pl\/wp-json\/wp\/v2\/product"}],"about":[{"href":"https:\/\/www.sikortex.com\/pl\/wp-json\/wp\/v2\/types\/product"}],"replies":[{"embeddable":true,"href":"https:\/\/www.sikortex.com\/pl\/wp-json\/wp\/v2\/comments?post=2022"}],"wp:featuredmedia":[{"embeddable":true,"href":"https:\/\/www.sikortex.com\/pl\/wp-json\/wp\/v2\/media\/3775"}],"wp:attachment":[{"href":"https:\/\/www.sikortex.com\/pl\/wp-json\/wp\/v2\/media?parent=2022"}],"wp:term":[{"taxonomy":"product_brand","embeddable":true,"href":"https:\/\/www.sikortex.com\/pl\/wp-json\/wp\/v2\/product_brand?post=2022"},{"taxonomy":"product_cat","embeddable":true,"href":"https:\/\/www.sikortex.com\/pl\/wp-json\/wp\/v2\/product_cat?post=2022"},{"taxonomy":"product_tag","embeddable":true,"href":"https:\/\/www.sikortex.com\/pl\/wp-json\/wp\/v2\/product_tag?post=2022"}],"curies":[{"name":"wp","href":"https:\/\/api.w.org\/{rel}","templated":true}]}}