{"id":2012,"date":"2023-06-02T14:48:27","date_gmt":"2023-06-02T06:48:27","guid":{"rendered":"http:\/\/203.196.10.64:3021\/?post_type=product&#038;p=2012"},"modified":"2023-11-07T10:14:30","modified_gmt":"2023-11-07T02:14:30","slug":"sk8361-2","status":"publish","type":"product","link":"https:\/\/www.sikortex.com\/pl\/produkt\/sk8361-2\/","title":{"rendered":"T400 Matte Twill 3\/3 DuPont Sorona"},"content":{"rendered":"<p>SIKOR-TEX T400 Matowa tkanina DuPont Sorona o splocie diagonalnym 3\/3. W\u0142\u00f3kno DuPont SORONA to wysokiej jako\u015bci materia\u0142, kt\u00f3ry stanowi zr\u00f3wnowa\u017con\u0105 i przyjazn\u0105 dla \u015brodowiska alternatyw\u0119 dla tradycyjnych tkanin. Wykonana z w\u0142\u00f3kien Sorona\u00ae tkanina ta zmniejsza zu\u017cycie ropy naftowej i \u015blad w\u0119glowy, zapewniaj\u0105c jednocze\u015bnie doskona\u0142\u0105 trwa\u0142o\u015b\u0107 i wydajno\u015b\u0107.<br \/>\nTkanina jest mi\u0119kka w dotyku i przypomina bawe\u0142n\u0119, ma rozci\u0105gliwy w\u0105tek, jest odporna na olej i plamy oraz ma w\u0142a\u015bciwo\u015bci wodoodporne. Te cechy sprawiaj\u0105, \u017ce idealnie nadaje si\u0119 do r\u00f3\u017cnych zastosowa\u0144, w tym odzie\u017cy sportowej, odzie\u017cy outdoorowej i odzie\u017cy roboczej.<br \/>\nOpr\u00f3cz w\u0142a\u015bciwo\u015bci u\u017cytkowych tkanina teflonowa DuPont SORONA posiada r\u00f3wnie\u017c certyfikat programu Common Thread Certification. W ramach tego programu klienci otrzymuj\u0105 zawieszki i etykiety marki Sorona\u00ae do swoich produkt\u00f3w, z kt\u00f3rych ka\u017cdy ma unikalny kod identyfikacyjny zgodny z baz\u0105 danych programu.<br \/>\nWybierz biodegradowalne tkaniny DuPont SORONA do swojego nast\u0119pnego projektu i ciesz si\u0119 korzy\u015bciami p\u0142yn\u0105cymi z trwa\u0142ego i wydajnego materia\u0142u.<\/p>","protected":false},"excerpt":{"rendered":"<p>600 metr\u00f3w (min. zam\u00f3wienie)<\/p>","protected":false},"featured_media":3773,"comment_status":"closed","ping_status":"closed","template":"","meta":{"_uag_custom_page_level_css":"","site-sidebar-layout":"default","site-content-layout":"default","ast-site-content-layout":"","site-content-style":"default","site-sidebar-style":"default","ast-global-header-display":"","ast-banner-title-visibility":"","ast-main-header-display":"","ast-hfb-above-header-display":"","ast-hfb-below-header-display":"","ast-hfb-mobile-header-display":"","site-post-title":"","ast-breadcrumbs-content":"","ast-featured-img":"","footer-sml-layout":"","theme-transparent-header-meta":"default","adv-header-id-meta":"","stick-header-meta":"default","header-above-stick-meta":"","header-main-stick-meta":"","header-below-stick-meta":"","astra-migrate-meta-layouts":"default","ast-page-background-enabled":"default","ast-page-background-meta":{"desktop":{"background-color":"","background-image":"","background-repeat":"repeat","background-position":"center center","background-size":"auto","background-attachment":"scroll","background-type":"","background-media":"","overlay-type":"","overlay-color":"","overlay-opacity":"","overlay-gradient":""},"tablet":{"background-color":"","background-image":"","background-repeat":"repeat","background-position":"center center","background-size":"auto","background-attachment":"scroll","background-type":"","background-media":"","overlay-type":"","overlay-color":"","overlay-opacity":"","overlay-gradient":""},"mobile":{"background-color":"","background-image":"","background-repeat":"repeat","background-position":"center center","background-size":"auto","background-attachment":"scroll","background-type":"","background-media":"","overlay-type":"","overlay-color":"","overlay-opacity":"","overlay-gradient":""}},"ast-content-background-meta":{"desktop":{"background-color":"var(--ast-global-color-5)","background-image":"","background-repeat":"repeat","background-position":"center center","background-size":"auto","background-attachment":"scroll","background-type":"","background-media":"","overlay-type":"","overlay-color":"","overlay-opacity":"","overlay-gradient":""},"tablet":{"background-color":"var(--ast-global-color-5)","background-image":"","background-repeat":"repeat","background-position":"center center","background-size":"auto","background-attachment":"scroll","background-type":"","background-media":"","overlay-type":"","overlay-color":"","overlay-opacity":"","overlay-gradient":""},"mobile":{"background-color":"var(--ast-global-color-5)","background-image":"","background-repeat":"repeat","background-position":"center center","background-size":"auto","background-attachment":"scroll","background-type":"","background-media":"","overlay-type":"","overlay-color":"","overlay-opacity":"","overlay-gradient":""}}},"product_brand":[],"product_cat":[431,428,429,403,407,420],"product_tag":[],"class_list":{"0":"post-2012","1":"product","2":"type-product","3":"status-publish","4":"has-post-thumbnail","6":"product_cat-fabric-for-commuting-clothing","7":"product_cat-fabric-for-outdoor-sports","8":"product_cat-fabric-for-sportswear","9":"product_cat-polyester-fabrics","10":"product_cat-recycled-fabric","11":"product_cat-stretch-fabrics","12":"pa_available_colors-911052-spc","13":"desktop-align-left","14":"tablet-align-left","15":"mobile-align-left","16":"ast-product-gallery-layout-vertical-slider","17":"ast-product-tabs-layout-horizontal","19":"first","20":"instock","21":"shipping-taxable","22":"product-type-simple"},"uagb_featured_image_src":{"full":["https:\/\/www.sikortex.com\/wp-content\/uploads\/2023\/06\/O1CN01VGiceo281Qe3rhxIs_2819757872-0-cib-1.jpg",1024,1024,false],"thumbnail":["https:\/\/www.sikortex.com\/wp-content\/uploads\/2023\/06\/O1CN01VGiceo281Qe3rhxIs_2819757872-0-cib-1-150x150.jpg",150,150,true],"medium":["https:\/\/www.sikortex.com\/wp-content\/uploads\/2023\/06\/O1CN01VGiceo281Qe3rhxIs_2819757872-0-cib-1-300x300.jpg",300,300,true],"medium_large":["https:\/\/www.sikortex.com\/wp-content\/uploads\/2023\/06\/O1CN01VGiceo281Qe3rhxIs_2819757872-0-cib-1-768x768.jpg",768,768,true],"large":["https:\/\/www.sikortex.com\/wp-content\/uploads\/2023\/06\/O1CN01VGiceo281Qe3rhxIs_2819757872-0-cib-1.jpg",1024,1024,false],"1536x1536":["https:\/\/www.sikortex.com\/wp-content\/uploads\/2023\/06\/O1CN01VGiceo281Qe3rhxIs_2819757872-0-cib-1.jpg",1024,1024,false],"2048x2048":["https:\/\/www.sikortex.com\/wp-content\/uploads\/2023\/06\/O1CN01VGiceo281Qe3rhxIs_2819757872-0-cib-1.jpg",1024,1024,false],"trp-custom-language-flag":["https:\/\/www.sikortex.com\/wp-content\/uploads\/2023\/06\/O1CN01VGiceo281Qe3rhxIs_2819757872-0-cib-1.jpg",12,12,false],"woocommerce_thumbnail":["https:\/\/www.sikortex.com\/wp-content\/uploads\/2023\/06\/O1CN01VGiceo281Qe3rhxIs_2819757872-0-cib-1-300x300.jpg",300,300,true],"woocommerce_single":["https:\/\/www.sikortex.com\/wp-content\/uploads\/2023\/06\/O1CN01VGiceo281Qe3rhxIs_2819757872-0-cib-1-600x600.jpg",600,600,true],"woocommerce_gallery_thumbnail":["https:\/\/www.sikortex.com\/wp-content\/uploads\/2023\/06\/O1CN01VGiceo281Qe3rhxIs_2819757872-0-cib-1-100x100.jpg",100,100,true]},"uagb_author_info":{"display_name":"Perry","author_link":"https:\/\/www.sikortex.com\/pl\/author\/"},"uagb_comment_info":0,"uagb_excerpt":"600 Meters(Min.Order)","_links":{"self":[{"href":"https:\/\/www.sikortex.com\/pl\/wp-json\/wp\/v2\/product\/2012","targetHints":{"allow":["GET"]}}],"collection":[{"href":"https:\/\/www.sikortex.com\/pl\/wp-json\/wp\/v2\/product"}],"about":[{"href":"https:\/\/www.sikortex.com\/pl\/wp-json\/wp\/v2\/types\/product"}],"replies":[{"embeddable":true,"href":"https:\/\/www.sikortex.com\/pl\/wp-json\/wp\/v2\/comments?post=2012"}],"wp:featuredmedia":[{"embeddable":true,"href":"https:\/\/www.sikortex.com\/pl\/wp-json\/wp\/v2\/media\/3773"}],"wp:attachment":[{"href":"https:\/\/www.sikortex.com\/pl\/wp-json\/wp\/v2\/media?parent=2012"}],"wp:term":[{"taxonomy":"product_brand","embeddable":true,"href":"https:\/\/www.sikortex.com\/pl\/wp-json\/wp\/v2\/product_brand?post=2012"},{"taxonomy":"product_cat","embeddable":true,"href":"https:\/\/www.sikortex.com\/pl\/wp-json\/wp\/v2\/product_cat?post=2012"},{"taxonomy":"product_tag","embeddable":true,"href":"https:\/\/www.sikortex.com\/pl\/wp-json\/wp\/v2\/product_tag?post=2012"}],"curies":[{"name":"wp","href":"https:\/\/api.w.org\/{rel}","templated":true}]}}