{"id":2005,"date":"2023-06-02T14:47:47","date_gmt":"2023-06-02T06:47:47","guid":{"rendered":"http:\/\/203.196.10.64:3021\/?post_type=product&#038;p=2005"},"modified":"2025-01-08T12:49:02","modified_gmt":"2025-01-08T04:49:02","slug":"sk8253-1000d-nylon-66","status":"publish","type":"product","link":"https:\/\/www.sikortex.com\/pl\/produkt\/sk8253-1000d-nylon-66\/","title":{"rendered":"Nylon 1000D 66 o wysokiej wytrzyma\u0142o\u015bci Oxford"},"content":{"rendered":"<p>1000D <span style=\"color: #3366ff;\"><a style=\"color: #3366ff;\" href=\"https:\/\/www.sikortex.com\/pl\/producent-tkanin-nylonowych\/\">Nylon<\/a><\/span> 66 <a href=\"https:\/\/www.sikortex.com\/pl\/nylonowo-bawelniana-tkanina-ripstop-tkanina-wiatrowka-5\/\"><span style=\"color: #3366ff;\">Tkanina Oxford<\/span><\/a>c, doskona\u0142y wyb\u00f3r do wymagaj\u0105cych zastosowa\u0144, kt\u00f3re wymagaj\u0105 trwa\u0142o\u015bci i wytrzyma\u0142o\u015bci. Tkane z 1000 Denier <span style=\"color: #3366ff;\"><a style=\"color: #3366ff;\" href=\"https:\/\/www.sikortex.com\/pl\/producent-tkanin-nylonowych\/\">Nylon<\/a><\/span> Prz\u0119dza 66 Air Textured Yarn to tkanina o wygl\u0105dzie i fakturze przypominaj\u0105ca prz\u0119dz\u0119 bawe\u0142nian\u0105, charakteryzuj\u0105ca si\u0119 jednocze\u015bnie wyj\u0105tkow\u0105 trwa\u0142o\u015bci\u0105.<\/p>\n<p>W\u0142\u00f3kna w tej tkaninie s\u0105 ze sob\u0105 po\u0142\u0105czone, co zapewnia lepsz\u0105 odporno\u015b\u0107 na tarcie zewn\u0119trzne i zwi\u0119ksza jej og\u00f3ln\u0105 trwa\u0142o\u015b\u0107. <span style=\"color: #3366ff;\"><a style=\"color: #3366ff;\" href=\"https:\/\/www.sikortex.com\/pl\/producent-tkanin-nylonowych\/\">Nylon<\/a><\/span> 66, znany ze swoich w\u0142a\u015bciwo\u015bci wysokiej wytrzyma\u0142o\u015bci, jest trzykrotnie trwalszy od poliestru i dwukrotnie trwalszy od nylonu 6, co czyni go doskona\u0142ym wyborem do trudnych zastosowa\u0144.<\/p>\n<p>Ponadto z dum\u0105 oferujemy <a href=\"https:\/\/www.sikortex.com\/pl\/tkaniny-kordura\/\"><span style=\"color: #3366ff;\">Cordura<\/span><\/a> w\u0142\u00f3kna wykorzystuj\u0105ce technologi\u0119 INVISTA, opracowan\u0105 przez DuPont, znan\u0105 ze swojej wydajno\u015bci i jako\u015bci. Nasze tkaniny mog\u0105 by\u0107 dostarczane z <a href=\"https:\/\/www.sikortex.com\/pl\/tkaniny-kordura\/\"><span style=\"color: #3366ff;\">Cordura<\/span><\/a> metki, co zapewnia dodatkow\u0105 gwarancj\u0119 ich trwa\u0142o\u015bci i niezawodno\u015bci.<\/p>\n<p>Model 1000D <span style=\"color: #3366ff;\"><a style=\"color: #3366ff;\" href=\"https:\/\/www.sikortex.com\/pl\/producent-tkanin-nylonowych\/\">Nylon<\/a><\/span> 66 <a href=\"https:\/\/www.sikortex.com\/pl\/nylonowo-bawelniana-tkanina-ripstop-tkanina-wiatrowka-5\/\"><span style=\"color: #3366ff;\">Tkanina Oxford<\/span><\/a>c znajduje szerokie zastosowanie w produkcji kamizelek taktycznych, mundur\u00f3w wojskowych, skorup tarcz i odzie\u017cy roboczej odpornej na zu\u017cycie w przemy\u015ble ci\u0119\u017ckim. Wybierz nasz\u0105 tkanin\u0119 ze wzgl\u0119du na jej wyj\u0105tkow\u0105 wytrzyma\u0142o\u015b\u0107, trwa\u0142o\u015b\u0107 i niezawodno\u015b\u0107 w wymagaj\u0105cych warunkach.<\/p>\n<p><a href=\"https:\/\/www.sikortex.com\/pl\/2024\/09\/05\/dostawca-tkanin-ripstop-material-ripstop\/\"><span style=\"color: #3366ff;\">Dowiedz si\u0119 wi\u0119cej o tkaninach ripstop<\/span><\/a><\/p>","protected":false},"excerpt":{"rendered":"<p>600 metr\u00f3w (min. zam\u00f3wienie)<\/p>","protected":false},"featured_media":3767,"comment_status":"closed","ping_status":"closed","template":"","meta":{"_uag_custom_page_level_css":"","site-sidebar-layout":"default","site-content-layout":"default","ast-site-content-layout":"","site-content-style":"default","site-sidebar-style":"default","ast-global-header-display":"","ast-banner-title-visibility":"","ast-main-header-display":"","ast-hfb-above-header-display":"","ast-hfb-below-header-display":"","ast-hfb-mobile-header-display":"","site-post-title":"","ast-breadcrumbs-content":"","ast-featured-img":"","footer-sml-layout":"","theme-transparent-header-meta":"default","adv-header-id-meta":"","stick-header-meta":"default","header-above-stick-meta":"","header-main-stick-meta":"","header-below-stick-meta":"","astra-migrate-meta-layouts":"default","ast-page-background-enabled":"default","ast-page-background-meta":{"desktop":{"background-color":"","background-image":"","background-repeat":"repeat","background-position":"center center","background-size":"auto","background-attachment":"scroll","background-type":"","background-media":"","overlay-type":"","overlay-color":"","overlay-opacity":"","overlay-gradient":""},"tablet":{"background-color":"","background-image":"","background-repeat":"repeat","background-position":"center center","background-size":"auto","background-attachment":"scroll","background-type":"","background-media":"","overlay-type":"","overlay-color":"","overlay-opacity":"","overlay-gradient":""},"mobile":{"background-color":"","background-image":"","background-repeat":"repeat","background-position":"center center","background-size":"auto","background-attachment":"scroll","background-type":"","background-media":"","overlay-type":"","overlay-color":"","overlay-opacity":"","overlay-gradient":""}},"ast-content-background-meta":{"desktop":{"background-color":"var(--ast-global-color-5)","background-image":"","background-repeat":"repeat","background-position":"center center","background-size":"auto","background-attachment":"scroll","background-type":"","background-media":"","overlay-type":"","overlay-color":"","overlay-opacity":"","overlay-gradient":""},"tablet":{"background-color":"var(--ast-global-color-5)","background-image":"","background-repeat":"repeat","background-position":"center center","background-size":"auto","background-attachment":"scroll","background-type":"","background-media":"","overlay-type":"","overlay-color":"","overlay-opacity":"","overlay-gradient":""},"mobile":{"background-color":"var(--ast-global-color-5)","background-image":"","background-repeat":"repeat","background-position":"center center","background-size":"auto","background-attachment":"scroll","background-type":"","background-media":"","overlay-type":"","overlay-color":"","overlay-opacity":"","overlay-gradient":""}}},"product_brand":[],"product_cat":[419,423,404,414],"product_tag":[],"class_list":{"0":"post-2005","1":"product","2":"type-product","3":"status-publish","4":"has-post-thumbnail","6":"product_cat-anti-infrared-fabrics","7":"product_cat-fabric-for-military-police","8":"product_cat-nylon-fabrics","9":"product_cat-waterproof-fabrics","10":"pa_available_colors-502001-std","11":"pa_available_colors-h-black","12":"pa_available_colors-911052-spc","13":"desktop-align-left","14":"tablet-align-left","15":"mobile-align-left","16":"ast-product-gallery-layout-vertical-slider","17":"ast-product-tabs-layout-horizontal","19":"first","20":"instock","21":"shipping-taxable","22":"product-type-simple"},"uagb_featured_image_src":{"full":["https:\/\/www.sikortex.com\/wp-content\/uploads\/2023\/06\/O1CN01tudKto1JA5cNyAHO7_3828250987-0-cib-3.jpg",1024,1024,false],"thumbnail":["https:\/\/www.sikortex.com\/wp-content\/uploads\/2023\/06\/O1CN01tudKto1JA5cNyAHO7_3828250987-0-cib-3-150x150.jpg",150,150,true],"medium":["https:\/\/www.sikortex.com\/wp-content\/uploads\/2023\/06\/O1CN01tudKto1JA5cNyAHO7_3828250987-0-cib-3-300x300.jpg",300,300,true],"medium_large":["https:\/\/www.sikortex.com\/wp-content\/uploads\/2023\/06\/O1CN01tudKto1JA5cNyAHO7_3828250987-0-cib-3-768x768.jpg",768,768,true],"large":["https:\/\/www.sikortex.com\/wp-content\/uploads\/2023\/06\/O1CN01tudKto1JA5cNyAHO7_3828250987-0-cib-3.jpg",1024,1024,false],"1536x1536":["https:\/\/www.sikortex.com\/wp-content\/uploads\/2023\/06\/O1CN01tudKto1JA5cNyAHO7_3828250987-0-cib-3.jpg",1024,1024,false],"2048x2048":["https:\/\/www.sikortex.com\/wp-content\/uploads\/2023\/06\/O1CN01tudKto1JA5cNyAHO7_3828250987-0-cib-3.jpg",1024,1024,false],"trp-custom-language-flag":["https:\/\/www.sikortex.com\/wp-content\/uploads\/2023\/06\/O1CN01tudKto1JA5cNyAHO7_3828250987-0-cib-3.jpg",12,12,false],"woocommerce_thumbnail":["https:\/\/www.sikortex.com\/wp-content\/uploads\/2023\/06\/O1CN01tudKto1JA5cNyAHO7_3828250987-0-cib-3-300x300.jpg",300,300,true],"woocommerce_single":["https:\/\/www.sikortex.com\/wp-content\/uploads\/2023\/06\/O1CN01tudKto1JA5cNyAHO7_3828250987-0-cib-3-600x600.jpg",600,600,true],"woocommerce_gallery_thumbnail":["https:\/\/www.sikortex.com\/wp-content\/uploads\/2023\/06\/O1CN01tudKto1JA5cNyAHO7_3828250987-0-cib-3-100x100.jpg",100,100,true]},"uagb_author_info":{"display_name":"Perry","author_link":"https:\/\/www.sikortex.com\/pl\/author\/"},"uagb_comment_info":0,"uagb_excerpt":"600 Meters(Min.Order)","_links":{"self":[{"href":"https:\/\/www.sikortex.com\/pl\/wp-json\/wp\/v2\/product\/2005","targetHints":{"allow":["GET"]}}],"collection":[{"href":"https:\/\/www.sikortex.com\/pl\/wp-json\/wp\/v2\/product"}],"about":[{"href":"https:\/\/www.sikortex.com\/pl\/wp-json\/wp\/v2\/types\/product"}],"replies":[{"embeddable":true,"href":"https:\/\/www.sikortex.com\/pl\/wp-json\/wp\/v2\/comments?post=2005"}],"wp:featuredmedia":[{"embeddable":true,"href":"https:\/\/www.sikortex.com\/pl\/wp-json\/wp\/v2\/media\/3767"}],"wp:attachment":[{"href":"https:\/\/www.sikortex.com\/pl\/wp-json\/wp\/v2\/media?parent=2005"}],"wp:term":[{"taxonomy":"product_brand","embeddable":true,"href":"https:\/\/www.sikortex.com\/pl\/wp-json\/wp\/v2\/product_brand?post=2005"},{"taxonomy":"product_cat","embeddable":true,"href":"https:\/\/www.sikortex.com\/pl\/wp-json\/wp\/v2\/product_cat?post=2005"},{"taxonomy":"product_tag","embeddable":true,"href":"https:\/\/www.sikortex.com\/pl\/wp-json\/wp\/v2\/product_tag?post=2005"}],"curies":[{"name":"wp","href":"https:\/\/api.w.org\/{rel}","templated":true}]}}