{"id":1991,"date":"2023-06-02T14:44:48","date_gmt":"2023-06-02T06:44:48","guid":{"rendered":"http:\/\/203.196.10.64:3021\/?post_type=product&#038;p=1991"},"modified":"2025-01-08T13:00:08","modified_gmt":"2025-01-08T05:00:08","slug":"sk8251-1000d-nylon","status":"publish","type":"product","link":"https:\/\/www.sikortex.com\/pl\/produkt\/sk8251-1000d-nylon\/","title":{"rendered":"Tkanina nylonowa Oxford o wysokiej wytrzyma\u0142o\u015bci 1000D"},"content":{"rendered":"<p>Producent tkanin u\u017cytkowych SIKOR-TEX<\/p>\n<p>1000D <a href=\"https:\/\/www.sikortex.com\/pl\/producent-tkanin-nylonowych\/\"><span style=\"color: #3366ff;\">Nylon<\/span><\/a>\u00a0 Wysoka wytrzyma\u0142o\u015b\u0107 <a href=\"https:\/\/www.sikortex.com\/pl\/nylonowo-bawelniana-tkanina-ripstop-tkanina-wiatrowka-5\/\"><span style=\"color: #3366ff;\">Tkanina oksfordzka<\/span><\/a>, wytrzyma\u0142y materia\u0142 zaprojektowany, aby sprosta\u0107 surowym wymaganiom sprz\u0119tu wojskowego i specjalnej, odpornej na zu\u017cycie odzie\u017cy roboczej.<\/p>\n<p>Wykonane z najwy\u017cszej jako\u015bci materia\u0142u 1000D <a href=\"https:\/\/www.sikortex.com\/pl\/producent-tkanin-nylonowych\/\"><span style=\"color: #3366ff;\">Nylon<\/span><\/a> 6 w\u0142\u00f3kien, ta tkanina charakteryzuje si\u0119 wyj\u0105tkow\u0105 wytrzyma\u0142o\u015bci\u0105 i trwa\u0142o\u015bci\u0105. Dzi\u0119ki wytrzyma\u0142o\u015bci 1,5 razy wi\u0119kszej ni\u017c poliester, wytrzymuje intensywne u\u017cytkowanie i ekstremalne warunki, co czyni j\u0105 idealn\u0105 do zastosowa\u0144 wymagaj\u0105cych solidnej wydajno\u015bci.<\/p>\n<p>Wysoka wytrzyma\u0142o\u015b\u0107 tej tkaniny zapewnia, \u017ce wytrzyma ona trudy operacji wojskowych i zapewni niezawodn\u0105 ochron\u0119 w trudnych warunkach. Zosta\u0142a specjalnie zaprojektowana, aby spe\u0142nia\u0107 wymagania<a href=\"https:\/\/www.sikortex.com\/pl\/tkanina-wojskowa-ripstop\/\"><span style=\"color: #3366ff;\"> wojskowy<\/span><\/a> sprz\u0119tu takiego jak plecaki, kamizelki taktyczne i akcesoria, w przypadku kt\u00f3rych najwa\u017cniejsza jest trwa\u0142o\u015b\u0107 i odporno\u015b\u0107.<\/p>\n<p>Dodatkowo tkanina ta doskonale nadaje si\u0119 do produkcji specjalnej, odpornej na zu\u017cycie odzie\u017cy roboczej. Jego wytrzyma\u0142a konstrukcja i w\u0142a\u015bciwo\u015bci o wysokiej wytrzyma\u0142o\u015bci sprawiaj\u0105, \u017ce jest to niezawodny wyb\u00f3r dla bran\u017c wymagaj\u0105cych wyj\u0105tkowej trwa\u0142o\u015bci, takich jak budownictwo, g\u00f3rnictwo i ci\u0119\u017ckie maszyny.<\/p>\n<p>Przegl\u0105daj wi\u0119cej <span style=\"color: #3366ff;\"><a style=\"color: #3366ff;\" href=\"https:\/\/www.sikortex.com\/pl\/tkaniny-kordura\/\">Tkaniny Cordura<\/a><\/span><\/p>","protected":false},"excerpt":{"rendered":"<p>600 metr\u00f3w (min. zam\u00f3wienie)<\/p>","protected":false},"featured_media":3765,"comment_status":"closed","ping_status":"closed","template":"","meta":{"_uag_custom_page_level_css":"","site-sidebar-layout":"default","site-content-layout":"default","ast-site-content-layout":"","site-content-style":"default","site-sidebar-style":"default","ast-global-header-display":"","ast-banner-title-visibility":"","ast-main-header-display":"","ast-hfb-above-header-display":"","ast-hfb-below-header-display":"","ast-hfb-mobile-header-display":"","site-post-title":"","ast-breadcrumbs-content":"","ast-featured-img":"","footer-sml-layout":"","theme-transparent-header-meta":"default","adv-header-id-meta":"","stick-header-meta":"default","header-above-stick-meta":"","header-main-stick-meta":"","header-below-stick-meta":"","astra-migrate-meta-layouts":"default","ast-page-background-enabled":"default","ast-page-background-meta":{"desktop":{"background-color":"","background-image":"","background-repeat":"repeat","background-position":"center center","background-size":"auto","background-attachment":"scroll","background-type":"","background-media":"","overlay-type":"","overlay-color":"","overlay-opacity":"","overlay-gradient":""},"tablet":{"background-color":"","background-image":"","background-repeat":"repeat","background-position":"center center","background-size":"auto","background-attachment":"scroll","background-type":"","background-media":"","overlay-type":"","overlay-color":"","overlay-opacity":"","overlay-gradient":""},"mobile":{"background-color":"","background-image":"","background-repeat":"repeat","background-position":"center center","background-size":"auto","background-attachment":"scroll","background-type":"","background-media":"","overlay-type":"","overlay-color":"","overlay-opacity":"","overlay-gradient":""}},"ast-content-background-meta":{"desktop":{"background-color":"var(--ast-global-color-5)","background-image":"","background-repeat":"repeat","background-position":"center center","background-size":"auto","background-attachment":"scroll","background-type":"","background-media":"","overlay-type":"","overlay-color":"","overlay-opacity":"","overlay-gradient":""},"tablet":{"background-color":"var(--ast-global-color-5)","background-image":"","background-repeat":"repeat","background-position":"center center","background-size":"auto","background-attachment":"scroll","background-type":"","background-media":"","overlay-type":"","overlay-color":"","overlay-opacity":"","overlay-gradient":""},"mobile":{"background-color":"var(--ast-global-color-5)","background-image":"","background-repeat":"repeat","background-position":"center center","background-size":"auto","background-attachment":"scroll","background-type":"","background-media":"","overlay-type":"","overlay-color":"","overlay-opacity":"","overlay-gradient":""}}},"product_brand":[],"product_cat":[419,423,404],"product_tag":[],"class_list":{"0":"post-1991","1":"product","2":"type-product","3":"status-publish","4":"has-post-thumbnail","6":"product_cat-anti-infrared-fabrics","7":"product_cat-fabric-for-military-police","8":"product_cat-nylon-fabrics","9":"pa_available_colors-olive-green","10":"pa_available_colors-911052-spc","11":"desktop-align-left","12":"tablet-align-left","13":"mobile-align-left","14":"ast-product-gallery-layout-vertical-slider","15":"ast-product-tabs-layout-horizontal","17":"first","18":"instock","19":"shipping-taxable","20":"product-type-simple"},"uagb_featured_image_src":{"full":["https:\/\/www.sikortex.com\/wp-content\/uploads\/2023\/06\/O1CN01WJli1Q1JA5dxdB96v_3828250987-0-cib-1.jpg",1024,1024,false],"thumbnail":["https:\/\/www.sikortex.com\/wp-content\/uploads\/2023\/06\/O1CN01WJli1Q1JA5dxdB96v_3828250987-0-cib-1-150x150.jpg",150,150,true],"medium":["https:\/\/www.sikortex.com\/wp-content\/uploads\/2023\/06\/O1CN01WJli1Q1JA5dxdB96v_3828250987-0-cib-1-300x300.jpg",300,300,true],"medium_large":["https:\/\/www.sikortex.com\/wp-content\/uploads\/2023\/06\/O1CN01WJli1Q1JA5dxdB96v_3828250987-0-cib-1-768x768.jpg",768,768,true],"large":["https:\/\/www.sikortex.com\/wp-content\/uploads\/2023\/06\/O1CN01WJli1Q1JA5dxdB96v_3828250987-0-cib-1.jpg",1024,1024,false],"1536x1536":["https:\/\/www.sikortex.com\/wp-content\/uploads\/2023\/06\/O1CN01WJli1Q1JA5dxdB96v_3828250987-0-cib-1.jpg",1024,1024,false],"2048x2048":["https:\/\/www.sikortex.com\/wp-content\/uploads\/2023\/06\/O1CN01WJli1Q1JA5dxdB96v_3828250987-0-cib-1.jpg",1024,1024,false],"trp-custom-language-flag":["https:\/\/www.sikortex.com\/wp-content\/uploads\/2023\/06\/O1CN01WJli1Q1JA5dxdB96v_3828250987-0-cib-1.jpg",12,12,false],"woocommerce_thumbnail":["https:\/\/www.sikortex.com\/wp-content\/uploads\/2023\/06\/O1CN01WJli1Q1JA5dxdB96v_3828250987-0-cib-1-300x300.jpg",300,300,true],"woocommerce_single":["https:\/\/www.sikortex.com\/wp-content\/uploads\/2023\/06\/O1CN01WJli1Q1JA5dxdB96v_3828250987-0-cib-1-600x600.jpg",600,600,true],"woocommerce_gallery_thumbnail":["https:\/\/www.sikortex.com\/wp-content\/uploads\/2023\/06\/O1CN01WJli1Q1JA5dxdB96v_3828250987-0-cib-1-100x100.jpg",100,100,true]},"uagb_author_info":{"display_name":"Perry","author_link":"https:\/\/www.sikortex.com\/pl\/author\/"},"uagb_comment_info":0,"uagb_excerpt":"600 Meters(Min.Order)","_links":{"self":[{"href":"https:\/\/www.sikortex.com\/pl\/wp-json\/wp\/v2\/product\/1991","targetHints":{"allow":["GET"]}}],"collection":[{"href":"https:\/\/www.sikortex.com\/pl\/wp-json\/wp\/v2\/product"}],"about":[{"href":"https:\/\/www.sikortex.com\/pl\/wp-json\/wp\/v2\/types\/product"}],"replies":[{"embeddable":true,"href":"https:\/\/www.sikortex.com\/pl\/wp-json\/wp\/v2\/comments?post=1991"}],"wp:featuredmedia":[{"embeddable":true,"href":"https:\/\/www.sikortex.com\/pl\/wp-json\/wp\/v2\/media\/3765"}],"wp:attachment":[{"href":"https:\/\/www.sikortex.com\/pl\/wp-json\/wp\/v2\/media?parent=1991"}],"wp:term":[{"taxonomy":"product_brand","embeddable":true,"href":"https:\/\/www.sikortex.com\/pl\/wp-json\/wp\/v2\/product_brand?post=1991"},{"taxonomy":"product_cat","embeddable":true,"href":"https:\/\/www.sikortex.com\/pl\/wp-json\/wp\/v2\/product_cat?post=1991"},{"taxonomy":"product_tag","embeddable":true,"href":"https:\/\/www.sikortex.com\/pl\/wp-json\/wp\/v2\/product_tag?post=1991"}],"curies":[{"name":"wp","href":"https:\/\/api.w.org\/{rel}","templated":true}]}}