{"id":1976,"date":"2023-06-02T14:41:31","date_gmt":"2023-06-02T06:41:31","guid":{"rendered":"http:\/\/203.196.10.64:3021\/?post_type=product&#038;p=1976"},"modified":"2023-11-05T15:52:25","modified_gmt":"2023-11-05T07:52:25","slug":"sk8250-500d-nylon-66","status":"publish","type":"product","link":"https:\/\/www.sikortex.com\/pl\/produkt\/sk8250-500d-nylon-66\/","title":{"rendered":"Cordura Tessuto z nylonu 500D 66 w kamufla\u017cu"},"content":{"rendered":"<p>SIKOR-TEX 500D Nylon 66 z nadrukiem w kamufla\u017cu Tessuto Cordura, specjalnie zaprojektowany do zastosowa\u0144 w odzie\u017cy wojskowej i sportowej na \u015bwie\u017cym powietrzu, teraz z opcjonaln\u0105 funkcj\u0105 przeciw podczerwieni dla lepszej niewidoczno\u015bci i ochrony.<\/p>\n<p>Wykonana z wysokiej jako\u015bci materia\u0142u 500D Nylon 66, ta tkanina Cordura zapewnia wyj\u0105tkow\u0105 wytrzyma\u0142o\u015b\u0107, trwa\u0142o\u015b\u0107 i odporno\u015b\u0107 na \u015bcieranie. Posiada kamufla\u017cowy nadruk, kt\u00f3ry nie tylko pomaga wtopi\u0107 si\u0119 w otoczenie, ale tak\u017ce wykorzystuje technologi\u0119 przeciwpodczerwon\u0105, zapewniaj\u0105c ochron\u0119 przed wykryciem obrazu termowizyjnego.<\/p>\n<p>Opcjonalna funkcja ochrony przed podczerwieni\u0105 zapewnia, \u017ce tkanina minimalizuje sygnatury cieplne, dzi\u0119ki czemu jest wysoce skuteczna w operacjach skradaj\u0105cych si\u0119 i zapewnia dodatkowe bezpiecze\u0144stwo personelowi wojskowemu. Niezale\u017cnie od tego, czy poruszasz si\u0119 po wrogim terenie, czy te\u017c bierzesz udzia\u0142 w misjach taktycznych, ten materia\u0142 pomo\u017ce Ci ukry\u0107 si\u0119 i pozosta\u0107 niewykrywalnym.<\/p>\n<p>Opr\u00f3cz w\u0142a\u015bciwo\u015bci chroni\u0105cych przed promieniowaniem podczerwonym, Tessuto Cordura zachowuje swoje w\u0142a\u015bciwo\u015bci wodoodporne, dzi\u0119ki czemu nadaje si\u0119 r\u00f3wnie\u017c do odzie\u017cy sportowej na \u015bwie\u017cym powietrzu. Zapewnia ochron\u0119 przed lekkim deszczem i wilgoci\u0105, zapewniaj\u0105c sucho\u015b\u0107 i wygod\u0119 podczas intensywnych zaj\u0119\u0107 na \u015bwie\u017cym powietrzu.<\/p>","protected":false},"excerpt":{"rendered":"<p>1000 metr\u00f3w (min. zam\u00f3wienie)<\/p>","protected":false},"featured_media":3763,"comment_status":"closed","ping_status":"closed","template":"","meta":{"_uag_custom_page_level_css":"","site-sidebar-layout":"default","site-content-layout":"default","ast-site-content-layout":"","site-content-style":"default","site-sidebar-style":"default","ast-global-header-display":"","ast-banner-title-visibility":"","ast-main-header-display":"","ast-hfb-above-header-display":"","ast-hfb-below-header-display":"","ast-hfb-mobile-header-display":"","site-post-title":"","ast-breadcrumbs-content":"","ast-featured-img":"","footer-sml-layout":"","theme-transparent-header-meta":"default","adv-header-id-meta":"","stick-header-meta":"default","header-above-stick-meta":"","header-main-stick-meta":"","header-below-stick-meta":"","astra-migrate-meta-layouts":"default","ast-page-background-enabled":"default","ast-page-background-meta":{"desktop":{"background-color":"","background-image":"","background-repeat":"repeat","background-position":"center center","background-size":"auto","background-attachment":"scroll","background-type":"","background-media":"","overlay-type":"","overlay-color":"","overlay-opacity":"","overlay-gradient":""},"tablet":{"background-color":"","background-image":"","background-repeat":"repeat","background-position":"center center","background-size":"auto","background-attachment":"scroll","background-type":"","background-media":"","overlay-type":"","overlay-color":"","overlay-opacity":"","overlay-gradient":""},"mobile":{"background-color":"","background-image":"","background-repeat":"repeat","background-position":"center center","background-size":"auto","background-attachment":"scroll","background-type":"","background-media":"","overlay-type":"","overlay-color":"","overlay-opacity":"","overlay-gradient":""}},"ast-content-background-meta":{"desktop":{"background-color":"var(--ast-global-color-5)","background-image":"","background-repeat":"repeat","background-position":"center center","background-size":"auto","background-attachment":"scroll","background-type":"","background-media":"","overlay-type":"","overlay-color":"","overlay-opacity":"","overlay-gradient":""},"tablet":{"background-color":"var(--ast-global-color-5)","background-image":"","background-repeat":"repeat","background-position":"center center","background-size":"auto","background-attachment":"scroll","background-type":"","background-media":"","overlay-type":"","overlay-color":"","overlay-opacity":"","overlay-gradient":""},"mobile":{"background-color":"var(--ast-global-color-5)","background-image":"","background-repeat":"repeat","background-position":"center center","background-size":"auto","background-attachment":"scroll","background-type":"","background-media":"","overlay-type":"","overlay-color":"","overlay-opacity":"","overlay-gradient":""}}},"product_brand":[],"product_cat":[419,423,432,404],"product_tag":[],"class_list":{"0":"post-1976","1":"product","2":"type-product","3":"status-publish","4":"has-post-thumbnail","6":"product_cat-anti-infrared-fabrics","7":"product_cat-fabric-for-military-police","8":"product_cat-fabric-for-tent","9":"product_cat-nylon-fabrics","10":"pa_available_colors-911052-spc","11":"desktop-align-left","12":"tablet-align-left","13":"mobile-align-left","14":"ast-product-gallery-layout-vertical-slider","15":"ast-product-tabs-layout-horizontal","17":"first","18":"instock","19":"shipping-taxable","20":"product-type-simple"},"uagb_featured_image_src":{"full":["https:\/\/www.sikortex.com\/wp-content\/uploads\/2023\/06\/O1CN01zp13181JA5cWTL26n_3828250987-0-cib-1.jpg",1024,1024,false],"thumbnail":["https:\/\/www.sikortex.com\/wp-content\/uploads\/2023\/06\/O1CN01zp13181JA5cWTL26n_3828250987-0-cib-1-150x150.jpg",150,150,true],"medium":["https:\/\/www.sikortex.com\/wp-content\/uploads\/2023\/06\/O1CN01zp13181JA5cWTL26n_3828250987-0-cib-1-300x300.jpg",300,300,true],"medium_large":["https:\/\/www.sikortex.com\/wp-content\/uploads\/2023\/06\/O1CN01zp13181JA5cWTL26n_3828250987-0-cib-1-768x768.jpg",768,768,true],"large":["https:\/\/www.sikortex.com\/wp-content\/uploads\/2023\/06\/O1CN01zp13181JA5cWTL26n_3828250987-0-cib-1.jpg",1024,1024,false],"1536x1536":["https:\/\/www.sikortex.com\/wp-content\/uploads\/2023\/06\/O1CN01zp13181JA5cWTL26n_3828250987-0-cib-1.jpg",1024,1024,false],"2048x2048":["https:\/\/www.sikortex.com\/wp-content\/uploads\/2023\/06\/O1CN01zp13181JA5cWTL26n_3828250987-0-cib-1.jpg",1024,1024,false],"trp-custom-language-flag":["https:\/\/www.sikortex.com\/wp-content\/uploads\/2023\/06\/O1CN01zp13181JA5cWTL26n_3828250987-0-cib-1.jpg",12,12,false],"woocommerce_thumbnail":["https:\/\/www.sikortex.com\/wp-content\/uploads\/2023\/06\/O1CN01zp13181JA5cWTL26n_3828250987-0-cib-1-300x300.jpg",300,300,true],"woocommerce_single":["https:\/\/www.sikortex.com\/wp-content\/uploads\/2023\/06\/O1CN01zp13181JA5cWTL26n_3828250987-0-cib-1-600x600.jpg",600,600,true],"woocommerce_gallery_thumbnail":["https:\/\/www.sikortex.com\/wp-content\/uploads\/2023\/06\/O1CN01zp13181JA5cWTL26n_3828250987-0-cib-1-100x100.jpg",100,100,true]},"uagb_author_info":{"display_name":"Perry","author_link":"https:\/\/www.sikortex.com\/pl\/author\/"},"uagb_comment_info":0,"uagb_excerpt":"1000 Meters(Min.Order)","_links":{"self":[{"href":"https:\/\/www.sikortex.com\/pl\/wp-json\/wp\/v2\/product\/1976","targetHints":{"allow":["GET"]}}],"collection":[{"href":"https:\/\/www.sikortex.com\/pl\/wp-json\/wp\/v2\/product"}],"about":[{"href":"https:\/\/www.sikortex.com\/pl\/wp-json\/wp\/v2\/types\/product"}],"replies":[{"embeddable":true,"href":"https:\/\/www.sikortex.com\/pl\/wp-json\/wp\/v2\/comments?post=1976"}],"wp:featuredmedia":[{"embeddable":true,"href":"https:\/\/www.sikortex.com\/pl\/wp-json\/wp\/v2\/media\/3763"}],"wp:attachment":[{"href":"https:\/\/www.sikortex.com\/pl\/wp-json\/wp\/v2\/media?parent=1976"}],"wp:term":[{"taxonomy":"product_brand","embeddable":true,"href":"https:\/\/www.sikortex.com\/pl\/wp-json\/wp\/v2\/product_brand?post=1976"},{"taxonomy":"product_cat","embeddable":true,"href":"https:\/\/www.sikortex.com\/pl\/wp-json\/wp\/v2\/product_cat?post=1976"},{"taxonomy":"product_tag","embeddable":true,"href":"https:\/\/www.sikortex.com\/pl\/wp-json\/wp\/v2\/product_tag?post=1976"}],"curies":[{"name":"wp","href":"https:\/\/api.w.org\/{rel}","templated":true}]}}