{"id":1963,"date":"2023-06-02T14:38:54","date_gmt":"2023-06-02T06:38:54","guid":{"rendered":"http:\/\/203.196.10.64:3021\/?post_type=product&#038;p=1963"},"modified":"2025-01-08T12:55:48","modified_gmt":"2025-01-08T04:55:48","slug":"zolta-odblaskowa-ripstop-wysoka-widocznosc","status":"publish","type":"product","link":"https:\/\/www.sikortex.com\/pl\/produkt\/zolta-odblaskowa-ripstop-wysoka-widocznosc\/","title":{"rendered":"500D Nylon HI VIS \u017b\u00f3\u0142ty Ripstop Tkanina o wysokiej widoczno\u015bci"},"content":{"rendered":"<h5>Producent tkanin Hi Vis SIKOR-TEX, odporne na rozdarcia tkaniny do ochrony osobistej<\/h5>\n<p>Wykonane z wysokiej jako\u015bci nylonu 500D <a href=\"https:\/\/www.sikortex.com\/pl\/tkaniny-o-wysokiej-widocznosci\/\"><span style=\"color: #3366ff;\">Cze\u015b\u0107 VIS<\/span><\/a> \u017b\u00f3\u0142ty <a href=\"https:\/\/www.sikortex.com\/pl\/2024\/09\/05\/dostawca-tkanin-ripstop-material-ripstop\/\"><span style=\"color: #3366ff;\">Ripstop<\/span><\/a> <a href=\"https:\/\/www.sikortex.com\/pl\/tkaniny-o-wysokiej-widocznosci\/\"><span style=\"color: #3366ff;\">Wysoka widoczno\u015b\u0107<\/span><\/a> Tkanina oferuje doskona\u0142\u0105 trwa\u0142o\u015b\u0107 i wytrzyma\u0142o\u015b\u0107, dzi\u0119ki czemu nadaje si\u0119 do wymagaj\u0105cych \u015brodowisk zewn\u0119trznych. \u017bywy fluorescencyjny kolor poprawia widoczno\u015b\u0107, zapewniaj\u0105c, \u017ce pracownicy s\u0105 \u0142atwo widoczni w warunkach s\u0142abego o\u015bwietlenia lub niebezpiecznych \u015brodowiskach.<\/p>\n<p>Sk\u0142ad nylonu 500D zapewnia wyj\u0105tkow\u0105 odporno\u015b\u0107 na \u015bcieranie, rozdarcia i og\u00f3lne zu\u017cycie, dzi\u0119ki czemu idealnie nadaje si\u0119 do zastosowa\u0144 wymagaj\u0105cych wytrzyma\u0142ej wydajno\u015bci. Jest r\u00f3wnie\u017c wodoodporny, zapewniaj\u0105c ochron\u0119 przed lekkim deszczem i wilgoci\u0105.<\/p>\n<p>Ripstop <a href=\"https:\/\/www.sikortex.com\/pl\/tkaniny-o-wysokiej-widocznosci\/\"><span style=\"color: #3366ff;\">Wysoka widoczno\u015b\u0107<\/span><\/a> Tkanina doskonale nadaje si\u0119 do produkcji odzie\u017cy roboczej do pracy na zewn\u0105trz, w tym kurtek, kamizelek i spodni, a tak\u017ce wytrzyma\u0142ych toreb, takich jak plecaki i torby narz\u0119dziowe. Jej wysoka wytrzyma\u0142o\u015b\u0107 zapewnia, \u017ce wytrzyma wymagania intensywnego u\u017cytkowania, zapewniaj\u0105c d\u0142ugotrwa\u0142\u0105 wydajno\u015b\u0107 i niezawodno\u015b\u0107.<\/p>\n<p>Dzi\u0119ki fluorescencyjnemu kolorowi i solidnej konstrukcji nasza nylonowa tkanina w kolorze fluorescencyjnym jest doskona\u0142ym wyborem na odzie\u017c i torby dla pracownik\u00f3w zewn\u0119trznych. Zapewnia zar\u00f3wno widoczno\u015b\u0107, jak i trwa\u0142o\u015b\u0107, zapewniaj\u0105c bezpiecze\u0144stwo i komfort pracownikom r\u00f3\u017cnych bran\u017c, m.in. budowlanej, drogowej, logistycznej i nie tylko.<\/p>","protected":false},"excerpt":{"rendered":"<p>1000 metr\u00f3w (min. zam\u00f3wienie)<\/p>","protected":false},"featured_media":3758,"comment_status":"closed","ping_status":"closed","template":"","meta":{"_uag_custom_page_level_css":"","site-sidebar-layout":"default","site-content-layout":"default","ast-site-content-layout":"","site-content-style":"default","site-sidebar-style":"default","ast-global-header-display":"","ast-banner-title-visibility":"","ast-main-header-display":"","ast-hfb-above-header-display":"","ast-hfb-below-header-display":"","ast-hfb-mobile-header-display":"","site-post-title":"","ast-breadcrumbs-content":"","ast-featured-img":"","footer-sml-layout":"","theme-transparent-header-meta":"default","adv-header-id-meta":"","stick-header-meta":"default","header-above-stick-meta":"","header-main-stick-meta":"","header-below-stick-meta":"","astra-migrate-meta-layouts":"default","ast-page-background-enabled":"default","ast-page-background-meta":{"desktop":{"background-color":"","background-image":"","background-repeat":"repeat","background-position":"center center","background-size":"auto","background-attachment":"scroll","background-type":"","background-media":"","overlay-type":"","overlay-color":"","overlay-opacity":"","overlay-gradient":""},"tablet":{"background-color":"","background-image":"","background-repeat":"repeat","background-position":"center center","background-size":"auto","background-attachment":"scroll","background-type":"","background-media":"","overlay-type":"","overlay-color":"","overlay-opacity":"","overlay-gradient":""},"mobile":{"background-color":"","background-image":"","background-repeat":"repeat","background-position":"center center","background-size":"auto","background-attachment":"scroll","background-type":"","background-media":"","overlay-type":"","overlay-color":"","overlay-opacity":"","overlay-gradient":""}},"ast-content-background-meta":{"desktop":{"background-color":"var(--ast-global-color-5)","background-image":"","background-repeat":"repeat","background-position":"center center","background-size":"auto","background-attachment":"scroll","background-type":"","background-media":"","overlay-type":"","overlay-color":"","overlay-opacity":"","overlay-gradient":""},"tablet":{"background-color":"var(--ast-global-color-5)","background-image":"","background-repeat":"repeat","background-position":"center center","background-size":"auto","background-attachment":"scroll","background-type":"","background-media":"","overlay-type":"","overlay-color":"","overlay-opacity":"","overlay-gradient":""},"mobile":{"background-color":"var(--ast-global-color-5)","background-image":"","background-repeat":"repeat","background-position":"center center","background-size":"auto","background-attachment":"scroll","background-type":"","background-media":"","overlay-type":"","overlay-color":"","overlay-opacity":"","overlay-gradient":""}}},"product_brand":[],"product_cat":[423,404,425],"product_tag":[],"class_list":{"0":"post-1963","1":"product","2":"type-product","3":"status-publish","4":"has-post-thumbnail","6":"product_cat-fabric-for-military-police","7":"product_cat-nylon-fabrics","8":"product_cat-security-emergencies-road-services","9":"pa_available_colors-fluorescent-orange","10":"pa_available_colors-fluorescent-yellow","11":"desktop-align-left","12":"tablet-align-left","13":"mobile-align-left","14":"ast-product-gallery-layout-vertical-slider","15":"ast-product-tabs-layout-horizontal","17":"first","18":"instock","19":"shipping-taxable","20":"product-type-simple"},"uagb_featured_image_src":{"full":["https:\/\/www.sikortex.com\/wp-content\/uploads\/2023\/06\/11050437838_1388178709-1.jpg",1024,1024,false],"thumbnail":["https:\/\/www.sikortex.com\/wp-content\/uploads\/2023\/06\/11050437838_1388178709-1-150x150.jpg",150,150,true],"medium":["https:\/\/www.sikortex.com\/wp-content\/uploads\/2023\/06\/11050437838_1388178709-1-300x300.jpg",300,300,true],"medium_large":["https:\/\/www.sikortex.com\/wp-content\/uploads\/2023\/06\/11050437838_1388178709-1-768x768.jpg",768,768,true],"large":["https:\/\/www.sikortex.com\/wp-content\/uploads\/2023\/06\/11050437838_1388178709-1.jpg",1024,1024,false],"1536x1536":["https:\/\/www.sikortex.com\/wp-content\/uploads\/2023\/06\/11050437838_1388178709-1.jpg",1024,1024,false],"2048x2048":["https:\/\/www.sikortex.com\/wp-content\/uploads\/2023\/06\/11050437838_1388178709-1.jpg",1024,1024,false],"trp-custom-language-flag":["https:\/\/www.sikortex.com\/wp-content\/uploads\/2023\/06\/11050437838_1388178709-1.jpg",12,12,false],"woocommerce_thumbnail":["https:\/\/www.sikortex.com\/wp-content\/uploads\/2023\/06\/11050437838_1388178709-1-300x300.jpg",300,300,true],"woocommerce_single":["https:\/\/www.sikortex.com\/wp-content\/uploads\/2023\/06\/11050437838_1388178709-1-600x600.jpg",600,600,true],"woocommerce_gallery_thumbnail":["https:\/\/www.sikortex.com\/wp-content\/uploads\/2023\/06\/11050437838_1388178709-1-100x100.jpg",100,100,true]},"uagb_author_info":{"display_name":"Perry","author_link":"https:\/\/www.sikortex.com\/pl\/author\/"},"uagb_comment_info":0,"uagb_excerpt":"1000 Meters(Min.Order)","_links":{"self":[{"href":"https:\/\/www.sikortex.com\/pl\/wp-json\/wp\/v2\/product\/1963","targetHints":{"allow":["GET"]}}],"collection":[{"href":"https:\/\/www.sikortex.com\/pl\/wp-json\/wp\/v2\/product"}],"about":[{"href":"https:\/\/www.sikortex.com\/pl\/wp-json\/wp\/v2\/types\/product"}],"replies":[{"embeddable":true,"href":"https:\/\/www.sikortex.com\/pl\/wp-json\/wp\/v2\/comments?post=1963"}],"wp:featuredmedia":[{"embeddable":true,"href":"https:\/\/www.sikortex.com\/pl\/wp-json\/wp\/v2\/media\/3758"}],"wp:attachment":[{"href":"https:\/\/www.sikortex.com\/pl\/wp-json\/wp\/v2\/media?parent=1963"}],"wp:term":[{"taxonomy":"product_brand","embeddable":true,"href":"https:\/\/www.sikortex.com\/pl\/wp-json\/wp\/v2\/product_brand?post=1963"},{"taxonomy":"product_cat","embeddable":true,"href":"https:\/\/www.sikortex.com\/pl\/wp-json\/wp\/v2\/product_cat?post=1963"},{"taxonomy":"product_tag","embeddable":true,"href":"https:\/\/www.sikortex.com\/pl\/wp-json\/wp\/v2\/product_tag?post=1963"}],"curies":[{"name":"wp","href":"https:\/\/api.w.org\/{rel}","templated":true}]}}