{"id":1930,"date":"2023-06-02T14:26:16","date_gmt":"2023-06-02T06:26:16","guid":{"rendered":"http:\/\/203.196.10.64:3021\/?post_type=product&#038;p=1930"},"modified":"2023-10-19T10:18:14","modified_gmt":"2023-10-19T02:18:14","slug":"sk8245-500d-nylon","status":"publish","type":"product","link":"https:\/\/www.sikortex.com\/pl\/produkt\/sk8245-500d-nylon\/","title":{"rendered":"Rozci\u0105gliwa tkanina z membran\u0105 TPU laminowana nylonem 500D"},"content":{"rendered":"<p>Rozci\u0105gliwa tkanina 500D z nylonu laminowanego TPU, wysokowydajna tkanina zaprojektowana do wymagaj\u0105cych zastosowa\u0144. Ta tkanina \u0142\u0105czy trwa\u0142o\u015b\u0107 i wytrzyma\u0142o\u015b\u0107 nylonu 500D z dodatkowymi zaletami laminowanej membrany TPU.<\/p>\n<p>Wysoka wytrzyma\u0142o\u015b\u0107 i odporno\u015b\u0107 na zu\u017cycie tkaniny zapewnia wyj\u0105tkow\u0105 trwa\u0142o\u015b\u0107, pozwalaj\u0105c\u0105 wytrzyma\u0107 trudne warunki zewn\u0119trzne i intensywne \u0107wiczenia fizyczne. Jego elastyczne w\u0142a\u015bciwo\u015bci zapewniaj\u0105 doskona\u0142\u0105 elastyczno\u015b\u0107 i swobod\u0119 ruch\u00f3w, zwi\u0119kszaj\u0105c komfort i wydajno\u015b\u0107 podczas aktywnych zaj\u0119\u0107.<\/p>\n<p>Nasz elastyczny materia\u0142 500D z nylonow\u0105 membran\u0105 TPU jest idealny do wielu zastosowa\u0144. \u015awietnie sprawdza si\u0119 jako odzie\u017c sportowa outdoor, zapewniaj\u0105c niezawodn\u0105 ochron\u0119 i komfort w r\u00f3\u017cnych warunkach pogodowych. Nadaje si\u0119 r\u00f3wnie\u017c do stroj\u00f3w wy\u015bcigowych, oferuj\u0105c zwi\u0119kszon\u0105 wydajno\u015b\u0107 i trwa\u0142o\u015b\u0107 sportowcom wyczynowym. Dodatkowo jej w\u0142a\u015bciwo\u015bci u\u017cytkowe sprawiaj\u0105, \u017ce jest to doskona\u0142y wyb\u00f3r na odzie\u017c do \u0107wicze\u0144 wojskowych i operacji specjalnych, gdzie liczy si\u0119 si\u0142a, spr\u0119\u017cysto\u015b\u0107 i elastyczno\u015b\u0107.<\/p>","protected":false},"excerpt":{"rendered":"<p>600 metr\u00f3w (min. zam\u00f3wienie)<\/p>","protected":false},"featured_media":3708,"comment_status":"closed","ping_status":"closed","template":"","meta":{"_uag_custom_page_level_css":"","site-sidebar-layout":"default","site-content-layout":"default","ast-site-content-layout":"","site-content-style":"default","site-sidebar-style":"default","ast-global-header-display":"","ast-banner-title-visibility":"","ast-main-header-display":"","ast-hfb-above-header-display":"","ast-hfb-below-header-display":"","ast-hfb-mobile-header-display":"","site-post-title":"","ast-breadcrumbs-content":"","ast-featured-img":"","footer-sml-layout":"","theme-transparent-header-meta":"default","adv-header-id-meta":"","stick-header-meta":"default","header-above-stick-meta":"","header-main-stick-meta":"","header-below-stick-meta":"","astra-migrate-meta-layouts":"default","ast-page-background-enabled":"default","ast-page-background-meta":{"desktop":{"background-color":"","background-image":"","background-repeat":"repeat","background-position":"center center","background-size":"auto","background-attachment":"scroll","background-type":"","background-media":"","overlay-type":"","overlay-color":"","overlay-opacity":"","overlay-gradient":""},"tablet":{"background-color":"","background-image":"","background-repeat":"repeat","background-position":"center center","background-size":"auto","background-attachment":"scroll","background-type":"","background-media":"","overlay-type":"","overlay-color":"","overlay-opacity":"","overlay-gradient":""},"mobile":{"background-color":"","background-image":"","background-repeat":"repeat","background-position":"center center","background-size":"auto","background-attachment":"scroll","background-type":"","background-media":"","overlay-type":"","overlay-color":"","overlay-opacity":"","overlay-gradient":""}},"ast-content-background-meta":{"desktop":{"background-color":"var(--ast-global-color-5)","background-image":"","background-repeat":"repeat","background-position":"center center","background-size":"auto","background-attachment":"scroll","background-type":"","background-media":"","overlay-type":"","overlay-color":"","overlay-opacity":"","overlay-gradient":""},"tablet":{"background-color":"var(--ast-global-color-5)","background-image":"","background-repeat":"repeat","background-position":"center center","background-size":"auto","background-attachment":"scroll","background-type":"","background-media":"","overlay-type":"","overlay-color":"","overlay-opacity":"","overlay-gradient":""},"mobile":{"background-color":"var(--ast-global-color-5)","background-image":"","background-repeat":"repeat","background-position":"center center","background-size":"auto","background-attachment":"scroll","background-type":"","background-media":"","overlay-type":"","overlay-color":"","overlay-opacity":"","overlay-gradient":""}}},"product_brand":[],"product_cat":[423,432,421,404,414],"product_tag":[],"class_list":{"0":"post-1930","1":"product","2":"type-product","3":"status-publish","4":"has-post-thumbnail","6":"product_cat-fabric-for-military-police","7":"product_cat-fabric-for-tent","8":"product_cat-foul-weather-fabrics","9":"product_cat-nylon-fabrics","10":"product_cat-waterproof-fabrics","11":"pa_available_colors-911052-spc","12":"desktop-align-left","13":"tablet-align-left","14":"mobile-align-left","15":"ast-product-gallery-layout-vertical-slider","16":"ast-product-tabs-layout-horizontal","18":"first","19":"instock","20":"shipping-taxable","21":"product-type-simple"},"uagb_featured_image_src":{"full":["https:\/\/www.sikortex.com\/wp-content\/uploads\/2023\/06\/O1CN01tudKto1JA5cNyAHO7_3828250987-0-cib-2.jpg",1024,1024,false],"thumbnail":["https:\/\/www.sikortex.com\/wp-content\/uploads\/2023\/06\/O1CN01tudKto1JA5cNyAHO7_3828250987-0-cib-2-150x150.jpg",150,150,true],"medium":["https:\/\/www.sikortex.com\/wp-content\/uploads\/2023\/06\/O1CN01tudKto1JA5cNyAHO7_3828250987-0-cib-2-300x300.jpg",300,300,true],"medium_large":["https:\/\/www.sikortex.com\/wp-content\/uploads\/2023\/06\/O1CN01tudKto1JA5cNyAHO7_3828250987-0-cib-2-768x768.jpg",768,768,true],"large":["https:\/\/www.sikortex.com\/wp-content\/uploads\/2023\/06\/O1CN01tudKto1JA5cNyAHO7_3828250987-0-cib-2.jpg",1024,1024,false],"1536x1536":["https:\/\/www.sikortex.com\/wp-content\/uploads\/2023\/06\/O1CN01tudKto1JA5cNyAHO7_3828250987-0-cib-2.jpg",1024,1024,false],"2048x2048":["https:\/\/www.sikortex.com\/wp-content\/uploads\/2023\/06\/O1CN01tudKto1JA5cNyAHO7_3828250987-0-cib-2.jpg",1024,1024,false],"trp-custom-language-flag":["https:\/\/www.sikortex.com\/wp-content\/uploads\/2023\/06\/O1CN01tudKto1JA5cNyAHO7_3828250987-0-cib-2.jpg",12,12,false],"woocommerce_thumbnail":["https:\/\/www.sikortex.com\/wp-content\/uploads\/2023\/06\/O1CN01tudKto1JA5cNyAHO7_3828250987-0-cib-2-300x300.jpg",300,300,true],"woocommerce_single":["https:\/\/www.sikortex.com\/wp-content\/uploads\/2023\/06\/O1CN01tudKto1JA5cNyAHO7_3828250987-0-cib-2-600x600.jpg",600,600,true],"woocommerce_gallery_thumbnail":["https:\/\/www.sikortex.com\/wp-content\/uploads\/2023\/06\/O1CN01tudKto1JA5cNyAHO7_3828250987-0-cib-2-100x100.jpg",100,100,true]},"uagb_author_info":{"display_name":"Perry","author_link":"https:\/\/www.sikortex.com\/pl\/author\/"},"uagb_comment_info":0,"uagb_excerpt":"600 Meters(Min.Order)","_links":{"self":[{"href":"https:\/\/www.sikortex.com\/pl\/wp-json\/wp\/v2\/product\/1930","targetHints":{"allow":["GET"]}}],"collection":[{"href":"https:\/\/www.sikortex.com\/pl\/wp-json\/wp\/v2\/product"}],"about":[{"href":"https:\/\/www.sikortex.com\/pl\/wp-json\/wp\/v2\/types\/product"}],"replies":[{"embeddable":true,"href":"https:\/\/www.sikortex.com\/pl\/wp-json\/wp\/v2\/comments?post=1930"}],"wp:featuredmedia":[{"embeddable":true,"href":"https:\/\/www.sikortex.com\/pl\/wp-json\/wp\/v2\/media\/3708"}],"wp:attachment":[{"href":"https:\/\/www.sikortex.com\/pl\/wp-json\/wp\/v2\/media?parent=1930"}],"wp:term":[{"taxonomy":"product_brand","embeddable":true,"href":"https:\/\/www.sikortex.com\/pl\/wp-json\/wp\/v2\/product_brand?post=1930"},{"taxonomy":"product_cat","embeddable":true,"href":"https:\/\/www.sikortex.com\/pl\/wp-json\/wp\/v2\/product_cat?post=1930"},{"taxonomy":"product_tag","embeddable":true,"href":"https:\/\/www.sikortex.com\/pl\/wp-json\/wp\/v2\/product_tag?post=1930"}],"curies":[{"name":"wp","href":"https:\/\/api.w.org\/{rel}","templated":true}]}}