{"id":1870,"date":"2023-06-01T15:11:31","date_gmt":"2023-06-01T07:11:31","guid":{"rendered":"http:\/\/203.196.10.64:3021\/?post_type=product&#038;p=1870"},"modified":"2025-08-18T14:05:16","modified_gmt":"2025-08-18T06:05:16","slug":"sk8237-ognioodporny-oxford","status":"publish","type":"product","link":"https:\/\/www.sikortex.com\/pl\/produkt\/sk8237-ognioodporny-oxford\/","title":{"rendered":"Tkanina Oxford z poliestru 900 Denier, trudnopalna"},"content":{"rendered":"<p>Poliester 900D trudnopalna tkanina Oxford, wszechstronna tkanina odpowiednia do szerokiego zakresu zastosowa\u0144. Wykonana z wysokiej jako\u015bci materia\u0142u poliestrowego tkanina ta zapewnia doskona\u0142\u0105 trwa\u0142o\u015b\u0107 i w\u0142a\u015bciwo\u015bci trudnopalne, zapewniaj\u0105c bezpiecze\u0144stwo i d\u0142ugowieczno\u015b\u0107.<\/p>\n<p>Ten <a href=\"https:\/\/www.sikortex.com\/pl\/tkaniny-ognioodporne\/\"><span style=\"color: #3366ff;\">trudnopalny<\/span><\/a> tkanina poliestrowa o g\u0119sto\u015bci 900D sprawia, \u017ce jest wytrzyma\u0142a i odporna na rozdarcia, co czyni j\u0105 idealn\u0105 do r\u00f3\u017cnych zastosowa\u0144, takich jak namioty, baga\u017c, zas\u0142ony, zastosowania przemys\u0142owe, projekty budowlane, artyku\u0142y zwi\u0105zane z ruchem drogowym i os\u0142ony przeciws\u0142oneczne autobus\u00f3w. Jej w\u0142a\u015bciwo\u015bci trudnopalne zapewniaj\u0105 dodatkow\u0105 warstw\u0119 bezpiecze\u0144stwa i ochrony.<\/p>\n<p>Nasza poliestrowa tkanina trudnopalna spe\u0142nia normy NFPA701. Poniewa\u017c \u015brodek trudnopalny znajduje si\u0119 wewn\u0105trz tkaniny, nasza tkanina nadal ma doskona\u0142e w\u0142a\u015bciwo\u015bci trudnopalne po wielokrotnym praniu.<\/p>\n<p>Dzi\u0119ki swojej wszechstronno\u015bci i niezawodno\u015bci nasza ognioodporna tkanina poliestrowa 900D FR Oxford Cloth jest doskona\u0142ym wyborem zar\u00f3wno do projekt\u00f3w komercyjnych, jak i osobistych. Mo\u017cesz liczy\u0107 na jej wytrzyma\u0142o\u015b\u0107 i trwa\u0142o\u015b\u0107, aby spe\u0142ni\u0107 swoje specyficzne potrzeby, niezale\u017cnie od tego, czy szukasz tkaniny do zastosowa\u0144 zewn\u0119trznych, czy do cel\u00f3w przemys\u0142owych.<\/p>","protected":false},"excerpt":{"rendered":"<p>600 metr\u00f3w (min. zam\u00f3wienie)<\/p>","protected":false},"featured_media":3693,"comment_status":"closed","ping_status":"closed","template":"","meta":{"_uag_custom_page_level_css":"","site-sidebar-layout":"default","site-content-layout":"default","ast-site-content-layout":"","site-content-style":"default","site-sidebar-style":"default","ast-global-header-display":"","ast-banner-title-visibility":"","ast-main-header-display":"","ast-hfb-above-header-display":"","ast-hfb-below-header-display":"","ast-hfb-mobile-header-display":"","site-post-title":"","ast-breadcrumbs-content":"","ast-featured-img":"","footer-sml-layout":"","theme-transparent-header-meta":"default","adv-header-id-meta":"","stick-header-meta":"default","header-above-stick-meta":"","header-main-stick-meta":"","header-below-stick-meta":"","astra-migrate-meta-layouts":"default","ast-page-background-enabled":"default","ast-page-background-meta":{"desktop":{"background-color":"","background-image":"","background-repeat":"repeat","background-position":"center center","background-size":"auto","background-attachment":"scroll","background-type":"","background-media":"","overlay-type":"","overlay-color":"","overlay-opacity":"","overlay-gradient":""},"tablet":{"background-color":"","background-image":"","background-repeat":"repeat","background-position":"center center","background-size":"auto","background-attachment":"scroll","background-type":"","background-media":"","overlay-type":"","overlay-color":"","overlay-opacity":"","overlay-gradient":""},"mobile":{"background-color":"","background-image":"","background-repeat":"repeat","background-position":"center center","background-size":"auto","background-attachment":"scroll","background-type":"","background-media":"","overlay-type":"","overlay-color":"","overlay-opacity":"","overlay-gradient":""}},"ast-content-background-meta":{"desktop":{"background-color":"var(--ast-global-color-5)","background-image":"","background-repeat":"repeat","background-position":"center center","background-size":"auto","background-attachment":"scroll","background-type":"","background-media":"","overlay-type":"","overlay-color":"","overlay-opacity":"","overlay-gradient":""},"tablet":{"background-color":"var(--ast-global-color-5)","background-image":"","background-repeat":"repeat","background-position":"center center","background-size":"auto","background-attachment":"scroll","background-type":"","background-media":"","overlay-type":"","overlay-color":"","overlay-opacity":"","overlay-gradient":""},"mobile":{"background-color":"var(--ast-global-color-5)","background-image":"","background-repeat":"repeat","background-position":"center center","background-size":"auto","background-attachment":"scroll","background-type":"","background-media":"","overlay-type":"","overlay-color":"","overlay-opacity":"","overlay-gradient":""}}},"product_brand":[],"product_cat":[1126,1206,432,416,1184,403,433,1697,414],"product_tag":[],"class_list":{"0":"post-1870","1":"product","2":"type-product","3":"status-publish","4":"has-post-thumbnail","6":"product_cat-fabric-for-awning","7":"product_cat-fabric-for-bag","8":"product_cat-fabric-for-tent","9":"product_cat-fire-retardant-fabrics","10":"product_cat-oxford-fabric","11":"product_cat-polyester-fabrics","12":"product_cat-textile-for-industrial","13":"product_cat-uv-protection-fabric","14":"product_cat-waterproof-fabrics","15":"pa_available_colors-911052-spc","16":"desktop-align-left","17":"tablet-align-left","18":"mobile-align-left","19":"ast-product-gallery-layout-vertical-slider","20":"ast-product-tabs-layout-horizontal","22":"first","23":"instock","24":"shipping-taxable","25":"product-type-simple"},"uagb_featured_image_src":{"full":["https:\/\/www.sikortex.com\/wp-content\/uploads\/2023\/06\/20366508248_575523705-1.jpg",1024,1024,false],"thumbnail":["https:\/\/www.sikortex.com\/wp-content\/uploads\/2023\/06\/20366508248_575523705-1-150x150.jpg",150,150,true],"medium":["https:\/\/www.sikortex.com\/wp-content\/uploads\/2023\/06\/20366508248_575523705-1-300x300.jpg",300,300,true],"medium_large":["https:\/\/www.sikortex.com\/wp-content\/uploads\/2023\/06\/20366508248_575523705-1-768x768.jpg",768,768,true],"large":["https:\/\/www.sikortex.com\/wp-content\/uploads\/2023\/06\/20366508248_575523705-1.jpg",1024,1024,false],"1536x1536":["https:\/\/www.sikortex.com\/wp-content\/uploads\/2023\/06\/20366508248_575523705-1.jpg",1024,1024,false],"2048x2048":["https:\/\/www.sikortex.com\/wp-content\/uploads\/2023\/06\/20366508248_575523705-1.jpg",1024,1024,false],"trp-custom-language-flag":["https:\/\/www.sikortex.com\/wp-content\/uploads\/2023\/06\/20366508248_575523705-1.jpg",12,12,false],"woocommerce_thumbnail":["https:\/\/www.sikortex.com\/wp-content\/uploads\/2023\/06\/20366508248_575523705-1-300x300.jpg",300,300,true],"woocommerce_single":["https:\/\/www.sikortex.com\/wp-content\/uploads\/2023\/06\/20366508248_575523705-1-600x600.jpg",600,600,true],"woocommerce_gallery_thumbnail":["https:\/\/www.sikortex.com\/wp-content\/uploads\/2023\/06\/20366508248_575523705-1-100x100.jpg",100,100,true]},"uagb_author_info":{"display_name":"Perry","author_link":"https:\/\/www.sikortex.com\/pl\/author\/"},"uagb_comment_info":0,"uagb_excerpt":"600 Meters(Min.Order)","_links":{"self":[{"href":"https:\/\/www.sikortex.com\/pl\/wp-json\/wp\/v2\/product\/1870","targetHints":{"allow":["GET"]}}],"collection":[{"href":"https:\/\/www.sikortex.com\/pl\/wp-json\/wp\/v2\/product"}],"about":[{"href":"https:\/\/www.sikortex.com\/pl\/wp-json\/wp\/v2\/types\/product"}],"replies":[{"embeddable":true,"href":"https:\/\/www.sikortex.com\/pl\/wp-json\/wp\/v2\/comments?post=1870"}],"wp:featuredmedia":[{"embeddable":true,"href":"https:\/\/www.sikortex.com\/pl\/wp-json\/wp\/v2\/media\/3693"}],"wp:attachment":[{"href":"https:\/\/www.sikortex.com\/pl\/wp-json\/wp\/v2\/media?parent=1870"}],"wp:term":[{"taxonomy":"product_brand","embeddable":true,"href":"https:\/\/www.sikortex.com\/pl\/wp-json\/wp\/v2\/product_brand?post=1870"},{"taxonomy":"product_cat","embeddable":true,"href":"https:\/\/www.sikortex.com\/pl\/wp-json\/wp\/v2\/product_cat?post=1870"},{"taxonomy":"product_tag","embeddable":true,"href":"https:\/\/www.sikortex.com\/pl\/wp-json\/wp\/v2\/product_tag?post=1870"}],"curies":[{"name":"wp","href":"https:\/\/api.w.org\/{rel}","templated":true}]}}