{"id":1858,"date":"2023-06-01T15:06:58","date_gmt":"2023-06-01T07:06:58","guid":{"rendered":"http:\/\/203.196.10.64:3021\/?post_type=product&#038;p=1858"},"modified":"2025-02-17T17:46:19","modified_gmt":"2025-02-17T09:46:19","slug":"sk8236","status":"publish","type":"product","link":"https:\/\/www.sikortex.com\/pl\/produkt\/sk8236\/","title":{"rendered":"Tkanina Oxford z poliestru 600d, trudnopalna"},"content":{"rendered":"<p>Tkanina Oxford z poliestru 600D, trudnopalna, wszechstronna tkanina odpowiednia do szerokiego zakresu zastosowa\u0144. Wykonana z wysokiej jako\u015bci materia\u0142u poliestrowego, tkanina ta oferuje doskona\u0142\u0105 trwa\u0142o\u015b\u0107 i w\u0142a\u015bciwo\u015bci ognioodporne, zapewniaj\u0105c bezpiecze\u0144stwo i d\u0142ugowieczno\u015b\u0107.<\/p>\n<p>Tkanina o g\u0119sto\u015bci 600D sprawia, \u017ce jest ona mocna i odporna na rozdarcia, dzi\u0119ki czemu idealnie nadaje si\u0119 do r\u00f3\u017cnych zastosowa\u0144, takich jak namioty, baga\u017ce, zas\u0142ony, zastosowania przemys\u0142owe, projekty budowlane, przedmioty zwi\u0105zane z ruchem drogowym i os\u0142ony przeciws\u0142oneczne do autobus\u00f3w. Jego funkcja zmniejszaj\u0105ca palno\u015b\u0107 zapewnia dodatkow\u0105 warstw\u0119 bezpiecze\u0144stwa i ochrony.<\/p>\n<p>Dzi\u0119ki swojej wszechstronno\u015bci i niezawodno\u015bci, nasza trudnopalna tkanina Oxford z poliestru 300D, 600D, 900D jest doskona\u0142ym wyborem zar\u00f3wno do projekt\u00f3w komercyjnych, jak i osobistych. Mo\u017cesz liczy\u0107 na jego wytrzyma\u0142o\u015b\u0107 i trwa\u0142o\u015b\u0107, aby spe\u0142ni\u0107 Twoje specyficzne potrzeby, niezale\u017cnie od tego, czy szukasz tkaniny do zastosowa\u0144 na zewn\u0105trz, czy do cel\u00f3w przemys\u0142owych.<\/p>","protected":false},"excerpt":{"rendered":"<p>600 metr\u00f3w (min. zam\u00f3wienie)<\/p>","protected":false},"featured_media":3691,"comment_status":"closed","ping_status":"closed","template":"","meta":{"_uag_custom_page_level_css":"","site-sidebar-layout":"default","site-content-layout":"default","ast-site-content-layout":"","site-content-style":"default","site-sidebar-style":"default","ast-global-header-display":"","ast-banner-title-visibility":"","ast-main-header-display":"","ast-hfb-above-header-display":"","ast-hfb-below-header-display":"","ast-hfb-mobile-header-display":"","site-post-title":"","ast-breadcrumbs-content":"","ast-featured-img":"","footer-sml-layout":"","theme-transparent-header-meta":"default","adv-header-id-meta":"","stick-header-meta":"default","header-above-stick-meta":"","header-main-stick-meta":"","header-below-stick-meta":"","astra-migrate-meta-layouts":"default","ast-page-background-enabled":"default","ast-page-background-meta":{"desktop":{"background-color":"","background-image":"","background-repeat":"repeat","background-position":"center center","background-size":"auto","background-attachment":"scroll","background-type":"","background-media":"","overlay-type":"","overlay-color":"","overlay-opacity":"","overlay-gradient":""},"tablet":{"background-color":"","background-image":"","background-repeat":"repeat","background-position":"center center","background-size":"auto","background-attachment":"scroll","background-type":"","background-media":"","overlay-type":"","overlay-color":"","overlay-opacity":"","overlay-gradient":""},"mobile":{"background-color":"","background-image":"","background-repeat":"repeat","background-position":"center center","background-size":"auto","background-attachment":"scroll","background-type":"","background-media":"","overlay-type":"","overlay-color":"","overlay-opacity":"","overlay-gradient":""}},"ast-content-background-meta":{"desktop":{"background-color":"var(--ast-global-color-5)","background-image":"","background-repeat":"repeat","background-position":"center center","background-size":"auto","background-attachment":"scroll","background-type":"","background-media":"","overlay-type":"","overlay-color":"","overlay-opacity":"","overlay-gradient":""},"tablet":{"background-color":"var(--ast-global-color-5)","background-image":"","background-repeat":"repeat","background-position":"center center","background-size":"auto","background-attachment":"scroll","background-type":"","background-media":"","overlay-type":"","overlay-color":"","overlay-opacity":"","overlay-gradient":""},"mobile":{"background-color":"var(--ast-global-color-5)","background-image":"","background-repeat":"repeat","background-position":"center center","background-size":"auto","background-attachment":"scroll","background-type":"","background-media":"","overlay-type":"","overlay-color":"","overlay-opacity":"","overlay-gradient":""}}},"product_brand":[],"product_cat":[1206,432,416,1184,403,433,414],"product_tag":[],"class_list":{"0":"post-1858","1":"product","2":"type-product","3":"status-publish","4":"has-post-thumbnail","6":"product_cat-fabric-for-bag","7":"product_cat-fabric-for-tent","8":"product_cat-fire-retardant-fabrics","9":"product_cat-oxford-fabric","10":"product_cat-polyester-fabrics","11":"product_cat-textile-for-industrial","12":"product_cat-waterproof-fabrics","13":"pa_available_colors-8236-1","14":"pa_available_colors-8236-10","15":"pa_available_colors-8236-11","16":"pa_available_colors-8236-12","17":"pa_available_colors-8236-13","18":"pa_available_colors-8236-15","19":"pa_available_colors-8236-16","20":"pa_available_colors-8236-17","21":"pa_available_colors-8236-18","22":"pa_available_colors-8236-19","23":"pa_available_colors-8236-2","24":"pa_available_colors-8236-20","25":"pa_available_colors-8236-3","26":"pa_available_colors-8236-4","27":"pa_available_colors-8236-5","28":"pa_available_colors-8236-6","29":"pa_available_colors-8236-7","30":"pa_available_colors-8236-8","31":"pa_available_colors-8236-9","32":"desktop-align-left","33":"tablet-align-left","34":"mobile-align-left","35":"ast-product-gallery-layout-vertical-slider","36":"ast-product-tabs-layout-horizontal","38":"first","39":"instock","40":"shipping-taxable","41":"product-type-simple"},"uagb_featured_image_src":{"full":["https:\/\/www.sikortex.com\/wp-content\/uploads\/2023\/06\/11402928930_417530336-1.jpg",1024,1024,false],"thumbnail":["https:\/\/www.sikortex.com\/wp-content\/uploads\/2023\/06\/11402928930_417530336-1-150x150.jpg",150,150,true],"medium":["https:\/\/www.sikortex.com\/wp-content\/uploads\/2023\/06\/11402928930_417530336-1-300x300.jpg",300,300,true],"medium_large":["https:\/\/www.sikortex.com\/wp-content\/uploads\/2023\/06\/11402928930_417530336-1-768x768.jpg",768,768,true],"large":["https:\/\/www.sikortex.com\/wp-content\/uploads\/2023\/06\/11402928930_417530336-1.jpg",1024,1024,false],"1536x1536":["https:\/\/www.sikortex.com\/wp-content\/uploads\/2023\/06\/11402928930_417530336-1.jpg",1024,1024,false],"2048x2048":["https:\/\/www.sikortex.com\/wp-content\/uploads\/2023\/06\/11402928930_417530336-1.jpg",1024,1024,false],"trp-custom-language-flag":["https:\/\/www.sikortex.com\/wp-content\/uploads\/2023\/06\/11402928930_417530336-1.jpg",12,12,false],"woocommerce_thumbnail":["https:\/\/www.sikortex.com\/wp-content\/uploads\/2023\/06\/11402928930_417530336-1-300x300.jpg",300,300,true],"woocommerce_single":["https:\/\/www.sikortex.com\/wp-content\/uploads\/2023\/06\/11402928930_417530336-1-600x600.jpg",600,600,true],"woocommerce_gallery_thumbnail":["https:\/\/www.sikortex.com\/wp-content\/uploads\/2023\/06\/11402928930_417530336-1-100x100.jpg",100,100,true]},"uagb_author_info":{"display_name":"Perry","author_link":"https:\/\/www.sikortex.com\/pl\/author\/"},"uagb_comment_info":0,"uagb_excerpt":"600 Meters(Min.Order)","_links":{"self":[{"href":"https:\/\/www.sikortex.com\/pl\/wp-json\/wp\/v2\/product\/1858","targetHints":{"allow":["GET"]}}],"collection":[{"href":"https:\/\/www.sikortex.com\/pl\/wp-json\/wp\/v2\/product"}],"about":[{"href":"https:\/\/www.sikortex.com\/pl\/wp-json\/wp\/v2\/types\/product"}],"replies":[{"embeddable":true,"href":"https:\/\/www.sikortex.com\/pl\/wp-json\/wp\/v2\/comments?post=1858"}],"wp:featuredmedia":[{"embeddable":true,"href":"https:\/\/www.sikortex.com\/pl\/wp-json\/wp\/v2\/media\/3691"}],"wp:attachment":[{"href":"https:\/\/www.sikortex.com\/pl\/wp-json\/wp\/v2\/media?parent=1858"}],"wp:term":[{"taxonomy":"product_brand","embeddable":true,"href":"https:\/\/www.sikortex.com\/pl\/wp-json\/wp\/v2\/product_brand?post=1858"},{"taxonomy":"product_cat","embeddable":true,"href":"https:\/\/www.sikortex.com\/pl\/wp-json\/wp\/v2\/product_cat?post=1858"},{"taxonomy":"product_tag","embeddable":true,"href":"https:\/\/www.sikortex.com\/pl\/wp-json\/wp\/v2\/product_tag?post=1858"}],"curies":[{"name":"wp","href":"https:\/\/api.w.org\/{rel}","templated":true}]}}