{"id":1791,"date":"2023-06-01T14:16:15","date_gmt":"2023-06-01T06:16:15","guid":{"rendered":"http:\/\/203.196.10.64:3021\/?post_type=product&#038;p=1791"},"modified":"2023-11-05T16:01:11","modified_gmt":"2023-11-05T08:01:11","slug":"sk8232-2","status":"publish","type":"product","link":"https:\/\/www.sikortex.com\/pl\/produkt\/sk8232-2\/","title":{"rendered":"0,25 CM poliestrowa trudnopalna tkanina antystatyczna w krat\u0119"},"content":{"rendered":"<p>Producent tkanin u\u017cytkowych SIKOR-TEX<\/p>\n<p>Tkanina antystatyczna w krat\u0119 poliestrow\u0105 trudnopaln\u0105, niezawodne i ekonomiczne rozwi\u0105zanie dla r\u00f3\u017cnych ga\u0142\u0119zi przemys\u0142u. Tkanina ta sk\u0142ada si\u0119 z poliestru 98% i w\u0142\u00f3kna w\u0119glowego 2%, co zapewnia doskona\u0142e w\u0142a\u015bciwo\u015bci antystatyczne i ognioodporne. Masz mo\u017cliwo\u015b\u0107 wyboru pomi\u0119dzy czarnymi lub szarymi w\u0142\u00f3knami przewodz\u0105cymi, w zale\u017cno\u015bci od preferencji.<\/p>\n<p>Nasza tkanina antystatyczna zapewnia nie tylko wysok\u0105 jako\u015b\u0107 wykonania, ale tak\u017ce wszechstronno\u015b\u0107 w procesach wyko\u0144czeniowych, takich jak zabiegi i pow\u0142oki hydrofobowe. Zwi\u0119ksza to jego funkcjonalno\u015b\u0107 i trwa\u0142o\u015b\u0107. Szczeg\u00f3lnie nadaje si\u0119 do tworzenia odzie\u017cy roboczej lub ochronnej dla pracownik\u00f3w fabryk elektroniki, operator\u00f3w instrument\u00f3w precyzyjnych, personelu w bezpy\u0142owych pomieszczeniach czystych, a nawet personelu na salach operacyjnych.<\/p>\n<p>Poznaj idealne po\u0142\u0105czenie jako\u015bci, przyst\u0119pno\u015bci cenowej i funkcjonalno\u015bci dzi\u0119ki naszej poliestrowej tkaninie antystatycznej. Postaw na pierwszym miejscu bezpiecze\u0144stwo i wygod\u0119 swoich pracownik\u00f3w, wybieraj\u0105c t\u0119 tkanin\u0119 do swojego nast\u0119pnego projektu.<\/p>","protected":false},"excerpt":{"rendered":"<p>1000 metr\u00f3w (min. zam\u00f3wienie)<\/p>","protected":false},"featured_media":3685,"comment_status":"closed","ping_status":"closed","template":"","meta":{"_uag_custom_page_level_css":"","site-sidebar-layout":"default","site-content-layout":"default","ast-site-content-layout":"","site-content-style":"default","site-sidebar-style":"default","ast-global-header-display":"","ast-banner-title-visibility":"","ast-main-header-display":"","ast-hfb-above-header-display":"","ast-hfb-below-header-display":"","ast-hfb-mobile-header-display":"","site-post-title":"","ast-breadcrumbs-content":"","ast-featured-img":"","footer-sml-layout":"","theme-transparent-header-meta":"default","adv-header-id-meta":"","stick-header-meta":"default","header-above-stick-meta":"","header-main-stick-meta":"","header-below-stick-meta":"","astra-migrate-meta-layouts":"default","ast-page-background-enabled":"default","ast-page-background-meta":{"desktop":{"background-color":"","background-image":"","background-repeat":"repeat","background-position":"center center","background-size":"auto","background-attachment":"scroll","background-type":"","background-media":"","overlay-type":"","overlay-color":"","overlay-opacity":"","overlay-gradient":""},"tablet":{"background-color":"","background-image":"","background-repeat":"repeat","background-position":"center center","background-size":"auto","background-attachment":"scroll","background-type":"","background-media":"","overlay-type":"","overlay-color":"","overlay-opacity":"","overlay-gradient":""},"mobile":{"background-color":"","background-image":"","background-repeat":"repeat","background-position":"center center","background-size":"auto","background-attachment":"scroll","background-type":"","background-media":"","overlay-type":"","overlay-color":"","overlay-opacity":"","overlay-gradient":""}},"ast-content-background-meta":{"desktop":{"background-color":"var(--ast-global-color-5)","background-image":"","background-repeat":"repeat","background-position":"center center","background-size":"auto","background-attachment":"scroll","background-type":"","background-media":"","overlay-type":"","overlay-color":"","overlay-opacity":"","overlay-gradient":""},"tablet":{"background-color":"var(--ast-global-color-5)","background-image":"","background-repeat":"repeat","background-position":"center center","background-size":"auto","background-attachment":"scroll","background-type":"","background-media":"","overlay-type":"","overlay-color":"","overlay-opacity":"","overlay-gradient":""},"mobile":{"background-color":"var(--ast-global-color-5)","background-image":"","background-repeat":"repeat","background-position":"center center","background-size":"auto","background-attachment":"scroll","background-type":"","background-media":"","overlay-type":"","overlay-color":"","overlay-opacity":"","overlay-gradient":""}}},"product_brand":[],"product_cat":[413,426,427],"product_tag":[],"class_list":{"0":"post-1791","1":"product","2":"type-product","3":"status-publish","4":"has-post-thumbnail","6":"product_cat-antistatic-fabrics","7":"product_cat-constructionmining","8":"product_cat-petroleum-and-petrochemical","9":"pa_available_colors-8236-1","10":"pa_available_colors-8236-2","11":"pa_available_colors-8236-6","12":"pa_available_colors-484002-lgt","13":"pa_available_colors-fluorescent-orange","14":"pa_available_colors-fluorescent-red","15":"pa_available_colors-fluorescent-yellow","16":"pa_available_colors-000014-wht","17":"desktop-align-left","18":"tablet-align-left","19":"mobile-align-left","20":"ast-product-gallery-layout-vertical-slider","21":"ast-product-tabs-layout-horizontal","23":"first","24":"instock","25":"shipping-taxable","26":"product-type-simple"},"uagb_featured_image_src":{"full":["https:\/\/www.sikortex.com\/wp-content\/uploads\/2023\/06\/O1CN01cCR4Cr2054inBXvMe_2210428336797-0-cib-1.jpg",1024,1024,false],"thumbnail":["https:\/\/www.sikortex.com\/wp-content\/uploads\/2023\/06\/O1CN01cCR4Cr2054inBXvMe_2210428336797-0-cib-1-150x150.jpg",150,150,true],"medium":["https:\/\/www.sikortex.com\/wp-content\/uploads\/2023\/06\/O1CN01cCR4Cr2054inBXvMe_2210428336797-0-cib-1-300x300.jpg",300,300,true],"medium_large":["https:\/\/www.sikortex.com\/wp-content\/uploads\/2023\/06\/O1CN01cCR4Cr2054inBXvMe_2210428336797-0-cib-1-768x768.jpg",768,768,true],"large":["https:\/\/www.sikortex.com\/wp-content\/uploads\/2023\/06\/O1CN01cCR4Cr2054inBXvMe_2210428336797-0-cib-1.jpg",1024,1024,false],"1536x1536":["https:\/\/www.sikortex.com\/wp-content\/uploads\/2023\/06\/O1CN01cCR4Cr2054inBXvMe_2210428336797-0-cib-1.jpg",1024,1024,false],"2048x2048":["https:\/\/www.sikortex.com\/wp-content\/uploads\/2023\/06\/O1CN01cCR4Cr2054inBXvMe_2210428336797-0-cib-1.jpg",1024,1024,false],"trp-custom-language-flag":["https:\/\/www.sikortex.com\/wp-content\/uploads\/2023\/06\/O1CN01cCR4Cr2054inBXvMe_2210428336797-0-cib-1.jpg",12,12,false],"woocommerce_thumbnail":["https:\/\/www.sikortex.com\/wp-content\/uploads\/2023\/06\/O1CN01cCR4Cr2054inBXvMe_2210428336797-0-cib-1-300x300.jpg",300,300,true],"woocommerce_single":["https:\/\/www.sikortex.com\/wp-content\/uploads\/2023\/06\/O1CN01cCR4Cr2054inBXvMe_2210428336797-0-cib-1-600x600.jpg",600,600,true],"woocommerce_gallery_thumbnail":["https:\/\/www.sikortex.com\/wp-content\/uploads\/2023\/06\/O1CN01cCR4Cr2054inBXvMe_2210428336797-0-cib-1-100x100.jpg",100,100,true]},"uagb_author_info":{"display_name":"Perry","author_link":"https:\/\/www.sikortex.com\/pl\/author\/"},"uagb_comment_info":0,"uagb_excerpt":"1000 Meters(Min.Order)","_links":{"self":[{"href":"https:\/\/www.sikortex.com\/pl\/wp-json\/wp\/v2\/product\/1791","targetHints":{"allow":["GET"]}}],"collection":[{"href":"https:\/\/www.sikortex.com\/pl\/wp-json\/wp\/v2\/product"}],"about":[{"href":"https:\/\/www.sikortex.com\/pl\/wp-json\/wp\/v2\/types\/product"}],"replies":[{"embeddable":true,"href":"https:\/\/www.sikortex.com\/pl\/wp-json\/wp\/v2\/comments?post=1791"}],"wp:featuredmedia":[{"embeddable":true,"href":"https:\/\/www.sikortex.com\/pl\/wp-json\/wp\/v2\/media\/3685"}],"wp:attachment":[{"href":"https:\/\/www.sikortex.com\/pl\/wp-json\/wp\/v2\/media?parent=1791"}],"wp:term":[{"taxonomy":"product_brand","embeddable":true,"href":"https:\/\/www.sikortex.com\/pl\/wp-json\/wp\/v2\/product_brand?post=1791"},{"taxonomy":"product_cat","embeddable":true,"href":"https:\/\/www.sikortex.com\/pl\/wp-json\/wp\/v2\/product_cat?post=1791"},{"taxonomy":"product_tag","embeddable":true,"href":"https:\/\/www.sikortex.com\/pl\/wp-json\/wp\/v2\/product_tag?post=1791"}],"curies":[{"name":"wp","href":"https:\/\/api.w.org\/{rel}","templated":true}]}}