{"id":8599,"date":"2025-04-23T12:50:01","date_gmt":"2025-04-23T04:50:01","guid":{"rendered":"https:\/\/www.sikortex.com\/?post_type=product&#038;p=8599"},"modified":"2025-04-24T17:48:13","modified_gmt":"2025-04-24T09:48:13","slug":"tessuto-elastico-ripstop-t400-per-capispalla","status":"publish","type":"product","link":"https:\/\/www.sikortex.com\/it\/prodotto\/tessuto-elastico-ripstop-t400-per-capispalla\/","title":{"rendered":"Tessuto elastico Ripstop T400 ultrasottile laminato in PU per abbigliamento esterno"},"content":{"rendered":"<p style=\"text-align: left;\">\n<style>\n        .spec-table {<br \/>            width: 100%;<br \/>            border-collapse: collapse;<br \/>            margin: 15px 0;<br \/>            font-family: Arial, sans-serif;<br \/>        }<br \/>        .spec-table th, .spec-table td {<br \/>            border: 1px solid #ddd;<br \/>            padding: 8px 12px;<br \/>            text-align: left;<br \/>        }<br \/>        .spec-table th {<br \/>            background-color: #f2f2f2;<br \/>            font-weight: bold;<br \/>        }<br \/>        .spec-table tr:nth-child(even) {<br \/>            background-color: #f9f9f9;<br \/>        }<br \/>    <\/style>\n<\/p>\n<h3 style=\"text-align: left;\">Tessuto tecnico premium per prestazioni all&#039;aperto<\/h3>\n<p style=\"text-align: left;\">Il tessuto elastico SIKOR-TEX Ripstop T400 combina la tecnologia tessile all&#039;avanguardia con la laminazione in PU per creare il tessuto definitivo per l&#039;abbigliamento esterno. Questo materiale avanzato offre una protezione eccezionale mantenendo un comfort ultraleggero.<\/p>\n<h3 style=\"text-align: left;\">Caratteristiche principali del tessuto elastico T400<\/h3>\n<ol>\n<li style=\"text-align: left;\"><strong>Ultra sottile:<\/strong> La costruzione leggera riduce l&#039;ingombro<\/li>\n<li style=\"text-align: left;\"><strong>Ripstop rinforzato:<\/strong> Prestazioni antistrappo superiori<\/li>\n<li style=\"text-align: left;\"><strong>Antivento:<\/strong> Barriera efficace contro gli elementi aggressivi<\/li>\n<li style=\"text-align: left;\"><strong>Impermeabile e traspirante:<\/strong> 10.000 mm di pressione idrostatica<\/li>\n<li style=\"text-align: left;\"><strong>Estensibile:<\/strong> Trama elasticizzata per una maggiore mobilit\u00e0<\/li>\n<\/ol>\n<h4 style=\"text-align: left;\">Specifiche tecniche<\/h4>\n<table class=\"spec-table alignleft\">\n<thead>\n<tr>\n<th style=\"text-align: center;\">Parametro<\/th>\n<th style=\"text-align: center;\">Prestazioni<\/th>\n<th style=\"text-align: center;\">Standard di prova<\/th>\n<\/tr>\n<\/thead>\n<tbody>\n<tr>\n<td>Pressione idrostatica<\/td>\n<td>10.000 mm di H\u2082O<\/td>\n<td>JIS L 1092<\/td>\n<\/tr>\n<tr>\n<td style=\"text-align: center;\">Traspirabilit\u00e0 (MVTR)<\/td>\n<td style=\"text-align: center;\">10.000 g\/m\u00b2\/24 ore<\/td>\n<td style=\"text-align: center;\">JIS L 1099<\/td>\n<\/tr>\n<\/tbody>\n<\/table>\n<h3 style=\"text-align: left;\">Applicazioni consigliate<\/h3>\n<h4 style=\"text-align: left;\">Perfetto per:<\/h4>\n<ul>\n<li style=\"text-align: left;\">Sistemi di abbigliamento outdoor di alta gamma<\/li>\n<li style=\"text-align: left;\">Abbigliamento per pendolari urbani<\/li>\n<li style=\"text-align: left;\">Giacche e gusci ad alte prestazioni<\/li>\n<li style=\"text-align: left;\">Pantaloni da esterno resistenti<\/li>\n<li style=\"text-align: left;\">Abbigliamento sportivo tecnico<\/li>\n<\/ul>\n<h4 style=\"text-align: left;\">Perch\u00e9 scegliere il nostro tessuto Ripstop T400?<\/h4>\n<p style=\"text-align: left;\">Questo <strong>Tessuto elastico T400<\/strong> Si distingue per la sua combinazione unica di resistenza ripstop ed elasticit\u00e0 bidirezionale. La laminazione in PU garantisce una protezione impermeabile completa mantenendo al contempo un&#039;eccezionale traspirabilit\u00e0, rendendolo ideale per le attivit\u00e0 all&#039;aperto pi\u00f9 impegnative e per l&#039;uso quotidiano in citt\u00e0.<\/p>\n<p style=\"text-align: left;\">","protected":false},"excerpt":{"rendered":"<p>1200 metri (ordine minimo)<\/p>","protected":false},"featured_media":8600,"comment_status":"closed","ping_status":"closed","template":"","meta":{"_uag_custom_page_level_css":"","site-sidebar-layout":"default","site-content-layout":"default","ast-site-content-layout":"default","site-content-style":"default","site-sidebar-style":"default","ast-global-header-display":"","ast-banner-title-visibility":"","ast-main-header-display":"","ast-hfb-above-header-display":"","ast-hfb-below-header-display":"","ast-hfb-mobile-header-display":"","site-post-title":"","ast-breadcrumbs-content":"","ast-featured-img":"","footer-sml-layout":"","theme-transparent-header-meta":"default","adv-header-id-meta":"","stick-header-meta":"default","header-above-stick-meta":"","header-main-stick-meta":"","header-below-stick-meta":"","astra-migrate-meta-layouts":"set","ast-page-background-enabled":"default","ast-page-background-meta":{"desktop":{"background-color":"","background-image":"","background-repeat":"repeat","background-position":"center center","background-size":"auto","background-attachment":"scroll","background-type":"","background-media":"","overlay-type":"","overlay-color":"","overlay-opacity":"","overlay-gradient":""},"tablet":{"background-color":"","background-image":"","background-repeat":"repeat","background-position":"center center","background-size":"auto","background-attachment":"scroll","background-type":"","background-media":"","overlay-type":"","overlay-color":"","overlay-opacity":"","overlay-gradient":""},"mobile":{"background-color":"","background-image":"","background-repeat":"repeat","background-position":"center center","background-size":"auto","background-attachment":"scroll","background-type":"","background-media":"","overlay-type":"","overlay-color":"","overlay-opacity":"","overlay-gradient":""}},"ast-content-background-meta":{"desktop":{"background-color":"var(--ast-global-color-5)","background-image":"","background-repeat":"repeat","background-position":"center center","background-size":"auto","background-attachment":"scroll","background-type":"","background-media":"","overlay-type":"","overlay-color":"","overlay-opacity":"","overlay-gradient":""},"tablet":{"background-color":"var(--ast-global-color-5)","background-image":"","background-repeat":"repeat","background-position":"center center","background-size":"auto","background-attachment":"scroll","background-type":"","background-media":"","overlay-type":"","overlay-color":"","overlay-opacity":"","overlay-gradient":""},"mobile":{"background-color":"var(--ast-global-color-5)","background-image":"","background-repeat":"repeat","background-position":"center center","background-size":"auto","background-attachment":"scroll","background-type":"","background-media":"","overlay-type":"","overlay-color":"","overlay-opacity":"","overlay-gradient":""}}},"product_brand":[],"product_cat":[1145,403,414],"product_tag":[],"class_list":{"0":"post-8599","1":"product","2":"type-product","3":"status-publish","4":"has-post-thumbnail","6":"product_cat-lightweight-fabric","7":"product_cat-polyester-fabrics","8":"product_cat-waterproof-fabrics","9":"pa_available_colors-911052-spc","10":"desktop-align-left","11":"tablet-align-left","12":"mobile-align-left","13":"ast-product-gallery-layout-vertical-slider","14":"ast-product-tabs-layout-horizontal","16":"first","17":"instock","18":"shipping-taxable","19":"product-type-simple"},"uagb_featured_image_src":{"full":["https:\/\/www.sikortex.com\/wp-content\/uploads\/2025\/04\/1-6.jpg",800,800,false],"thumbnail":["https:\/\/www.sikortex.com\/wp-content\/uploads\/2025\/04\/1-6-150x150.jpg",150,150,true],"medium":["https:\/\/www.sikortex.com\/wp-content\/uploads\/2025\/04\/1-6-300x300.jpg",300,300,true],"medium_large":["https:\/\/www.sikortex.com\/wp-content\/uploads\/2025\/04\/1-6-768x768.jpg",768,768,true],"large":["https:\/\/www.sikortex.com\/wp-content\/uploads\/2025\/04\/1-6.jpg",800,800,false],"1536x1536":["https:\/\/www.sikortex.com\/wp-content\/uploads\/2025\/04\/1-6.jpg",800,800,false],"2048x2048":["https:\/\/www.sikortex.com\/wp-content\/uploads\/2025\/04\/1-6.jpg",800,800,false],"trp-custom-language-flag":["https:\/\/www.sikortex.com\/wp-content\/uploads\/2025\/04\/1-6-12x12.jpg",12,12,true],"woocommerce_thumbnail":["https:\/\/www.sikortex.com\/wp-content\/uploads\/2025\/04\/1-6-300x300.jpg",300,300,true],"woocommerce_single":["https:\/\/www.sikortex.com\/wp-content\/uploads\/2025\/04\/1-6-600x600.jpg",600,600,true],"woocommerce_gallery_thumbnail":["https:\/\/www.sikortex.com\/wp-content\/uploads\/2025\/04\/1-6-100x100.jpg",100,100,true]},"uagb_author_info":{"display_name":"Sandy","author_link":"https:\/\/www.sikortex.com\/it\/author\/"},"uagb_comment_info":0,"uagb_excerpt":"1200 Meters(Min.Order)","_links":{"self":[{"href":"https:\/\/www.sikortex.com\/it\/wp-json\/wp\/v2\/product\/8599","targetHints":{"allow":["GET"]}}],"collection":[{"href":"https:\/\/www.sikortex.com\/it\/wp-json\/wp\/v2\/product"}],"about":[{"href":"https:\/\/www.sikortex.com\/it\/wp-json\/wp\/v2\/types\/product"}],"replies":[{"embeddable":true,"href":"https:\/\/www.sikortex.com\/it\/wp-json\/wp\/v2\/comments?post=8599"}],"wp:featuredmedia":[{"embeddable":true,"href":"https:\/\/www.sikortex.com\/it\/wp-json\/wp\/v2\/media\/8600"}],"wp:attachment":[{"href":"https:\/\/www.sikortex.com\/it\/wp-json\/wp\/v2\/media?parent=8599"}],"wp:term":[{"taxonomy":"product_brand","embeddable":true,"href":"https:\/\/www.sikortex.com\/it\/wp-json\/wp\/v2\/product_brand?post=8599"},{"taxonomy":"product_cat","embeddable":true,"href":"https:\/\/www.sikortex.com\/it\/wp-json\/wp\/v2\/product_cat?post=8599"},{"taxonomy":"product_tag","embeddable":true,"href":"https:\/\/www.sikortex.com\/it\/wp-json\/wp\/v2\/product_tag?post=8599"}],"curies":[{"name":"wp","href":"https:\/\/api.w.org\/{rel}","templated":true}]}}