{"id":8000,"date":"2025-03-01T11:02:42","date_gmt":"2025-03-01T03:02:42","guid":{"rendered":"https:\/\/www.sikortex.com\/?post_type=product&#038;p=8000"},"modified":"2025-03-04T13:27:30","modified_gmt":"2025-03-04T05:27:30","slug":"tessuto-rivestito-in-tpu-poliestere-1680d","status":"publish","type":"product","link":"https:\/\/www.sikortex.com\/it\/prodotto\/tessuto-rivestito-in-tpu-poliestere-1680d\/","title":{"rendered":"Tessuto rivestito in TPU poliestere 1680D"},"content":{"rendered":"<p>Il nostro\u00a0<strong>Tessuto rivestito in TPU poliestere 1680D<\/strong>\u00a0\u00e8 un materiale ad alte prestazioni progettato per applicazioni impegnative. Combinando la resistenza del poliestere 1680D con le propriet\u00e0 avanzate del rivestimento in poliuretano termoplastico (TPU), questo tessuto offre una durata eccezionale. <a href=\"https:\/\/www.sikortex.com\/it\/idrorepellente-resistente-impermeabile\/\"><span style=\"color: #3366ff;\">impermeabilizzazione<\/span><\/a>e opzioni di personalizzazione. Che tu ne abbia bisogno per l&#039;attrezzatura da esterno, <a href=\"https:\/\/www.sikortex.com\/it\/abiti-da-lavoro-per-il-trasporto-e\/\"><span style=\"color: #3366ff;\">coperture industriali<\/span><\/a>o borse per carichi pesanti, questo tessuto garantisce prestazioni e affidabilit\u00e0 superiori.<\/p>\n<hr \/>\n<h3><strong>Caratteristiche principali<\/strong><\/h3>\n<ol start=\"1\">\n<li><strong>Durata senza pari<\/strong>:<br \/>\nLa base in poliestere 1680D garantisce eccezionale robustezza e resistenza all&#039;abrasione, rendendolo ideale per un uso intensivo.<\/li>\n<li><strong><a href=\"https:\/\/www.sikortex.com\/it\/idrorepellente-resistente-impermeabile\/\"><span style=\"color: #3366ff;\">Impermeabile<\/span><\/a> e resistente alle intemperie<\/strong>:<br \/>\nIl rivestimento in TPU garantisce la completa <a href=\"https:\/\/www.sikortex.com\/it\/idrorepellente-resistente-impermeabile\/\"><span style=\"color: #3366ff;\">impermeabilizzazione<\/span><\/a>, proteggendo i tuoi prodotti da pioggia, umidit\u00e0 e condizioni atmosferiche avverse.<\/li>\n<li><strong>Opzioni personalizzabili<\/strong>:<br \/>\nSupportiamo un&#039;ampia gamma di personalizzazione, tra cui\u00a0<strong>rivestimento in TPU trasparente<\/strong>,\u00a0<strong>rivestimento in TPU satinato<\/strong>, E\u00a0<strong>rivestimento in TPU tinto<\/strong>\u00a0in vari colori.<\/li>\n<li><strong>Materiale ecologico<\/strong>:<br \/>\nIl TPU \u00e8 privo di sostanze chimiche nocive come ftalati e cloro, rendendolo pi\u00f9 sicuro e pi\u00f9 <a href=\"https:\/\/www.sikortex.com\/it\/creare-moda-eco-sostenibile-2\/\"><span style=\"color: #3366ff;\">sostenibile<\/span><\/a> opzione.<\/li>\n<li><a href=\"\/it\/tessuto-oxford-tinto-in-soluzione\/\"><span style=\"color: #3366ff;\"><strong>Resistenza ai raggi UV<\/strong><\/span><\/a>:<br \/>\nProgettato per resistere all&#039;esposizione prolungata alla luce solare, questo tessuto \u00e8 perfetto per applicazioni all&#039;aperto.<\/li>\n<\/ol>\n<hr \/>\n<h3><strong>Applicazioni<\/strong><\/h3>\n<p>Il nostro\u00a0<strong>Tessuto rivestito in TPU poliestere 1680D<\/strong>\u00a0\u00e8 versatile e adatto per:<\/p>\n<ul>\n<li><strong>Attrezzatura per esterni<\/strong>: <a href=\"https:\/\/www.sikortex.com\/it\/produttori-di-tessuti-per-tende\/\"><span style=\"color: #3366ff;\">Tende<\/span><\/a>, zaini e teloni.<\/li>\n<li><a href=\"https:\/\/www.sikortex.com\/it\/abiti-da-lavoro-per-il-trasporto-e\/\"><span style=\"color: #3366ff;\"><strong>Coperture industriali<\/strong><\/span><\/a>: Coperture protettive per macchinari e veicoli.<\/li>\n<li><strong>Borse resistenti<\/strong>: Bagagli, borse portautensili e equipaggiamento tattico.<\/li>\n<li><strong>Equipaggiamento marittimo<\/strong>: Coperture per imbarcazioni e rivestimenti nautici.<\/li>\n<\/ul>\n<hr \/>\n<h3><strong>Perch\u00e9 scegliere noi?<\/strong><\/h3>\n<ol start=\"1\">\n<li><strong>Produzione avanzata<\/strong>:<br \/>\nSiamo specializzati nella tecnologia di rivestimento in TPU, garantendo risultati costanti e di alta qualit\u00e0.<\/li>\n<li><strong>Personalizzazione<\/strong>:<br \/>\nDai rivestimenti trasparenti a quelli satinati o tinti, personalizziamo i nostri tessuti per soddisfare le vostre esigenze specifiche.<\/li>\n<li><strong>Ecologico<\/strong>:<br \/>\nI nostri rivestimenti in TPU sono <a href=\"https:\/\/www.sikortex.com\/it\/creare-moda-eco-sostenibile-2\/\"><span style=\"color: #3366ff;\">riciclabile<\/span><\/a> e privo di sostanze chimiche tossiche.<\/li>\n<li><strong>Qualit\u00e0 affidabile<\/strong>:<br \/>\nProdotto secondo i pi\u00f9 elevati standard, il nostro tessuto garantisce prestazioni durature.<\/li>\n<\/ol>\n<hr \/>\n<p>Se cercate un tessuto resistente, impermeabile ed ecologico, il nostro **Tessuto rivestito in TPU in poliestere 1680D** \u00e8 la soluzione ideale. Perfetto per applicazioni esterne, industriali e pesanti, questo tessuto combina resistenza, flessibilit\u00e0 e sostenibilit\u00e0 in un unico materiale di alta qualit\u00e0.<\/p>\n<p>Contattaci oggi stesso per richiedere campioni o effettuare un ordine. Creiamo insieme prodotti di alta qualit\u00e0!<\/p>\n<p>&nbsp;<\/p>","protected":false},"excerpt":{"rendered":"<p>600 metri (ordine minimo)<\/p>","protected":false},"featured_media":8001,"comment_status":"closed","ping_status":"closed","template":"","meta":{"_uag_custom_page_level_css":"","site-sidebar-layout":"default","site-content-layout":"default","ast-site-content-layout":"default","site-content-style":"default","site-sidebar-style":"default","ast-global-header-display":"","ast-banner-title-visibility":"","ast-main-header-display":"","ast-hfb-above-header-display":"","ast-hfb-below-header-display":"","ast-hfb-mobile-header-display":"","site-post-title":"","ast-breadcrumbs-content":"","ast-featured-img":"","footer-sml-layout":"","theme-transparent-header-meta":"default","adv-header-id-meta":"","stick-header-meta":"default","header-above-stick-meta":"","header-main-stick-meta":"","header-below-stick-meta":"","astra-migrate-meta-layouts":"set","ast-page-background-enabled":"default","ast-page-background-meta":{"desktop":{"background-color":"","background-image":"","background-repeat":"repeat","background-position":"center center","background-size":"auto","background-attachment":"scroll","background-type":"","background-media":"","overlay-type":"","overlay-color":"","overlay-opacity":"","overlay-gradient":""},"tablet":{"background-color":"","background-image":"","background-repeat":"repeat","background-position":"center center","background-size":"auto","background-attachment":"scroll","background-type":"","background-media":"","overlay-type":"","overlay-color":"","overlay-opacity":"","overlay-gradient":""},"mobile":{"background-color":"","background-image":"","background-repeat":"repeat","background-position":"center center","background-size":"auto","background-attachment":"scroll","background-type":"","background-media":"","overlay-type":"","overlay-color":"","overlay-opacity":"","overlay-gradient":""}},"ast-content-background-meta":{"desktop":{"background-color":"var(--ast-global-color-5)","background-image":"","background-repeat":"repeat","background-position":"center center","background-size":"auto","background-attachment":"scroll","background-type":"","background-media":"","overlay-type":"","overlay-color":"","overlay-opacity":"","overlay-gradient":""},"tablet":{"background-color":"var(--ast-global-color-5)","background-image":"","background-repeat":"repeat","background-position":"center center","background-size":"auto","background-attachment":"scroll","background-type":"","background-media":"","overlay-type":"","overlay-color":"","overlay-opacity":"","overlay-gradient":""},"mobile":{"background-color":"var(--ast-global-color-5)","background-image":"","background-repeat":"repeat","background-position":"center center","background-size":"auto","background-attachment":"scroll","background-type":"","background-media":"","overlay-type":"","overlay-color":"","overlay-opacity":"","overlay-gradient":""}}},"product_brand":[],"product_cat":[1206,432,1184,403,433,414],"product_tag":[],"class_list":{"0":"post-8000","1":"product","2":"type-product","3":"status-publish","4":"has-post-thumbnail","6":"product_cat-fabric-for-bag","7":"product_cat-fabric-for-tent","8":"product_cat-oxford-fabric","9":"product_cat-polyester-fabrics","10":"product_cat-textile-for-industrial","11":"product_cat-waterproof-fabrics","12":"pa_available_colors-h-black","13":"desktop-align-left","14":"tablet-align-left","15":"mobile-align-left","16":"ast-product-gallery-layout-vertical-slider","17":"ast-product-tabs-layout-horizontal","19":"first","20":"instock","21":"shipping-taxable","22":"product-type-simple"},"uagb_featured_image_src":{"full":["https:\/\/www.sikortex.com\/wp-content\/uploads\/2025\/03\/Polyester-TPU-coated-fabric.jpg",800,800,false],"thumbnail":["https:\/\/www.sikortex.com\/wp-content\/uploads\/2025\/03\/Polyester-TPU-coated-fabric-150x150.jpg",150,150,true],"medium":["https:\/\/www.sikortex.com\/wp-content\/uploads\/2025\/03\/Polyester-TPU-coated-fabric-300x300.jpg",300,300,true],"medium_large":["https:\/\/www.sikortex.com\/wp-content\/uploads\/2025\/03\/Polyester-TPU-coated-fabric-768x768.jpg",768,768,true],"large":["https:\/\/www.sikortex.com\/wp-content\/uploads\/2025\/03\/Polyester-TPU-coated-fabric.jpg",800,800,false],"1536x1536":["https:\/\/www.sikortex.com\/wp-content\/uploads\/2025\/03\/Polyester-TPU-coated-fabric.jpg",800,800,false],"2048x2048":["https:\/\/www.sikortex.com\/wp-content\/uploads\/2025\/03\/Polyester-TPU-coated-fabric.jpg",800,800,false],"trp-custom-language-flag":["https:\/\/www.sikortex.com\/wp-content\/uploads\/2025\/03\/Polyester-TPU-coated-fabric-12x12.jpg",12,12,true],"woocommerce_thumbnail":["https:\/\/www.sikortex.com\/wp-content\/uploads\/2025\/03\/Polyester-TPU-coated-fabric-300x300.jpg",300,300,true],"woocommerce_single":["https:\/\/www.sikortex.com\/wp-content\/uploads\/2025\/03\/Polyester-TPU-coated-fabric-600x600.jpg",600,600,true],"woocommerce_gallery_thumbnail":["https:\/\/www.sikortex.com\/wp-content\/uploads\/2025\/03\/Polyester-TPU-coated-fabric-100x100.jpg",100,100,true]},"uagb_author_info":{"display_name":"Perry","author_link":"https:\/\/www.sikortex.com\/it\/author\/"},"uagb_comment_info":0,"uagb_excerpt":"600 Meters(Min.Order)","_links":{"self":[{"href":"https:\/\/www.sikortex.com\/it\/wp-json\/wp\/v2\/product\/8000","targetHints":{"allow":["GET"]}}],"collection":[{"href":"https:\/\/www.sikortex.com\/it\/wp-json\/wp\/v2\/product"}],"about":[{"href":"https:\/\/www.sikortex.com\/it\/wp-json\/wp\/v2\/types\/product"}],"replies":[{"embeddable":true,"href":"https:\/\/www.sikortex.com\/it\/wp-json\/wp\/v2\/comments?post=8000"}],"wp:featuredmedia":[{"embeddable":true,"href":"https:\/\/www.sikortex.com\/it\/wp-json\/wp\/v2\/media\/8001"}],"wp:attachment":[{"href":"https:\/\/www.sikortex.com\/it\/wp-json\/wp\/v2\/media?parent=8000"}],"wp:term":[{"taxonomy":"product_brand","embeddable":true,"href":"https:\/\/www.sikortex.com\/it\/wp-json\/wp\/v2\/product_brand?post=8000"},{"taxonomy":"product_cat","embeddable":true,"href":"https:\/\/www.sikortex.com\/it\/wp-json\/wp\/v2\/product_cat?post=8000"},{"taxonomy":"product_tag","embeddable":true,"href":"https:\/\/www.sikortex.com\/it\/wp-json\/wp\/v2\/product_tag?post=8000"}],"curies":[{"name":"wp","href":"https:\/\/api.w.org\/{rel}","templated":true}]}}