{"id":7833,"date":"2025-01-13T11:12:52","date_gmt":"2025-01-13T03:12:52","guid":{"rendered":"https:\/\/www.sikortex.com\/?post_type=product&#038;p=7833"},"modified":"2025-08-18T14:03:29","modified_gmt":"2025-08-18T06:03:29","slug":"tessuto-impermeabile-per-esterni-in-poliestere-600d","status":"publish","type":"product","link":"https:\/\/www.sikortex.com\/it\/prodotto\/tessuto-impermeabile-per-esterni-in-poliestere-600d\/","title":{"rendered":"Tessuto impermeabile per mobili in poliestere 600D per esterni"},"content":{"rendered":"<h1 class=\"header-vfC6AV auto-hide-last-sibling-br\">Tessuto impermeabile per esterni in poliestere 600D: una scelta pratica per mobili da esterno<\/h1>\n<p>&nbsp;<\/p>\n<div class=\"auto-hide-last-sibling-br paragraph-JOTKXA paragraph-element br-paragraph-space\">\n<div class=\"auto-hide-last-sibling-br paragraph-JOTKXA paragraph-element br-paragraph-space\">Quando si arredano gli spazi esterni, la scelta del materiale giusto \u00e8 fondamentale, e <a href=\"https:\/\/www.sikortex.com\/it\/tessuti-in-poliestere\/\"><span style=\"color: #3366ff;\">poliestere<\/span><\/a> 600D all&#039;aperto <a href=\"https:\/\/www.sikortex.com\/it\/idrorepellente-resistente-impermeabile\/\"><span style=\"color: #3366ff;\">impermeabile<\/span><\/a> tessuto emerge come l&#039;opzione pi\u00f9 adatta. Questo tessuto \u00e8 un mix di praticit\u00e0 e resilienza, progettato per resistere ai duri elementi esterni.<\/div>\n<p>&nbsp;<\/p>\n<div class=\"auto-hide-last-sibling-br paragraph-JOTKXA paragraph-element br-paragraph-space\"><a href=\"https:\/\/www.sikortex.com\/it\/tessuti-in-poliestere\/\">Poliestere<\/a> 600D all&#039;aperto <a href=\"https:\/\/www.sikortex.com\/it\/idrorepellente-resistente-impermeabile\/\"><span style=\"color: #3366ff;\">impermeabile<\/span><\/a> tessuto offre una notevole durevolezza. Il conteggio dei denari 600D indica lo spessore delle sue fibre, contribuendo alla sua resistenza. Pu\u00f2 sopportare un uso regolare in ambienti esterni, dai graffi delle sedie da giardino che vengono spostate alla costante esposizione a vento e pioggia. <a href=\"https:\/\/www.sikortex.com\/it\/idrorepellente-resistente-impermeabile\/\"><span style=\"color: #3366ff;\">impermeabile<\/span><\/a> Questa caratteristica impedisce all&#039;umidit\u00e0 di penetrare, proteggendo l&#039;interno del mobile e prevenendo problemi come muffa e marciume.<\/div>\n<p>&nbsp;<\/p>\n<div class=\"auto-hide-last-sibling-br paragraph-JOTKXA paragraph-element br-paragraph-space\">Questo tessuto <a href=\"https:\/\/www.sikortex.com\/it\/idrorepellente-resistente-impermeabile\/\"><span style=\"color: #3366ff;\">impermeabile<\/span><\/a> la qualit\u00e0 \u00e8 un elemento di svolta per i mobili da esterno. Che si tratti di un improvviso acquazzone estivo o della rugiada mattutina, i mobili da esterno in poliestere 600D <a href=\"https:\/\/www.sikortex.com\/it\/idrorepellente-resistente-impermeabile\/\"><span style=\"color: #3366ff;\">impermeabile<\/span><\/a> il tessuto respinge efficacemente l&#039;acqua. Questo non solo prolunga la durata dei mobili, ma li mantiene anche freschi e utilizzabili. \u00c8 una scelta affidabile per qualsiasi mobile da esterno, che si tratti di una comoda panca da giardino o di un ampio set da pranzo per patio.<\/div>\n<p>&nbsp;<\/p>\n<div class=\"auto-hide-last-sibling-br paragraph-JOTKXA paragraph-element br-paragraph-space\">La resistenza ai raggi UV \u00e8 un altro vantaggio fondamentale di questo prodotto per esterni <a href=\"https:\/\/www.sikortex.com\/it\/idrorepellente-resistente-impermeabile\/\"><span style=\"color: #3366ff;\">impermeabile<\/span><\/a> tessuto. La luce del sole pu\u00f2 sbiadire e danneggiare i tessuti nel tempo, ma il poliestere 600D resiste bene. Mantiene il suo colore e l&#039;integrit\u00e0 strutturale, anche dopo lunghe ore di esposizione al sole. Ci\u00f2 significa che i tuoi mobili da esterno manterranno il loro fascino estetico, rendendo il poliestere 600D un materiale <a href=\"https:\/\/www.sikortex.com\/it\/idrorepellente-resistente-impermeabile\/\"><span style=\"color: #3366ff;\">impermeabile<\/span><\/a> tessuto la scelta migliore per creare uno spazio abitativo esterno bello e duraturo.<\/div>\n<\/div>","protected":false},"excerpt":{"rendered":"<p>1200 metri (ordine minimo)<\/p>","protected":false},"featured_media":7731,"comment_status":"closed","ping_status":"closed","template":"","meta":{"_uag_custom_page_level_css":"","site-sidebar-layout":"default","site-content-layout":"default","ast-site-content-layout":"","site-content-style":"default","site-sidebar-style":"default","ast-global-header-display":"","ast-banner-title-visibility":"","ast-main-header-display":"","ast-hfb-above-header-display":"","ast-hfb-below-header-display":"","ast-hfb-mobile-header-display":"","site-post-title":"","ast-breadcrumbs-content":"","ast-featured-img":"","footer-sml-layout":"","theme-transparent-header-meta":"default","adv-header-id-meta":"","stick-header-meta":"default","header-above-stick-meta":"","header-main-stick-meta":"","header-below-stick-meta":"","astra-migrate-meta-layouts":"default","ast-page-background-enabled":"default","ast-page-background-meta":{"desktop":{"background-color":"","background-image":"","background-repeat":"repeat","background-position":"center center","background-size":"auto","background-attachment":"scroll","background-type":"","background-media":"","overlay-type":"","overlay-color":"","overlay-opacity":"","overlay-gradient":""},"tablet":{"background-color":"","background-image":"","background-repeat":"repeat","background-position":"center center","background-size":"auto","background-attachment":"scroll","background-type":"","background-media":"","overlay-type":"","overlay-color":"","overlay-opacity":"","overlay-gradient":""},"mobile":{"background-color":"","background-image":"","background-repeat":"repeat","background-position":"center center","background-size":"auto","background-attachment":"scroll","background-type":"","background-media":"","overlay-type":"","overlay-color":"","overlay-opacity":"","overlay-gradient":""}},"ast-content-background-meta":{"desktop":{"background-color":"var(--ast-global-color-5)","background-image":"","background-repeat":"repeat","background-position":"center center","background-size":"auto","background-attachment":"scroll","background-type":"","background-media":"","overlay-type":"","overlay-color":"","overlay-opacity":"","overlay-gradient":""},"tablet":{"background-color":"var(--ast-global-color-5)","background-image":"","background-repeat":"repeat","background-position":"center center","background-size":"auto","background-attachment":"scroll","background-type":"","background-media":"","overlay-type":"","overlay-color":"","overlay-opacity":"","overlay-gradient":""},"mobile":{"background-color":"var(--ast-global-color-5)","background-image":"","background-repeat":"repeat","background-position":"center center","background-size":"auto","background-attachment":"scroll","background-type":"","background-media":"","overlay-type":"","overlay-color":"","overlay-opacity":"","overlay-gradient":""}}},"product_brand":[],"product_cat":[1126,1206,432,1218,1185,433,1697,414],"product_tag":[],"class_list":{"0":"post-7833","1":"product","2":"type-product","3":"status-publish","4":"has-post-thumbnail","6":"product_cat-fabric-for-awning","7":"product_cat-fabric-for-bag","8":"product_cat-fabric-for-tent","9":"product_cat-marine-fabrics","10":"product_cat-solution-dyed-polyester-fabrics","11":"product_cat-textile-for-industrial","12":"product_cat-uv-protection-fabric","13":"product_cat-waterproof-fabrics","14":"pa_available_colors-911052-spc","15":"desktop-align-left","16":"tablet-align-left","17":"mobile-align-left","18":"ast-product-gallery-layout-vertical-slider","19":"ast-product-tabs-layout-horizontal","21":"first","22":"instock","23":"shipping-taxable","24":"product-type-simple"},"uagb_featured_image_src":{"full":["https:\/\/www.sikortex.com\/wp-content\/uploads\/2025\/01\/300D-Oxford-fabric.jpg",800,800,false],"thumbnail":["https:\/\/www.sikortex.com\/wp-content\/uploads\/2025\/01\/300D-Oxford-fabric-150x150.jpg",150,150,true],"medium":["https:\/\/www.sikortex.com\/wp-content\/uploads\/2025\/01\/300D-Oxford-fabric-300x300.jpg",300,300,true],"medium_large":["https:\/\/www.sikortex.com\/wp-content\/uploads\/2025\/01\/300D-Oxford-fabric-768x768.jpg",768,768,true],"large":["https:\/\/www.sikortex.com\/wp-content\/uploads\/2025\/01\/300D-Oxford-fabric.jpg",800,800,false],"1536x1536":["https:\/\/www.sikortex.com\/wp-content\/uploads\/2025\/01\/300D-Oxford-fabric.jpg",800,800,false],"2048x2048":["https:\/\/www.sikortex.com\/wp-content\/uploads\/2025\/01\/300D-Oxford-fabric.jpg",800,800,false],"trp-custom-language-flag":["https:\/\/www.sikortex.com\/wp-content\/uploads\/2025\/01\/300D-Oxford-fabric-12x12.jpg",12,12,true],"woocommerce_thumbnail":["https:\/\/www.sikortex.com\/wp-content\/uploads\/2025\/01\/300D-Oxford-fabric-300x300.jpg",300,300,true],"woocommerce_single":["https:\/\/www.sikortex.com\/wp-content\/uploads\/2025\/01\/300D-Oxford-fabric-600x600.jpg",600,600,true],"woocommerce_gallery_thumbnail":["https:\/\/www.sikortex.com\/wp-content\/uploads\/2025\/01\/300D-Oxford-fabric-100x100.jpg",100,100,true]},"uagb_author_info":{"display_name":"Perry","author_link":"https:\/\/www.sikortex.com\/it\/author\/"},"uagb_comment_info":0,"uagb_excerpt":"1200 Meters(Min.Order)","_links":{"self":[{"href":"https:\/\/www.sikortex.com\/it\/wp-json\/wp\/v2\/product\/7833","targetHints":{"allow":["GET"]}}],"collection":[{"href":"https:\/\/www.sikortex.com\/it\/wp-json\/wp\/v2\/product"}],"about":[{"href":"https:\/\/www.sikortex.com\/it\/wp-json\/wp\/v2\/types\/product"}],"replies":[{"embeddable":true,"href":"https:\/\/www.sikortex.com\/it\/wp-json\/wp\/v2\/comments?post=7833"}],"wp:featuredmedia":[{"embeddable":true,"href":"https:\/\/www.sikortex.com\/it\/wp-json\/wp\/v2\/media\/7731"}],"wp:attachment":[{"href":"https:\/\/www.sikortex.com\/it\/wp-json\/wp\/v2\/media?parent=7833"}],"wp:term":[{"taxonomy":"product_brand","embeddable":true,"href":"https:\/\/www.sikortex.com\/it\/wp-json\/wp\/v2\/product_brand?post=7833"},{"taxonomy":"product_cat","embeddable":true,"href":"https:\/\/www.sikortex.com\/it\/wp-json\/wp\/v2\/product_cat?post=7833"},{"taxonomy":"product_tag","embeddable":true,"href":"https:\/\/www.sikortex.com\/it\/wp-json\/wp\/v2\/product_tag?post=7833"}],"curies":[{"name":"wp","href":"https:\/\/api.w.org\/{rel}","templated":true}]}}