{"id":7576,"date":"2024-12-26T15:06:48","date_gmt":"2024-12-26T07:06:48","guid":{"rendered":"https:\/\/www.sikortex.com\/?post_type=product&#038;p=7576"},"modified":"2025-02-17T17:39:47","modified_gmt":"2025-02-17T09:39:47","slug":"rivestimento-in-pu-impermeabile-in-nylon-oxford-210d","status":"publish","type":"product","link":"https:\/\/www.sikortex.com\/it\/prodotto\/rivestimento-in-pu-impermeabile-in-nylon-oxford-210d\/","title":{"rendered":"Tessuto di rivestimento in PU impermeabile in nylon Oxford 210D"},"content":{"rendered":"<h3 class=\"header-vfC6AV auto-hide-last-sibling-br\">Tessuto impermeabile in nylon Oxford 210D: la scelta preferita per zaini e attrezzatura da campeggio<\/h3>\n<h4 class=\"header-vfC6AV auto-hide-last-sibling-br\">Durevole e resiliente, affronta le sfide a testa alta<\/h4>\n<p>&nbsp;<\/p>\n<div class=\"auto-hide-last-sibling-br paragraph-JOTKXA paragraph-element br-paragraph-space\">Nel campo degli zaini e dell&#039;attrezzatura da campeggio, la durevolezza \u00e8 di fondamentale importanza. Il nylon oxford 210D <a href=\"https:\/\/www.sikortex.com\/it\/idrorepellente-resistente-impermeabile\/\"><span style=\"color: #3366ff;\">impermeabile<\/span><\/a> tessuto, dove &quot;D&quot; rappresenta il denari, ha uno spessore del filato indicato dal valore di 210, che crea un equilibrio tra leggerezza e tenacit\u00e0. \u00c8 strettamente intrecciato con una disposizione stabile delle fibre. Questo tessuto pu\u00f2 resistere all&#039;attrito a lunga distanza degli zaini e all&#039;usura dell&#039;attrezzatura da campeggio in terreni complessi, essendo resistente allo strappo e alla rottura, garantendo cos\u00ec l&#039;uso a lungo termine dell&#039;attrezzatura.<\/div>\n<div><\/div>\n<h4 class=\"header-vfC6AV auto-hide-last-sibling-br\">Doppio rivestimento, con eccellenti prestazioni impermeabili<\/h4>\n<div class=\"auto-hide-last-sibling-br paragraph-JOTKXA paragraph-element br-paragraph-space\">Il vantaggio eccezionale di questo tessuto risiede nella sua <a href=\"https:\/\/www.sikortex.com\/it\/idrorepellente-resistente-impermeabile\/\"><span style=\"color: #3366ff;\">impermeabile<\/span> <\/a>propriet\u00e0. Adottiamo un metodo di produzione a doppio rivestimento, che consente la formazione di una struttura impermeabile pi\u00f9 compatta sulla superficie del tessuto. Quando le gocce d&#039;acqua cadono su di esso, rotolano via rapidamente e non penetrano mai, come se l&#039;attrezzatura fosse avvolta in un impermeabile invisibile, bloccando efficacemente l&#039;umidit\u00e0 esterna. Quando si viene sorpresi da un acquazzone improvviso durante il campeggio all&#039;aperto, gli oggetti all&#039;interno dello zaino possono rimanere asciutti, fornendo un forte supporto per l&#039;uso in ambienti umidi.<\/div>\n<div><\/div>\n<h4 class=\"header-vfC6AV auto-hide-last-sibling-br\">Leggero e portatile, per un viaggio rilassante<\/h4>\n<div class=\"auto-hide-last-sibling-br paragraph-JOTKXA paragraph-element br-paragraph-space\">Sebbene la funzionalit\u00e0 sia fondamentale, anche la leggerezza \u00e8 molto apprezzata. Il nylon 210D <a href=\"https:\/\/www.sikortex.com\/it\/nylon-cotone-tessuto-ripstop-antivento-tessuto-5\/\"><span style=\"color: #3366ff;\">Oxford<\/span><\/a> <a href=\"https:\/\/www.sikortex.com\/it\/idrorepellente-resistente-impermeabile\/\"><span style=\"color: #3366ff;\">tessuto impermeabile<\/span><\/a> ha una consistenza leggera. Nonostante la sua robustezza e impermeabilit\u00e0, non aggiunge molto peso. I viaggiatori che trasportano zaini realizzati con questo tessuto possono percorrere lunghe distanze senza sentirsi appesantiti dal tessuto, e i campeggiatori possono trasferire la loro attrezzatura pi\u00f9 facilmente, rendendo il viaggio all&#039;aperto piacevole e senza stress.<\/div>\n<div><\/div>\n<h4 class=\"header-vfC6AV auto-hide-last-sibling-br\">Ampiamente applicato, soddisfa diverse esigenze<\/h4>\n<div class=\"auto-hide-last-sibling-br paragraph-JOTKXA paragraph-element br-paragraph-space\">Il vantaggio di questo tessuto risiede anche nella sua versatilit\u00e0. Nella produzione di zaini, \u00e8 adatto a vari tipi di zaini come quelli da alpinismo, da escursionismo e da viaggio. In termini di attrezzatura da campeggio, \u00e8 comunemente utilizzato in tende, fodere per sacchi a pelo e coperture per materassini anti-umidit\u00e0. La sua ampia applicabilit\u00e0 dimostra la sua flessibilit\u00e0 e praticit\u00e0, soddisfacendo diverse esigenze e apportando praticit\u00e0.<\/div>\n<p>&nbsp;<\/p>\n<div class=\"auto-hide-last-sibling-br paragraph-JOTKXA paragraph-element br-paragraph-space\">Grazie alla sua durevolezza, alle eccellenti prestazioni impermeabili, alla leggerezza e alla versatilit\u00e0, il nylon 210D <a href=\"https:\/\/www.sikortex.com\/it\/nylon-cotone-tessuto-ripstop-antivento-tessuto-5\/\"><span style=\"color: #3366ff;\">Oxford<\/span><\/a> <a href=\"https:\/\/www.sikortex.com\/it\/idrorepellente-resistente-impermeabile\/\"><span style=\"color: #3366ff;\">impermeabile<\/span><\/a> il tessuto \u00e8 la scelta migliore per zaini e attrezzatura da campeggio. Fornisce un supporto affidabile per i viaggi all&#039;aperto, aiutando le persone a godersi appieno la natura.<\/div>","protected":false},"excerpt":{"rendered":"<p>1200 metri (ordine minimo)<\/p>","protected":false},"featured_media":7581,"comment_status":"closed","ping_status":"closed","template":"","meta":{"_uag_custom_page_level_css":"","site-sidebar-layout":"default","site-content-layout":"default","ast-site-content-layout":"","site-content-style":"default","site-sidebar-style":"default","ast-global-header-display":"","ast-banner-title-visibility":"","ast-main-header-display":"","ast-hfb-above-header-display":"","ast-hfb-below-header-display":"","ast-hfb-mobile-header-display":"","site-post-title":"","ast-breadcrumbs-content":"","ast-featured-img":"","footer-sml-layout":"","theme-transparent-header-meta":"default","adv-header-id-meta":"","stick-header-meta":"default","header-above-stick-meta":"","header-main-stick-meta":"","header-below-stick-meta":"","astra-migrate-meta-layouts":"default","ast-page-background-enabled":"default","ast-page-background-meta":{"desktop":{"background-color":"","background-image":"","background-repeat":"repeat","background-position":"center center","background-size":"auto","background-attachment":"scroll","background-type":"","background-media":"","overlay-type":"","overlay-color":"","overlay-opacity":"","overlay-gradient":""},"tablet":{"background-color":"","background-image":"","background-repeat":"repeat","background-position":"center center","background-size":"auto","background-attachment":"scroll","background-type":"","background-media":"","overlay-type":"","overlay-color":"","overlay-opacity":"","overlay-gradient":""},"mobile":{"background-color":"","background-image":"","background-repeat":"repeat","background-position":"center center","background-size":"auto","background-attachment":"scroll","background-type":"","background-media":"","overlay-type":"","overlay-color":"","overlay-opacity":"","overlay-gradient":""}},"ast-content-background-meta":{"desktop":{"background-color":"var(--ast-global-color-5)","background-image":"","background-repeat":"repeat","background-position":"center center","background-size":"auto","background-attachment":"scroll","background-type":"","background-media":"","overlay-type":"","overlay-color":"","overlay-opacity":"","overlay-gradient":""},"tablet":{"background-color":"var(--ast-global-color-5)","background-image":"","background-repeat":"repeat","background-position":"center center","background-size":"auto","background-attachment":"scroll","background-type":"","background-media":"","overlay-type":"","overlay-color":"","overlay-opacity":"","overlay-gradient":""},"mobile":{"background-color":"var(--ast-global-color-5)","background-image":"","background-repeat":"repeat","background-position":"center center","background-size":"auto","background-attachment":"scroll","background-type":"","background-media":"","overlay-type":"","overlay-color":"","overlay-opacity":"","overlay-gradient":""}}},"product_brand":[],"product_cat":[1206,432,404,1184,433,414],"product_tag":[],"class_list":{"0":"post-7576","1":"product","2":"type-product","3":"status-publish","4":"has-post-thumbnail","6":"product_cat-fabric-for-bag","7":"product_cat-fabric-for-tent","8":"product_cat-nylon-fabrics","9":"product_cat-oxford-fabric","10":"product_cat-textile-for-industrial","11":"product_cat-waterproof-fabrics","12":"pa_available_colors-h-black","13":"desktop-align-left","14":"tablet-align-left","15":"mobile-align-left","16":"ast-product-gallery-layout-vertical-slider","17":"ast-product-tabs-layout-horizontal","19":"first","20":"instock","21":"shipping-taxable","22":"product-type-simple"},"uagb_featured_image_src":{"full":["https:\/\/www.sikortex.com\/wp-content\/uploads\/2024\/12\/210D-Nylon-Oxford-Waterproof.jpg",800,800,false],"thumbnail":["https:\/\/www.sikortex.com\/wp-content\/uploads\/2024\/12\/210D-Nylon-Oxford-Waterproof-150x150.jpg",150,150,true],"medium":["https:\/\/www.sikortex.com\/wp-content\/uploads\/2024\/12\/210D-Nylon-Oxford-Waterproof-300x300.jpg",300,300,true],"medium_large":["https:\/\/www.sikortex.com\/wp-content\/uploads\/2024\/12\/210D-Nylon-Oxford-Waterproof-768x768.jpg",768,768,true],"large":["https:\/\/www.sikortex.com\/wp-content\/uploads\/2024\/12\/210D-Nylon-Oxford-Waterproof.jpg",800,800,false],"1536x1536":["https:\/\/www.sikortex.com\/wp-content\/uploads\/2024\/12\/210D-Nylon-Oxford-Waterproof.jpg",800,800,false],"2048x2048":["https:\/\/www.sikortex.com\/wp-content\/uploads\/2024\/12\/210D-Nylon-Oxford-Waterproof.jpg",800,800,false],"trp-custom-language-flag":["https:\/\/www.sikortex.com\/wp-content\/uploads\/2024\/12\/210D-Nylon-Oxford-Waterproof-12x12.jpg",12,12,true],"woocommerce_thumbnail":["https:\/\/www.sikortex.com\/wp-content\/uploads\/2024\/12\/210D-Nylon-Oxford-Waterproof-300x300.jpg",300,300,true],"woocommerce_single":["https:\/\/www.sikortex.com\/wp-content\/uploads\/2024\/12\/210D-Nylon-Oxford-Waterproof-600x600.jpg",600,600,true],"woocommerce_gallery_thumbnail":["https:\/\/www.sikortex.com\/wp-content\/uploads\/2024\/12\/210D-Nylon-Oxford-Waterproof-100x100.jpg",100,100,true]},"uagb_author_info":{"display_name":"Perry","author_link":"https:\/\/www.sikortex.com\/it\/author\/"},"uagb_comment_info":0,"uagb_excerpt":"1200 Meters(Min.Order)","_links":{"self":[{"href":"https:\/\/www.sikortex.com\/it\/wp-json\/wp\/v2\/product\/7576","targetHints":{"allow":["GET"]}}],"collection":[{"href":"https:\/\/www.sikortex.com\/it\/wp-json\/wp\/v2\/product"}],"about":[{"href":"https:\/\/www.sikortex.com\/it\/wp-json\/wp\/v2\/types\/product"}],"replies":[{"embeddable":true,"href":"https:\/\/www.sikortex.com\/it\/wp-json\/wp\/v2\/comments?post=7576"}],"wp:featuredmedia":[{"embeddable":true,"href":"https:\/\/www.sikortex.com\/it\/wp-json\/wp\/v2\/media\/7581"}],"wp:attachment":[{"href":"https:\/\/www.sikortex.com\/it\/wp-json\/wp\/v2\/media?parent=7576"}],"wp:term":[{"taxonomy":"product_brand","embeddable":true,"href":"https:\/\/www.sikortex.com\/it\/wp-json\/wp\/v2\/product_brand?post=7576"},{"taxonomy":"product_cat","embeddable":true,"href":"https:\/\/www.sikortex.com\/it\/wp-json\/wp\/v2\/product_cat?post=7576"},{"taxonomy":"product_tag","embeddable":true,"href":"https:\/\/www.sikortex.com\/it\/wp-json\/wp\/v2\/product_tag?post=7576"}],"curies":[{"name":"wp","href":"https:\/\/api.w.org\/{rel}","templated":true}]}}