{"id":7364,"date":"2024-12-21T11:14:12","date_gmt":"2024-12-21T03:14:12","guid":{"rendered":"https:\/\/www.sikortex.com\/?post_type=product&#038;p=7364"},"modified":"2025-04-02T10:32:30","modified_gmt":"2025-04-02T02:32:30","slug":"tessuto-in-poliestere-600d-tinto-in-massa-tessuti-oxford","status":"publish","type":"product","link":"https:\/\/www.sikortex.com\/it\/prodotto\/tessuto-in-poliestere-600d-tinto-in-massa-tessuti-oxford\/","title":{"rendered":"Tessuto in poliestere 600D Tessuto Oxford tinto in soluzione"},"content":{"rendered":"<h4>Tessuto in poliestere 600D Tessuto Oxford tinto in soluzione<\/h4>\n<p>Il nostro tessuto impermeabile in poliestere 600D \u00e8 un vero 600\u00d7600 denari, non il pi\u00f9 leggero e meno resistente 600\u00d7300. Il nostro materiale 600D non \u00e8 solo forte e resistente all'abrasione, ma ha anche una maggiore flessibilit\u00e0 e una migliore impermeabilit\u00e0 grazie al rivestimento in PU dopo la laminazione a caldo. Il nostro tessuto in poliestere 600D ha una resistenza alla pressione idrostatica di oltre 1000 mm.<\/p>\n<h4>Poliestere tinto in massa, colore di lunga durata<\/h4>\n<p>Il nostro 600D \u00e8 tinto in massa, a differenza della maggior parte dei tessuti comuni presenti sul mercato! Perch\u00e9 \u00e8 cos\u00ec importante? Significa che il colore non \u00e8 applicato alla superficie, ma fa parte del filo utilizzato per produrre il tessuto. Il colore scorre in tutto il materiale. Il colore dei materiali tinti in massa dura pi\u00f9 a lungo e, nella maggior parte dei casi, il nostro tessuto 600D tinto in massa pu\u00f2 essere utilizzato all'aperto per pi\u00f9 di 3 anni senza sbiadire! (Questo \u00e8 simile al nostro <a href=\"https:\/\/www.sikortex.com\/it\/tessuti-anti-infrarossi-3\/\"><span style=\"color: #3366ff;\">tessuto acrilico tinto in massa<\/span><\/a>, un'altra ottima scelta per i materiali da esterno o impermeabili).<\/p>\n<h4>Tessuto in poliestere 600D Applicazione<\/h4>\n<p>Il 600D \u00e8 probabilmente il materiale pi\u00f9 comunemente utilizzato per zaini, attrezzature per esterni, mobili per esterni, edifici per esterni e varie attrezzature industriali, ma i clienti lo utilizzano anche per realizzare coperture per barche e <a href=\"https:\/\/www.sikortex.com\/it\/nylon-cotone-tessuto-ripstop-antivento-tessuto-2\/\"><span style=\"color: #3366ff;\">tende da sole<\/span><\/a> grazie alle sue propriet\u00e0 impermeabili e antimuffa.<\/p>\n<h4>SIKOR-TEX \u00e8 la vostra migliore fonte di poliestere 600D all'ingrosso!<\/h4>\n<h4 style=\"font-style: normal;\"><img loading=\"lazy\" decoding=\"async\" class=\"wp-image-7060 alignright\" src=\"https:\/\/www.sikortex.com\/wp-content\/uploads\/2024\/09\/Solution-dyed-acrylic-fiber-e1726019567653-300x190.png\" alt=\"\" width=\"364\" height=\"230\" title=\"\" srcset=\"https:\/\/www.sikortex.com\/wp-content\/uploads\/2024\/09\/Solution-dyed-acrylic-fiber-e1726019567653-300x190.png 300w, https:\/\/www.sikortex.com\/wp-content\/uploads\/2024\/09\/Solution-dyed-acrylic-fiber-e1726019567653-18x12.png 18w, https:\/\/www.sikortex.com\/wp-content\/uploads\/2024\/09\/Solution-dyed-acrylic-fiber-e1726019567653.png 520w\" sizes=\"auto, (max-width: 364px) 100vw, 364px\" \/><\/h4>\n<p>La nostra produzione inizia con le fibre tinte in massa e comprende la filatura, la produzione e il finissaggio, essenziali per garantire che i nostri tessuti abbiano la migliore resistenza alla luce e ai raggi UV.<\/p>\n<p>pu\u00f2 incontrare <a href=\"https:\/\/www.sikortex.com\/it\/tessuti-ignifughi\/\">ritardante di fiamma<\/a> standard come NFPA 701, CPAI-84, EN 13773, ecc. Forniamo servizi di personalizzazione di massa (tra cui <a href=\"https:\/\/www.sikortex.com\/it\/prodotto\/tessuti-antibatterici-oxford-600d-dty\/\"><span style=\"color: #3366ff;\">1200D<\/span><\/a> tessuto, <a href=\"https:\/\/www.sikortex.com\/it\/prodotto\/sk8362-tessuto-oxford-ignifugo-9\/\"><span style=\"color: #3366ff;\">900D<\/span><\/a> tessuto 600D o tessuto acrilico tinto in massa) ad alta qualit\u00e0 e a prezzi competitivi.<\/p>\n<h4 style=\"font-style: normal;\"><img loading=\"lazy\" decoding=\"async\" class=\"alignright wp-image-7241\" src=\"https:\/\/www.sikortex.com\/wp-content\/uploads\/2024\/12\/Solution-dyed-polyester-150D-300x200.jpg\" alt=\"\" width=\"383\" height=\"255\" title=\"\" srcset=\"https:\/\/www.sikortex.com\/wp-content\/uploads\/2024\/12\/Solution-dyed-polyester-150D-300x200.jpg 300w, https:\/\/www.sikortex.com\/wp-content\/uploads\/2024\/12\/Solution-dyed-polyester-150D-768x511.jpg 768w, https:\/\/www.sikortex.com\/wp-content\/uploads\/2024\/12\/Solution-dyed-polyester-150D-18x12.jpg 18w, https:\/\/www.sikortex.com\/wp-content\/uploads\/2024\/12\/Solution-dyed-polyester-150D-600x399.jpg 600w, https:\/\/www.sikortex.com\/wp-content\/uploads\/2024\/12\/Solution-dyed-polyester-150D.jpg 796w\" sizes=\"auto, (max-width: 383px) 100vw, 383px\" \/><\/h4>\n<p>Il nostro tessuto in poliestere 600D utilizza la tecnologia a soluzione e non richiede l'uso di acqua durante il processo di produzione, rispettando l'ambiente, risparmiando energia e riducendo le emissioni di carbonio. In linea con la tendenza dello sviluppo tessile sostenibile<\/p>\n<p><a href=\"https:\/\/www.sikortex.com\/it\/tessuti-impermeabili\/\"><span style=\"color: #3366ff;\">Il tessuto Oxford \u00e8 impermeabile?<\/span><\/a><\/p>\n<p>Il nostro <a href=\"https:\/\/www.sikortex.com\/it\/nylon-cotone-tessuto-ripstop-antivento-tessuto-5\/\"><span style=\"color: #3366ff;\">Tessuto Oxford<\/span><\/a> non solo \u00e8 impermeabile, ma ha anche una resistenza all'umidit\u00e0 superficiale (ulteriori informazioni).<\/p>","protected":false},"excerpt":{"rendered":"<p>1200 metri (ordine minimo)<\/p>","protected":false},"featured_media":7366,"comment_status":"closed","ping_status":"closed","template":"","meta":{"_uag_custom_page_level_css":"","site-sidebar-layout":"default","site-content-layout":"default","ast-site-content-layout":"","site-content-style":"default","site-sidebar-style":"default","ast-global-header-display":"","ast-banner-title-visibility":"","ast-main-header-display":"","ast-hfb-above-header-display":"","ast-hfb-below-header-display":"","ast-hfb-mobile-header-display":"","site-post-title":"","ast-breadcrumbs-content":"","ast-featured-img":"","footer-sml-layout":"","theme-transparent-header-meta":"default","adv-header-id-meta":"","stick-header-meta":"default","header-above-stick-meta":"","header-main-stick-meta":"","header-below-stick-meta":"","astra-migrate-meta-layouts":"default","ast-page-background-enabled":"default","ast-page-background-meta":{"desktop":{"background-color":"","background-image":"","background-repeat":"repeat","background-position":"center center","background-size":"auto","background-attachment":"scroll","background-type":"","background-media":"","overlay-type":"","overlay-color":"","overlay-opacity":"","overlay-gradient":""},"tablet":{"background-color":"","background-image":"","background-repeat":"repeat","background-position":"center center","background-size":"auto","background-attachment":"scroll","background-type":"","background-media":"","overlay-type":"","overlay-color":"","overlay-opacity":"","overlay-gradient":""},"mobile":{"background-color":"","background-image":"","background-repeat":"repeat","background-position":"center center","background-size":"auto","background-attachment":"scroll","background-type":"","background-media":"","overlay-type":"","overlay-color":"","overlay-opacity":"","overlay-gradient":""}},"ast-content-background-meta":{"desktop":{"background-color":"var(--ast-global-color-5)","background-image":"","background-repeat":"repeat","background-position":"center center","background-size":"auto","background-attachment":"scroll","background-type":"","background-media":"","overlay-type":"","overlay-color":"","overlay-opacity":"","overlay-gradient":""},"tablet":{"background-color":"var(--ast-global-color-5)","background-image":"","background-repeat":"repeat","background-position":"center center","background-size":"auto","background-attachment":"scroll","background-type":"","background-media":"","overlay-type":"","overlay-color":"","overlay-opacity":"","overlay-gradient":""},"mobile":{"background-color":"var(--ast-global-color-5)","background-image":"","background-repeat":"repeat","background-position":"center center","background-size":"auto","background-attachment":"scroll","background-type":"","background-media":"","overlay-type":"","overlay-color":"","overlay-opacity":"","overlay-gradient":""}}},"product_brand":[],"product_cat":[1126,432,1218,1184,1185,433,414],"product_tag":[],"class_list":{"0":"post-7364","1":"product","2":"type-product","3":"status-publish","4":"has-post-thumbnail","6":"product_cat-fabric-for-awning","7":"product_cat-fabric-for-tent","8":"product_cat-marine-fabrics","9":"product_cat-oxford-fabric","10":"product_cat-solution-dyed-polyester-fabrics","11":"product_cat-textile-for-industrial","12":"product_cat-waterproof-fabrics","13":"pa_available_colors-911052-spc","14":"desktop-align-left","15":"tablet-align-left","16":"mobile-align-left","17":"ast-product-gallery-layout-vertical-slider","18":"ast-product-tabs-layout-horizontal","20":"first","21":"instock","22":"shipping-taxable","23":"product-type-simple"},"uagb_featured_image_src":{"full":["https:\/\/www.sikortex.com\/wp-content\/uploads\/2024\/12\/600D-Polyester-Fabric.jpg",800,800,false],"thumbnail":["https:\/\/www.sikortex.com\/wp-content\/uploads\/2024\/12\/600D-Polyester-Fabric-150x150.jpg",150,150,true],"medium":["https:\/\/www.sikortex.com\/wp-content\/uploads\/2024\/12\/600D-Polyester-Fabric-300x300.jpg",300,300,true],"medium_large":["https:\/\/www.sikortex.com\/wp-content\/uploads\/2024\/12\/600D-Polyester-Fabric-768x768.jpg",768,768,true],"large":["https:\/\/www.sikortex.com\/wp-content\/uploads\/2024\/12\/600D-Polyester-Fabric.jpg",800,800,false],"1536x1536":["https:\/\/www.sikortex.com\/wp-content\/uploads\/2024\/12\/600D-Polyester-Fabric.jpg",800,800,false],"2048x2048":["https:\/\/www.sikortex.com\/wp-content\/uploads\/2024\/12\/600D-Polyester-Fabric.jpg",800,800,false],"trp-custom-language-flag":["https:\/\/www.sikortex.com\/wp-content\/uploads\/2024\/12\/600D-Polyester-Fabric-12x12.jpg",12,12,true],"woocommerce_thumbnail":["https:\/\/www.sikortex.com\/wp-content\/uploads\/2024\/12\/600D-Polyester-Fabric-300x300.jpg",300,300,true],"woocommerce_single":["https:\/\/www.sikortex.com\/wp-content\/uploads\/2024\/12\/600D-Polyester-Fabric-600x600.jpg",600,600,true],"woocommerce_gallery_thumbnail":["https:\/\/www.sikortex.com\/wp-content\/uploads\/2024\/12\/600D-Polyester-Fabric-100x100.jpg",100,100,true]},"uagb_author_info":{"display_name":"Perry","author_link":"https:\/\/www.sikortex.com\/it\/author\/"},"uagb_comment_info":0,"uagb_excerpt":"1200 Meters(Min.Order)","_links":{"self":[{"href":"https:\/\/www.sikortex.com\/it\/wp-json\/wp\/v2\/product\/7364","targetHints":{"allow":["GET"]}}],"collection":[{"href":"https:\/\/www.sikortex.com\/it\/wp-json\/wp\/v2\/product"}],"about":[{"href":"https:\/\/www.sikortex.com\/it\/wp-json\/wp\/v2\/types\/product"}],"replies":[{"embeddable":true,"href":"https:\/\/www.sikortex.com\/it\/wp-json\/wp\/v2\/comments?post=7364"}],"wp:featuredmedia":[{"embeddable":true,"href":"https:\/\/www.sikortex.com\/it\/wp-json\/wp\/v2\/media\/7366"}],"wp:attachment":[{"href":"https:\/\/www.sikortex.com\/it\/wp-json\/wp\/v2\/media?parent=7364"}],"wp:term":[{"taxonomy":"product_brand","embeddable":true,"href":"https:\/\/www.sikortex.com\/it\/wp-json\/wp\/v2\/product_brand?post=7364"},{"taxonomy":"product_cat","embeddable":true,"href":"https:\/\/www.sikortex.com\/it\/wp-json\/wp\/v2\/product_cat?post=7364"},{"taxonomy":"product_tag","embeddable":true,"href":"https:\/\/www.sikortex.com\/it\/wp-json\/wp\/v2\/product_tag?post=7364"}],"curies":[{"name":"wp","href":"https:\/\/api.w.org\/{rel}","templated":true}]}}