{"id":7316,"date":"2024-12-16T11:08:06","date_gmt":"2024-12-16T03:08:06","guid":{"rendered":"https:\/\/www.sikortex.com\/?post_type=product&#038;p=7316"},"modified":"2025-02-17T17:40:24","modified_gmt":"2025-02-17T09:40:24","slug":"sk8362-tessuto-oxford-ignifugo-13","status":"publish","type":"product","link":"https:\/\/www.sikortex.com\/it\/prodotto\/sk8362-tessuto-oxford-ignifugo-13\/","title":{"rendered":"Tessuto in poliestere 600D Rivestimento impermeabile in PU"},"content":{"rendered":"<h4 class=\"header-vfC6AV auto-hide-last-sibling-br\">Tessuto in poliestere 600D: Composizione e processo di tessitura<\/h4>\n<div class=\"auto-hide-last-sibling-br paragraph-JOTKXA paragraph-element br-paragraph-space\">poliestere 600D <a href=\"https:\/\/www.sikortex.com\/it\/2024\/09\/05\/fornitore-di-tessuto-antistrappo-materiale-antistrappo\/\"><span style=\"color: #3366ff;\">ripstop<\/span><\/a> <a href=\"\/it\/produttori-di-tessuti-rivestiti\/\"><span style=\"color: #3366ff;\">Rivestito in PU<\/span><\/a> Il tessuto \u00e8 realizzato raddoppiando e intrecciando due filati 300D. Questo metodo di produzione conferisce al tessuto un aspetto pi\u00f9 strutturato. Il filato doppio conferisce al tessuto un&#039;elevata resistenza e lo rende adatto a una variet\u00e0 di processi di finitura, come la realizzazione di filati 600D. <a href=\"\/it\/produttori-di-tessuti-rivestiti\/\"><span style=\"color: #3366ff;\">Rivestito in PU<\/span><\/a> tessuto, tessuto in poliestere 600D con rivestimento ignifugo e 600D <a href=\"https:\/\/www.sikortex.com\/it\/idrorepellente-resistente-impermeabile\/\"><span style=\"color: #3366ff;\">impermeabile<\/span> <\/a><a href=\"\/it\/produttori-di-tessuti-rivestiti\/\"><span style=\"color: #3366ff;\">tessuto rivestito<\/span><\/a>.<\/div>\n<div><\/div>\n<h4 class=\"header-vfC6AV auto-hide-last-sibling-br\">Tessuto in poliestere 600D: Propriet\u00e0 fisiche Specifiche<\/h4>\n<div class=\"auto-hide-last-sibling-br paragraph-JOTKXA paragraph-element br-paragraph-space\">Il tessuto 600D per abbigliamento esterno \u00e8 un tessuto di peso medio con un'eccellente durata e resistenza all'abrasione. Secondo il metodo di prova AS 2001.2.16, questo tessuto pesa circa 230 g\/m\u00b2, con una forza di rottura in ordito di circa 2400N e una forza di rottura in trama di 1500N. Il metodo di prova AS 2001.2.10 mostra anche che pu\u00f2 resistere a una forza di strappo di 145N sia in direzione dell'ordito che della trama.<\/div>\n<h4 class=\"header-vfC6AV auto-hide-last-sibling-br\"><\/h4>\n<h4 class=\"header-vfC6AV auto-hide-last-sibling-br\">Tessuto in poliestere 600D: Caratteristiche e origini del materiale<\/h4>\n<div class=\"auto-hide-last-sibling-br paragraph-JOTKXA paragraph-element br-paragraph-space\">Il tessuto in poliestere 600D \u00e8 realizzato in poliestere 100%. Questo tessuto \u00e8 rinomato in tutto il mondo per la sua elevata resistenza e durata ed \u00e8 uno dei tessuti pi\u00f9 popolari a livello globale. \u00c8 comunemente utilizzato in migliaia di applicazioni industriali e di consumo. \u00c8 un tessuto sintetico, solitamente derivato dal petrolio, ma esistono anche alcuni prodotti realizzati con... <a href=\"https:\/\/www.sikortex.com\/it\/rivista\/creare-moda-eco-sostenibile-2\/\"><span style=\"color: #3366ff;\">riciclabile<\/span><\/a> e materiali biodegradabili. Oltre a essere resistente e durevole, il tessuto in poliestere 600D ha anche propriet\u00e0 traspiranti.<\/div>\n<div><\/div>\n<h4 class=\"header-vfC6AV auto-hide-last-sibling-br\">Tessuto in poliestere 600D: Rivestimento impermeabile in PU<\/h4>\n<div class=\"auto-hide-last-sibling-br paragraph-JOTKXA paragraph-element br-paragraph-space\">La superficie del poliestere ripstop 600D <a href=\"\/it\/produttori-di-tessuti-rivestiti\/\"><span style=\"color: #3366ff;\">Rivestito in PU<\/span><\/a> il tessuto \u00e8 rivestito in poliuretano, che conferisce un&#039;eccellente <a href=\"https:\/\/www.sikortex.com\/it\/idrorepellente-resistente-impermeabile\/\"><span style=\"color: #3366ff;\">impermeabile<\/span> <\/a>propriet\u00e0 del tessuto e aiuta a prevenire l&#039;accumulo di sporco. Inoltre, essendo pi\u00f9 leggero della tela, \u00e8 pi\u00f9 facile da pulire e manutenere. Inoltre, il rivestimento rende il tessuto altamente resistente all&#039;abrasione, agli urti e agli strappi. Il rivestimento in PU aggiunge inoltre ulteriore resistenza alla trazione e ai raggi UV al tessuto, rendendolo la scelta ideale per i prodotti da esterno.<\/div>\n<div><\/div>\n<h4 class=\"header-vfC6AV auto-hide-last-sibling-br\">Tessuto in poliestere 600D: Costo e praticit\u00e0<\/h4>\n<div class=\"auto-hide-last-sibling-br paragraph-JOTKXA paragraph-element br-paragraph-space\">Anche dopo <a href=\"\/it\/produttori-di-tessuti-rivestiti\/\"><span style=\"color: #3366ff;\">Rivestimento in PU<\/span><\/a> trattamento, il tessuto 600D \u00e8 un tessuto leggero, compatto e versatile, ed \u00e8 anche molto conveniente. Da un lato, il costo di <a href=\"https:\/\/www.sikortex.com\/it\/tessuti-in-poliestere\/\"><span style=\"color: #3366ff;\">poliestere<\/span><\/a> \u00e8 inferiore a quello di<span style=\"color: #3366ff;\"><a style=\"color: #3366ff;\" href=\"https:\/\/www.sikortex.com\/it\/produttore-di-tessuto-di-nylon\/\"> nylo<\/a>N<\/span>; d&#039;altra parte, il suo processo produttivo \u00e8 pi\u00f9 semplice, richiede meno risorse e meno energia, riducendo cos\u00ec i costi di produzione. Grazie alle sue caratteristiche di leggerezza e compattezza, anche i costi di trasporto di questo tessuto sono inferiori.<\/div>\n<div><\/div>\n<h4 class=\"header-vfC6AV auto-hide-last-sibling-br\">Tessuto in poliestere 600D: Diversi scenari di applicazione<\/h4>\n<div class=\"auto-hide-last-sibling-br paragraph-JOTKXA paragraph-element br-paragraph-space\">Poliestere ripstop 600D poliuretano <a href=\"\/it\/produttori-di-tessuti-rivestiti\/\"><span style=\"color: #3366ff;\">rivestimento<\/span><\/a> Il tessuto \u00e8 senza dubbio un tessuto eccezionale, quindi ha una gamma di applicazioni estremamente ampia. Viene utilizzato in qualsiasi cosa, dai semplici accessori come portamonete a zaini, zaini da montagna e borse per fotocamere. \u00c8 anche un tessuto comunemente usato nel settore equestre per realizzare coperte e accessori per cavalli. \u00c8 una scelta popolare per realizzare cappotti e accessori per cani. Questo tessuto \u00e8 adatto anche per coperture per barche e auto ed \u00e8 un materiale ideale per realizzare tende, borse e valigie.<\/div>\n<div><a href=\"https:\/\/www.sikortex.com\/it\/nylon-cotone-tessuto-ripstop-antivento-tessuto-5\/\"><span style=\"color: #3366ff;\">saperne di pi\u00f9<\/span><\/a><\/div>","protected":false},"excerpt":{"rendered":"<p>1200 metri (ordine minimo)<\/p>","protected":false},"featured_media":7235,"comment_status":"closed","ping_status":"closed","template":"","meta":{"_uag_custom_page_level_css":"","site-sidebar-layout":"default","site-content-layout":"default","ast-site-content-layout":"","site-content-style":"default","site-sidebar-style":"default","ast-global-header-display":"","ast-banner-title-visibility":"","ast-main-header-display":"","ast-hfb-above-header-display":"","ast-hfb-below-header-display":"","ast-hfb-mobile-header-display":"","site-post-title":"","ast-breadcrumbs-content":"","ast-featured-img":"","footer-sml-layout":"","theme-transparent-header-meta":"default","adv-header-id-meta":"","stick-header-meta":"default","header-above-stick-meta":"","header-main-stick-meta":"","header-below-stick-meta":"","astra-migrate-meta-layouts":"default","ast-page-background-enabled":"default","ast-page-background-meta":{"desktop":{"background-color":"","background-image":"","background-repeat":"repeat","background-position":"center center","background-size":"auto","background-attachment":"scroll","background-type":"","background-media":"","overlay-type":"","overlay-color":"","overlay-opacity":"","overlay-gradient":""},"tablet":{"background-color":"","background-image":"","background-repeat":"repeat","background-position":"center center","background-size":"auto","background-attachment":"scroll","background-type":"","background-media":"","overlay-type":"","overlay-color":"","overlay-opacity":"","overlay-gradient":""},"mobile":{"background-color":"","background-image":"","background-repeat":"repeat","background-position":"center center","background-size":"auto","background-attachment":"scroll","background-type":"","background-media":"","overlay-type":"","overlay-color":"","overlay-opacity":"","overlay-gradient":""}},"ast-content-background-meta":{"desktop":{"background-color":"var(--ast-global-color-5)","background-image":"","background-repeat":"repeat","background-position":"center center","background-size":"auto","background-attachment":"scroll","background-type":"","background-media":"","overlay-type":"","overlay-color":"","overlay-opacity":"","overlay-gradient":""},"tablet":{"background-color":"var(--ast-global-color-5)","background-image":"","background-repeat":"repeat","background-position":"center center","background-size":"auto","background-attachment":"scroll","background-type":"","background-media":"","overlay-type":"","overlay-color":"","overlay-opacity":"","overlay-gradient":""},"mobile":{"background-color":"var(--ast-global-color-5)","background-image":"","background-repeat":"repeat","background-position":"center center","background-size":"auto","background-attachment":"scroll","background-type":"","background-media":"","overlay-type":"","overlay-color":"","overlay-opacity":"","overlay-gradient":""}}},"product_brand":[],"product_cat":[1206,1183,432,1184,403,433,414],"product_tag":[],"class_list":{"0":"post-7316","1":"product","2":"type-product","3":"status-publish","4":"has-post-thumbnail","6":"product_cat-fabric-for-bag","7":"product_cat-fabric-for-horse-blankets","8":"product_cat-fabric-for-tent","9":"product_cat-oxford-fabric","10":"product_cat-polyester-fabrics","11":"product_cat-textile-for-industrial","12":"product_cat-waterproof-fabrics","13":"pa_available_colors-911052-spc","14":"desktop-align-left","15":"tablet-align-left","16":"mobile-align-left","17":"ast-product-gallery-layout-vertical-slider","18":"ast-product-tabs-layout-horizontal","20":"first","21":"instock","22":"shipping-taxable","23":"product-type-simple"},"uagb_featured_image_src":{"full":["https:\/\/www.sikortex.com\/wp-content\/uploads\/2024\/11\/polyester-ripstop-oxford.jpg",800,800,false],"thumbnail":["https:\/\/www.sikortex.com\/wp-content\/uploads\/2024\/11\/polyester-ripstop-oxford-150x150.jpg",150,150,true],"medium":["https:\/\/www.sikortex.com\/wp-content\/uploads\/2024\/11\/polyester-ripstop-oxford-300x300.jpg",300,300,true],"medium_large":["https:\/\/www.sikortex.com\/wp-content\/uploads\/2024\/11\/polyester-ripstop-oxford-768x768.jpg",768,768,true],"large":["https:\/\/www.sikortex.com\/wp-content\/uploads\/2024\/11\/polyester-ripstop-oxford.jpg",800,800,false],"1536x1536":["https:\/\/www.sikortex.com\/wp-content\/uploads\/2024\/11\/polyester-ripstop-oxford.jpg",800,800,false],"2048x2048":["https:\/\/www.sikortex.com\/wp-content\/uploads\/2024\/11\/polyester-ripstop-oxford.jpg",800,800,false],"trp-custom-language-flag":["https:\/\/www.sikortex.com\/wp-content\/uploads\/2024\/11\/polyester-ripstop-oxford-12x12.jpg",12,12,true],"woocommerce_thumbnail":["https:\/\/www.sikortex.com\/wp-content\/uploads\/2024\/11\/polyester-ripstop-oxford-300x300.jpg",300,300,true],"woocommerce_single":["https:\/\/www.sikortex.com\/wp-content\/uploads\/2024\/11\/polyester-ripstop-oxford-600x600.jpg",600,600,true],"woocommerce_gallery_thumbnail":["https:\/\/www.sikortex.com\/wp-content\/uploads\/2024\/11\/polyester-ripstop-oxford-100x100.jpg",100,100,true]},"uagb_author_info":{"display_name":"Perry","author_link":"https:\/\/www.sikortex.com\/it\/author\/"},"uagb_comment_info":0,"uagb_excerpt":"1200 Meters(Min.Order)","_links":{"self":[{"href":"https:\/\/www.sikortex.com\/it\/wp-json\/wp\/v2\/product\/7316","targetHints":{"allow":["GET"]}}],"collection":[{"href":"https:\/\/www.sikortex.com\/it\/wp-json\/wp\/v2\/product"}],"about":[{"href":"https:\/\/www.sikortex.com\/it\/wp-json\/wp\/v2\/types\/product"}],"replies":[{"embeddable":true,"href":"https:\/\/www.sikortex.com\/it\/wp-json\/wp\/v2\/comments?post=7316"}],"wp:featuredmedia":[{"embeddable":true,"href":"https:\/\/www.sikortex.com\/it\/wp-json\/wp\/v2\/media\/7235"}],"wp:attachment":[{"href":"https:\/\/www.sikortex.com\/it\/wp-json\/wp\/v2\/media?parent=7316"}],"wp:term":[{"taxonomy":"product_brand","embeddable":true,"href":"https:\/\/www.sikortex.com\/it\/wp-json\/wp\/v2\/product_brand?post=7316"},{"taxonomy":"product_cat","embeddable":true,"href":"https:\/\/www.sikortex.com\/it\/wp-json\/wp\/v2\/product_cat?post=7316"},{"taxonomy":"product_tag","embeddable":true,"href":"https:\/\/www.sikortex.com\/it\/wp-json\/wp\/v2\/product_tag?post=7316"}],"curies":[{"name":"wp","href":"https:\/\/api.w.org\/{rel}","templated":true}]}}