{"id":7172,"date":"2024-11-20T14:51:51","date_gmt":"2024-11-20T06:51:51","guid":{"rendered":"https:\/\/www.sikortex.com\/?post_type=product&#038;p=7172"},"modified":"2024-12-24T11:12:56","modified_gmt":"2024-12-24T03:12:56","slug":"sk8362-tessuto-oxford-ignifugo-7","status":"publish","type":"product","link":"https:\/\/www.sikortex.com\/it\/prodotto\/sk8362-tessuto-oxford-ignifugo-7\/","title":{"rendered":"Tessuto Soft Shell in Nylon Spandex per coperte per cavalli"},"content":{"rendered":"<p>Il tessuto soft shell in nylon spandex per coperte da cavallo ha una struttura a tre strati. L'esterno \u00e8 in nylon spandex, la parte centrale \u00e8 una membrana impermeabile e traspirante di alta qualit\u00e0, mentre l'interno \u00e8 in pile di poliestere, che garantisce comfort e funzionalit\u00e0.<\/p>\n<h5 class=\"auto-hide-last-sibling-br paragraph-u1TS5p paragraph-element br-paragraph-space\">Caratteristiche:<\/h5>\n<p>&nbsp;<\/p>\n<ol class=\"auto-hide-last-sibling-br\">\n<li>Nylon spandex rinforzato ed elasticizzato in quattro direzioni, adatto ai cavalli per correre liberamente. L'esclusiva propriet\u00e0 di elasticit\u00e0 a quattro vie di questo tessuto \u00e8 una caratteristica notevole. Permette alla coperta di adattarsi a ogni movimento del cavallo, sia che si tratti di uno sprint improvviso, di una brusca virata o di un salto in alto. Questa elasticit\u00e0 fa s\u00ec che la coperta non limiti la naturale gamma di movimenti del cavallo, offrendo il massimo comfort e libert\u00e0 durante l'esercizio e le attivit\u00e0 quotidiane. \u00c8 come una seconda pelle per il cavallo che si muove con lui, migliorandone le prestazioni e il benessere generale.<\/li>\n<\/ol>\n<p>&nbsp;<\/p>\n<div class=\"auto-hide-last-sibling-br paragraph-u1TS5p paragraph-element br-paragraph-space\"><strong>Eccezionale durata per un uso intensivo<\/strong><\/div>\n<p>&nbsp;<\/p>\n<ol class=\"auto-hide-last-sibling-br\" start=\"2\">\n<li>Nylon spandex per coperte da cavallo, il materiale in nylon \u00e8 altamente resistente all'abrasione e agli strappi. I cavalli sono animali attivi e le loro coperte sono costantemente esposte a vari terreni e a potenziali fonti di danni. Il nylon di questo tessuto soft shell \u00e8 stato scelto appositamente per la sua capacit\u00e0 di resistere ai rigori della vita equestre. Pu\u00f2 sopportare l'attrito contro superfici ruvide, l'impatto con rami o altri oggetti e l'usura generale dovuta allo stile di vita attivo di un cavallo. Questa resistenza significa che la coperta per cavalli durer\u00e0 pi\u00f9 a lungo, risparmiando al proprietario il costo e il fastidio di frequenti sostituzioni.<\/li>\n<\/ol>\n<p>&nbsp;<\/p>\n<div class=\"auto-hide-last-sibling-br paragraph-u1TS5p paragraph-element br-paragraph-space\"><strong>Design innovativo ispirato all'abbigliamento outdoor<\/strong><\/div>\n<p>&nbsp;<\/p>\n<ol class=\"auto-hide-last-sibling-br\" start=\"3\">\n<li>Basandosi sul concetto di design dell'abbigliamento soft shell per esterni, \u00e8 leggero, impermeabile e traspirante. La massima resistenza alla pressione idrostatica raggiunge oltre 10.000 mm e la massima permeabilit\u00e0 al vapore acqueo (MVP) \u00e8 superiore a 10.000 g\u33a1. L'ispirazione dall'abbigliamento outdoor ha portato a una coperta per cavalli che combina funzionalit\u00e0 e comfort. La leggerezza del tessuto non appesantisce il cavallo, consentendogli di muoversi pi\u00f9 facilmente. L'elevato grado di impermeabilit\u00e0 garantisce che il cavallo rimanga asciutto anche in caso di pioggia battente o di condizioni umide, mentre l'eccellente traspirabilit\u00e0 impedisce il surriscaldamento e l'accumulo di umidit\u00e0 sotto la coperta. Questo equilibrio \u00e8 fondamentale per mantenere la temperatura corporea e la salute generale del cavallo.<\/li>\n<\/ol>\n<p>&nbsp;<\/p>\n<div class=\"auto-hide-last-sibling-br paragraph-u1TS5p paragraph-element br-paragraph-space\"><strong>Texture superiore e piacevolezza tattile<\/strong><\/div>\n<p>&nbsp;<\/p>\n<ol class=\"auto-hide-last-sibling-br\" start=\"4\">\n<li>Il tessuto \u00e8 robusto e raffinato al tempo stesso, con una texture di alta qualit\u00e0 e una mano liscia al tatto. Non solo fornisce un'eccellente protezione, ma conferisce anche un aspetto esteticamente gradevole. La combinazione di resistenza e finezza del tessuto testimonia la sua qualit\u00e0. La sensazione di mano liscia non solo \u00e8 piacevole al tatto, ma indica anche che il tessuto ha meno probabilit\u00e0 di causare irritazioni o fastidi alla pelle del cavallo. La consistenza e l'aspetto complessivo della coperta per cavalli aggiungono un tocco di eleganza, rendendola un accessorio pratico ed elegante per qualsiasi cavallo.<\/li>\n<\/ol>","protected":false},"excerpt":{"rendered":"<p>1200 metri (ordine minimo)<\/p>","protected":false},"featured_media":7188,"comment_status":"closed","ping_status":"closed","template":"","meta":{"_uag_custom_page_level_css":"","site-sidebar-layout":"default","site-content-layout":"default","ast-site-content-layout":"","site-content-style":"default","site-sidebar-style":"default","ast-global-header-display":"","ast-banner-title-visibility":"","ast-main-header-display":"","ast-hfb-above-header-display":"","ast-hfb-below-header-display":"","ast-hfb-mobile-header-display":"","site-post-title":"","ast-breadcrumbs-content":"","ast-featured-img":"","footer-sml-layout":"","theme-transparent-header-meta":"default","adv-header-id-meta":"","stick-header-meta":"default","header-above-stick-meta":"","header-main-stick-meta":"","header-below-stick-meta":"","astra-migrate-meta-layouts":"default","ast-page-background-enabled":"default","ast-page-background-meta":{"desktop":{"background-color":"","background-image":"","background-repeat":"repeat","background-position":"center center","background-size":"auto","background-attachment":"scroll","background-type":"","background-media":"","overlay-type":"","overlay-color":"","overlay-opacity":"","overlay-gradient":""},"tablet":{"background-color":"","background-image":"","background-repeat":"repeat","background-position":"center center","background-size":"auto","background-attachment":"scroll","background-type":"","background-media":"","overlay-type":"","overlay-color":"","overlay-opacity":"","overlay-gradient":""},"mobile":{"background-color":"","background-image":"","background-repeat":"repeat","background-position":"center center","background-size":"auto","background-attachment":"scroll","background-type":"","background-media":"","overlay-type":"","overlay-color":"","overlay-opacity":"","overlay-gradient":""}},"ast-content-background-meta":{"desktop":{"background-color":"var(--ast-global-color-5)","background-image":"","background-repeat":"repeat","background-position":"center center","background-size":"auto","background-attachment":"scroll","background-type":"","background-media":"","overlay-type":"","overlay-color":"","overlay-opacity":"","overlay-gradient":""},"tablet":{"background-color":"var(--ast-global-color-5)","background-image":"","background-repeat":"repeat","background-position":"center center","background-size":"auto","background-attachment":"scroll","background-type":"","background-media":"","overlay-type":"","overlay-color":"","overlay-opacity":"","overlay-gradient":""},"mobile":{"background-color":"var(--ast-global-color-5)","background-image":"","background-repeat":"repeat","background-position":"center center","background-size":"auto","background-attachment":"scroll","background-type":"","background-media":"","overlay-type":"","overlay-color":"","overlay-opacity":"","overlay-gradient":""}}},"product_brand":[],"product_cat":[426,1183,421,404,427,414],"product_tag":[],"class_list":{"0":"post-7172","1":"product","2":"type-product","3":"status-publish","4":"has-post-thumbnail","6":"product_cat-constructionmining","7":"product_cat-fabric-for-horse-blankets","8":"product_cat-foul-weather-fabrics","9":"product_cat-nylon-fabrics","10":"product_cat-petroleum-and-petrochemical","11":"product_cat-waterproof-fabrics","12":"pa_available_colors-911052-spc","13":"desktop-align-left","14":"tablet-align-left","15":"mobile-align-left","16":"ast-product-gallery-layout-vertical-slider","17":"ast-product-tabs-layout-horizontal","19":"first","20":"instock","21":"shipping-taxable","22":"product-type-simple"},"uagb_featured_image_src":{"full":["https:\/\/www.sikortex.com\/wp-content\/uploads\/2024\/11\/\u5fae\u4fe1\u56fe\u7247_20241129134815-scaled.jpg",2560,2560,false],"thumbnail":["https:\/\/www.sikortex.com\/wp-content\/uploads\/2024\/11\/\u5fae\u4fe1\u56fe\u7247_20241129134815-150x150.jpg",150,150,true],"medium":["https:\/\/www.sikortex.com\/wp-content\/uploads\/2024\/11\/\u5fae\u4fe1\u56fe\u7247_20241129134815-300x300.jpg",300,300,true],"medium_large":["https:\/\/www.sikortex.com\/wp-content\/uploads\/2024\/11\/\u5fae\u4fe1\u56fe\u7247_20241129134815-768x768.jpg",768,768,true],"large":["https:\/\/www.sikortex.com\/wp-content\/uploads\/2024\/11\/\u5fae\u4fe1\u56fe\u7247_20241129134815-1024x1024.jpg",1024,1024,true],"1536x1536":["https:\/\/www.sikortex.com\/wp-content\/uploads\/2024\/11\/\u5fae\u4fe1\u56fe\u7247_20241129134815-1536x1536.jpg",1536,1536,true],"2048x2048":["https:\/\/www.sikortex.com\/wp-content\/uploads\/2024\/11\/\u5fae\u4fe1\u56fe\u7247_20241129134815-2048x2048.jpg",2048,2048,true],"trp-custom-language-flag":["https:\/\/www.sikortex.com\/wp-content\/uploads\/2024\/11\/\u5fae\u4fe1\u56fe\u7247_20241129134815-12x12.jpg",12,12,true],"woocommerce_thumbnail":["https:\/\/www.sikortex.com\/wp-content\/uploads\/2024\/11\/\u5fae\u4fe1\u56fe\u7247_20241129134815-300x300.jpg",300,300,true],"woocommerce_single":["https:\/\/www.sikortex.com\/wp-content\/uploads\/2024\/11\/\u5fae\u4fe1\u56fe\u7247_20241129134815-600x600.jpg",600,600,true],"woocommerce_gallery_thumbnail":["https:\/\/www.sikortex.com\/wp-content\/uploads\/2024\/11\/\u5fae\u4fe1\u56fe\u7247_20241129134815-100x100.jpg",100,100,true]},"uagb_author_info":{"display_name":"Sandy","author_link":"https:\/\/www.sikortex.com\/it\/author\/"},"uagb_comment_info":0,"uagb_excerpt":"1200 Meters(Min.Order)","_links":{"self":[{"href":"https:\/\/www.sikortex.com\/it\/wp-json\/wp\/v2\/product\/7172","targetHints":{"allow":["GET"]}}],"collection":[{"href":"https:\/\/www.sikortex.com\/it\/wp-json\/wp\/v2\/product"}],"about":[{"href":"https:\/\/www.sikortex.com\/it\/wp-json\/wp\/v2\/types\/product"}],"replies":[{"embeddable":true,"href":"https:\/\/www.sikortex.com\/it\/wp-json\/wp\/v2\/comments?post=7172"}],"wp:featuredmedia":[{"embeddable":true,"href":"https:\/\/www.sikortex.com\/it\/wp-json\/wp\/v2\/media\/7188"}],"wp:attachment":[{"href":"https:\/\/www.sikortex.com\/it\/wp-json\/wp\/v2\/media?parent=7172"}],"wp:term":[{"taxonomy":"product_brand","embeddable":true,"href":"https:\/\/www.sikortex.com\/it\/wp-json\/wp\/v2\/product_brand?post=7172"},{"taxonomy":"product_cat","embeddable":true,"href":"https:\/\/www.sikortex.com\/it\/wp-json\/wp\/v2\/product_cat?post=7172"},{"taxonomy":"product_tag","embeddable":true,"href":"https:\/\/www.sikortex.com\/it\/wp-json\/wp\/v2\/product_tag?post=7172"}],"curies":[{"name":"wp","href":"https:\/\/api.w.org\/{rel}","templated":true}]}}