{"id":7109,"date":"2024-09-12T10:56:24","date_gmt":"2024-09-12T02:56:24","guid":{"rendered":"https:\/\/www.sikortex.com\/?post_type=product&#038;p=7109"},"modified":"2025-08-18T14:03:51","modified_gmt":"2025-08-18T06:03:51","slug":"sk8344-tessuto-poliestere-cotone-stretch-7","status":"publish","type":"product","link":"https:\/\/www.sikortex.com\/it\/prodotto\/sk8344-tessuto-poliestere-cotone-stretch-7\/","title":{"rendered":"Tessuto acrilico tinto in soluzione per tenda da sole"},"content":{"rendered":"<p>Tessuto acrilico tinto in soluzione: qualit\u00e0 eccezionale per le tue esigenze<\/p>\n<p>Quando si tratta di tessuti, <a href=\"https:\/\/www.sikortex.com\/it\/tessuti-anti-infrarossi-3\/\"><span style=\"color: #3366ff;\">tessuto acrilico tinto in massa<\/span><\/a> \u00e8 un&#039;opzione eccezionale con una serie di caratteristiche che la rendono estremamente desiderabile.<\/p>\n<p><strong>Vantaggi<\/strong>:<\/p>\n<p>La solidit\u00e0 del colore dei nostri <a href=\"https:\/\/www.sikortex.com\/it\/tessuti-anti-infrarossi-3\/\"><span style=\"color: #3366ff;\">tessuto acrilico tinto in massa<\/span><\/a> per <a href=\"https:\/\/www.sikortex.com\/it\/produttore-di-tessuti-per-tende-da-sole\/\"><span style=\"color: #3366ff;\">Tenda da sole<\/span><\/a> \u00e8 davvero notevole. Con la capacit\u00e0 di <a href=\"\/it\/tessuto-oxford-tinto-in-soluzione\/\"><span style=\"color: #3366ff;\">resistere ai raggi UV<\/span><\/a> testato per oltre 1500 ore senza sbiadire, questo tessuto assicura che le sue tonalit\u00e0 vivaci dureranno per pi\u00f9 di 5 anni. Questa longevit\u00e0 del colore \u00e8 un vantaggio significativo, soprattutto per gli articoli esposti regolarmente alla luce solare o a un&#039;illuminazione intensa. Che si tratti di mobili da esterno o di elementi decorativi, puoi fidarti che i tessuti For <a href=\"https:\/\/www.sikortex.com\/it\/produttore-di-tessuti-per-tende-da-sole\/\"><span style=\"color: #3366ff;\">Tenda da sole<\/span><\/a> manterr\u00e0 il suo fascino estetico.<\/p>\n<p>La flessibilit\u00e0 negli ordini \u00e8 un altro vantaggio fondamentale. La nostra quantit\u00e0 minima d&#039;ordine \u00e8 molto accomodante, consentendo sia ai clienti su piccola scala che a quelli su larga scala di accedere al nostro tessuto di alta qualit\u00e0. La larghezza standard di 120 cm\/150 cm \u00e8 comoda e l&#039;opzione di personalizzare larghezze e colori in base a requisiti specifici offre ai nostri clienti la libert\u00e0 di creare prodotti unici e personalizzati.<\/p>\n<p>La finitura in Teflon sul tessuto fornisce un&#039;eccellente protezione. \u00c8 <a href=\"https:\/\/www.sikortex.com\/it\/tessuto-oleorepellente\/\"><span style=\"color: #3366ff;\">a prova di olio<\/span><\/a>, antimacchia e impermeabile. Ci\u00f2 significa che le fuoriuscite accidentali o l&#039;esposizione a varie sostanze possono essere gestite facilmente. Spesso basta una semplice passata per rimuovere le macchie, rendendo la manutenzione un gioco da ragazzi. Questa caratteristica \u00e8 particolarmente preziosa in ambienti in cui \u00e8 probabile che il tessuto incontri sporcizia o umidit\u00e0.<\/p>\n<p><strong>Applicazioni<\/strong>:<\/p>\n<p>Le applicazioni di <span style=\"color: #3366ff;\"><a style=\"color: #3366ff;\" href=\"https:\/\/www.sikortex.com\/it\/tessuti-anti-infrarossi-3\/\">tessuto acrilico tinto in massa<\/a><\/span> sono diversi. Nello spazio abitativo all&#039;aperto, sono perfetti per cuscini da patio, ombrelloni e tende da esterno. La resistenza ai raggi UV e la natura impermeabile del tessuto assicurano che i tuoi mobili e decorazioni da esterno rimangano belli nonostante gli elementi. Nel mondo della nautica, possono essere utilizzati per coperture e vele per barche, poich\u00e9 possono resistere alle dure condizioni del mare. Per gli interni domestici, sono ideali per realizzare tende, tappeti e rivestimenti. La durevolezza del tessuto e le sue propriet\u00e0 facili da pulire lo rendono una scelta pratica per le famiglie. Nel settore commerciale, possono essere utilizzati in hotel, ristoranti e bar per tovaglie e coprisedie.<\/p>\n<p>In sintesi, <a href=\"https:\/\/www.sikortex.com\/it\/tessuti-anti-infrarossi-3\/\"><span style=\"color: #3366ff;\">tessuto acrilico tinto in massa<\/span><\/a> offrono una combinazione unica di vantaggi. La loro solidit\u00e0 del colore, flessibilit\u00e0 negli ordini e finitura protettiva li rendono una scelta eccellente per un&#039;ampia gamma di applicazioni. Nonostante il piccolo problema di traspirabilit\u00e0 in alcuni casi, la loro qualit\u00e0 complessiva e le loro prestazioni sono davvero eccezionali. <a href=\"https:\/\/www.sikortex.com\/it\/contattaci\/\"><span style=\"color: #3366ff;\">Contattaci<\/span><\/a> oggi per scoprire come questi tessuti possono valorizzare i tuoi progetti.<\/p>\n<h4 style=\"text-align: center;\">SIKOR-TEX Tessuto acrilico tinto in soluzione TDS<\/h4>\n<table style=\"height: 757px;\" width=\"1333\">\n<tbody>\n<tr>\n<td style=\"text-align: center;\" width=\"271\"><strong>Articoli di prova<\/strong><\/td>\n<td style=\"text-align: center;\" width=\"229\"><strong>Metodo di prova<\/strong><\/td>\n<td style=\"text-align: center;\" width=\"218\"><strong>Requisito<\/strong><\/td>\n<\/tr>\n<tr>\n<td style=\"text-align: center;\">Larghezza del rotolo<\/td>\n<td style=\"text-align: center;\"><\/td>\n<td style=\"text-align: center;\" width=\"218\">54\u2033-61\u2033\/137-155cm(\u00b12cm)<\/td>\n<\/tr>\n<tr>\n<td style=\"text-align: center;\" width=\"271\">Lunghezza del rotolo (media)<\/td>\n<td style=\"text-align: center;\"><\/td>\n<td style=\"text-align: center;\" width=\"218\">50 metri<\/td>\n<\/tr>\n<tr>\n<td style=\"text-align: center;\" width=\"271\">Composizione<\/td>\n<td style=\"text-align: center;\"><\/td>\n<td style=\"text-align: center;\" width=\"218\">100%Solution acrilico tinto<\/td>\n<\/tr>\n<tr>\n<td style=\"text-align: center;\">Peso<\/td>\n<td style=\"text-align: center;\"><\/td>\n<td style=\"text-align: center;\" width=\"218\">220-400 g\/m\u00b2<\/td>\n<\/tr>\n<tr>\n<td style=\"text-align: center;\" width=\"271\">Solidit\u00e0 del colore allo sfregamento<\/td>\n<td style=\"text-align: center;\">Norma ISO 105-X12:2016<\/td>\n<td style=\"text-align: center;\" width=\"218\">Colorazione a secco 4-5<br \/>\nColorazione umida 4-5<\/td>\n<\/tr>\n<tr>\n<td style=\"text-align: center;\" width=\"271\">Solidit\u00e0 del colore alla luce<\/td>\n<td style=\"text-align: center;\" width=\"229\">Norma ISO 105-B02:2014<\/td>\n<td style=\"text-align: center;\">8<\/td>\n<\/tr>\n<tr>\n<td style=\"text-align: center;\" width=\"271\">Solidit\u00e0 del colore agli agenti atmosferici<\/td>\n<td style=\"text-align: center;\">Norma ISO 105-B04:1994<\/td>\n<td style=\"text-align: center;\">7<\/td>\n<\/tr>\n<tr>\n<td style=\"text-align: center;\" width=\"271\">Solidit\u00e0 del colore alla luce<br \/>\n(Dopo 1500 ore cambio Shad)<\/td>\n<td style=\"text-align: center;\" width=\"229\">Italiano:<br \/>\nOpzione 3; Lampada ad arco allo xeno<\/td>\n<td style=\"text-align: center;\" width=\"218\">4<\/td>\n<\/tr>\n<tr>\n<td style=\"text-align: center;\" width=\"271\">Idrorepellente<br \/>\n20\u00b12\u2103<\/td>\n<td style=\"text-align: center;\">1SO 4920:2012(E)Prova di spruzzo<\/td>\n<td style=\"text-align: center;\" width=\"218\">4-5<\/td>\n<\/tr>\n<tr>\n<td style=\"text-align: center;\" width=\"271\">Repellente per alcol\/acqua<br \/>\n0,6 cm 10 s 45\u00b0<\/td>\n<td style=\"text-align: center;\">193\u00b0 Congresso Nazionale dell&#039;A.T.A.T.C. 193<\/td>\n<td style=\"text-align: center;\">4<\/td>\n<\/tr>\n<tr>\n<td style=\"text-align: center;\" width=\"271\">Repellente per olio<br \/>\n0,6 cm 30 s 45\u00b0 27,3 mN\/m<\/td>\n<td style=\"text-align: center;\">118\u00b0 Congresso Nazionale AATCC<\/td>\n<td style=\"text-align: center;\">3<\/td>\n<\/tr>\n<tr>\n<td style=\"text-align: center;\">Classificazione UPF<\/td>\n<td style=\"text-align: center;\">Associazione AATCC 183-2014<\/td>\n<td style=\"text-align: center;\" width=\"218\">50+<\/td>\n<\/tr>\n<\/tbody>\n<\/table>\n<p>&nbsp;<\/p>\n<p>&nbsp;<\/p>\n<p>&nbsp;<\/p>\n<p>&nbsp;<\/p>\n<p>&nbsp;<\/p>","protected":false},"excerpt":{"rendered":"<p><span style=\"vertical-align: inherit;\"><span style=\"vertical-align: inherit;\">1000 m (quantit\u00e0 minima)<\/span><\/span><\/p>","protected":false},"featured_media":7107,"comment_status":"closed","ping_status":"closed","template":"","meta":{"_uag_custom_page_level_css":"","site-sidebar-layout":"default","site-content-layout":"default","ast-site-content-layout":"","site-content-style":"default","site-sidebar-style":"default","ast-global-header-display":"","ast-banner-title-visibility":"","ast-main-header-display":"","ast-hfb-above-header-display":"","ast-hfb-below-header-display":"","ast-hfb-mobile-header-display":"","site-post-title":"","ast-breadcrumbs-content":"","ast-featured-img":"","footer-sml-layout":"","theme-transparent-header-meta":"default","adv-header-id-meta":"","stick-header-meta":"default","header-above-stick-meta":"","header-main-stick-meta":"","header-below-stick-meta":"","astra-migrate-meta-layouts":"default","ast-page-background-enabled":"default","ast-page-background-meta":{"desktop":{"background-color":"","background-image":"","background-repeat":"repeat","background-position":"center center","background-size":"auto","background-attachment":"scroll","background-type":"","background-media":"","overlay-type":"","overlay-color":"","overlay-opacity":"","overlay-gradient":""},"tablet":{"background-color":"","background-image":"","background-repeat":"repeat","background-position":"center center","background-size":"auto","background-attachment":"scroll","background-type":"","background-media":"","overlay-type":"","overlay-color":"","overlay-opacity":"","overlay-gradient":""},"mobile":{"background-color":"","background-image":"","background-repeat":"repeat","background-position":"center center","background-size":"auto","background-attachment":"scroll","background-type":"","background-media":"","overlay-type":"","overlay-color":"","overlay-opacity":"","overlay-gradient":""}},"ast-content-background-meta":{"desktop":{"background-color":"var(--ast-global-color-5)","background-image":"","background-repeat":"repeat","background-position":"center center","background-size":"auto","background-attachment":"scroll","background-type":"","background-media":"","overlay-type":"","overlay-color":"","overlay-opacity":"","overlay-gradient":""},"tablet":{"background-color":"var(--ast-global-color-5)","background-image":"","background-repeat":"repeat","background-position":"center center","background-size":"auto","background-attachment":"scroll","background-type":"","background-media":"","overlay-type":"","overlay-color":"","overlay-opacity":"","overlay-gradient":""},"mobile":{"background-color":"var(--ast-global-color-5)","background-image":"","background-repeat":"repeat","background-position":"center center","background-size":"auto","background-attachment":"scroll","background-type":"","background-media":"","overlay-type":"","overlay-color":"","overlay-opacity":"","overlay-gradient":""}}},"product_brand":[],"product_cat":[1169,1126,1218,433,1697,414],"product_tag":[],"class_list":{"0":"post-7109","1":"product","2":"type-product","3":"status-publish","4":"has-post-thumbnail","6":"product_cat-solution-dyed-acrylic-fabric","7":"product_cat-fabric-for-awning","8":"product_cat-marine-fabrics","9":"product_cat-textile-for-industrial","10":"product_cat-uv-protection-fabric","11":"product_cat-waterproof-fabrics","12":"pa_available_colors-1526-03","13":"pa_available_colors-1526-07","14":"pa_available_colors-1526-39","15":"pa_available_colors-1526-42","16":"pa_available_colors-1526-43","17":"pa_available_colors-1526-48","18":"pa_available_colors-1526-49","19":"pa_available_colors-1526-50","20":"pa_available_colors-1526-51","21":"pa_available_colors-1526-52","22":"desktop-align-left","23":"tablet-align-left","24":"mobile-align-left","25":"ast-product-gallery-layout-vertical-slider","26":"ast-product-tabs-layout-horizontal","28":"first","29":"instock","30":"shipping-taxable","31":"product-type-simple"},"uagb_featured_image_src":{"full":["https:\/\/www.sikortex.com\/wp-content\/uploads\/2024\/09\/Liquid-dyed-acrylic-fabric-no-fading-for-10-years.png",800,596,false],"thumbnail":["https:\/\/www.sikortex.com\/wp-content\/uploads\/2024\/09\/Liquid-dyed-acrylic-fabric-no-fading-for-10-years-150x150.png",150,150,true],"medium":["https:\/\/www.sikortex.com\/wp-content\/uploads\/2024\/09\/Liquid-dyed-acrylic-fabric-no-fading-for-10-years-300x224.png",300,224,true],"medium_large":["https:\/\/www.sikortex.com\/wp-content\/uploads\/2024\/09\/Liquid-dyed-acrylic-fabric-no-fading-for-10-years-768x572.png",768,572,true],"large":["https:\/\/www.sikortex.com\/wp-content\/uploads\/2024\/09\/Liquid-dyed-acrylic-fabric-no-fading-for-10-years.png",800,596,false],"1536x1536":["https:\/\/www.sikortex.com\/wp-content\/uploads\/2024\/09\/Liquid-dyed-acrylic-fabric-no-fading-for-10-years.png",800,596,false],"2048x2048":["https:\/\/www.sikortex.com\/wp-content\/uploads\/2024\/09\/Liquid-dyed-acrylic-fabric-no-fading-for-10-years.png",800,596,false],"trp-custom-language-flag":["https:\/\/www.sikortex.com\/wp-content\/uploads\/2024\/09\/Liquid-dyed-acrylic-fabric-no-fading-for-10-years-16x12.png",16,12,true],"woocommerce_thumbnail":["https:\/\/www.sikortex.com\/wp-content\/uploads\/2024\/09\/Liquid-dyed-acrylic-fabric-no-fading-for-10-years-300x300.png",300,300,true],"woocommerce_single":["https:\/\/www.sikortex.com\/wp-content\/uploads\/2024\/09\/Liquid-dyed-acrylic-fabric-no-fading-for-10-years-600x447.png",600,447,true],"woocommerce_gallery_thumbnail":["https:\/\/www.sikortex.com\/wp-content\/uploads\/2024\/09\/Liquid-dyed-acrylic-fabric-no-fading-for-10-years-100x100.png",100,100,true]},"uagb_author_info":{"display_name":"Perry","author_link":"https:\/\/www.sikortex.com\/it\/author\/"},"uagb_comment_info":0,"uagb_excerpt":"1000 m\uff08MOQ\uff09","_links":{"self":[{"href":"https:\/\/www.sikortex.com\/it\/wp-json\/wp\/v2\/product\/7109","targetHints":{"allow":["GET"]}}],"collection":[{"href":"https:\/\/www.sikortex.com\/it\/wp-json\/wp\/v2\/product"}],"about":[{"href":"https:\/\/www.sikortex.com\/it\/wp-json\/wp\/v2\/types\/product"}],"replies":[{"embeddable":true,"href":"https:\/\/www.sikortex.com\/it\/wp-json\/wp\/v2\/comments?post=7109"}],"wp:featuredmedia":[{"embeddable":true,"href":"https:\/\/www.sikortex.com\/it\/wp-json\/wp\/v2\/media\/7107"}],"wp:attachment":[{"href":"https:\/\/www.sikortex.com\/it\/wp-json\/wp\/v2\/media?parent=7109"}],"wp:term":[{"taxonomy":"product_brand","embeddable":true,"href":"https:\/\/www.sikortex.com\/it\/wp-json\/wp\/v2\/product_brand?post=7109"},{"taxonomy":"product_cat","embeddable":true,"href":"https:\/\/www.sikortex.com\/it\/wp-json\/wp\/v2\/product_cat?post=7109"},{"taxonomy":"product_tag","embeddable":true,"href":"https:\/\/www.sikortex.com\/it\/wp-json\/wp\/v2\/product_tag?post=7109"}],"curies":[{"name":"wp","href":"https:\/\/api.w.org\/{rel}","templated":true}]}}