{"id":6995,"date":"2024-08-26T11:12:18","date_gmt":"2024-08-26T03:12:18","guid":{"rendered":"https:\/\/www.sikortex.com\/?post_type=product&#038;p=6995"},"modified":"2025-04-17T14:02:10","modified_gmt":"2025-04-17T06:02:10","slug":"sk8344-tessuto-poliestere-cotone-stretch-3","status":"publish","type":"product","link":"https:\/\/www.sikortex.com\/it\/prodotto\/sk8344-tessuto-poliestere-cotone-stretch-3\/","title":{"rendered":"Tessuto elasticizzato ripstop in poliestere e cotone T400 per abbigliamento tattico"},"content":{"rendered":"<p>Produttore di tessuti ad alte prestazioni SIKOR-TEX<\/p>\n<p>Il tessuto elasticizzato ripstop in cotone poliestere T400 \u00e8 un materiale di alta qualit\u00e0, ideale per le uniformi tattiche della polizia e gli abiti da lavoro. \u00c8 comodo da indossare e facile da curare. \u00c8 molto durevole e resistente agli strappi, il che significa che pu\u00f2 sopportare l&#039;usura dell&#039;uso quotidiano. La funzione elasticizzata T400 offre ulteriore comfort e flessibilit\u00e0, rendendolo una scelta ideale per la polizia e altri professionisti che necessitano di una gamma completa di movimento.<\/p>\n<p>Inoltre, il tessuto \u00e8 in fibra di poliestere 80%, che ha un&#039;elevata resistenza all&#039;usura e una buona elasticit\u00e0 nella direzione laterale. Il tasso di allungamento elastico supera 23% e il contenuto di cotone 20% offre comfort garantendo al contempo resistenza. Ulteriori processi di finitura speciali come resistenza ai raggi UV, assorbimento del sudore e asciugatura rapida, idrorepellente senza fluoro, oleorepellente, Teflon e altri processi di finitura offrono pi\u00f9 opzioni funzionali al tessuto.<br \/>\nQuesto tessuto \u00e8 un&#039;applicazione rivoluzionaria della pi\u00f9 recente tecnologia in fibra di poliestere elasticizzato T400. \u00c8 leggero pur mantenendo resistenza e spessore, il che pu\u00f2 ridurre il carico di soldati o ufficiali di polizia e altro personale, e la tendenza di attrezzature leggere in futuro.<\/p>\n<p>Nel complesso, il tessuto elasticizzato T400 Ripstop per abbigliamento tattico \u00e8 un materiale versatile e durevole, adatto a un&#039;ampia gamma di applicazioni. Le sue caratteristiche uniche lo rendono una scelta ideale per camicie e pantaloni tattici, offrendo comfort e durevolezza per l&#039;uso quotidiano.<\/p>\n<p>Sfoglia di pi\u00f9 <a href=\"https:\/\/www.sikortex.com\/it\/military-fabric-ripstop-fabric\/\">materiali antistrappo<\/a><\/p>","protected":false},"excerpt":{"rendered":"<p>1000 metri (ordine minimo)<\/p>","protected":false},"featured_media":6817,"comment_status":"closed","ping_status":"closed","template":"","meta":{"_uag_custom_page_level_css":"","site-sidebar-layout":"default","site-content-layout":"default","ast-site-content-layout":"default","site-content-style":"default","site-sidebar-style":"default","ast-global-header-display":"","ast-banner-title-visibility":"","ast-main-header-display":"","ast-hfb-above-header-display":"","ast-hfb-below-header-display":"","ast-hfb-mobile-header-display":"","site-post-title":"","ast-breadcrumbs-content":"","ast-featured-img":"","footer-sml-layout":"","theme-transparent-header-meta":"default","adv-header-id-meta":"","stick-header-meta":"default","header-above-stick-meta":"","header-main-stick-meta":"","header-below-stick-meta":"","astra-migrate-meta-layouts":"set","ast-page-background-enabled":"default","ast-page-background-meta":{"desktop":{"background-color":"","background-image":"","background-repeat":"repeat","background-position":"center center","background-size":"auto","background-attachment":"scroll","background-type":"","background-media":"","overlay-type":"","overlay-color":"","overlay-opacity":"","overlay-gradient":""},"tablet":{"background-color":"","background-image":"","background-repeat":"repeat","background-position":"center center","background-size":"auto","background-attachment":"scroll","background-type":"","background-media":"","overlay-type":"","overlay-color":"","overlay-opacity":"","overlay-gradient":""},"mobile":{"background-color":"","background-image":"","background-repeat":"repeat","background-position":"center center","background-size":"auto","background-attachment":"scroll","background-type":"","background-media":"","overlay-type":"","overlay-color":"","overlay-opacity":"","overlay-gradient":""}},"ast-content-background-meta":{"desktop":{"background-color":"var(--ast-global-color-5)","background-image":"","background-repeat":"repeat","background-position":"center center","background-size":"auto","background-attachment":"scroll","background-type":"","background-media":"","overlay-type":"","overlay-color":"","overlay-opacity":"","overlay-gradient":""},"tablet":{"background-color":"var(--ast-global-color-5)","background-image":"","background-repeat":"repeat","background-position":"center center","background-size":"auto","background-attachment":"scroll","background-type":"","background-media":"","overlay-type":"","overlay-color":"","overlay-opacity":"","overlay-gradient":""},"mobile":{"background-color":"var(--ast-global-color-5)","background-image":"","background-repeat":"repeat","background-position":"center center","background-size":"auto","background-attachment":"scroll","background-type":"","background-media":"","overlay-type":"","overlay-color":"","overlay-opacity":"","overlay-gradient":""}}},"product_brand":[],"product_cat":[423,403],"product_tag":[],"class_list":{"0":"post-6995","1":"product","2":"type-product","3":"status-publish","4":"has-post-thumbnail","6":"product_cat-fabric-for-military-police","7":"product_cat-polyester-fabrics","8":"pa_available_colors-1526-04","9":"pa_available_colors-1526-08","10":"pa_available_colors-8236-19","11":"pa_available_colors-8236-3","12":"pa_available_colors-911052-spc","13":"desktop-align-left","14":"tablet-align-left","15":"mobile-align-left","16":"ast-product-gallery-layout-vertical-slider","17":"ast-product-tabs-layout-horizontal","19":"first","20":"instock","21":"shipping-taxable","22":"product-type-simple"},"uagb_featured_image_src":{"full":["https:\/\/www.sikortex.com\/wp-content\/uploads\/2023\/06\/9ee724d85b21c5676c7af5e0991b710.jpg",800,800,false],"thumbnail":["https:\/\/www.sikortex.com\/wp-content\/uploads\/2023\/06\/9ee724d85b21c5676c7af5e0991b710-150x150.jpg",150,150,true],"medium":["https:\/\/www.sikortex.com\/wp-content\/uploads\/2023\/06\/9ee724d85b21c5676c7af5e0991b710-300x300.jpg",300,300,true],"medium_large":["https:\/\/www.sikortex.com\/wp-content\/uploads\/2023\/06\/9ee724d85b21c5676c7af5e0991b710-768x768.jpg",768,768,true],"large":["https:\/\/www.sikortex.com\/wp-content\/uploads\/2023\/06\/9ee724d85b21c5676c7af5e0991b710.jpg",800,800,false],"1536x1536":["https:\/\/www.sikortex.com\/wp-content\/uploads\/2023\/06\/9ee724d85b21c5676c7af5e0991b710.jpg",800,800,false],"2048x2048":["https:\/\/www.sikortex.com\/wp-content\/uploads\/2023\/06\/9ee724d85b21c5676c7af5e0991b710.jpg",800,800,false],"trp-custom-language-flag":["https:\/\/www.sikortex.com\/wp-content\/uploads\/2023\/06\/9ee724d85b21c5676c7af5e0991b710-12x12.jpg",12,12,true],"woocommerce_thumbnail":["https:\/\/www.sikortex.com\/wp-content\/uploads\/2023\/06\/9ee724d85b21c5676c7af5e0991b710-300x300.jpg",300,300,true],"woocommerce_single":["https:\/\/www.sikortex.com\/wp-content\/uploads\/2023\/06\/9ee724d85b21c5676c7af5e0991b710-600x600.jpg",600,600,true],"woocommerce_gallery_thumbnail":["https:\/\/www.sikortex.com\/wp-content\/uploads\/2023\/06\/9ee724d85b21c5676c7af5e0991b710-100x100.jpg",100,100,true]},"uagb_author_info":{"display_name":"Perry","author_link":"https:\/\/www.sikortex.com\/it\/author\/"},"uagb_comment_info":0,"uagb_excerpt":"1000 Meters(Min.Order)","_links":{"self":[{"href":"https:\/\/www.sikortex.com\/it\/wp-json\/wp\/v2\/product\/6995","targetHints":{"allow":["GET"]}}],"collection":[{"href":"https:\/\/www.sikortex.com\/it\/wp-json\/wp\/v2\/product"}],"about":[{"href":"https:\/\/www.sikortex.com\/it\/wp-json\/wp\/v2\/types\/product"}],"replies":[{"embeddable":true,"href":"https:\/\/www.sikortex.com\/it\/wp-json\/wp\/v2\/comments?post=6995"}],"wp:featuredmedia":[{"embeddable":true,"href":"https:\/\/www.sikortex.com\/it\/wp-json\/wp\/v2\/media\/6817"}],"wp:attachment":[{"href":"https:\/\/www.sikortex.com\/it\/wp-json\/wp\/v2\/media?parent=6995"}],"wp:term":[{"taxonomy":"product_brand","embeddable":true,"href":"https:\/\/www.sikortex.com\/it\/wp-json\/wp\/v2\/product_brand?post=6995"},{"taxonomy":"product_cat","embeddable":true,"href":"https:\/\/www.sikortex.com\/it\/wp-json\/wp\/v2\/product_cat?post=6995"},{"taxonomy":"product_tag","embeddable":true,"href":"https:\/\/www.sikortex.com\/it\/wp-json\/wp\/v2\/product_tag?post=6995"}],"curies":[{"name":"wp","href":"https:\/\/api.w.org\/{rel}","templated":true}]}}