{"id":6438,"date":"2023-10-19T15:14:14","date_gmt":"2023-10-19T07:14:14","guid":{"rendered":"https:\/\/www.sikortex.com\/?post_type=product&#038;p=6438"},"modified":"2025-02-17T17:41:30","modified_gmt":"2025-02-17T09:41:30","slug":"sk8362-tessuto-oxford-ignifugo-2","status":"publish","type":"product","link":"https:\/\/www.sikortex.com\/it\/prodotto\/sk8362-tessuto-oxford-ignifugo-2\/","title":{"rendered":"Tessuto in poliestere 420D Oxford PVC per tenda tendone"},"content":{"rendered":"<p>420D poliestere Oxford PVC per tenda da sole in tessuto<\/p>\n<p>SIKOR-TEX fornisce tessuti Oxford di varie specifiche, tra cui 210D, 300D, 420D, 600D, 1000D, 1680D, ecc., e rivestimenti in PVC, PVE, PU, PE. Il tessuto Oxford rivestito \u00e8 un tipo di tessuto tessile tradizionale utilizzato Tessuto trattato con rivestimento in PVC. Il rivestimento pu\u00f2 rendere la superficie del tessuto impermeabile, antiolio, anti-fouling e facile da pulire, ed \u00e8 adatto a vari usi come borse, tende a baldacchino, borse impermeabili e forniture per esterni.<\/p>\n<p>Grazie alla speciale post-finitura, il rivestimento pu\u00f2 resistere a centinaia di cicli di lavaggio senza staccarsi o screpolarsi, mantenendo sempre le sue caratteristiche di impermeabilit\u00e0.<\/p>\n<p>Sviluppiamo inoltre tessuti Oxford ad alta resistenza e otteniamo una maggiore resistenza alla rottura e allo strappo grazie alla progettazione Ripstop.<\/p>","protected":false},"excerpt":{"rendered":"<p>1200 metri (ordine minimo)<\/p>","protected":false},"featured_media":6442,"comment_status":"closed","ping_status":"closed","template":"","meta":{"_uag_custom_page_level_css":"","site-sidebar-layout":"default","site-content-layout":"default","ast-site-content-layout":"","site-content-style":"default","site-sidebar-style":"default","ast-global-header-display":"","ast-banner-title-visibility":"","ast-main-header-display":"","ast-hfb-above-header-display":"","ast-hfb-below-header-display":"","ast-hfb-mobile-header-display":"","site-post-title":"","ast-breadcrumbs-content":"","ast-featured-img":"","footer-sml-layout":"","theme-transparent-header-meta":"default","adv-header-id-meta":"","stick-header-meta":"default","header-above-stick-meta":"","header-main-stick-meta":"","header-below-stick-meta":"","astra-migrate-meta-layouts":"default","ast-page-background-enabled":"default","ast-page-background-meta":{"desktop":{"background-color":"","background-image":"","background-repeat":"repeat","background-position":"center center","background-size":"auto","background-attachment":"scroll","background-type":"","background-media":"","overlay-type":"","overlay-color":"","overlay-opacity":"","overlay-gradient":""},"tablet":{"background-color":"","background-image":"","background-repeat":"repeat","background-position":"center center","background-size":"auto","background-attachment":"scroll","background-type":"","background-media":"","overlay-type":"","overlay-color":"","overlay-opacity":"","overlay-gradient":""},"mobile":{"background-color":"","background-image":"","background-repeat":"repeat","background-position":"center center","background-size":"auto","background-attachment":"scroll","background-type":"","background-media":"","overlay-type":"","overlay-color":"","overlay-opacity":"","overlay-gradient":""}},"ast-content-background-meta":{"desktop":{"background-color":"var(--ast-global-color-5)","background-image":"","background-repeat":"repeat","background-position":"center center","background-size":"auto","background-attachment":"scroll","background-type":"","background-media":"","overlay-type":"","overlay-color":"","overlay-opacity":"","overlay-gradient":""},"tablet":{"background-color":"var(--ast-global-color-5)","background-image":"","background-repeat":"repeat","background-position":"center center","background-size":"auto","background-attachment":"scroll","background-type":"","background-media":"","overlay-type":"","overlay-color":"","overlay-opacity":"","overlay-gradient":""},"mobile":{"background-color":"var(--ast-global-color-5)","background-image":"","background-repeat":"repeat","background-position":"center center","background-size":"auto","background-attachment":"scroll","background-type":"","background-media":"","overlay-type":"","overlay-color":"","overlay-opacity":"","overlay-gradient":""}}},"product_brand":[],"product_cat":[1206,432,416,1184,403,433,414],"product_tag":[],"class_list":{"0":"post-6438","1":"product","2":"type-product","3":"status-publish","4":"has-post-thumbnail","6":"product_cat-fabric-for-bag","7":"product_cat-fabric-for-tent","8":"product_cat-fire-retardant-fabrics","9":"product_cat-oxford-fabric","10":"product_cat-polyester-fabrics","11":"product_cat-textile-for-industrial","12":"product_cat-waterproof-fabrics","13":"pa_available_colors-911052-spc","14":"desktop-align-left","15":"tablet-align-left","16":"mobile-align-left","17":"ast-product-gallery-layout-vertical-slider","18":"ast-product-tabs-layout-horizontal","20":"first","21":"instock","22":"shipping-taxable","23":"product-type-simple"},"uagb_featured_image_src":{"full":["https:\/\/www.sikortex.com\/wp-content\/uploads\/2023\/10\/oxford-PVC.jpg",800,800,false],"thumbnail":["https:\/\/www.sikortex.com\/wp-content\/uploads\/2023\/10\/oxford-PVC-150x150.jpg",150,150,true],"medium":["https:\/\/www.sikortex.com\/wp-content\/uploads\/2023\/10\/oxford-PVC-300x300.jpg",300,300,true],"medium_large":["https:\/\/www.sikortex.com\/wp-content\/uploads\/2023\/10\/oxford-PVC-768x768.jpg",768,768,true],"large":["https:\/\/www.sikortex.com\/wp-content\/uploads\/2023\/10\/oxford-PVC.jpg",800,800,false],"1536x1536":["https:\/\/www.sikortex.com\/wp-content\/uploads\/2023\/10\/oxford-PVC.jpg",800,800,false],"2048x2048":["https:\/\/www.sikortex.com\/wp-content\/uploads\/2023\/10\/oxford-PVC.jpg",800,800,false],"trp-custom-language-flag":["https:\/\/www.sikortex.com\/wp-content\/uploads\/2023\/10\/oxford-PVC-12x12.jpg",12,12,true],"woocommerce_thumbnail":["https:\/\/www.sikortex.com\/wp-content\/uploads\/2023\/10\/oxford-PVC-300x300.jpg",300,300,true],"woocommerce_single":["https:\/\/www.sikortex.com\/wp-content\/uploads\/2023\/10\/oxford-PVC-600x600.jpg",600,600,true],"woocommerce_gallery_thumbnail":["https:\/\/www.sikortex.com\/wp-content\/uploads\/2023\/10\/oxford-PVC-100x100.jpg",100,100,true]},"uagb_author_info":{"display_name":"Perry","author_link":"https:\/\/www.sikortex.com\/it\/author\/"},"uagb_comment_info":0,"uagb_excerpt":"1200 Meters(Min.Order)","_links":{"self":[{"href":"https:\/\/www.sikortex.com\/it\/wp-json\/wp\/v2\/product\/6438","targetHints":{"allow":["GET"]}}],"collection":[{"href":"https:\/\/www.sikortex.com\/it\/wp-json\/wp\/v2\/product"}],"about":[{"href":"https:\/\/www.sikortex.com\/it\/wp-json\/wp\/v2\/types\/product"}],"replies":[{"embeddable":true,"href":"https:\/\/www.sikortex.com\/it\/wp-json\/wp\/v2\/comments?post=6438"}],"wp:featuredmedia":[{"embeddable":true,"href":"https:\/\/www.sikortex.com\/it\/wp-json\/wp\/v2\/media\/6442"}],"wp:attachment":[{"href":"https:\/\/www.sikortex.com\/it\/wp-json\/wp\/v2\/media?parent=6438"}],"wp:term":[{"taxonomy":"product_brand","embeddable":true,"href":"https:\/\/www.sikortex.com\/it\/wp-json\/wp\/v2\/product_brand?post=6438"},{"taxonomy":"product_cat","embeddable":true,"href":"https:\/\/www.sikortex.com\/it\/wp-json\/wp\/v2\/product_cat?post=6438"},{"taxonomy":"product_tag","embeddable":true,"href":"https:\/\/www.sikortex.com\/it\/wp-json\/wp\/v2\/product_tag?post=6438"}],"curies":[{"name":"wp","href":"https:\/\/api.w.org\/{rel}","templated":true}]}}