{"id":6365,"date":"2023-10-08T13:15:27","date_gmt":"2023-10-08T05:15:27","guid":{"rendered":"https:\/\/www.sikortex.com\/?post_type=product&#038;p=6365"},"modified":"2025-01-08T12:32:06","modified_gmt":"2025-01-08T04:32:06","slug":"sk8238-2","status":"publish","type":"product","link":"https:\/\/www.sikortex.com\/it\/prodotto\/sk8238-2\/","title":{"rendered":"Tessuto in poliestere Oxford 210D ad alta visibilit\u00e0 con rivestimento in poliuretano"},"content":{"rendered":"<h5>SIKOR-TEX Produttore di tessuti ad alta visibilit\u00e0<\/h5>\n<p>Poliestere 210D\u00a0<a href=\"https:\/\/www.sikortex.com\/it\/nylon-cotone-tessuto-ripstop-antivento-tessuto-5\/\">Oxford<\/a>\u00a0Rivestimento in poliuretano Hi Vis Fabric, un tessuto ad alta visibilit\u00e0 progettato per prestazioni ottimali in vari ambienti di lavoro. Questo tessuto combina funzionalit\u00e0, durata e visibilit\u00e0 per garantire la sicurezza dei lavoratori in condizioni difficili.<\/p>\n<p>Il colore fluorescente migliora la visibilit\u00e0, rendendolo ideale per il soccorso stradale, il personale dei servizi stradali, la polizia stradale, il trasporto logistico e i lavoratori all&#039;aperto. Il rivestimento in PU garantisce idrorepellenza, proteggendoti dalla pioggia e mantenendoti asciutto. Inoltre, la tecnologia innovativa e l&#039;elevata traspirabilit\u00e0 del rivestimento in PU consentono un&#039;efficace rimozione del sudore, garantendo il tuo comfort anche in condizioni meteorologiche avverse.<\/p>\n<p>Il nostro colore fluorescente 210D <a href=\"https:\/\/www.sikortex.com\/it\/2025\/01\/03\/produttori-di-tessuti-rivestiti\/\"><span style=\"color: #3366ff;\">Rivestito in PU<\/span><\/a> Oxford non \u00e8 solo pratico ma anche facile da pulire, garantendo longevit\u00e0 e mantenendo le sue propriet\u00e0 di alta visibilit\u00e0. Scegli questo tessuto per i tuoi abiti da lavoro e sperimenta le sue prestazioni superiori e l&#039;affidabilit\u00e0 in ambienti di lavoro esigenti.<\/p>\n<p><img loading=\"lazy\" decoding=\"async\" class=\"alignnone size-medium wp-image-4778\" src=\"https:\/\/www.sikortex.com\/wp-content\/uploads\/2023\/06\/a1f3d5740680e6f6215505bc277b42fc178f21951d8e9-AScfKp_fw658webp-e1693106541583-300x300.webp\" alt=\"\" width=\"300\" height=\"300\" title=\"\" srcset=\"https:\/\/www.sikortex.com\/wp-content\/uploads\/2023\/06\/a1f3d5740680e6f6215505bc277b42fc178f21951d8e9-AScfKp_fw658webp-e1693106541583-300x300.webp 300w, https:\/\/www.sikortex.com\/wp-content\/uploads\/2023\/06\/a1f3d5740680e6f6215505bc277b42fc178f21951d8e9-AScfKp_fw658webp-e1693106541583-150x150.webp 150w, https:\/\/www.sikortex.com\/wp-content\/uploads\/2023\/06\/a1f3d5740680e6f6215505bc277b42fc178f21951d8e9-AScfKp_fw658webp-e1693106541583-768x768.webp 768w, https:\/\/www.sikortex.com\/wp-content\/uploads\/2023\/06\/a1f3d5740680e6f6215505bc277b42fc178f21951d8e9-AScfKp_fw658webp-e1693106541583-600x600.webp 600w, https:\/\/www.sikortex.com\/wp-content\/uploads\/2023\/06\/a1f3d5740680e6f6215505bc277b42fc178f21951d8e9-AScfKp_fw658webp-e1693106541583-100x100.webp 100w, https:\/\/www.sikortex.com\/wp-content\/uploads\/2023\/06\/a1f3d5740680e6f6215505bc277b42fc178f21951d8e9-AScfKp_fw658webp-e1693106541583-12x12.webp 12w, https:\/\/www.sikortex.com\/wp-content\/uploads\/2023\/06\/a1f3d5740680e6f6215505bc277b42fc178f21951d8e9-AScfKp_fw658webp-e1693106541583.webp 800w\" sizes=\"auto, (max-width: 300px) 100vw, 300px\" \/><\/p>\n<p><img loading=\"lazy\" decoding=\"async\" class=\"size-medium wp-image-4771\" src=\"https:\/\/www.sikortex.com\/wp-content\/uploads\/2023\/06\/istockphoto-494206291-612x612-2-e1693106599677-300x300.jpg\" alt=\"\" width=\"300\" height=\"300\" title=\"\" srcset=\"https:\/\/www.sikortex.com\/wp-content\/uploads\/2023\/06\/istockphoto-494206291-612x612-2-e1693106599677-300x300.jpg 300w, https:\/\/www.sikortex.com\/wp-content\/uploads\/2023\/06\/istockphoto-494206291-612x612-2-e1693106599677-150x150.jpg 150w, https:\/\/www.sikortex.com\/wp-content\/uploads\/2023\/06\/istockphoto-494206291-612x612-2-e1693106599677-768x768.jpg 768w, https:\/\/www.sikortex.com\/wp-content\/uploads\/2023\/06\/istockphoto-494206291-612x612-2-e1693106599677-600x600.jpg 600w, https:\/\/www.sikortex.com\/wp-content\/uploads\/2023\/06\/istockphoto-494206291-612x612-2-e1693106599677-100x100.jpg 100w, https:\/\/www.sikortex.com\/wp-content\/uploads\/2023\/06\/istockphoto-494206291-612x612-2-e1693106599677-12x12.jpg 12w, https:\/\/www.sikortex.com\/wp-content\/uploads\/2023\/06\/istockphoto-494206291-612x612-2-e1693106599677.jpg 800w\" sizes=\"auto, (max-width: 300px) 100vw, 300px\" \/><\/p>\n<p>&nbsp;<\/p>","protected":false},"excerpt":{"rendered":"<p>1000 metri (ordine minimo)<\/p>","protected":false},"featured_media":3758,"comment_status":"closed","ping_status":"closed","template":"","meta":{"_uag_custom_page_level_css":"","site-sidebar-layout":"default","site-content-layout":"default","ast-site-content-layout":"","site-content-style":"default","site-sidebar-style":"default","ast-global-header-display":"","ast-banner-title-visibility":"","ast-main-header-display":"","ast-hfb-above-header-display":"","ast-hfb-below-header-display":"","ast-hfb-mobile-header-display":"","site-post-title":"","ast-breadcrumbs-content":"","ast-featured-img":"","footer-sml-layout":"","theme-transparent-header-meta":"default","adv-header-id-meta":"","stick-header-meta":"default","header-above-stick-meta":"","header-main-stick-meta":"","header-below-stick-meta":"","astra-migrate-meta-layouts":"default","ast-page-background-enabled":"default","ast-page-background-meta":{"desktop":{"background-color":"","background-image":"","background-repeat":"repeat","background-position":"center center","background-size":"auto","background-attachment":"scroll","background-type":"","background-media":"","overlay-type":"","overlay-color":"","overlay-opacity":"","overlay-gradient":""},"tablet":{"background-color":"","background-image":"","background-repeat":"repeat","background-position":"center center","background-size":"auto","background-attachment":"scroll","background-type":"","background-media":"","overlay-type":"","overlay-color":"","overlay-opacity":"","overlay-gradient":""},"mobile":{"background-color":"","background-image":"","background-repeat":"repeat","background-position":"center center","background-size":"auto","background-attachment":"scroll","background-type":"","background-media":"","overlay-type":"","overlay-color":"","overlay-opacity":"","overlay-gradient":""}},"ast-content-background-meta":{"desktop":{"background-color":"var(--ast-global-color-5)","background-image":"","background-repeat":"repeat","background-position":"center center","background-size":"auto","background-attachment":"scroll","background-type":"","background-media":"","overlay-type":"","overlay-color":"","overlay-opacity":"","overlay-gradient":""},"tablet":{"background-color":"var(--ast-global-color-5)","background-image":"","background-repeat":"repeat","background-position":"center center","background-size":"auto","background-attachment":"scroll","background-type":"","background-media":"","overlay-type":"","overlay-color":"","overlay-opacity":"","overlay-gradient":""},"mobile":{"background-color":"var(--ast-global-color-5)","background-image":"","background-repeat":"repeat","background-position":"center center","background-size":"auto","background-attachment":"scroll","background-type":"","background-media":"","overlay-type":"","overlay-color":"","overlay-opacity":"","overlay-gradient":""}}},"product_brand":[],"product_cat":[426,1184,427,403,425,414],"product_tag":[],"class_list":{"0":"post-6365","1":"product","2":"type-product","3":"status-publish","4":"has-post-thumbnail","6":"product_cat-constructionmining","7":"product_cat-oxford-fabric","8":"product_cat-petroleum-and-petrochemical","9":"product_cat-polyester-fabrics","10":"product_cat-security-emergencies-road-services","11":"product_cat-waterproof-fabrics","12":"pa_available_colors-fluorescent-orange","13":"pa_available_colors-fluorescent-red","14":"pa_available_colors-fluorescent-yellow","15":"desktop-align-left","16":"tablet-align-left","17":"mobile-align-left","18":"ast-product-gallery-layout-vertical-slider","19":"ast-product-tabs-layout-horizontal","21":"first","22":"instock","23":"shipping-taxable","24":"product-type-simple"},"uagb_featured_image_src":{"full":["https:\/\/www.sikortex.com\/wp-content\/uploads\/2023\/06\/11050437838_1388178709-1.jpg",1024,1024,false],"thumbnail":["https:\/\/www.sikortex.com\/wp-content\/uploads\/2023\/06\/11050437838_1388178709-1-150x150.jpg",150,150,true],"medium":["https:\/\/www.sikortex.com\/wp-content\/uploads\/2023\/06\/11050437838_1388178709-1-300x300.jpg",300,300,true],"medium_large":["https:\/\/www.sikortex.com\/wp-content\/uploads\/2023\/06\/11050437838_1388178709-1-768x768.jpg",768,768,true],"large":["https:\/\/www.sikortex.com\/wp-content\/uploads\/2023\/06\/11050437838_1388178709-1.jpg",1024,1024,false],"1536x1536":["https:\/\/www.sikortex.com\/wp-content\/uploads\/2023\/06\/11050437838_1388178709-1.jpg",1024,1024,false],"2048x2048":["https:\/\/www.sikortex.com\/wp-content\/uploads\/2023\/06\/11050437838_1388178709-1.jpg",1024,1024,false],"trp-custom-language-flag":["https:\/\/www.sikortex.com\/wp-content\/uploads\/2023\/06\/11050437838_1388178709-1.jpg",12,12,false],"woocommerce_thumbnail":["https:\/\/www.sikortex.com\/wp-content\/uploads\/2023\/06\/11050437838_1388178709-1-300x300.jpg",300,300,true],"woocommerce_single":["https:\/\/www.sikortex.com\/wp-content\/uploads\/2023\/06\/11050437838_1388178709-1-600x600.jpg",600,600,true],"woocommerce_gallery_thumbnail":["https:\/\/www.sikortex.com\/wp-content\/uploads\/2023\/06\/11050437838_1388178709-1-100x100.jpg",100,100,true]},"uagb_author_info":{"display_name":"Perry","author_link":"https:\/\/www.sikortex.com\/it\/author\/"},"uagb_comment_info":0,"uagb_excerpt":"1000 Meters(Min.Order)","_links":{"self":[{"href":"https:\/\/www.sikortex.com\/it\/wp-json\/wp\/v2\/product\/6365","targetHints":{"allow":["GET"]}}],"collection":[{"href":"https:\/\/www.sikortex.com\/it\/wp-json\/wp\/v2\/product"}],"about":[{"href":"https:\/\/www.sikortex.com\/it\/wp-json\/wp\/v2\/types\/product"}],"replies":[{"embeddable":true,"href":"https:\/\/www.sikortex.com\/it\/wp-json\/wp\/v2\/comments?post=6365"}],"wp:featuredmedia":[{"embeddable":true,"href":"https:\/\/www.sikortex.com\/it\/wp-json\/wp\/v2\/media\/3758"}],"wp:attachment":[{"href":"https:\/\/www.sikortex.com\/it\/wp-json\/wp\/v2\/media?parent=6365"}],"wp:term":[{"taxonomy":"product_brand","embeddable":true,"href":"https:\/\/www.sikortex.com\/it\/wp-json\/wp\/v2\/product_brand?post=6365"},{"taxonomy":"product_cat","embeddable":true,"href":"https:\/\/www.sikortex.com\/it\/wp-json\/wp\/v2\/product_cat?post=6365"},{"taxonomy":"product_tag","embeddable":true,"href":"https:\/\/www.sikortex.com\/it\/wp-json\/wp\/v2\/product_tag?post=6365"}],"curies":[{"name":"wp","href":"https:\/\/api.w.org\/{rel}","templated":true}]}}