{"id":6169,"date":"2023-09-05T17:50:15","date_gmt":"2023-09-05T09:50:15","guid":{"rendered":"https:\/\/www.sikortex.com\/?post_type=product&#038;p=6169"},"modified":"2025-01-08T12:36:28","modified_gmt":"2025-01-08T04:36:28","slug":"300d-colore-fluorescente-oxford-3","status":"publish","type":"product","link":"https:\/\/www.sikortex.com\/it\/prodotto\/300d-colore-fluorescente-oxford-3\/","title":{"rendered":"Produttore di tessuti Softshell ad alta visibilit\u00e0"},"content":{"rendered":"<h5>SIKOR-TEX Produttore di tessuti ad alta visibilit\u00e0<\/h5>\n<p>L&#039;Hi Vis pi\u00f9 leggero <a href=\"https:\/\/www.sikortex.com\/it\/tessuto-impermeabile-e-traspirante\/\"><span style=\"color: #3366ff;\">Guscio morbido<\/span><\/a> Tessuto disponibile, questo tessuto \u00e8 composto da 3 strati di poliestere ultrasottile laminato con TPU per resistenza e resistenza per gli ambienti esterni difficili. I colori fluorescenti vivaci migliorano la visibilit\u00e0 e assicurano una facile visione in condizioni di scarsa illuminazione o in ambienti pericolosi, il che aumenta la sicurezza per i viaggiatori o i lavoratori all&#039;aperto, ma \u00e8 estremamente <a href=\"https:\/\/www.sikortex.com\/it\/nylon-cotone-tessuto-ripstop-antivento-tessuto-3\/\"><span style=\"color: #3366ff;\">leggero<\/span><\/a>.<\/p>\n<p>Tessuto Fluorescent Color Hi Vis, un tessuto ad alta visibilit\u00e0 progettato per prestazioni ottimali in vari ambienti di lavoro. Questo tessuto combina funzionalit\u00e0, durata e visibilit\u00e0 per garantire la sicurezza dei lavoratori in condizioni difficili.<\/p>\n<p>Il colore fluorescente aumenta la visibilit\u00e0, rendendolo ideale per il soccorso stradale, il personale di servizio stradale, la polizia stradale, il trasporto logistico e i lavoratori all&#039;aperto. Il rivestimento in PU fornisce <a href=\"\/it\/circa-tessuto-oxford-impermeabile\/\"><span style=\"color: #3366ff;\">idrorepellenza<\/span><\/a>, proteggendoti dalla pioggia e mantenendoti asciutto. Inoltre, la tecnologia innovativa e l&#039;elevata traspirabilit\u00e0 del <a href=\"https:\/\/www.sikortex.com\/it\/2025\/01\/03\/produttori-di-tessuti-rivestiti\/\"><span style=\"color: #3366ff;\">Rivestimento in PU<\/span><\/a> consentono un&#039;efficace espulsione del sudore, garantendo il massimo comfort anche in condizioni climatiche avverse.<\/p>\n<p>Il nostro tessuto Hi Vis Softshell non \u00e8 solo pratico ma anche facile da pulire, garantendo longevit\u00e0 e mantenendo le sue propriet\u00e0 di alta visibilit\u00e0. Scegli questo tessuto per i tuoi abiti da lavoro e sperimenta le sue prestazioni superiori e l&#039;affidabilit\u00e0 in ambienti di lavoro esigenti.<\/p>","protected":false},"excerpt":{"rendered":"<p>1500 metri (ordine minimo)<\/p>","protected":false},"featured_media":6170,"comment_status":"closed","ping_status":"closed","template":"","meta":{"_uag_custom_page_level_css":"","site-sidebar-layout":"default","site-content-layout":"default","ast-site-content-layout":"","site-content-style":"default","site-sidebar-style":"default","ast-global-header-display":"","ast-banner-title-visibility":"","ast-main-header-display":"","ast-hfb-above-header-display":"","ast-hfb-below-header-display":"","ast-hfb-mobile-header-display":"","site-post-title":"","ast-breadcrumbs-content":"","ast-featured-img":"","footer-sml-layout":"","theme-transparent-header-meta":"default","adv-header-id-meta":"","stick-header-meta":"default","header-above-stick-meta":"","header-main-stick-meta":"","header-below-stick-meta":"","astra-migrate-meta-layouts":"default","ast-page-background-enabled":"default","ast-page-background-meta":{"desktop":{"background-color":"","background-image":"","background-repeat":"repeat","background-position":"center center","background-size":"auto","background-attachment":"scroll","background-type":"","background-media":"","overlay-type":"","overlay-color":"","overlay-opacity":"","overlay-gradient":""},"tablet":{"background-color":"","background-image":"","background-repeat":"repeat","background-position":"center center","background-size":"auto","background-attachment":"scroll","background-type":"","background-media":"","overlay-type":"","overlay-color":"","overlay-opacity":"","overlay-gradient":""},"mobile":{"background-color":"","background-image":"","background-repeat":"repeat","background-position":"center center","background-size":"auto","background-attachment":"scroll","background-type":"","background-media":"","overlay-type":"","overlay-color":"","overlay-opacity":"","overlay-gradient":""}},"ast-content-background-meta":{"desktop":{"background-color":"var(--ast-global-color-5)","background-image":"","background-repeat":"repeat","background-position":"center center","background-size":"auto","background-attachment":"scroll","background-type":"","background-media":"","overlay-type":"","overlay-color":"","overlay-opacity":"","overlay-gradient":""},"tablet":{"background-color":"var(--ast-global-color-5)","background-image":"","background-repeat":"repeat","background-position":"center center","background-size":"auto","background-attachment":"scroll","background-type":"","background-media":"","overlay-type":"","overlay-color":"","overlay-opacity":"","overlay-gradient":""},"mobile":{"background-color":"var(--ast-global-color-5)","background-image":"","background-repeat":"repeat","background-position":"center center","background-size":"auto","background-attachment":"scroll","background-type":"","background-media":"","overlay-type":"","overlay-color":"","overlay-opacity":"","overlay-gradient":""}}},"product_brand":[],"product_cat":[426,421,427,403,425,414],"product_tag":[],"class_list":{"0":"post-6169","1":"product","2":"type-product","3":"status-publish","4":"has-post-thumbnail","6":"product_cat-constructionmining","7":"product_cat-foul-weather-fabrics","8":"product_cat-petroleum-and-petrochemical","9":"product_cat-polyester-fabrics","10":"product_cat-security-emergencies-road-services","11":"product_cat-waterproof-fabrics","12":"pa_available_colors-fluorescent-orange","13":"pa_available_colors-fluorescent-yellow","14":"desktop-align-left","15":"tablet-align-left","16":"mobile-align-left","17":"ast-product-gallery-layout-vertical-slider","18":"ast-product-tabs-layout-horizontal","20":"first","21":"instock","22":"shipping-taxable","23":"product-type-simple"},"uagb_featured_image_src":{"full":["https:\/\/www.sikortex.com\/wp-content\/uploads\/2023\/09\/High-visibility-softshell-fabric.jpg",800,800,false],"thumbnail":["https:\/\/www.sikortex.com\/wp-content\/uploads\/2023\/09\/High-visibility-softshell-fabric-150x150.jpg",150,150,true],"medium":["https:\/\/www.sikortex.com\/wp-content\/uploads\/2023\/09\/High-visibility-softshell-fabric-300x300.jpg",300,300,true],"medium_large":["https:\/\/www.sikortex.com\/wp-content\/uploads\/2023\/09\/High-visibility-softshell-fabric-768x768.jpg",768,768,true],"large":["https:\/\/www.sikortex.com\/wp-content\/uploads\/2023\/09\/High-visibility-softshell-fabric.jpg",800,800,false],"1536x1536":["https:\/\/www.sikortex.com\/wp-content\/uploads\/2023\/09\/High-visibility-softshell-fabric.jpg",800,800,false],"2048x2048":["https:\/\/www.sikortex.com\/wp-content\/uploads\/2023\/09\/High-visibility-softshell-fabric.jpg",800,800,false],"trp-custom-language-flag":["https:\/\/www.sikortex.com\/wp-content\/uploads\/2023\/09\/High-visibility-softshell-fabric-12x12.jpg",12,12,true],"woocommerce_thumbnail":["https:\/\/www.sikortex.com\/wp-content\/uploads\/2023\/09\/High-visibility-softshell-fabric-300x300.jpg",300,300,true],"woocommerce_single":["https:\/\/www.sikortex.com\/wp-content\/uploads\/2023\/09\/High-visibility-softshell-fabric-600x600.jpg",600,600,true],"woocommerce_gallery_thumbnail":["https:\/\/www.sikortex.com\/wp-content\/uploads\/2023\/09\/High-visibility-softshell-fabric-100x100.jpg",100,100,true]},"uagb_author_info":{"display_name":"Perry","author_link":"https:\/\/www.sikortex.com\/it\/author\/"},"uagb_comment_info":0,"uagb_excerpt":"1500 Meters(Min.Order)","_links":{"self":[{"href":"https:\/\/www.sikortex.com\/it\/wp-json\/wp\/v2\/product\/6169","targetHints":{"allow":["GET"]}}],"collection":[{"href":"https:\/\/www.sikortex.com\/it\/wp-json\/wp\/v2\/product"}],"about":[{"href":"https:\/\/www.sikortex.com\/it\/wp-json\/wp\/v2\/types\/product"}],"replies":[{"embeddable":true,"href":"https:\/\/www.sikortex.com\/it\/wp-json\/wp\/v2\/comments?post=6169"}],"wp:featuredmedia":[{"embeddable":true,"href":"https:\/\/www.sikortex.com\/it\/wp-json\/wp\/v2\/media\/6170"}],"wp:attachment":[{"href":"https:\/\/www.sikortex.com\/it\/wp-json\/wp\/v2\/media?parent=6169"}],"wp:term":[{"taxonomy":"product_brand","embeddable":true,"href":"https:\/\/www.sikortex.com\/it\/wp-json\/wp\/v2\/product_brand?post=6169"},{"taxonomy":"product_cat","embeddable":true,"href":"https:\/\/www.sikortex.com\/it\/wp-json\/wp\/v2\/product_cat?post=6169"},{"taxonomy":"product_tag","embeddable":true,"href":"https:\/\/www.sikortex.com\/it\/wp-json\/wp\/v2\/product_tag?post=6169"}],"curies":[{"name":"wp","href":"https:\/\/api.w.org\/{rel}","templated":true}]}}