{"id":4758,"date":"2023-06-28T16:09:41","date_gmt":"2023-06-28T08:09:41","guid":{"rendered":"http:\/\/shihan.vihsu.com\/?post_type=product&#038;p=4758"},"modified":"2025-02-17T17:43:37","modified_gmt":"2025-02-17T09:43:37","slug":"tessuti-antibatterici-oxford-600d-dty","status":"publish","type":"product","link":"https:\/\/www.sikortex.com\/it\/prodotto\/tessuti-antibatterici-oxford-600d-dty\/","title":{"rendered":"Tessuti industriali in poliestere pesante 1200D"},"content":{"rendered":"<p>Il tessuto in poliestere 1200D ha usi industriali. Pu\u00f2 essere rivestito per essere impermeabile e traspirante, oppure pu\u00f2 essere trasformato in tessuto ignifugo.<br \/>\nEssendo un tessuto industriale, trova un&#039;ampia gamma di utilizzi nella protezione industriale.<\/p>\n<p>Telone industriale:<br \/>\nNei settori industriali come l&#039;edilizia e il trasporto merci, il tessuto in poliestere 1200D pu\u00f2 essere trasformato in telone industriale dopo essere stato rivestito con propriet\u00e0 impermeabili e traspiranti. Per coprire materiali da costruzione, pu\u00f2 impedire efficacemente alla pioggia di danneggiare i materiali e la traspirabilit\u00e0 aiuta a impedire che i materiali sotto il telone si ammuffi. Nel trasporto merci, pu\u00f2 proteggere in modo affidabile le merci dalle intemperie e la traspirabilit\u00e0 pu\u00f2 impedire che le merci vengano danneggiate a causa della sigillatura a lungo termine.<\/p>\n<p>Copertura protettiva dell&#039;attrezzatura:<br \/>\nUtilizzato per coprire e proteggere vari tipi di macchinari e attrezzature industriali, come grandi macchine utensili, motori, compressori, ecc. Le prestazioni impermeabili possono impedire alla pioggia e all&#039;umidit\u00e0 di erodere i componenti chiave dell&#039;attrezzatura e la traspirabilit\u00e0 pu\u00f2 impedire che la superficie o il metallo interno dell&#039;attrezzatura si arrugginiscano e corrodano a causa della mancanza di circolazione dell&#039;aria nella copertura, prolungando la durata utile dell&#039;attrezzatura e garantendone il funzionamento stabile.<\/p>\n<p>Strutture esterne<br \/>\nTende da sole e tende da pioggia: possono essere utilizzate per realizzare strutture esterne come tende da sole all&#039;esterno di edifici e tende da pioggia in parcheggi all&#039;aperto. La sua impermeabilit\u00e0 pu\u00f2 bloccare efficacemente l&#039;invasione dell&#039;acqua piovana e fornire spazio asciutto per l&#039;area sottostante nella stagione delle piogge; la funzione traspirante pu\u00f2 ridurre i problemi di condensa e muffa che possono verificarsi in un ambiente chiuso a lungo termine, mantenere la stabilit\u00e0 delle prestazioni del telone e fornire alle persone un comodo riparo esterno per lungo tempo.<\/p>\n<p>Conservazione e imballaggio<br \/>\nMateriali di imballaggio per carichi di grandi dimensioni: nello stoccaggio e nel trasporto di alcuni grandi prodotti industriali o materie prime con elevati requisiti di resistenza all&#039;umidit\u00e0, questo tessuto in poliestere 1200D impermeabile e traspirante pu\u00f2 essere utilizzato come materiale di imballaggio. Pu\u00f2 impedire all&#039;umidit\u00e0 esterna di penetrare nell&#039;imballaggio e causare danni alla merce e pu\u00f2 garantire un certo grado di circolazione dell&#039;aria nell&#039;imballaggio, evitando l&#039;accumulo di vapore acqueo e il deterioramento della merce causato dalla sigillatura completa e garantendo la qualit\u00e0 e la sicurezza della merce durante lo stoccaggio e il trasporto.<br \/>\nUtilizzo della funzione ignifuga<\/p>\n<p>Antincendio e soccorso d&#039;urgenza<br \/>\nMateriali ausiliari per attrezzature antincendio: come grandi coperture protettive per attrezzature antincendio nel sito di soccorso antincendio e materiali protettivi esterni per manichette antincendio. Nell&#039;ambiente complesso e pericoloso della scena dell&#039;incendio, il tessuto in poliestere ignifugo 1200D pu\u00f2 resistere efficacemente all&#039;invasione delle fiamme, impedire che le attrezzature vengano danneggiate dalla propagazione delle fiamme, garantire il normale utilizzo delle attrezzature antincendio nei momenti critici e fornire un forte supporto per il regolare svolgimento dei lavori di soccorso e lotta antincendio.<\/p>\n<p>Strutture temporanee per il soccorso d&#039;emergenza:<br \/>\nSulla scena dell&#039;incendio o di altre scene di soccorso in caso di calamit\u00e0, strutture temporanee come tende temporanee per centri di comando e tende per lo stoccaggio di materiale di soccorso realizzate in tessuti in poliestere ignifughi 1200D. Possono impedire che le tende vengano incendiate dalle fiamme circostanti, garantire lo svolgimento sicuro del lavoro di soccorso, fornire uno spazio relativamente sicuro per i soccorritori e le vittime di calamit\u00e0 e garantire lo svolgimento ordinato delle operazioni di soccorso.<\/p>\n<p>Trasporti<br \/>\nProtezione degli interni dei veicoli: l&#039;uso di tessuti Heavy Weight ignifughi nelle parti interne di veicoli di grandi dimensioni come navi e treni, come rivestimenti dei sedili e materiali di rivestimento dei pannelli interni, pu\u00f2 migliorare la sicurezza complessiva dei veicoli. In caso di emergenza come un incendio, i tessuti ignifughi possono ritardare la propagazione dell&#039;incendio, aumentare il tempo di evacuazione per i passeggeri e ridurre le vittime e le perdite di propriet\u00e0 causate dagli incendi.<\/p>\n<p>Sicurezza industriale<br \/>\nStrutture di protezione in aree ad alto rischio: Strutture di protezione in alcuni siti industriali con rischi di incendio estremamente elevati, come aree operative ad alta temperatura e aree di stoccaggio di materiali infiammabili ed esplosivi in settori quali petrolchimica e fusione dei metalli. Ad esempio, tende isolanti, materiali di rivestimento per pareti tagliafuoco, ecc. Quando i dipendenti lavorano in queste aree, queste strutture di protezione realizzate in tessuti industriali in poliestere 1200D ignifughi possono ridurre efficacemente il rischio di propagazione dell&#039;incendio causato dal fuoco, garantire la sicurezza del personale e il funzionamento stabile degli impianti di produzione e ridurre le perdite su larga scala causate da incidenti causati da incendi.<\/p>\n<p>Industria energetica<br \/>\nCoperture protettive per apparecchiature elettriche: le coperture protettive realizzate in tessuti Heavy Weight ignifughi possono essere utilizzate per apparecchiature elettriche, come grandi trasformatori e armadi di distribuzione nelle sottostazioni. Quando si verifica un incendio a causa di un guasto di un&#039;apparecchiatura elettrica, la copertura protettiva pu\u00f2 impedire la propagazione dell&#039;incendio, proteggere le apparecchiature e le strutture circostanti, ridurre le perdite causate dall&#039;incendio, evitare reazioni a catena causate da un incendio in un&#039;apparecchiatura e paralizzare l&#039;intero sistema elettrico e garantire la stabilit\u00e0 e la sicurezza dell&#039;alimentazione elettrica.<\/p>","protected":false},"excerpt":{"rendered":"<p>1000 metri (ordine minimo)<\/p>","protected":false},"featured_media":4901,"comment_status":"closed","ping_status":"closed","template":"","meta":{"_uag_custom_page_level_css":"","site-sidebar-layout":"default","site-content-layout":"default","ast-site-content-layout":"","site-content-style":"default","site-sidebar-style":"default","ast-global-header-display":"","ast-banner-title-visibility":"","ast-main-header-display":"","ast-hfb-above-header-display":"","ast-hfb-below-header-display":"","ast-hfb-mobile-header-display":"","site-post-title":"","ast-breadcrumbs-content":"","ast-featured-img":"","footer-sml-layout":"","theme-transparent-header-meta":"default","adv-header-id-meta":"","stick-header-meta":"default","header-above-stick-meta":"","header-main-stick-meta":"","header-below-stick-meta":"","astra-migrate-meta-layouts":"default","ast-page-background-enabled":"default","ast-page-background-meta":{"desktop":{"background-color":"","background-image":"","background-repeat":"repeat","background-position":"center center","background-size":"auto","background-attachment":"scroll","background-type":"","background-media":"","overlay-type":"","overlay-color":"","overlay-opacity":"","overlay-gradient":""},"tablet":{"background-color":"","background-image":"","background-repeat":"repeat","background-position":"center center","background-size":"auto","background-attachment":"scroll","background-type":"","background-media":"","overlay-type":"","overlay-color":"","overlay-opacity":"","overlay-gradient":""},"mobile":{"background-color":"","background-image":"","background-repeat":"repeat","background-position":"center center","background-size":"auto","background-attachment":"scroll","background-type":"","background-media":"","overlay-type":"","overlay-color":"","overlay-opacity":"","overlay-gradient":""}},"ast-content-background-meta":{"desktop":{"background-color":"var(--ast-global-color-5)","background-image":"","background-repeat":"repeat","background-position":"center center","background-size":"auto","background-attachment":"scroll","background-type":"","background-media":"","overlay-type":"","overlay-color":"","overlay-opacity":"","overlay-gradient":""},"tablet":{"background-color":"var(--ast-global-color-5)","background-image":"","background-repeat":"repeat","background-position":"center center","background-size":"auto","background-attachment":"scroll","background-type":"","background-media":"","overlay-type":"","overlay-color":"","overlay-opacity":"","overlay-gradient":""},"mobile":{"background-color":"var(--ast-global-color-5)","background-image":"","background-repeat":"repeat","background-position":"center center","background-size":"auto","background-attachment":"scroll","background-type":"","background-media":"","overlay-type":"","overlay-color":"","overlay-opacity":"","overlay-gradient":""}}},"product_brand":[],"product_cat":[417,1206,1183,432,1184,403,433,414],"product_tag":[],"class_list":{"0":"post-4758","1":"product","2":"type-product","3":"status-publish","4":"has-post-thumbnail","6":"product_cat-anti-bacterial-fabrics","7":"product_cat-fabric-for-bag","8":"product_cat-fabric-for-horse-blankets","9":"product_cat-fabric-for-tent","10":"product_cat-oxford-fabric","11":"product_cat-polyester-fabrics","12":"product_cat-textile-for-industrial","13":"product_cat-waterproof-fabrics","14":"pa_available_colors-911052-spc","15":"desktop-align-left","16":"tablet-align-left","17":"mobile-align-left","18":"ast-product-gallery-layout-vertical-slider","19":"ast-product-tabs-layout-horizontal","21":"first","22":"instock","23":"shipping-taxable","24":"product-type-simple"},"uagb_featured_image_src":{"full":["https:\/\/www.sikortex.com\/wp-content\/uploads\/2023\/06\/1-18.jpg",800,800,false],"thumbnail":["https:\/\/www.sikortex.com\/wp-content\/uploads\/2023\/06\/1-18-150x150.jpg",150,150,true],"medium":["https:\/\/www.sikortex.com\/wp-content\/uploads\/2023\/06\/1-18-300x300.jpg",300,300,true],"medium_large":["https:\/\/www.sikortex.com\/wp-content\/uploads\/2023\/06\/1-18-768x768.jpg",768,768,true],"large":["https:\/\/www.sikortex.com\/wp-content\/uploads\/2023\/06\/1-18.jpg",800,800,false],"1536x1536":["https:\/\/www.sikortex.com\/wp-content\/uploads\/2023\/06\/1-18.jpg",800,800,false],"2048x2048":["https:\/\/www.sikortex.com\/wp-content\/uploads\/2023\/06\/1-18.jpg",800,800,false],"trp-custom-language-flag":["https:\/\/www.sikortex.com\/wp-content\/uploads\/2023\/06\/1-18.jpg",12,12,false],"woocommerce_thumbnail":["https:\/\/www.sikortex.com\/wp-content\/uploads\/2023\/06\/1-18-300x300.jpg",300,300,true],"woocommerce_single":["https:\/\/www.sikortex.com\/wp-content\/uploads\/2023\/06\/1-18-600x600.jpg",600,600,true],"woocommerce_gallery_thumbnail":["https:\/\/www.sikortex.com\/wp-content\/uploads\/2023\/06\/1-18-100x100.jpg",100,100,true]},"uagb_author_info":{"display_name":"Perry","author_link":"https:\/\/www.sikortex.com\/it\/author\/"},"uagb_comment_info":0,"uagb_excerpt":"1000 Meters(Min.Order)","_links":{"self":[{"href":"https:\/\/www.sikortex.com\/it\/wp-json\/wp\/v2\/product\/4758","targetHints":{"allow":["GET"]}}],"collection":[{"href":"https:\/\/www.sikortex.com\/it\/wp-json\/wp\/v2\/product"}],"about":[{"href":"https:\/\/www.sikortex.com\/it\/wp-json\/wp\/v2\/types\/product"}],"replies":[{"embeddable":true,"href":"https:\/\/www.sikortex.com\/it\/wp-json\/wp\/v2\/comments?post=4758"}],"wp:featuredmedia":[{"embeddable":true,"href":"https:\/\/www.sikortex.com\/it\/wp-json\/wp\/v2\/media\/4901"}],"wp:attachment":[{"href":"https:\/\/www.sikortex.com\/it\/wp-json\/wp\/v2\/media?parent=4758"}],"wp:term":[{"taxonomy":"product_brand","embeddable":true,"href":"https:\/\/www.sikortex.com\/it\/wp-json\/wp\/v2\/product_brand?post=4758"},{"taxonomy":"product_cat","embeddable":true,"href":"https:\/\/www.sikortex.com\/it\/wp-json\/wp\/v2\/product_cat?post=4758"},{"taxonomy":"product_tag","embeddable":true,"href":"https:\/\/www.sikortex.com\/it\/wp-json\/wp\/v2\/product_tag?post=4758"}],"curies":[{"name":"wp","href":"https:\/\/api.w.org\/{rel}","templated":true}]}}