{"id":4621,"date":"2023-06-27T16:26:35","date_gmt":"2023-06-27T08:26:35","guid":{"rendered":"http:\/\/shihan.vihsu.com\/?post_type=product&#038;p=4621"},"modified":"2023-09-24T14:27:42","modified_gmt":"2023-09-24T06:27:42","slug":"il-piu-sottile-tessuto-in-nylon-stretch-a-3-strati-2","status":"publish","type":"product","link":"https:\/\/www.sikortex.com\/it\/prodotto\/il-piu-sottile-tessuto-in-nylon-stretch-a-3-strati-2\/","title":{"rendered":"Il pi\u00f9 sottile tessuto elasticizzato in nylon a 3 strati"},"content":{"rendered":"<p>Presentiamo il tessuto in nylon elasticizzato a 3 strati pi\u00f9 sottile: la scelta perfetta per coloro che richiedono sia moda che funzionalit\u00e0 nel loro abbigliamento outdoor. Questo tessuto \u00e8 realizzato avvolgendo insieme fibre di nylon da 20 denari e spandex da 20 denari e laminandole con tessuto a maglia e pellicola in PU, ottenendo il tessuto a 3 strati pi\u00f9 sottile attualmente disponibile. Il suo design leggero lo rende facile da indossare e riporre, mentre le sue propriet\u00e0 di elevata robustezza e resistenza all&#039;abrasione lo rendono abbastanza durevole da resistere a un uso intensivo. Il tessuto \u00e8 impermeabile fino a 10.000 mm di pressione dell&#039;acqua e traspirante fino a 10.000 g\/m\u00b2\/24 ore per assicurarti di rimanere asciutto e comodo in qualsiasi condizione atmosferica.<br \/>\nSIKOR-TEX questo tessuto \u00e8 ideale per giacche softshell, piumini, loungewear e abbigliamento sportivo outdoor. La sua combinazione unica di leggerezza, elasticit\u00e0, durata e traspirabilit\u00e0 impermeabile lo rendono ideale per una vasta gamma di attivit\u00e0 all&#039;aperto, dall&#039;abbigliamento casual agli sport motoristici.<br \/>\nProva oggi il comfort e la funzionalit\u00e0 del tessuto a 3 strati in nylon elasticizzato pi\u00f9 sottile e porta le tue avventure all&#039;aria aperta a un livello superiore.<\/p>\n<p><a href=\"https:\/\/www.sikortex.com\/it\/cercatore-di-tessuti\/\">TROVA TESSUTI<\/a> Impermeabile e traspirante, Gore tex 20000 mm, 28000 mm, tessuto Softshell<\/p>","protected":false},"excerpt":{"rendered":"<p>600 metri (ordine minimo)<\/p>","protected":false},"featured_media":4602,"comment_status":"closed","ping_status":"closed","template":"","meta":{"_uag_custom_page_level_css":"","site-sidebar-layout":"default","site-content-layout":"default","ast-site-content-layout":"","site-content-style":"default","site-sidebar-style":"default","ast-global-header-display":"","ast-banner-title-visibility":"","ast-main-header-display":"","ast-hfb-above-header-display":"","ast-hfb-below-header-display":"","ast-hfb-mobile-header-display":"","site-post-title":"","ast-breadcrumbs-content":"","ast-featured-img":"","footer-sml-layout":"","theme-transparent-header-meta":"default","adv-header-id-meta":"","stick-header-meta":"default","header-above-stick-meta":"","header-main-stick-meta":"","header-below-stick-meta":"","astra-migrate-meta-layouts":"default","ast-page-background-enabled":"default","ast-page-background-meta":{"desktop":{"background-color":"","background-image":"","background-repeat":"repeat","background-position":"center center","background-size":"auto","background-attachment":"scroll","background-type":"","background-media":"","overlay-type":"","overlay-color":"","overlay-opacity":"","overlay-gradient":""},"tablet":{"background-color":"","background-image":"","background-repeat":"repeat","background-position":"center center","background-size":"auto","background-attachment":"scroll","background-type":"","background-media":"","overlay-type":"","overlay-color":"","overlay-opacity":"","overlay-gradient":""},"mobile":{"background-color":"","background-image":"","background-repeat":"repeat","background-position":"center center","background-size":"auto","background-attachment":"scroll","background-type":"","background-media":"","overlay-type":"","overlay-color":"","overlay-opacity":"","overlay-gradient":""}},"ast-content-background-meta":{"desktop":{"background-color":"var(--ast-global-color-5)","background-image":"","background-repeat":"repeat","background-position":"center center","background-size":"auto","background-attachment":"scroll","background-type":"","background-media":"","overlay-type":"","overlay-color":"","overlay-opacity":"","overlay-gradient":""},"tablet":{"background-color":"var(--ast-global-color-5)","background-image":"","background-repeat":"repeat","background-position":"center center","background-size":"auto","background-attachment":"scroll","background-type":"","background-media":"","overlay-type":"","overlay-color":"","overlay-opacity":"","overlay-gradient":""},"mobile":{"background-color":"var(--ast-global-color-5)","background-image":"","background-repeat":"repeat","background-position":"center center","background-size":"auto","background-attachment":"scroll","background-type":"","background-media":"","overlay-type":"","overlay-color":"","overlay-opacity":"","overlay-gradient":""}}},"product_brand":[],"product_cat":[431,428,421,404,415,414],"product_tag":[],"class_list":{"0":"post-4621","1":"product","2":"type-product","3":"status-publish","4":"has-post-thumbnail","6":"product_cat-fabric-for-commuting-clothing","7":"product_cat-fabric-for-outdoor-sports","8":"product_cat-foul-weather-fabrics","9":"product_cat-nylon-fabrics","10":"product_cat-oil-repellent-fabric","11":"product_cat-waterproof-fabrics","12":"pa_available_colors-911052-spc","13":"desktop-align-left","14":"tablet-align-left","15":"mobile-align-left","16":"ast-product-gallery-layout-vertical-slider","17":"ast-product-tabs-layout-horizontal","19":"first","20":"instock","21":"shipping-taxable","22":"product-type-simple"},"uagb_featured_image_src":{"full":["https:\/\/www.sikortex.com\/wp-content\/uploads\/2023\/06\/DSC02841-e1693107037461.jpg",800,800,false],"thumbnail":["https:\/\/www.sikortex.com\/wp-content\/uploads\/2023\/06\/DSC02841-e1693107037461-150x150.jpg",150,150,true],"medium":["https:\/\/www.sikortex.com\/wp-content\/uploads\/2023\/06\/DSC02841-e1693107037461-300x300.jpg",300,300,true],"medium_large":["https:\/\/www.sikortex.com\/wp-content\/uploads\/2023\/06\/DSC02841-e1693107037461-768x768.jpg",768,768,true],"large":["https:\/\/www.sikortex.com\/wp-content\/uploads\/2023\/06\/DSC02841-e1693107037461.jpg",800,800,false],"1536x1536":["https:\/\/www.sikortex.com\/wp-content\/uploads\/2023\/06\/DSC02841-e1693107037461.jpg",800,800,false],"2048x2048":["https:\/\/www.sikortex.com\/wp-content\/uploads\/2023\/06\/DSC02841-e1693107037461.jpg",800,800,false],"trp-custom-language-flag":["https:\/\/www.sikortex.com\/wp-content\/uploads\/2023\/06\/DSC02841-e1693107037461-12x12.jpg",12,12,true],"woocommerce_thumbnail":["https:\/\/www.sikortex.com\/wp-content\/uploads\/2023\/06\/DSC02841-e1693107037461-300x300.jpg",300,300,true],"woocommerce_single":["https:\/\/www.sikortex.com\/wp-content\/uploads\/2023\/06\/DSC02841-e1693107037461-600x600.jpg",600,600,true],"woocommerce_gallery_thumbnail":["https:\/\/www.sikortex.com\/wp-content\/uploads\/2023\/06\/DSC02841-e1693107037461-100x100.jpg",100,100,true]},"uagb_author_info":{"display_name":"Perry","author_link":"https:\/\/www.sikortex.com\/it\/author\/"},"uagb_comment_info":0,"uagb_excerpt":"600 Meters(Min.Order)","_links":{"self":[{"href":"https:\/\/www.sikortex.com\/it\/wp-json\/wp\/v2\/product\/4621","targetHints":{"allow":["GET"]}}],"collection":[{"href":"https:\/\/www.sikortex.com\/it\/wp-json\/wp\/v2\/product"}],"about":[{"href":"https:\/\/www.sikortex.com\/it\/wp-json\/wp\/v2\/types\/product"}],"replies":[{"embeddable":true,"href":"https:\/\/www.sikortex.com\/it\/wp-json\/wp\/v2\/comments?post=4621"}],"wp:featuredmedia":[{"embeddable":true,"href":"https:\/\/www.sikortex.com\/it\/wp-json\/wp\/v2\/media\/4602"}],"wp:attachment":[{"href":"https:\/\/www.sikortex.com\/it\/wp-json\/wp\/v2\/media?parent=4621"}],"wp:term":[{"taxonomy":"product_brand","embeddable":true,"href":"https:\/\/www.sikortex.com\/it\/wp-json\/wp\/v2\/product_brand?post=4621"},{"taxonomy":"product_cat","embeddable":true,"href":"https:\/\/www.sikortex.com\/it\/wp-json\/wp\/v2\/product_cat?post=4621"},{"taxonomy":"product_tag","embeddable":true,"href":"https:\/\/www.sikortex.com\/it\/wp-json\/wp\/v2\/product_tag?post=4621"}],"curies":[{"name":"wp","href":"https:\/\/api.w.org\/{rel}","templated":true}]}}