{"id":4587,"date":"2023-06-27T16:04:45","date_gmt":"2023-06-27T08:04:45","guid":{"rendered":"http:\/\/shihan.vihsu.com\/?post_type=product&#038;p=4587"},"modified":"2025-01-08T12:46:49","modified_gmt":"2025-01-08T04:46:49","slug":"tessuto-elastico-in-poliestere-con-trama-t400","status":"publish","type":"product","link":"https:\/\/www.sikortex.com\/it\/prodotto\/tessuto-elastico-in-poliestere-con-trama-t400\/","title":{"rendered":"Tessuto elastico ad alta visibilit\u00e0 in poliestere T400 giallo fluorescente"},"content":{"rendered":"<h5>SIKOR-TEX Produttore di tessuti ad alta visibilit\u00e0<\/h5>\n<p>SIKOR-TEX T400 Poliestere <a href=\"https:\/\/www.sikortex.com\/it\/tessuti-elasticizzati\/\"><span style=\"color: #3366ff;\">Elastico<\/span><\/a> Il tessuto giallo fluorescente \u00e8 un materiale ad alte prestazioni progettato per una variet\u00e0 di applicazioni. Le sue propriet\u00e0 uniche lo rendono ideale per l&#039;uso nei trasporti, nel soccorso stradale e negli indumenti da lavoro all&#039;aperto.<br \/>\nIl tessuto giallo fluorescente \u00e8 caratterizzato dalla sua elasticit\u00e0, <a href=\"https:\/\/www.sikortex.com\/it\/tessuti-alta-visibilita\/\"><span style=\"color: #3366ff;\">alta visibilit\u00e0<\/span><\/a>, E <a href=\"https:\/\/www.sikortex.com\/it\/tessuto-impermeabile-e-traspirante\/\"><span style=\"color: #3366ff;\">traspirabilit\u00e0 impermeabile<\/span><\/a>, che lo rendono un materiale versatile che pu\u00f2 essere utilizzato in molti ambienti diversi. La finitura di laminazione in TPU aggiunge uno strato extra di durata e protezione, assicurando che il tessuto possa resistere anche alle condizioni pi\u00f9 difficili. Il colore giallo fluorescente dell&#039;Elastic <a href=\"https:\/\/www.sikortex.com\/it\/tessuti-alta-visibilita\/\"><span style=\"color: #3366ff;\">Alta visibilit\u00e0<\/span><\/a> tessuto aumenta la visibilit\u00e0 in condizioni di scarsa illuminazione, rendendolo ideale per l&#039;uso in situazioni in cui la sicurezza \u00e8 una priorit\u00e0 assoluta. Inoltre, il tessuto \u00e8 facile da pulire e pu\u00f2 essere lavato e asciugato in lavatrice. Nel complesso, il tessuto Polyester T400 Fluorescent Yellow Weft <a href=\"https:\/\/www.sikortex.com\/it\/tessuti-elasticizzati\/\"><span style=\"color: #3366ff;\">Elastico<\/span><\/a> Il tessuto \u00e8 un materiale di alta qualit\u00e0, adatto a un&#039;ampia gamma di applicazioni e ambienti.<\/p>\n<p><a href=\"https:\/\/www.sikortex.com\/it\/cercatore-di-tessuti\/\">TROVA TESSUTI<\/a><\/p>","protected":false},"excerpt":{"rendered":"<p>1000 metri (ordine minimo)<\/p>","protected":false},"featured_media":4593,"comment_status":"closed","ping_status":"closed","template":"","meta":{"_uag_custom_page_level_css":"","site-sidebar-layout":"default","site-content-layout":"default","ast-site-content-layout":"","site-content-style":"default","site-sidebar-style":"default","ast-global-header-display":"","ast-banner-title-visibility":"","ast-main-header-display":"","ast-hfb-above-header-display":"","ast-hfb-below-header-display":"","ast-hfb-mobile-header-display":"","site-post-title":"","ast-breadcrumbs-content":"","ast-featured-img":"","footer-sml-layout":"","theme-transparent-header-meta":"default","adv-header-id-meta":"","stick-header-meta":"default","header-above-stick-meta":"","header-main-stick-meta":"","header-below-stick-meta":"","astra-migrate-meta-layouts":"default","ast-page-background-enabled":"default","ast-page-background-meta":{"desktop":{"background-color":"","background-image":"","background-repeat":"repeat","background-position":"center center","background-size":"auto","background-attachment":"scroll","background-type":"","background-media":"","overlay-type":"","overlay-color":"","overlay-opacity":"","overlay-gradient":""},"tablet":{"background-color":"","background-image":"","background-repeat":"repeat","background-position":"center center","background-size":"auto","background-attachment":"scroll","background-type":"","background-media":"","overlay-type":"","overlay-color":"","overlay-opacity":"","overlay-gradient":""},"mobile":{"background-color":"","background-image":"","background-repeat":"repeat","background-position":"center center","background-size":"auto","background-attachment":"scroll","background-type":"","background-media":"","overlay-type":"","overlay-color":"","overlay-opacity":"","overlay-gradient":""}},"ast-content-background-meta":{"desktop":{"background-color":"var(--ast-global-color-5)","background-image":"","background-repeat":"repeat","background-position":"center center","background-size":"auto","background-attachment":"scroll","background-type":"","background-media":"","overlay-type":"","overlay-color":"","overlay-opacity":"","overlay-gradient":""},"tablet":{"background-color":"var(--ast-global-color-5)","background-image":"","background-repeat":"repeat","background-position":"center center","background-size":"auto","background-attachment":"scroll","background-type":"","background-media":"","overlay-type":"","overlay-color":"","overlay-opacity":"","overlay-gradient":""},"mobile":{"background-color":"var(--ast-global-color-5)","background-image":"","background-repeat":"repeat","background-position":"center center","background-size":"auto","background-attachment":"scroll","background-type":"","background-media":"","overlay-type":"","overlay-color":"","overlay-opacity":"","overlay-gradient":""}}},"product_brand":[],"product_cat":[431,428,403,420],"product_tag":[],"class_list":{"0":"post-4587","1":"product","2":"type-product","3":"status-publish","4":"has-post-thumbnail","6":"product_cat-fabric-for-commuting-clothing","7":"product_cat-fabric-for-outdoor-sports","8":"product_cat-polyester-fabrics","9":"product_cat-stretch-fabrics","10":"pa_available_colors-fluorescent-yellow","11":"desktop-align-left","12":"tablet-align-left","13":"mobile-align-left","14":"ast-product-gallery-layout-vertical-slider","15":"ast-product-tabs-layout-horizontal","17":"first","18":"instock","19":"shipping-taxable","20":"product-type-simple"},"uagb_featured_image_src":{"full":["https:\/\/www.sikortex.com\/wp-content\/uploads\/2023\/06\/IMG_5175-e1693106898297.jpg",800,800,false],"thumbnail":["https:\/\/www.sikortex.com\/wp-content\/uploads\/2023\/06\/IMG_5175-e1693106898297-150x150.jpg",150,150,true],"medium":["https:\/\/www.sikortex.com\/wp-content\/uploads\/2023\/06\/IMG_5175-e1693106898297-300x300.jpg",300,300,true],"medium_large":["https:\/\/www.sikortex.com\/wp-content\/uploads\/2023\/06\/IMG_5175-e1693106898297-768x768.jpg",768,768,true],"large":["https:\/\/www.sikortex.com\/wp-content\/uploads\/2023\/06\/IMG_5175-e1693106898297.jpg",800,800,false],"1536x1536":["https:\/\/www.sikortex.com\/wp-content\/uploads\/2023\/06\/IMG_5175-e1693106898297.jpg",800,800,false],"2048x2048":["https:\/\/www.sikortex.com\/wp-content\/uploads\/2023\/06\/IMG_5175-e1693106898297.jpg",800,800,false],"trp-custom-language-flag":["https:\/\/www.sikortex.com\/wp-content\/uploads\/2023\/06\/IMG_5175-e1693106898297-12x12.jpg",12,12,true],"woocommerce_thumbnail":["https:\/\/www.sikortex.com\/wp-content\/uploads\/2023\/06\/IMG_5175-e1693106898297-300x300.jpg",300,300,true],"woocommerce_single":["https:\/\/www.sikortex.com\/wp-content\/uploads\/2023\/06\/IMG_5175-e1693106898297-600x600.jpg",600,600,true],"woocommerce_gallery_thumbnail":["https:\/\/www.sikortex.com\/wp-content\/uploads\/2023\/06\/IMG_5175-e1693106898297-100x100.jpg",100,100,true]},"uagb_author_info":{"display_name":"Perry","author_link":"https:\/\/www.sikortex.com\/it\/author\/"},"uagb_comment_info":0,"uagb_excerpt":"1000 Meters(Min.Order)","_links":{"self":[{"href":"https:\/\/www.sikortex.com\/it\/wp-json\/wp\/v2\/product\/4587","targetHints":{"allow":["GET"]}}],"collection":[{"href":"https:\/\/www.sikortex.com\/it\/wp-json\/wp\/v2\/product"}],"about":[{"href":"https:\/\/www.sikortex.com\/it\/wp-json\/wp\/v2\/types\/product"}],"replies":[{"embeddable":true,"href":"https:\/\/www.sikortex.com\/it\/wp-json\/wp\/v2\/comments?post=4587"}],"wp:featuredmedia":[{"embeddable":true,"href":"https:\/\/www.sikortex.com\/it\/wp-json\/wp\/v2\/media\/4593"}],"wp:attachment":[{"href":"https:\/\/www.sikortex.com\/it\/wp-json\/wp\/v2\/media?parent=4587"}],"wp:term":[{"taxonomy":"product_brand","embeddable":true,"href":"https:\/\/www.sikortex.com\/it\/wp-json\/wp\/v2\/product_brand?post=4587"},{"taxonomy":"product_cat","embeddable":true,"href":"https:\/\/www.sikortex.com\/it\/wp-json\/wp\/v2\/product_cat?post=4587"},{"taxonomy":"product_tag","embeddable":true,"href":"https:\/\/www.sikortex.com\/it\/wp-json\/wp\/v2\/product_tag?post=4587"}],"curies":[{"name":"wp","href":"https:\/\/api.w.org\/{rel}","templated":true}]}}