{"id":4112,"date":"2023-06-25T09:57:21","date_gmt":"2023-06-25T01:57:21","guid":{"rendered":"http:\/\/shihan.vihsu.com\/?post_type=product&#038;p=4112"},"modified":"2025-01-02T13:14:56","modified_gmt":"2025-01-02T05:14:56","slug":"tessuto-spalmato-ignifugo","status":"publish","type":"product","link":"https:\/\/www.sikortex.com\/it\/prodotto\/tessuto-spalmato-ignifugo\/","title":{"rendered":"Tessuto Oxford ignifugo in nylon 550D EN ISO 11612"},"content":{"rendered":"<h6>SIKOR-TEX <span style=\"color: #3366ff;\"><a style=\"color: #3366ff;\" href=\"https:\/\/www.sikortex.com\/it\/nylon-cotone-tessuto-ripstop-antivento-tessuto-5\/\">Tessuto Oxford<\/a><\/span> produttore<\/h6>\n<p>SIKOR-TEX rivestito in PU Nylon 550D <a href=\"https:\/\/www.sikortex.com\/it\/flame-retardant-fabrics\/\"><span style=\"color: #3366ff;\">Ritardante di fiamma<\/span><\/a> Il tessuto Oxford \u00e8 un materiale ignifugo ad alte prestazioni con eccellente resistenza al fuoco, durevolezza, traspirabilit\u00e0, leggerezza e facilit\u00e0 di pulizia. Ci\u00f2 lo rende un materiale ideale che pu\u00f2 essere ampiamente utilizzato in vari scenari.<\/p>\n<p>In campo militare, le caratteristiche del tessuto rivestito in PU ignifugo in nylon 550D lo rendono ampiamente utilizzato nelle uniformi militari e nelle attrezzature militari. Quando i soldati sono in missione, affrontano vari ambienti e pericoli. Pertanto, hanno bisogno di un materiale ad alte prestazioni per proteggere la loro sicurezza. Il tessuto rivestito in PU ignifugo in nylon 550D non solo ha propriet\u00e0 ignifughe che possono prevenire i rischi di incendio, ma ha anche un&#039;eccellente resistenza all&#039;abrasione e allo strappo per resistere a varie sfide ambientali e fisiche.<\/p>\n<p>Inoltre, il materiale ha una buona traspirabilit\u00e0, che pu\u00f2 mantenere i soldati asciutti e comodi. La sua caratteristica leggera pu\u00f2 anche ridurre il carico dell&#039;equipaggiamento, rendendo pi\u00f9 facile per i soldati completare i loro compiti. Infine, il tessuto rivestito in PU ignifugo in nylon 550D \u00e8 facile da pulire, in grado di garantire la pulizia e l&#039;igiene delle apparecchiature, riducendo il rischio di batteri e infezioni.<\/p>\n<p><a href=\"https:\/\/www.sikortex.com\/it\/tessuti-di-nylon\/\"><span style=\"color: #3366ff;\">Nylon<\/span><\/a> il tessuto rivestito in PU ignifugo pu\u00f2 essere utilizzato anche per realizzare zaini, tende, sacchi a pelo e altre attrezzature, nonch\u00e9 sedili e portiere di veicoli militari. Queste attrezzature devono avere caratteristiche ad alte prestazioni per adattarsi a diversi ambienti e compiti, e devono anche avere resistenza al fuoco, durevolezza, traspirabilit\u00e0, leggerezza e facilit\u00e0 di pulizia per proteggere la sicurezza e la salute dei soldati.<\/p>","protected":false},"excerpt":{"rendered":"<p>2000 metri (ordine minimo)<\/p>","protected":false},"featured_media":4113,"comment_status":"closed","ping_status":"closed","template":"","meta":{"_uag_custom_page_level_css":"","site-sidebar-layout":"default","site-content-layout":"default","ast-site-content-layout":"","site-content-style":"default","site-sidebar-style":"default","ast-global-header-display":"","ast-banner-title-visibility":"","ast-main-header-display":"","ast-hfb-above-header-display":"","ast-hfb-below-header-display":"","ast-hfb-mobile-header-display":"","site-post-title":"","ast-breadcrumbs-content":"","ast-featured-img":"","footer-sml-layout":"","theme-transparent-header-meta":"default","adv-header-id-meta":"","stick-header-meta":"default","header-above-stick-meta":"","header-main-stick-meta":"","header-below-stick-meta":"","astra-migrate-meta-layouts":"default","ast-page-background-enabled":"default","ast-page-background-meta":{"desktop":{"background-color":"","background-image":"","background-repeat":"repeat","background-position":"center center","background-size":"auto","background-attachment":"scroll","background-type":"","background-media":"","overlay-type":"","overlay-color":"","overlay-opacity":"","overlay-gradient":""},"tablet":{"background-color":"","background-image":"","background-repeat":"repeat","background-position":"center center","background-size":"auto","background-attachment":"scroll","background-type":"","background-media":"","overlay-type":"","overlay-color":"","overlay-opacity":"","overlay-gradient":""},"mobile":{"background-color":"","background-image":"","background-repeat":"repeat","background-position":"center center","background-size":"auto","background-attachment":"scroll","background-type":"","background-media":"","overlay-type":"","overlay-color":"","overlay-opacity":"","overlay-gradient":""}},"ast-content-background-meta":{"desktop":{"background-color":"var(--ast-global-color-5)","background-image":"","background-repeat":"repeat","background-position":"center center","background-size":"auto","background-attachment":"scroll","background-type":"","background-media":"","overlay-type":"","overlay-color":"","overlay-opacity":"","overlay-gradient":""},"tablet":{"background-color":"var(--ast-global-color-5)","background-image":"","background-repeat":"repeat","background-position":"center center","background-size":"auto","background-attachment":"scroll","background-type":"","background-media":"","overlay-type":"","overlay-color":"","overlay-opacity":"","overlay-gradient":""},"mobile":{"background-color":"var(--ast-global-color-5)","background-image":"","background-repeat":"repeat","background-position":"center center","background-size":"auto","background-attachment":"scroll","background-type":"","background-media":"","overlay-type":"","overlay-color":"","overlay-opacity":"","overlay-gradient":""}}},"product_brand":[],"product_cat":[426,430,432,416,404,1184,427,414],"product_tag":[],"class_list":{"0":"post-4112","1":"product","2":"type-product","3":"status-publish","4":"has-post-thumbnail","6":"product_cat-constructionmining","7":"product_cat-fabric-for-motorwear","8":"product_cat-fabric-for-tent","9":"product_cat-fire-retardant-fabrics","10":"product_cat-nylon-fabrics","11":"product_cat-oxford-fabric","12":"product_cat-petroleum-and-petrochemical","13":"product_cat-waterproof-fabrics","14":"pa_available_colors-1526-35","15":"desktop-align-left","16":"tablet-align-left","17":"mobile-align-left","18":"ast-product-gallery-layout-vertical-slider","19":"ast-product-tabs-layout-horizontal","21":"first","22":"instock","23":"shipping-taxable","24":"product-type-simple"},"uagb_featured_image_src":{"full":["https:\/\/www.sikortex.com\/wp-content\/uploads\/2023\/06\/O1CN01tpTTOp1JA5g2HW6m4_3828250987-0-cib.jpg",1024,1024,false],"thumbnail":["https:\/\/www.sikortex.com\/wp-content\/uploads\/2023\/06\/O1CN01tpTTOp1JA5g2HW6m4_3828250987-0-cib-150x150.jpg",150,150,true],"medium":["https:\/\/www.sikortex.com\/wp-content\/uploads\/2023\/06\/O1CN01tpTTOp1JA5g2HW6m4_3828250987-0-cib-300x300.jpg",300,300,true],"medium_large":["https:\/\/www.sikortex.com\/wp-content\/uploads\/2023\/06\/O1CN01tpTTOp1JA5g2HW6m4_3828250987-0-cib-768x768.jpg",768,768,true],"large":["https:\/\/www.sikortex.com\/wp-content\/uploads\/2023\/06\/O1CN01tpTTOp1JA5g2HW6m4_3828250987-0-cib.jpg",1024,1024,false],"1536x1536":["https:\/\/www.sikortex.com\/wp-content\/uploads\/2023\/06\/O1CN01tpTTOp1JA5g2HW6m4_3828250987-0-cib.jpg",1024,1024,false],"2048x2048":["https:\/\/www.sikortex.com\/wp-content\/uploads\/2023\/06\/O1CN01tpTTOp1JA5g2HW6m4_3828250987-0-cib.jpg",1024,1024,false],"trp-custom-language-flag":["https:\/\/www.sikortex.com\/wp-content\/uploads\/2023\/06\/O1CN01tpTTOp1JA5g2HW6m4_3828250987-0-cib.jpg",12,12,false],"woocommerce_thumbnail":["https:\/\/www.sikortex.com\/wp-content\/uploads\/2023\/06\/O1CN01tpTTOp1JA5g2HW6m4_3828250987-0-cib-300x300.jpg",300,300,true],"woocommerce_single":["https:\/\/www.sikortex.com\/wp-content\/uploads\/2023\/06\/O1CN01tpTTOp1JA5g2HW6m4_3828250987-0-cib-600x600.jpg",600,600,true],"woocommerce_gallery_thumbnail":["https:\/\/www.sikortex.com\/wp-content\/uploads\/2023\/06\/O1CN01tpTTOp1JA5g2HW6m4_3828250987-0-cib-100x100.jpg",100,100,true]},"uagb_author_info":{"display_name":"Perry","author_link":"https:\/\/www.sikortex.com\/it\/author\/"},"uagb_comment_info":0,"uagb_excerpt":"2000 Meters(Min.Order)","_links":{"self":[{"href":"https:\/\/www.sikortex.com\/it\/wp-json\/wp\/v2\/product\/4112","targetHints":{"allow":["GET"]}}],"collection":[{"href":"https:\/\/www.sikortex.com\/it\/wp-json\/wp\/v2\/product"}],"about":[{"href":"https:\/\/www.sikortex.com\/it\/wp-json\/wp\/v2\/types\/product"}],"replies":[{"embeddable":true,"href":"https:\/\/www.sikortex.com\/it\/wp-json\/wp\/v2\/comments?post=4112"}],"wp:featuredmedia":[{"embeddable":true,"href":"https:\/\/www.sikortex.com\/it\/wp-json\/wp\/v2\/media\/4113"}],"wp:attachment":[{"href":"https:\/\/www.sikortex.com\/it\/wp-json\/wp\/v2\/media?parent=4112"}],"wp:term":[{"taxonomy":"product_brand","embeddable":true,"href":"https:\/\/www.sikortex.com\/it\/wp-json\/wp\/v2\/product_brand?post=4112"},{"taxonomy":"product_cat","embeddable":true,"href":"https:\/\/www.sikortex.com\/it\/wp-json\/wp\/v2\/product_cat?post=4112"},{"taxonomy":"product_tag","embeddable":true,"href":"https:\/\/www.sikortex.com\/it\/wp-json\/wp\/v2\/product_tag?post=4112"}],"curies":[{"name":"wp","href":"https:\/\/api.w.org\/{rel}","templated":true}]}}