{"id":4100,"date":"2023-06-25T09:39:48","date_gmt":"2023-06-25T01:39:48","guid":{"rendered":"http:\/\/shihan.vihsu.com\/?post_type=product&#038;p=4100"},"modified":"2023-11-05T14:54:28","modified_gmt":"2023-11-05T06:54:28","slug":"tessuto-rivestito-in-nylon-66-30d","status":"publish","type":"product","link":"https:\/\/www.sikortex.com\/it\/prodotto\/tessuto-rivestito-in-nylon-66-30d\/","title":{"rendered":"Tessuto rivestito ad alta resistenza con reticolo a forma di Jiamond N66 30D"},"content":{"rendered":"<p>Il tessuto rivestito ad alta resistenza SIKOR-TEX N66 30D Jiamond Shaped Lattice \u00e8 pi\u00f9 rigido e solitamente pi\u00f9 durevole del Nylon 6, con una migliore resistenza chimica al cloruro di calcio saturo, un maggiore restringimento dello stampo e una maggiore resistenza all&#039;abrasione. Il materiale \u00e8 leggero e presenta elevata resistenza meccanica, tenacit\u00e0, rigidit\u00e0 e durezza. Presenta inoltre una buona resistenza alla fatica e agli urti, un&#039;eccellente resistenza all&#039;usura, buone propriet\u00e0 di isolamento elettrico ed un&#039;eccellente resistenza a carburante e olio.<\/p>\n<p>Se stai cercando un tessuto versatile e resistente, non cercare oltre il nylon 6.6. Con le sue eccellenti propriet\u00e0 meccaniche, tra cui elevata resistenza, tenacit\u00e0 e rigidit\u00e0, \u00e8 perfetto per un&#039;ampia gamma di applicazioni. Che tu stia cercando di realizzare attrezzature per attivit\u00e0 all&#039;aperto, borse robuste o indumenti durevoli, il tessuto N66 \u00e8 un&#039;ottima scelta. La sua eccellente resistenza a carburante e olio lo rendono ideale per applicazioni automobilistiche e industriali, mentre la sua struttura leggera lo rende perfetto per tutto ci\u00f2 che deve essere robusto e facile da trasportare. Con tutti questi vantaggi, \u00e8 chiaro che il tessuto in nylon 6\/6 \u00e8 una scelta intelligente per chiunque desideri creare prodotti di alta qualit\u00e0 e di lunga durata.<\/p>","protected":false},"excerpt":{"rendered":"<p>600 metri (ordine minimo)<\/p>","protected":false},"featured_media":4101,"comment_status":"closed","ping_status":"closed","template":"","meta":{"_uag_custom_page_level_css":"","site-sidebar-layout":"default","site-content-layout":"default","ast-site-content-layout":"","site-content-style":"default","site-sidebar-style":"default","ast-global-header-display":"","ast-banner-title-visibility":"","ast-main-header-display":"","ast-hfb-above-header-display":"","ast-hfb-below-header-display":"","ast-hfb-mobile-header-display":"","site-post-title":"","ast-breadcrumbs-content":"","ast-featured-img":"","footer-sml-layout":"","theme-transparent-header-meta":"default","adv-header-id-meta":"","stick-header-meta":"default","header-above-stick-meta":"","header-main-stick-meta":"","header-below-stick-meta":"","astra-migrate-meta-layouts":"default","ast-page-background-enabled":"default","ast-page-background-meta":{"desktop":{"background-color":"","background-image":"","background-repeat":"repeat","background-position":"center center","background-size":"auto","background-attachment":"scroll","background-type":"","background-media":"","overlay-type":"","overlay-color":"","overlay-opacity":"","overlay-gradient":""},"tablet":{"background-color":"","background-image":"","background-repeat":"repeat","background-position":"center center","background-size":"auto","background-attachment":"scroll","background-type":"","background-media":"","overlay-type":"","overlay-color":"","overlay-opacity":"","overlay-gradient":""},"mobile":{"background-color":"","background-image":"","background-repeat":"repeat","background-position":"center center","background-size":"auto","background-attachment":"scroll","background-type":"","background-media":"","overlay-type":"","overlay-color":"","overlay-opacity":"","overlay-gradient":""}},"ast-content-background-meta":{"desktop":{"background-color":"var(--ast-global-color-5)","background-image":"","background-repeat":"repeat","background-position":"center center","background-size":"auto","background-attachment":"scroll","background-type":"","background-media":"","overlay-type":"","overlay-color":"","overlay-opacity":"","overlay-gradient":""},"tablet":{"background-color":"var(--ast-global-color-5)","background-image":"","background-repeat":"repeat","background-position":"center center","background-size":"auto","background-attachment":"scroll","background-type":"","background-media":"","overlay-type":"","overlay-color":"","overlay-opacity":"","overlay-gradient":""},"mobile":{"background-color":"var(--ast-global-color-5)","background-image":"","background-repeat":"repeat","background-position":"center center","background-size":"auto","background-attachment":"scroll","background-type":"","background-media":"","overlay-type":"","overlay-color":"","overlay-opacity":"","overlay-gradient":""}}},"product_brand":[],"product_cat":[432,1145,404,433,414],"product_tag":[],"class_list":{"0":"post-4100","1":"product","2":"type-product","3":"status-publish","4":"has-post-thumbnail","6":"product_cat-fabric-for-tent","7":"product_cat-lightweight-fabric","8":"product_cat-nylon-fabrics","9":"product_cat-textile-for-industrial","10":"product_cat-waterproof-fabrics","11":"pa_available_colors-h-black","12":"desktop-align-left","13":"tablet-align-left","14":"mobile-align-left","15":"ast-product-gallery-layout-vertical-slider","16":"ast-product-tabs-layout-horizontal","18":"first","19":"instock","20":"shipping-taxable","21":"product-type-simple"},"uagb_featured_image_src":{"full":["https:\/\/www.sikortex.com\/wp-content\/uploads\/2023\/06\/O1CN010VA5zZ1px9lLksYk3_935665426-0-cib.jpg",1024,1024,false],"thumbnail":["https:\/\/www.sikortex.com\/wp-content\/uploads\/2023\/06\/O1CN010VA5zZ1px9lLksYk3_935665426-0-cib-150x150.jpg",150,150,true],"medium":["https:\/\/www.sikortex.com\/wp-content\/uploads\/2023\/06\/O1CN010VA5zZ1px9lLksYk3_935665426-0-cib-300x300.jpg",300,300,true],"medium_large":["https:\/\/www.sikortex.com\/wp-content\/uploads\/2023\/06\/O1CN010VA5zZ1px9lLksYk3_935665426-0-cib-768x768.jpg",768,768,true],"large":["https:\/\/www.sikortex.com\/wp-content\/uploads\/2023\/06\/O1CN010VA5zZ1px9lLksYk3_935665426-0-cib.jpg",1024,1024,false],"1536x1536":["https:\/\/www.sikortex.com\/wp-content\/uploads\/2023\/06\/O1CN010VA5zZ1px9lLksYk3_935665426-0-cib.jpg",1024,1024,false],"2048x2048":["https:\/\/www.sikortex.com\/wp-content\/uploads\/2023\/06\/O1CN010VA5zZ1px9lLksYk3_935665426-0-cib.jpg",1024,1024,false],"trp-custom-language-flag":["https:\/\/www.sikortex.com\/wp-content\/uploads\/2023\/06\/O1CN010VA5zZ1px9lLksYk3_935665426-0-cib.jpg",12,12,false],"woocommerce_thumbnail":["https:\/\/www.sikortex.com\/wp-content\/uploads\/2023\/06\/O1CN010VA5zZ1px9lLksYk3_935665426-0-cib-300x300.jpg",300,300,true],"woocommerce_single":["https:\/\/www.sikortex.com\/wp-content\/uploads\/2023\/06\/O1CN010VA5zZ1px9lLksYk3_935665426-0-cib-600x600.jpg",600,600,true],"woocommerce_gallery_thumbnail":["https:\/\/www.sikortex.com\/wp-content\/uploads\/2023\/06\/O1CN010VA5zZ1px9lLksYk3_935665426-0-cib-100x100.jpg",100,100,true]},"uagb_author_info":{"display_name":"Perry","author_link":"https:\/\/www.sikortex.com\/it\/author\/"},"uagb_comment_info":0,"uagb_excerpt":"600 Meters(Min.Order)","_links":{"self":[{"href":"https:\/\/www.sikortex.com\/it\/wp-json\/wp\/v2\/product\/4100","targetHints":{"allow":["GET"]}}],"collection":[{"href":"https:\/\/www.sikortex.com\/it\/wp-json\/wp\/v2\/product"}],"about":[{"href":"https:\/\/www.sikortex.com\/it\/wp-json\/wp\/v2\/types\/product"}],"replies":[{"embeddable":true,"href":"https:\/\/www.sikortex.com\/it\/wp-json\/wp\/v2\/comments?post=4100"}],"wp:featuredmedia":[{"embeddable":true,"href":"https:\/\/www.sikortex.com\/it\/wp-json\/wp\/v2\/media\/4101"}],"wp:attachment":[{"href":"https:\/\/www.sikortex.com\/it\/wp-json\/wp\/v2\/media?parent=4100"}],"wp:term":[{"taxonomy":"product_brand","embeddable":true,"href":"https:\/\/www.sikortex.com\/it\/wp-json\/wp\/v2\/product_brand?post=4100"},{"taxonomy":"product_cat","embeddable":true,"href":"https:\/\/www.sikortex.com\/it\/wp-json\/wp\/v2\/product_cat?post=4100"},{"taxonomy":"product_tag","embeddable":true,"href":"https:\/\/www.sikortex.com\/it\/wp-json\/wp\/v2\/product_tag?post=4100"}],"curies":[{"name":"wp","href":"https:\/\/api.w.org\/{rel}","templated":true}]}}