{"id":2397,"date":"2023-06-02T17:02:11","date_gmt":"2023-06-02T09:02:11","guid":{"rendered":"http:\/\/203.196.10.64:3021\/?post_type=product&#038;p=2397"},"modified":"2024-12-31T14:35:39","modified_gmt":"2024-12-31T06:35:39","slug":"sk8283-poliestere-stretch","status":"publish","type":"product","link":"https:\/\/www.sikortex.com\/it\/prodotto\/sk8283-poliestere-stretch\/","title":{"rendered":"Tessuto elasticizzato in poliestere T800 Cotton Feel 100%"},"content":{"rendered":"<h5>SIKOR-TEX \u00e8 un produttore di tessuti ad alte prestazioni con sede in Cina.<\/h5>\n<h5>Tessuto elasticizzato in poliestere T800 Cotton Feel 100%<\/h5>\n<p>Il tessuto T800 \u00e8 un materiale altamente versatile che offre sia resistenza che flessibilit\u00e0. \u00c8 realizzato in poliestere 100% ed \u00e8 laminato con un film in TPU per renderlo impermeabile. Il motivo elasticizzato in twill diamantato del tessuto T800 offre un&#039;eccellente elasticit\u00e0, rendendolo ideale per l&#039;uso in prodotti che richiedono un elevato grado di flessibilit\u00e0. Nonostante la sua elasticit\u00e0, il tessuto T800 ha una sensazione morbida simile al cotone che lo rende comodo da indossare.<\/p>\n<p>100%Pel tessuto in twill di cotone T800 elasticizzato in poliestere \u00e8 perfetto per una variet\u00e0 di prodotti, tra cui giacche, cappotti e borse. Le sue propriet\u00e0 impermeabili lo rendono una scelta eccellente per l&#039;abbigliamento outdoor, mentre la sua elasticit\u00e0 e la sua consistenza confortevole lo rendono ideale per l&#039;abbigliamento sportivo. Il tessuto T800 pu\u00f2 essere personalizzato per soddisfare requisiti specifici ed \u00e8 disponibile per l&#039;acquisto in rotoli con diverse opzioni di imballaggio.<\/p>\n<p>Se stai cercando un tessuto in poliestere elastico che offra sia durevolezza che flessibilit\u00e0, il tessuto T800 \u00e8 la scelta perfetta. La sua combinazione unica di elasticit\u00e0 e morbidezza lo rende ideale per un&#039;ampia gamma di prodotti, dall&#039;attrezzatura per l&#039;outdoor all&#039;abbigliamento sportivo. Contattaci oggi stesso per saperne di pi\u00f9 su come il tessuto T800 pu\u00f2 migliorare il tuo prossimo progetto.<\/p>\n<p>Offriamo anche elastico in poliestere <a href=\"https:\/\/www.sikortex.com\/it\/prodotto\/sk8344-tessuto-poliestere-cotone-stretch-2\/\"><span style=\"color: #3366ff;\">T400<\/span><\/a> tessuto<\/p>","protected":false},"excerpt":{"rendered":"<p>1000 metri (ordine minimo)<\/p>","protected":false},"featured_media":4053,"comment_status":"closed","ping_status":"closed","template":"","meta":{"_uag_custom_page_level_css":"","site-sidebar-layout":"default","site-content-layout":"default","ast-site-content-layout":"","site-content-style":"default","site-sidebar-style":"default","ast-global-header-display":"","ast-banner-title-visibility":"","ast-main-header-display":"","ast-hfb-above-header-display":"","ast-hfb-below-header-display":"","ast-hfb-mobile-header-display":"","site-post-title":"","ast-breadcrumbs-content":"","ast-featured-img":"","footer-sml-layout":"","theme-transparent-header-meta":"default","adv-header-id-meta":"","stick-header-meta":"default","header-above-stick-meta":"","header-main-stick-meta":"","header-below-stick-meta":"","astra-migrate-meta-layouts":"default","ast-page-background-enabled":"default","ast-page-background-meta":{"desktop":{"background-color":"","background-image":"","background-repeat":"repeat","background-position":"center center","background-size":"auto","background-attachment":"scroll","background-type":"","background-media":"","overlay-type":"","overlay-color":"","overlay-opacity":"","overlay-gradient":""},"tablet":{"background-color":"","background-image":"","background-repeat":"repeat","background-position":"center center","background-size":"auto","background-attachment":"scroll","background-type":"","background-media":"","overlay-type":"","overlay-color":"","overlay-opacity":"","overlay-gradient":""},"mobile":{"background-color":"","background-image":"","background-repeat":"repeat","background-position":"center center","background-size":"auto","background-attachment":"scroll","background-type":"","background-media":"","overlay-type":"","overlay-color":"","overlay-opacity":"","overlay-gradient":""}},"ast-content-background-meta":{"desktop":{"background-color":"var(--ast-global-color-5)","background-image":"","background-repeat":"repeat","background-position":"center center","background-size":"auto","background-attachment":"scroll","background-type":"","background-media":"","overlay-type":"","overlay-color":"","overlay-opacity":"","overlay-gradient":""},"tablet":{"background-color":"var(--ast-global-color-5)","background-image":"","background-repeat":"repeat","background-position":"center center","background-size":"auto","background-attachment":"scroll","background-type":"","background-media":"","overlay-type":"","overlay-color":"","overlay-opacity":"","overlay-gradient":""},"mobile":{"background-color":"var(--ast-global-color-5)","background-image":"","background-repeat":"repeat","background-position":"center center","background-size":"auto","background-attachment":"scroll","background-type":"","background-media":"","overlay-type":"","overlay-color":"","overlay-opacity":"","overlay-gradient":""}}},"product_brand":[],"product_cat":[431,428,403,407,420,414],"product_tag":[],"class_list":{"0":"post-2397","1":"product","2":"type-product","3":"status-publish","4":"has-post-thumbnail","6":"product_cat-fabric-for-commuting-clothing","7":"product_cat-fabric-for-outdoor-sports","8":"product_cat-polyester-fabrics","9":"product_cat-recycled-fabric","10":"product_cat-stretch-fabrics","11":"product_cat-waterproof-fabrics","12":"pa_available_colors-1526-03","13":"pa_available_colors-1526-05","14":"pa_available_colors-1526-10","15":"pa_available_colors-1526-13","16":"pa_available_colors-1526-17","17":"pa_available_colors-1526-28","18":"pa_available_colors-1526-31","19":"pa_available_colors-1526-32","20":"pa_available_colors-1526-33","21":"pa_available_colors-1526-35","22":"pa_available_colors-1526-38","23":"pa_available_colors-1526-45","24":"pa_available_colors-1526-49","25":"pa_available_colors-1526-59","26":"pa_available_colors-1526-60","27":"pa_available_colors-911052-spc","28":"pa_available_colors-000020-wht","29":"desktop-align-left","30":"tablet-align-left","31":"mobile-align-left","32":"ast-product-gallery-layout-vertical-slider","33":"ast-product-tabs-layout-horizontal","35":"first","36":"instock","37":"shipping-taxable","38":"product-type-simple"},"uagb_featured_image_src":{"full":["https:\/\/www.sikortex.com\/wp-content\/uploads\/2023\/06\/IMG_5580-scaled.jpg",2560,2560,false],"thumbnail":["https:\/\/www.sikortex.com\/wp-content\/uploads\/2023\/06\/IMG_5580-150x150.jpg",150,150,true],"medium":["https:\/\/www.sikortex.com\/wp-content\/uploads\/2023\/06\/IMG_5580-300x300.jpg",300,300,true],"medium_large":["https:\/\/www.sikortex.com\/wp-content\/uploads\/2023\/06\/IMG_5580-768x768.jpg",768,768,true],"large":["https:\/\/www.sikortex.com\/wp-content\/uploads\/2023\/06\/IMG_5580-1024x1024.jpg",1024,1024,true],"1536x1536":["https:\/\/www.sikortex.com\/wp-content\/uploads\/2023\/06\/IMG_5580-1536x1536.jpg",1536,1536,true],"2048x2048":["https:\/\/www.sikortex.com\/wp-content\/uploads\/2023\/06\/IMG_5580-2048x2048.jpg",2048,2048,true],"trp-custom-language-flag":["https:\/\/www.sikortex.com\/wp-content\/uploads\/2023\/06\/IMG_5580-scaled.jpg",12,12,false],"woocommerce_thumbnail":["https:\/\/www.sikortex.com\/wp-content\/uploads\/2023\/06\/IMG_5580-300x300.jpg",300,300,true],"woocommerce_single":["https:\/\/www.sikortex.com\/wp-content\/uploads\/2023\/06\/IMG_5580-600x600.jpg",600,600,true],"woocommerce_gallery_thumbnail":["https:\/\/www.sikortex.com\/wp-content\/uploads\/2023\/06\/IMG_5580-100x100.jpg",100,100,true]},"uagb_author_info":{"display_name":"Perry","author_link":"https:\/\/www.sikortex.com\/it\/author\/"},"uagb_comment_info":0,"uagb_excerpt":"1000 Meters(Min.Order)","_links":{"self":[{"href":"https:\/\/www.sikortex.com\/it\/wp-json\/wp\/v2\/product\/2397","targetHints":{"allow":["GET"]}}],"collection":[{"href":"https:\/\/www.sikortex.com\/it\/wp-json\/wp\/v2\/product"}],"about":[{"href":"https:\/\/www.sikortex.com\/it\/wp-json\/wp\/v2\/types\/product"}],"replies":[{"embeddable":true,"href":"https:\/\/www.sikortex.com\/it\/wp-json\/wp\/v2\/comments?post=2397"}],"wp:featuredmedia":[{"embeddable":true,"href":"https:\/\/www.sikortex.com\/it\/wp-json\/wp\/v2\/media\/4053"}],"wp:attachment":[{"href":"https:\/\/www.sikortex.com\/it\/wp-json\/wp\/v2\/media?parent=2397"}],"wp:term":[{"taxonomy":"product_brand","embeddable":true,"href":"https:\/\/www.sikortex.com\/it\/wp-json\/wp\/v2\/product_brand?post=2397"},{"taxonomy":"product_cat","embeddable":true,"href":"https:\/\/www.sikortex.com\/it\/wp-json\/wp\/v2\/product_cat?post=2397"},{"taxonomy":"product_tag","embeddable":true,"href":"https:\/\/www.sikortex.com\/it\/wp-json\/wp\/v2\/product_tag?post=2397"}],"curies":[{"name":"wp","href":"https:\/\/api.w.org\/{rel}","templated":true}]}}