{"id":2288,"date":"2023-06-02T16:00:53","date_gmt":"2023-06-02T08:00:53","guid":{"rendered":"http:\/\/203.196.10.64:3021\/?post_type=product&#038;p=2288"},"modified":"2025-02-17T17:45:35","modified_gmt":"2025-02-17T09:45:35","slug":"tessuto-in-nylon-420d-rivestimento-in-pu-oxford","status":"publish","type":"product","link":"https:\/\/www.sikortex.com\/it\/prodotto\/tessuto-in-nylon-420d-rivestimento-in-pu-oxford\/","title":{"rendered":"Tessuto in nylon 420D con rivestimento in PU Oxford"},"content":{"rendered":"<h3 class=\"header-vfC6AV auto-hide-last-sibling-br\">Tessuto in nylon 420D: una scelta affidabile per l&#039;equipaggiamento anti-maltempo<\/h3>\n<p>&nbsp;<\/p>\n<h4 class=\"header-vfC6AV auto-hide-last-sibling-br\">Artigianato meticoloso, gettando le basi della durevolezza<\/h4>\n<div class=\"auto-hide-last-sibling-br paragraph-JOTKXA paragraph-element br-paragraph-space\">Il nostro tessuto in nylon 420D si distingue fin dall&#039;inizio per il suo processo di tessitura. I filati sono strettamente intrecciati, creando una struttura fisica stabile per il tessuto e gettando solide basi per la sua durata. Oltre a questo, applichiamo un rivestimento in PU a due strati. Questa non \u00e8 una misura ordinaria. Il rivestimento a due strati \u00e8 come mettere due strati di solida armatura sul tessuto. Non solo migliora la resistenza complessiva del tessuto in modo completo, ma migliora anche significativamente la sua resistenza allo strappo. Immagina che durante un&#039;avventura all&#039;aperto, l&#039;attrezzatura entri spesso in contatto con rocce e rami taglienti. I tessuti ordinari si graffierebbero facilmente, ma il nostro tessuto in nylon 420D con un rivestimento in PU a due strati pu\u00f2 resistere tenacemente a questi impatti, assicurando l&#039;integrit\u00e0 dell&#039;attrezzatura e fornendo una garanzia affidabile per i tuoi viaggi all&#039;aperto.<\/div>\n<div><\/div>\n<h4 class=\"header-vfC6AV auto-hide-last-sibling-br\">Impermeabilizzazione a doppia funzione, che garantisce la secchezza<\/h4>\n<div class=\"auto-hide-last-sibling-br paragraph-JOTKXA paragraph-element br-paragraph-space\">Oltre alla sua eccellente durevolezza, il nostro tessuto in nylon 420D fa un ulteriore passo avanti in termini di impermeabilit\u00e0. Ha subito un trattamento DWR (Durable Water Repellent), formando una speciale struttura microscopica sulla superficie del tessuto. Quando le gocce d&#039;acqua lo toccano, si raccolgono rapidamente in perle e rotolano via. Insieme al rivestimento in PU a due strati, queste due misure lavorano insieme per ottenere il miglior <a href=\"https:\/\/www.sikortex.com\/it\/rivista\/impermeabile-e-idrorepellente\/\"><span style=\"color: #3366ff;\">impermeabile<\/span><\/a> effetto. Che si tratti di un forte acquazzone o di una fitta nebbia, il tessuto pu\u00f2 bloccare completamente l&#039;umidit\u00e0, mantenendo gli oggetti all&#039;interno dell&#039;attrezzatura sempre asciutti. Questa prestazione impermeabile definitiva \u00e8 la protezione chiave che il nostro tessuto in nylon 420D fornisce all&#039;attrezzatura utilizzata in condizioni meteorologiche avverse.<\/div>\n<div><\/div>\n<h4 class=\"header-vfC6AV auto-hide-last-sibling-br\">Eccezionale resistenza all&#039;abrasione, mantenimento di una protezione duratura<\/h4>\n<div class=\"auto-hide-last-sibling-br paragraph-JOTKXA paragraph-element br-paragraph-space\">Nel complesso ambiente esterno, l&#039;attrito \u00e8 ovunque. Il nostro tessuto in nylon 420D dimostra una notevole resistenza all&#039;abrasione, grazie alle sue propriet\u00e0 uniche del materiale e alla struttura di tessitura stretta. Anche dopo numerosi utilizzi e trekking a lunga distanza, sopportando un attrito ad alta intensit\u00e0 per periodi prolungati, pu\u00f2 comunque mantenere buone propriet\u00e0 fisiche senza ridurre il suo effetto protettivo sull&#039;attrezzatura. Ogni attrito \u00e8 una prova della sua qualit\u00e0 e il nostro tessuto in nylon 420D dimostra sempre di avere prestazioni eccezionali.<\/div>\n<div><\/div>\n<h4 class=\"header-vfC6AV auto-hide-last-sibling-br\">Ampia applicabilit\u00e0, affidabile in tutti gli scenari<\/h4>\n<div class=\"auto-hide-last-sibling-br paragraph-JOTKXA paragraph-element br-paragraph-space\">Con i numerosi vantaggi eccezionali sopra menzionati, il nostro tessuto in nylon 420D ha una vasta gamma di applicazioni, in particolare nella produzione di attrezzature che devono resistere a condizioni meteorologiche avverse. Che si tratti di uno zaino da alpinismo che deve sopportare vento, pioggia e attrito delle rocce durante le scalate in vetta, o di una tenda da campo che deve resistere a varie condizioni meteorologiche complesse, il nostro tessuto in nylon 420D pu\u00f2 fornire una protezione affidabile per queste attrezzature con le sue eccellenti prestazioni. Ci\u00f2 consente agli utenti di godersi le attivit\u00e0 all&#039;aperto con tranquillit\u00e0 anche in condizioni meteorologiche avverse.<\/div>\n<p>&nbsp;<\/p>\n<div class=\"auto-hide-last-sibling-br paragraph-JOTKXA paragraph-element br-paragraph-space\">Il nostro tessuto in nylon 420D, con la sua durevolezza, resistenza allo strappo, impermeabilit\u00e0 a doppia funzione e straordinaria resistenza all&#039;abrasione, realizzato attraverso una meticolosa lavorazione artigianale, \u00e8 diventato una scelta insostituibile di alta qualit\u00e0 nel campo dell&#039;equipaggiamento per condizioni meteorologiche avverse, accompagnando in modo completo i viaggi avventurosi degli amanti dell&#039;aria aperta.<\/div>","protected":false},"excerpt":{"rendered":"<p>1000 metri (ordine minimo)<\/p>","protected":false},"featured_media":6451,"comment_status":"closed","ping_status":"closed","template":"","meta":{"_uag_custom_page_level_css":"","site-sidebar-layout":"default","site-content-layout":"default","ast-site-content-layout":"","site-content-style":"default","site-sidebar-style":"default","ast-global-header-display":"","ast-banner-title-visibility":"","ast-main-header-display":"","ast-hfb-above-header-display":"","ast-hfb-below-header-display":"","ast-hfb-mobile-header-display":"","site-post-title":"","ast-breadcrumbs-content":"","ast-featured-img":"","footer-sml-layout":"","theme-transparent-header-meta":"default","adv-header-id-meta":"","stick-header-meta":"default","header-above-stick-meta":"","header-main-stick-meta":"","header-below-stick-meta":"","astra-migrate-meta-layouts":"default","ast-page-background-enabled":"default","ast-page-background-meta":{"desktop":{"background-color":"","background-image":"","background-repeat":"repeat","background-position":"center center","background-size":"auto","background-attachment":"scroll","background-type":"","background-media":"","overlay-type":"","overlay-color":"","overlay-opacity":"","overlay-gradient":""},"tablet":{"background-color":"","background-image":"","background-repeat":"repeat","background-position":"center center","background-size":"auto","background-attachment":"scroll","background-type":"","background-media":"","overlay-type":"","overlay-color":"","overlay-opacity":"","overlay-gradient":""},"mobile":{"background-color":"","background-image":"","background-repeat":"repeat","background-position":"center center","background-size":"auto","background-attachment":"scroll","background-type":"","background-media":"","overlay-type":"","overlay-color":"","overlay-opacity":"","overlay-gradient":""}},"ast-content-background-meta":{"desktop":{"background-color":"var(--ast-global-color-5)","background-image":"","background-repeat":"repeat","background-position":"center center","background-size":"auto","background-attachment":"scroll","background-type":"","background-media":"","overlay-type":"","overlay-color":"","overlay-opacity":"","overlay-gradient":""},"tablet":{"background-color":"var(--ast-global-color-5)","background-image":"","background-repeat":"repeat","background-position":"center center","background-size":"auto","background-attachment":"scroll","background-type":"","background-media":"","overlay-type":"","overlay-color":"","overlay-opacity":"","overlay-gradient":""},"mobile":{"background-color":"var(--ast-global-color-5)","background-image":"","background-repeat":"repeat","background-position":"center center","background-size":"auto","background-attachment":"scroll","background-type":"","background-media":"","overlay-type":"","overlay-color":"","overlay-opacity":"","overlay-gradient":""}}},"product_brand":[],"product_cat":[426,1206,423,430,432,404,1184,433,414],"product_tag":[],"class_list":{"0":"post-2288","1":"product","2":"type-product","3":"status-publish","4":"has-post-thumbnail","6":"product_cat-constructionmining","7":"product_cat-fabric-for-bag","8":"product_cat-fabric-for-military-police","9":"product_cat-fabric-for-motorwear","10":"product_cat-fabric-for-tent","11":"product_cat-nylon-fabrics","12":"product_cat-oxford-fabric","13":"product_cat-textile-for-industrial","14":"product_cat-waterproof-fabrics","15":"pa_available_colors-911052-spc","16":"desktop-align-left","17":"tablet-align-left","18":"mobile-align-left","19":"ast-product-gallery-layout-vertical-slider","20":"ast-product-tabs-layout-horizontal","22":"first","23":"instock","24":"shipping-taxable","25":"product-type-simple"},"uagb_featured_image_src":{"full":["https:\/\/www.sikortex.com\/wp-content\/uploads\/2023\/06\/nylon-oxford.jpg",800,800,false],"thumbnail":["https:\/\/www.sikortex.com\/wp-content\/uploads\/2023\/06\/nylon-oxford-150x150.jpg",150,150,true],"medium":["https:\/\/www.sikortex.com\/wp-content\/uploads\/2023\/06\/nylon-oxford-300x300.jpg",300,300,true],"medium_large":["https:\/\/www.sikortex.com\/wp-content\/uploads\/2023\/06\/nylon-oxford-768x768.jpg",768,768,true],"large":["https:\/\/www.sikortex.com\/wp-content\/uploads\/2023\/06\/nylon-oxford.jpg",800,800,false],"1536x1536":["https:\/\/www.sikortex.com\/wp-content\/uploads\/2023\/06\/nylon-oxford.jpg",800,800,false],"2048x2048":["https:\/\/www.sikortex.com\/wp-content\/uploads\/2023\/06\/nylon-oxford.jpg",800,800,false],"trp-custom-language-flag":["https:\/\/www.sikortex.com\/wp-content\/uploads\/2023\/06\/nylon-oxford-12x12.jpg",12,12,true],"woocommerce_thumbnail":["https:\/\/www.sikortex.com\/wp-content\/uploads\/2023\/06\/nylon-oxford-300x300.jpg",300,300,true],"woocommerce_single":["https:\/\/www.sikortex.com\/wp-content\/uploads\/2023\/06\/nylon-oxford-600x600.jpg",600,600,true],"woocommerce_gallery_thumbnail":["https:\/\/www.sikortex.com\/wp-content\/uploads\/2023\/06\/nylon-oxford-100x100.jpg",100,100,true]},"uagb_author_info":{"display_name":"Perry","author_link":"https:\/\/www.sikortex.com\/it\/author\/"},"uagb_comment_info":0,"uagb_excerpt":"1000 Meters(Min.Order)","_links":{"self":[{"href":"https:\/\/www.sikortex.com\/it\/wp-json\/wp\/v2\/product\/2288","targetHints":{"allow":["GET"]}}],"collection":[{"href":"https:\/\/www.sikortex.com\/it\/wp-json\/wp\/v2\/product"}],"about":[{"href":"https:\/\/www.sikortex.com\/it\/wp-json\/wp\/v2\/types\/product"}],"replies":[{"embeddable":true,"href":"https:\/\/www.sikortex.com\/it\/wp-json\/wp\/v2\/comments?post=2288"}],"wp:featuredmedia":[{"embeddable":true,"href":"https:\/\/www.sikortex.com\/it\/wp-json\/wp\/v2\/media\/6451"}],"wp:attachment":[{"href":"https:\/\/www.sikortex.com\/it\/wp-json\/wp\/v2\/media?parent=2288"}],"wp:term":[{"taxonomy":"product_brand","embeddable":true,"href":"https:\/\/www.sikortex.com\/it\/wp-json\/wp\/v2\/product_brand?post=2288"},{"taxonomy":"product_cat","embeddable":true,"href":"https:\/\/www.sikortex.com\/it\/wp-json\/wp\/v2\/product_cat?post=2288"},{"taxonomy":"product_tag","embeddable":true,"href":"https:\/\/www.sikortex.com\/it\/wp-json\/wp\/v2\/product_tag?post=2288"}],"curies":[{"name":"wp","href":"https:\/\/api.w.org\/{rel}","templated":true}]}}