{"id":2054,"date":"2023-06-02T15:01:21","date_gmt":"2023-06-02T07:01:21","guid":{"rendered":"http:\/\/203.196.10.64:3021\/?post_type=product&#038;p=2054"},"modified":"2024-12-16T14:29:36","modified_gmt":"2024-12-16T06:29:36","slug":"sk8356-tessuto-anti-infrarossi","status":"publish","type":"product","link":"https:\/\/www.sikortex.com\/it\/prodotto\/sk8356-tessuto-anti-infrarossi\/","title":{"rendered":"Tessuto anti-infrarossi mimetico misto cotone nylon"},"content":{"rendered":"<p>Produttore di tessuti ad alte prestazioni SIKOR-TEX<\/p>\n<p>Sei alla ricerca di un tessuto ad alta resistenza in grado di resistere ad ambienti difficili? Non guardare oltre SIKOR-TEX innovativo tessuto misto di nylon 50% e cotone 50%. Questa miscela innovativa combina il meglio di entrambi i mondi, fondendo la traspirabilit\u00e0 del cotone con l&#039;eccezionale durata e resistenza del nylon.<br \/>\nL&#039;aggiunta di un motivo a quadri non solo mostra una notevole resistenza all&#039;usura, ma migliora anche notevolmente la resistenza allo strappo. Questo design unico assicura che il tessuto possa resistere anche agli ambienti pi\u00f9 difficili, rendendolo la scelta perfetta per coloro che hanno bisogno che i loro vestiti resistano all&#039;usura quotidiana.<br \/>\nSIKOR-TEX N\/C <span style=\"color: #3366ff;\"><a style=\"color: #3366ff;\" href=\"https:\/\/www.sikortex.com\/it\/tessuti-anti-infrarossi\/\">Anti-infrarossi<\/a><\/span> Il tessuto \u00e8 pi\u00f9 che semplicemente durevole. La sua resistenza all&#039;usura \u00e8 pi\u00f9 di tre volte quella del cotone poliestere o del tessuto di cotone 100%, rendendolo la scelta ideale per chi richiede materiali ad alte prestazioni. Sono inoltre disponibili opzioni di stampa e finiture funzionali speciali, che lo rendono uno dei tessuti pi\u00f9 versatili sul mercato.<br \/>\nChe tu sia nel settore militare, della polizia, della sicurezza o dell&#039;abbigliamento da lavoro, il nostro tessuto \u00e8 la scelta perfetta per te. La sua miscela unica di materiali e design lo rende la scelta migliore per coloro che richiedono il meglio in termini di qualit\u00e0 e durata. Scegli la nostra miscela di tessuto di nylon 50% e cotone 50% per il tuo prossimo progetto e sperimenta tu stesso la differenza.<\/p>","protected":false},"excerpt":{"rendered":"<p>3000 metri (ordine minimo)<\/p>","protected":false},"featured_media":3785,"comment_status":"closed","ping_status":"closed","template":"","meta":{"_uag_custom_page_level_css":"","site-sidebar-layout":"default","site-content-layout":"default","ast-site-content-layout":"","site-content-style":"default","site-sidebar-style":"default","ast-global-header-display":"","ast-banner-title-visibility":"","ast-main-header-display":"","ast-hfb-above-header-display":"","ast-hfb-below-header-display":"","ast-hfb-mobile-header-display":"","site-post-title":"","ast-breadcrumbs-content":"","ast-featured-img":"","footer-sml-layout":"","theme-transparent-header-meta":"default","adv-header-id-meta":"","stick-header-meta":"default","header-above-stick-meta":"","header-main-stick-meta":"","header-below-stick-meta":"","astra-migrate-meta-layouts":"default","ast-page-background-enabled":"default","ast-page-background-meta":{"desktop":{"background-color":"","background-image":"","background-repeat":"repeat","background-position":"center center","background-size":"auto","background-attachment":"scroll","background-type":"","background-media":"","overlay-type":"","overlay-color":"","overlay-opacity":"","overlay-gradient":""},"tablet":{"background-color":"","background-image":"","background-repeat":"repeat","background-position":"center center","background-size":"auto","background-attachment":"scroll","background-type":"","background-media":"","overlay-type":"","overlay-color":"","overlay-opacity":"","overlay-gradient":""},"mobile":{"background-color":"","background-image":"","background-repeat":"repeat","background-position":"center center","background-size":"auto","background-attachment":"scroll","background-type":"","background-media":"","overlay-type":"","overlay-color":"","overlay-opacity":"","overlay-gradient":""}},"ast-content-background-meta":{"desktop":{"background-color":"var(--ast-global-color-5)","background-image":"","background-repeat":"repeat","background-position":"center center","background-size":"auto","background-attachment":"scroll","background-type":"","background-media":"","overlay-type":"","overlay-color":"","overlay-opacity":"","overlay-gradient":""},"tablet":{"background-color":"var(--ast-global-color-5)","background-image":"","background-repeat":"repeat","background-position":"center center","background-size":"auto","background-attachment":"scroll","background-type":"","background-media":"","overlay-type":"","overlay-color":"","overlay-opacity":"","overlay-gradient":""},"mobile":{"background-color":"var(--ast-global-color-5)","background-image":"","background-repeat":"repeat","background-position":"center center","background-size":"auto","background-attachment":"scroll","background-type":"","background-media":"","overlay-type":"","overlay-color":"","overlay-opacity":"","overlay-gradient":""}}},"product_brand":[],"product_cat":[419,426,423,406],"product_tag":[],"class_list":{"0":"post-2054","1":"product","2":"type-product","3":"status-publish","4":"has-post-thumbnail","6":"product_cat-anti-infrared-fabrics","7":"product_cat-constructionmining","8":"product_cat-fabric-for-military-police","9":"product_cat-nylon-cotton","10":"pa_available_colors-911052-spc","11":"desktop-align-left","12":"tablet-align-left","13":"mobile-align-left","14":"ast-product-gallery-layout-vertical-slider","15":"ast-product-tabs-layout-horizontal","17":"first","18":"instock","19":"shipping-taxable","20":"product-type-simple"},"uagb_featured_image_src":{"full":["https:\/\/www.sikortex.com\/wp-content\/uploads\/2023\/06\/O1CN012CLxAE25ZN5ASV2Ya_2529997540-0-cib-1.jpg",1024,1024,false],"thumbnail":["https:\/\/www.sikortex.com\/wp-content\/uploads\/2023\/06\/O1CN012CLxAE25ZN5ASV2Ya_2529997540-0-cib-1-150x150.jpg",150,150,true],"medium":["https:\/\/www.sikortex.com\/wp-content\/uploads\/2023\/06\/O1CN012CLxAE25ZN5ASV2Ya_2529997540-0-cib-1-300x300.jpg",300,300,true],"medium_large":["https:\/\/www.sikortex.com\/wp-content\/uploads\/2023\/06\/O1CN012CLxAE25ZN5ASV2Ya_2529997540-0-cib-1-768x768.jpg",768,768,true],"large":["https:\/\/www.sikortex.com\/wp-content\/uploads\/2023\/06\/O1CN012CLxAE25ZN5ASV2Ya_2529997540-0-cib-1.jpg",1024,1024,false],"1536x1536":["https:\/\/www.sikortex.com\/wp-content\/uploads\/2023\/06\/O1CN012CLxAE25ZN5ASV2Ya_2529997540-0-cib-1.jpg",1024,1024,false],"2048x2048":["https:\/\/www.sikortex.com\/wp-content\/uploads\/2023\/06\/O1CN012CLxAE25ZN5ASV2Ya_2529997540-0-cib-1.jpg",1024,1024,false],"trp-custom-language-flag":["https:\/\/www.sikortex.com\/wp-content\/uploads\/2023\/06\/O1CN012CLxAE25ZN5ASV2Ya_2529997540-0-cib-1.jpg",12,12,false],"woocommerce_thumbnail":["https:\/\/www.sikortex.com\/wp-content\/uploads\/2023\/06\/O1CN012CLxAE25ZN5ASV2Ya_2529997540-0-cib-1-300x300.jpg",300,300,true],"woocommerce_single":["https:\/\/www.sikortex.com\/wp-content\/uploads\/2023\/06\/O1CN012CLxAE25ZN5ASV2Ya_2529997540-0-cib-1-600x600.jpg",600,600,true],"woocommerce_gallery_thumbnail":["https:\/\/www.sikortex.com\/wp-content\/uploads\/2023\/06\/O1CN012CLxAE25ZN5ASV2Ya_2529997540-0-cib-1-100x100.jpg",100,100,true]},"uagb_author_info":{"display_name":"Perry","author_link":"https:\/\/www.sikortex.com\/it\/author\/"},"uagb_comment_info":0,"uagb_excerpt":"3000 Meters(Min.Order)","_links":{"self":[{"href":"https:\/\/www.sikortex.com\/it\/wp-json\/wp\/v2\/product\/2054","targetHints":{"allow":["GET"]}}],"collection":[{"href":"https:\/\/www.sikortex.com\/it\/wp-json\/wp\/v2\/product"}],"about":[{"href":"https:\/\/www.sikortex.com\/it\/wp-json\/wp\/v2\/types\/product"}],"replies":[{"embeddable":true,"href":"https:\/\/www.sikortex.com\/it\/wp-json\/wp\/v2\/comments?post=2054"}],"wp:featuredmedia":[{"embeddable":true,"href":"https:\/\/www.sikortex.com\/it\/wp-json\/wp\/v2\/media\/3785"}],"wp:attachment":[{"href":"https:\/\/www.sikortex.com\/it\/wp-json\/wp\/v2\/media?parent=2054"}],"wp:term":[{"taxonomy":"product_brand","embeddable":true,"href":"https:\/\/www.sikortex.com\/it\/wp-json\/wp\/v2\/product_brand?post=2054"},{"taxonomy":"product_cat","embeddable":true,"href":"https:\/\/www.sikortex.com\/it\/wp-json\/wp\/v2\/product_cat?post=2054"},{"taxonomy":"product_tag","embeddable":true,"href":"https:\/\/www.sikortex.com\/it\/wp-json\/wp\/v2\/product_tag?post=2054"}],"curies":[{"name":"wp","href":"https:\/\/api.w.org\/{rel}","templated":true}]}}