{"id":1935,"date":"2023-06-02T14:27:41","date_gmt":"2023-06-02T06:27:41","guid":{"rendered":"http:\/\/203.196.10.64:3021\/?post_type=product&#038;p=1935"},"modified":"2024-12-16T14:09:10","modified_gmt":"2024-12-16T06:09:10","slug":"sk8366-nylon-alta-tenacita-66","status":"publish","type":"product","link":"https:\/\/www.sikortex.com\/it\/prodotto\/sk8366-nylon-alta-tenacita-66\/","title":{"rendered":"Tessuto Ripstop elasticizzato con trama in nylon 66 70D ad alta tenacit\u00e0"},"content":{"rendered":"<p>Produttore di tessuti ad alte prestazioni SIKOR-TEX<\/p>\n<p>SIKOR-TEX High Tenacity Nylon 66 \u2013 un materiale ad alta tenacit\u00e0 e durevole ideale per giacche, pantaloni, imbottiture e piumini. Diverso dalla normale fibra di nylon, la fibra di nylon 66 del filato di trama in questo tessuto \u00e8 una specie di fibra ad alta elasticit\u00e0, quindi questo tessuto \u00e8 una specie di tessuto elastico di trama, l&#039;elasticit\u00e0 \u00e8 vicina a quella del tessuto spandex e l&#039;elasticit\u00e0 \u00e8 molto resistente ; ha anche un&#039;eccellente durata Resistenza all&#039;abrasione e allo strappo. Questo lo rende ideale per attivit\u00e0 all&#039;aperto, abbigliamento da sci e abbigliamento casual.<\/p>\n<p>L&#039;elevata resistenza e durata del tessuto assicurano che possa resistere ai rigori dell&#039;uso all&#039;aperto, rendendolo la scelta perfetta per chi ama trascorrere del tempo nella natura. Con la sua versatilit\u00e0 e le propriet\u00e0 ad alte prestazioni, la gamma leggera di tessuti elastici in nylon 6.6 di SIKOR-TEX \u00e8 un must per chiunque cerchi un tessuto resistente e affidabile per il prossimo progetto.<\/p>\n<p>Sfoglia di pi\u00f9 <span style=\"color: #3366ff;\"><a style=\"color: #3366ff;\" href=\"https:\/\/www.sikortex.com\/it\/tessuti-in-cordura\/\">Tessuti in cordura<\/a><\/span><\/p>","protected":false},"excerpt":{"rendered":"<p>1000 metri (ordine minimo)<\/p>","protected":false},"featured_media":3727,"comment_status":"closed","ping_status":"closed","template":"","meta":{"_uag_custom_page_level_css":"","site-sidebar-layout":"default","site-content-layout":"default","ast-site-content-layout":"","site-content-style":"default","site-sidebar-style":"default","ast-global-header-display":"","ast-banner-title-visibility":"","ast-main-header-display":"","ast-hfb-above-header-display":"","ast-hfb-below-header-display":"","ast-hfb-mobile-header-display":"","site-post-title":"","ast-breadcrumbs-content":"","ast-featured-img":"","footer-sml-layout":"","theme-transparent-header-meta":"default","adv-header-id-meta":"","stick-header-meta":"default","header-above-stick-meta":"","header-main-stick-meta":"","header-below-stick-meta":"","astra-migrate-meta-layouts":"default","ast-page-background-enabled":"default","ast-page-background-meta":{"desktop":{"background-color":"","background-image":"","background-repeat":"repeat","background-position":"center center","background-size":"auto","background-attachment":"scroll","background-type":"","background-media":"","overlay-type":"","overlay-color":"","overlay-opacity":"","overlay-gradient":""},"tablet":{"background-color":"","background-image":"","background-repeat":"repeat","background-position":"center center","background-size":"auto","background-attachment":"scroll","background-type":"","background-media":"","overlay-type":"","overlay-color":"","overlay-opacity":"","overlay-gradient":""},"mobile":{"background-color":"","background-image":"","background-repeat":"repeat","background-position":"center center","background-size":"auto","background-attachment":"scroll","background-type":"","background-media":"","overlay-type":"","overlay-color":"","overlay-opacity":"","overlay-gradient":""}},"ast-content-background-meta":{"desktop":{"background-color":"var(--ast-global-color-5)","background-image":"","background-repeat":"repeat","background-position":"center center","background-size":"auto","background-attachment":"scroll","background-type":"","background-media":"","overlay-type":"","overlay-color":"","overlay-opacity":"","overlay-gradient":""},"tablet":{"background-color":"var(--ast-global-color-5)","background-image":"","background-repeat":"repeat","background-position":"center center","background-size":"auto","background-attachment":"scroll","background-type":"","background-media":"","overlay-type":"","overlay-color":"","overlay-opacity":"","overlay-gradient":""},"mobile":{"background-color":"var(--ast-global-color-5)","background-image":"","background-repeat":"repeat","background-position":"center center","background-size":"auto","background-attachment":"scroll","background-type":"","background-media":"","overlay-type":"","overlay-color":"","overlay-opacity":"","overlay-gradient":""}}},"product_brand":[],"product_cat":[431,430,428,1145,404,420],"product_tag":[],"class_list":{"0":"post-1935","1":"product","2":"type-product","3":"status-publish","4":"has-post-thumbnail","6":"product_cat-fabric-for-commuting-clothing","7":"product_cat-fabric-for-motorwear","8":"product_cat-fabric-for-outdoor-sports","9":"product_cat-lightweight-fabric","10":"product_cat-nylon-fabrics","11":"product_cat-stretch-fabrics","12":"pa_available_colors-h-black","13":"desktop-align-left","14":"tablet-align-left","15":"mobile-align-left","16":"ast-product-gallery-layout-vertical-slider","17":"ast-product-tabs-layout-horizontal","19":"first","20":"instock","21":"shipping-taxable","22":"product-type-simple"},"uagb_featured_image_src":{"full":["https:\/\/www.sikortex.com\/wp-content\/uploads\/2023\/06\/O1CN01KD9a7X281QbIdrNad_2819757872-0-cib-1.jpg",1024,1024,false],"thumbnail":["https:\/\/www.sikortex.com\/wp-content\/uploads\/2023\/06\/O1CN01KD9a7X281QbIdrNad_2819757872-0-cib-1-150x150.jpg",150,150,true],"medium":["https:\/\/www.sikortex.com\/wp-content\/uploads\/2023\/06\/O1CN01KD9a7X281QbIdrNad_2819757872-0-cib-1-300x300.jpg",300,300,true],"medium_large":["https:\/\/www.sikortex.com\/wp-content\/uploads\/2023\/06\/O1CN01KD9a7X281QbIdrNad_2819757872-0-cib-1-768x768.jpg",768,768,true],"large":["https:\/\/www.sikortex.com\/wp-content\/uploads\/2023\/06\/O1CN01KD9a7X281QbIdrNad_2819757872-0-cib-1.jpg",1024,1024,false],"1536x1536":["https:\/\/www.sikortex.com\/wp-content\/uploads\/2023\/06\/O1CN01KD9a7X281QbIdrNad_2819757872-0-cib-1.jpg",1024,1024,false],"2048x2048":["https:\/\/www.sikortex.com\/wp-content\/uploads\/2023\/06\/O1CN01KD9a7X281QbIdrNad_2819757872-0-cib-1.jpg",1024,1024,false],"trp-custom-language-flag":["https:\/\/www.sikortex.com\/wp-content\/uploads\/2023\/06\/O1CN01KD9a7X281QbIdrNad_2819757872-0-cib-1.jpg",12,12,false],"woocommerce_thumbnail":["https:\/\/www.sikortex.com\/wp-content\/uploads\/2023\/06\/O1CN01KD9a7X281QbIdrNad_2819757872-0-cib-1-300x300.jpg",300,300,true],"woocommerce_single":["https:\/\/www.sikortex.com\/wp-content\/uploads\/2023\/06\/O1CN01KD9a7X281QbIdrNad_2819757872-0-cib-1-600x600.jpg",600,600,true],"woocommerce_gallery_thumbnail":["https:\/\/www.sikortex.com\/wp-content\/uploads\/2023\/06\/O1CN01KD9a7X281QbIdrNad_2819757872-0-cib-1-100x100.jpg",100,100,true]},"uagb_author_info":{"display_name":"Perry","author_link":"https:\/\/www.sikortex.com\/it\/author\/"},"uagb_comment_info":0,"uagb_excerpt":"1000 Meters(Min.Order)","_links":{"self":[{"href":"https:\/\/www.sikortex.com\/it\/wp-json\/wp\/v2\/product\/1935","targetHints":{"allow":["GET"]}}],"collection":[{"href":"https:\/\/www.sikortex.com\/it\/wp-json\/wp\/v2\/product"}],"about":[{"href":"https:\/\/www.sikortex.com\/it\/wp-json\/wp\/v2\/types\/product"}],"replies":[{"embeddable":true,"href":"https:\/\/www.sikortex.com\/it\/wp-json\/wp\/v2\/comments?post=1935"}],"wp:featuredmedia":[{"embeddable":true,"href":"https:\/\/www.sikortex.com\/it\/wp-json\/wp\/v2\/media\/3727"}],"wp:attachment":[{"href":"https:\/\/www.sikortex.com\/it\/wp-json\/wp\/v2\/media?parent=1935"}],"wp:term":[{"taxonomy":"product_brand","embeddable":true,"href":"https:\/\/www.sikortex.com\/it\/wp-json\/wp\/v2\/product_brand?post=1935"},{"taxonomy":"product_cat","embeddable":true,"href":"https:\/\/www.sikortex.com\/it\/wp-json\/wp\/v2\/product_cat?post=1935"},{"taxonomy":"product_tag","embeddable":true,"href":"https:\/\/www.sikortex.com\/it\/wp-json\/wp\/v2\/product_tag?post=1935"}],"curies":[{"name":"wp","href":"https:\/\/api.w.org\/{rel}","templated":true}]}}