{"id":1882,"date":"2023-06-02T13:45:13","date_gmt":"2023-06-02T05:45:13","guid":{"rendered":"http:\/\/203.196.10.64:3021\/?post_type=product&#038;p=1882"},"modified":"2025-01-08T11:34:41","modified_gmt":"2025-01-08T03:34:41","slug":"sk8238","status":"publish","type":"product","link":"https:\/\/www.sikortex.com\/it\/prodotto\/sk8238\/","title":{"rendered":"Tessuto in poliestere ad alta visibilit\u00e0 Oxford 300D rivestito in PU"},"content":{"rendered":"<h5>SIKOR-TEX Produttore di tessuti ad alta visibilit\u00e0<\/h5>\n<p>Colore fluorescente 300D <a href=\"https:\/\/www.sikortex.com\/it\/nylon-cotone-tessuto-ripstop-antivento-tessuto-5\/\">Oxford<\/a> Tessuto ad alta visibilit\u00e0 rivestito in PU, un tessuto ad alta visibilit\u00e0 progettato per prestazioni ottimali in vari ambienti di lavoro. Questo tessuto combina funzionalit\u00e0, durata e visibilit\u00e0 per garantire la sicurezza dei lavoratori in condizioni difficili.<\/p>\n<p>Il colore fluorescente aumenta la visibilit\u00e0, rendendolo ideale per il soccorso stradale, il personale di servizio stradale, la polizia stradale, il trasporto logistico e i lavoratori all&#039;aperto. Il PU <a href=\"https:\/\/www.sikortex.com\/it\/2025\/01\/03\/produttori-di-tessuti-rivestiti\/\"><span style=\"color: #3366ff;\">rivestimento<\/span> <\/a>fornisce idrorepellenza, proteggendoti dalla pioggia e mantenendoti asciutto. Inoltre, la tecnologia innovativa e l&#039;alta<a href=\"https:\/\/www.sikortex.com\/it\/tessuto-impermeabile-e-traspirante\/\"><span style=\"color: #3366ff;\">traspirabilit\u00e0<\/span> <\/a>del rivestimento in PU consente un&#039;efficace espulsione del sudore, garantendo il massimo comfort anche in condizioni climatiche avverse.<\/p>\n<p>Il nostro PU fluorescente 300D <a href=\"https:\/\/www.sikortex.com\/it\/2025\/01\/03\/produttori-di-tessuti-rivestiti\/\"><span style=\"color: #3366ff;\">Rivestito<\/span><\/a> Oxford non \u00e8 solo pratico ma anche facile da pulire, garantendo longevit\u00e0 e mantenendo le sue propriet\u00e0 di alta visibilit\u00e0. Scegli questo tessuto per i tuoi abiti da lavoro e sperimenta le sue prestazioni superiori e l&#039;affidabilit\u00e0 in ambienti di lavoro esigenti.<\/p>\n<p><img loading=\"lazy\" decoding=\"async\" class=\"alignnone wp-image-4778 size-medium\" src=\"https:\/\/www.sikortex.com\/wp-content\/uploads\/2023\/06\/a1f3d5740680e6f6215505bc277b42fc178f21951d8e9-AScfKp_fw658webp-e1693106541583-300x300.webp\" alt=\"TESSUTO SIKOR-TEX HI VIS\" width=\"300\" height=\"300\" title=\"\" srcset=\"https:\/\/www.sikortex.com\/wp-content\/uploads\/2023\/06\/a1f3d5740680e6f6215505bc277b42fc178f21951d8e9-AScfKp_fw658webp-e1693106541583-300x300.webp 300w, https:\/\/www.sikortex.com\/wp-content\/uploads\/2023\/06\/a1f3d5740680e6f6215505bc277b42fc178f21951d8e9-AScfKp_fw658webp-e1693106541583-150x150.webp 150w, https:\/\/www.sikortex.com\/wp-content\/uploads\/2023\/06\/a1f3d5740680e6f6215505bc277b42fc178f21951d8e9-AScfKp_fw658webp-e1693106541583-768x768.webp 768w, https:\/\/www.sikortex.com\/wp-content\/uploads\/2023\/06\/a1f3d5740680e6f6215505bc277b42fc178f21951d8e9-AScfKp_fw658webp-e1693106541583-600x600.webp 600w, https:\/\/www.sikortex.com\/wp-content\/uploads\/2023\/06\/a1f3d5740680e6f6215505bc277b42fc178f21951d8e9-AScfKp_fw658webp-e1693106541583-100x100.webp 100w, https:\/\/www.sikortex.com\/wp-content\/uploads\/2023\/06\/a1f3d5740680e6f6215505bc277b42fc178f21951d8e9-AScfKp_fw658webp-e1693106541583-12x12.webp 12w, https:\/\/www.sikortex.com\/wp-content\/uploads\/2023\/06\/a1f3d5740680e6f6215505bc277b42fc178f21951d8e9-AScfKp_fw658webp-e1693106541583.webp 800w\" sizes=\"auto, (max-width: 300px) 100vw, 300px\" \/><\/p>\n<p><img loading=\"lazy\" decoding=\"async\" class=\"alignnone wp-image-4771 size-medium\" src=\"https:\/\/www.sikortex.com\/wp-content\/uploads\/2023\/06\/istockphoto-494206291-612x612-2-e1693106599677-300x300.jpg\" alt=\"TESSUTO IN POLIERSTERE HI VIS\" width=\"300\" height=\"300\" title=\"\" srcset=\"https:\/\/www.sikortex.com\/wp-content\/uploads\/2023\/06\/istockphoto-494206291-612x612-2-e1693106599677-300x300.jpg 300w, https:\/\/www.sikortex.com\/wp-content\/uploads\/2023\/06\/istockphoto-494206291-612x612-2-e1693106599677-150x150.jpg 150w, https:\/\/www.sikortex.com\/wp-content\/uploads\/2023\/06\/istockphoto-494206291-612x612-2-e1693106599677-768x768.jpg 768w, https:\/\/www.sikortex.com\/wp-content\/uploads\/2023\/06\/istockphoto-494206291-612x612-2-e1693106599677-600x600.jpg 600w, https:\/\/www.sikortex.com\/wp-content\/uploads\/2023\/06\/istockphoto-494206291-612x612-2-e1693106599677-100x100.jpg 100w, https:\/\/www.sikortex.com\/wp-content\/uploads\/2023\/06\/istockphoto-494206291-612x612-2-e1693106599677-12x12.jpg 12w, https:\/\/www.sikortex.com\/wp-content\/uploads\/2023\/06\/istockphoto-494206291-612x612-2-e1693106599677.jpg 800w\" sizes=\"auto, (max-width: 300px) 100vw, 300px\" \/><\/p>\n<p>&nbsp;<\/p>","protected":false},"excerpt":{"rendered":"<p>1000 metri (ordine minimo)<\/p>","protected":false},"featured_media":1890,"comment_status":"closed","ping_status":"closed","template":"","meta":{"_uag_custom_page_level_css":"","site-sidebar-layout":"default","site-content-layout":"default","ast-site-content-layout":"","site-content-style":"default","site-sidebar-style":"default","ast-global-header-display":"","ast-banner-title-visibility":"","ast-main-header-display":"","ast-hfb-above-header-display":"","ast-hfb-below-header-display":"","ast-hfb-mobile-header-display":"","site-post-title":"","ast-breadcrumbs-content":"","ast-featured-img":"","footer-sml-layout":"","theme-transparent-header-meta":"default","adv-header-id-meta":"","stick-header-meta":"default","header-above-stick-meta":"","header-main-stick-meta":"","header-below-stick-meta":"","astra-migrate-meta-layouts":"default","ast-page-background-enabled":"default","ast-page-background-meta":{"desktop":{"background-color":"","background-image":"","background-repeat":"repeat","background-position":"center center","background-size":"auto","background-attachment":"scroll","background-type":"","background-media":"","overlay-type":"","overlay-color":"","overlay-opacity":"","overlay-gradient":""},"tablet":{"background-color":"","background-image":"","background-repeat":"repeat","background-position":"center center","background-size":"auto","background-attachment":"scroll","background-type":"","background-media":"","overlay-type":"","overlay-color":"","overlay-opacity":"","overlay-gradient":""},"mobile":{"background-color":"","background-image":"","background-repeat":"repeat","background-position":"center center","background-size":"auto","background-attachment":"scroll","background-type":"","background-media":"","overlay-type":"","overlay-color":"","overlay-opacity":"","overlay-gradient":""}},"ast-content-background-meta":{"desktop":{"background-color":"var(--ast-global-color-5)","background-image":"","background-repeat":"repeat","background-position":"center center","background-size":"auto","background-attachment":"scroll","background-type":"","background-media":"","overlay-type":"","overlay-color":"","overlay-opacity":"","overlay-gradient":""},"tablet":{"background-color":"var(--ast-global-color-5)","background-image":"","background-repeat":"repeat","background-position":"center center","background-size":"auto","background-attachment":"scroll","background-type":"","background-media":"","overlay-type":"","overlay-color":"","overlay-opacity":"","overlay-gradient":""},"mobile":{"background-color":"var(--ast-global-color-5)","background-image":"","background-repeat":"repeat","background-position":"center center","background-size":"auto","background-attachment":"scroll","background-type":"","background-media":"","overlay-type":"","overlay-color":"","overlay-opacity":"","overlay-gradient":""}}},"product_brand":[],"product_cat":[426,427,403,425,414],"product_tag":[],"class_list":{"0":"post-1882","1":"product","2":"type-product","3":"status-publish","4":"has-post-thumbnail","6":"product_cat-constructionmining","7":"product_cat-petroleum-and-petrochemical","8":"product_cat-polyester-fabrics","9":"product_cat-security-emergencies-road-services","10":"product_cat-waterproof-fabrics","11":"pa_available_colors-fluorescent-orange","12":"pa_available_colors-fluorescent-red","13":"pa_available_colors-fluorescent-yellow","14":"desktop-align-left","15":"tablet-align-left","16":"mobile-align-left","17":"ast-product-gallery-layout-vertical-slider","18":"ast-product-tabs-layout-horizontal","20":"first","21":"instock","22":"shipping-taxable","23":"product-type-simple"},"uagb_featured_image_src":{"full":["https:\/\/www.sikortex.com\/wp-content\/uploads\/2023\/06\/IMG_4912-\u526f\u672c-scaled.jpg",2560,2560,false],"thumbnail":["https:\/\/www.sikortex.com\/wp-content\/uploads\/2023\/06\/IMG_4912-\u526f\u672c-150x150.jpg",150,150,true],"medium":["https:\/\/www.sikortex.com\/wp-content\/uploads\/2023\/06\/IMG_4912-\u526f\u672c-300x300.jpg",300,300,true],"medium_large":["https:\/\/www.sikortex.com\/wp-content\/uploads\/2023\/06\/IMG_4912-\u526f\u672c-768x768.jpg",768,768,true],"large":["https:\/\/www.sikortex.com\/wp-content\/uploads\/2023\/06\/IMG_4912-\u526f\u672c-1024x1024.jpg",1024,1024,true],"1536x1536":["https:\/\/www.sikortex.com\/wp-content\/uploads\/2023\/06\/IMG_4912-\u526f\u672c-1536x1536.jpg",1536,1536,true],"2048x2048":["https:\/\/www.sikortex.com\/wp-content\/uploads\/2023\/06\/IMG_4912-\u526f\u672c-2048x2048.jpg",2048,2048,true],"trp-custom-language-flag":["https:\/\/www.sikortex.com\/wp-content\/uploads\/2023\/06\/IMG_4912-\u526f\u672c-scaled.jpg",12,12,false],"woocommerce_thumbnail":["https:\/\/www.sikortex.com\/wp-content\/uploads\/2023\/06\/IMG_4912-\u526f\u672c-300x300.jpg",300,300,true],"woocommerce_single":["https:\/\/www.sikortex.com\/wp-content\/uploads\/2023\/06\/IMG_4912-\u526f\u672c-600x600.jpg",600,600,true],"woocommerce_gallery_thumbnail":["https:\/\/www.sikortex.com\/wp-content\/uploads\/2023\/06\/IMG_4912-\u526f\u672c-100x100.jpg",100,100,true]},"uagb_author_info":{"display_name":"Perry","author_link":"https:\/\/www.sikortex.com\/it\/author\/"},"uagb_comment_info":0,"uagb_excerpt":"1000 Meters(Min.Order)","_links":{"self":[{"href":"https:\/\/www.sikortex.com\/it\/wp-json\/wp\/v2\/product\/1882","targetHints":{"allow":["GET"]}}],"collection":[{"href":"https:\/\/www.sikortex.com\/it\/wp-json\/wp\/v2\/product"}],"about":[{"href":"https:\/\/www.sikortex.com\/it\/wp-json\/wp\/v2\/types\/product"}],"replies":[{"embeddable":true,"href":"https:\/\/www.sikortex.com\/it\/wp-json\/wp\/v2\/comments?post=1882"}],"wp:featuredmedia":[{"embeddable":true,"href":"https:\/\/www.sikortex.com\/it\/wp-json\/wp\/v2\/media\/1890"}],"wp:attachment":[{"href":"https:\/\/www.sikortex.com\/it\/wp-json\/wp\/v2\/media?parent=1882"}],"wp:term":[{"taxonomy":"product_brand","embeddable":true,"href":"https:\/\/www.sikortex.com\/it\/wp-json\/wp\/v2\/product_brand?post=1882"},{"taxonomy":"product_cat","embeddable":true,"href":"https:\/\/www.sikortex.com\/it\/wp-json\/wp\/v2\/product_cat?post=1882"},{"taxonomy":"product_tag","embeddable":true,"href":"https:\/\/www.sikortex.com\/it\/wp-json\/wp\/v2\/product_tag?post=1882"}],"curies":[{"name":"wp","href":"https:\/\/api.w.org\/{rel}","templated":true}]}}