{"id":1585,"date":"2023-05-31T11:02:24","date_gmt":"2023-05-31T03:02:24","guid":{"rendered":"http:\/\/203.196.10.64:3021\/?post_type=product&#038;p=1585"},"modified":"2023-10-09T12:31:27","modified_gmt":"2023-10-09T04:31:27","slug":"sk8226-tessuto-poliestere-antistatico","status":"publish","type":"product","link":"https:\/\/www.sikortex.com\/it\/prodotto\/sk8226-tessuto-poliestere-antistatico\/","title":{"rendered":"Tessuto scozzese ignifugo antistatico in poliestere"},"content":{"rendered":"<p>Produttore di tessuti ad alte prestazioni SIKOR-TEX<\/p>\n<p>Tessuto plaid in poliestere antistatico ignifugo, una scelta versatile e affidabile per vari settori. Questo tessuto \u00e8 realizzato con poliestere 97% e fibra di carbonio 3%, garantendo eccellenti propriet\u00e0 antistatiche e ignifughe. Ci\u00f2 che lo distingue \u00e8 il suo esclusivo motivo a griglia, caratterizzato da fibre di carbonio conduttive sia orizzontalmente che verticalmente. Questo design consente un&#039;efficiente scarica di elettricit\u00e0 statica da qualsiasi direzione.<\/p>\n<p>Non solo fornisce prestazioni eccezionali, ma \u00e8 anche conveniente. Il tessuto pu\u00f2 essere sottoposto a lavorazioni post finissaggio come trattamenti e spalmature idrorepellenti, esaltandone la funzionalit\u00e0. \u00c8 perfetto per creare indumenti da lavoro o indumenti protettivi per dipendenti di fabbriche di elettronica, operatori di strumenti di precisione e lavoratori in camere bianche prive di polvere.<\/p>","protected":false},"excerpt":{"rendered":"<p>1000 metri (ordine minimo)<\/p>","protected":false},"featured_media":3723,"comment_status":"closed","ping_status":"closed","template":"","meta":{"_uag_custom_page_level_css":"","site-sidebar-layout":"default","site-content-layout":"default","ast-site-content-layout":"","site-content-style":"default","site-sidebar-style":"default","ast-global-header-display":"","ast-banner-title-visibility":"","ast-main-header-display":"","ast-hfb-above-header-display":"","ast-hfb-below-header-display":"","ast-hfb-mobile-header-display":"","site-post-title":"","ast-breadcrumbs-content":"","ast-featured-img":"","footer-sml-layout":"","theme-transparent-header-meta":"default","adv-header-id-meta":"","stick-header-meta":"default","header-above-stick-meta":"","header-main-stick-meta":"","header-below-stick-meta":"","astra-migrate-meta-layouts":"default","ast-page-background-enabled":"default","ast-page-background-meta":{"desktop":{"background-color":"","background-image":"","background-repeat":"repeat","background-position":"center center","background-size":"auto","background-attachment":"scroll","background-type":"","background-media":"","overlay-type":"","overlay-color":"","overlay-opacity":"","overlay-gradient":""},"tablet":{"background-color":"","background-image":"","background-repeat":"repeat","background-position":"center center","background-size":"auto","background-attachment":"scroll","background-type":"","background-media":"","overlay-type":"","overlay-color":"","overlay-opacity":"","overlay-gradient":""},"mobile":{"background-color":"","background-image":"","background-repeat":"repeat","background-position":"center center","background-size":"auto","background-attachment":"scroll","background-type":"","background-media":"","overlay-type":"","overlay-color":"","overlay-opacity":"","overlay-gradient":""}},"ast-content-background-meta":{"desktop":{"background-color":"var(--ast-global-color-5)","background-image":"","background-repeat":"repeat","background-position":"center center","background-size":"auto","background-attachment":"scroll","background-type":"","background-media":"","overlay-type":"","overlay-color":"","overlay-opacity":"","overlay-gradient":""},"tablet":{"background-color":"var(--ast-global-color-5)","background-image":"","background-repeat":"repeat","background-position":"center center","background-size":"auto","background-attachment":"scroll","background-type":"","background-media":"","overlay-type":"","overlay-color":"","overlay-opacity":"","overlay-gradient":""},"mobile":{"background-color":"var(--ast-global-color-5)","background-image":"","background-repeat":"repeat","background-position":"center center","background-size":"auto","background-attachment":"scroll","background-type":"","background-media":"","overlay-type":"","overlay-color":"","overlay-opacity":"","overlay-gradient":""}}},"product_brand":[],"product_cat":[413,427,403,433],"product_tag":[],"class_list":{"0":"post-1585","1":"product","2":"type-product","3":"status-publish","4":"has-post-thumbnail","6":"product_cat-antistatic-fabrics","7":"product_cat-petroleum-and-petrochemical","8":"product_cat-polyester-fabrics","9":"product_cat-textile-for-industrial","10":"pa_available_colors-484002-lgt","11":"pa_available_colors-471001-spc","12":"pa_available_colors-464005-lgt","13":"pa_available_colors-321005-ult","14":"pa_available_colors-fluorescent-orange","15":"pa_available_colors-fluorescent-red","16":"pa_available_colors-fluorescent-yellow","17":"pa_available_colors-301001-spc","18":"pa_available_colors-143001-std","19":"pa_available_colors-362001-std","20":"pa_available_colors-502001-std","21":"pa_available_colors-501001-spc","22":"pa_available_colors-000014-wht","23":"pa_available_colors-yellow","24":"pa_available_colors-911052-spc","25":"pa_available_colors-000020-wht","26":"desktop-align-left","27":"tablet-align-left","28":"mobile-align-left","29":"ast-product-gallery-layout-vertical-slider","30":"ast-product-tabs-layout-horizontal","32":"first","33":"instock","34":"shipping-taxable","35":"product-type-simple"},"uagb_featured_image_src":{"full":["https:\/\/www.sikortex.com\/wp-content\/uploads\/2023\/05\/O1CN01q2z7WA2054itrxlWu_2210428336797-0-cib-1.jpg",761,761,false],"thumbnail":["https:\/\/www.sikortex.com\/wp-content\/uploads\/2023\/05\/O1CN01q2z7WA2054itrxlWu_2210428336797-0-cib-1-150x150.jpg",150,150,true],"medium":["https:\/\/www.sikortex.com\/wp-content\/uploads\/2023\/05\/O1CN01q2z7WA2054itrxlWu_2210428336797-0-cib-1-300x300.jpg",300,300,true],"medium_large":["https:\/\/www.sikortex.com\/wp-content\/uploads\/2023\/05\/O1CN01q2z7WA2054itrxlWu_2210428336797-0-cib-1.jpg",761,761,false],"large":["https:\/\/www.sikortex.com\/wp-content\/uploads\/2023\/05\/O1CN01q2z7WA2054itrxlWu_2210428336797-0-cib-1.jpg",761,761,false],"1536x1536":["https:\/\/www.sikortex.com\/wp-content\/uploads\/2023\/05\/O1CN01q2z7WA2054itrxlWu_2210428336797-0-cib-1.jpg",761,761,false],"2048x2048":["https:\/\/www.sikortex.com\/wp-content\/uploads\/2023\/05\/O1CN01q2z7WA2054itrxlWu_2210428336797-0-cib-1.jpg",761,761,false],"trp-custom-language-flag":["https:\/\/www.sikortex.com\/wp-content\/uploads\/2023\/05\/O1CN01q2z7WA2054itrxlWu_2210428336797-0-cib-1.jpg",12,12,false],"woocommerce_thumbnail":["https:\/\/www.sikortex.com\/wp-content\/uploads\/2023\/05\/O1CN01q2z7WA2054itrxlWu_2210428336797-0-cib-1-300x300.jpg",300,300,true],"woocommerce_single":["https:\/\/www.sikortex.com\/wp-content\/uploads\/2023\/05\/O1CN01q2z7WA2054itrxlWu_2210428336797-0-cib-1-600x600.jpg",600,600,true],"woocommerce_gallery_thumbnail":["https:\/\/www.sikortex.com\/wp-content\/uploads\/2023\/05\/O1CN01q2z7WA2054itrxlWu_2210428336797-0-cib-1-100x100.jpg",100,100,true]},"uagb_author_info":{"display_name":"Perry","author_link":"https:\/\/www.sikortex.com\/it\/author\/"},"uagb_comment_info":0,"uagb_excerpt":"1000 Meters(Min.Order)","_links":{"self":[{"href":"https:\/\/www.sikortex.com\/it\/wp-json\/wp\/v2\/product\/1585","targetHints":{"allow":["GET"]}}],"collection":[{"href":"https:\/\/www.sikortex.com\/it\/wp-json\/wp\/v2\/product"}],"about":[{"href":"https:\/\/www.sikortex.com\/it\/wp-json\/wp\/v2\/types\/product"}],"replies":[{"embeddable":true,"href":"https:\/\/www.sikortex.com\/it\/wp-json\/wp\/v2\/comments?post=1585"}],"wp:featuredmedia":[{"embeddable":true,"href":"https:\/\/www.sikortex.com\/it\/wp-json\/wp\/v2\/media\/3723"}],"wp:attachment":[{"href":"https:\/\/www.sikortex.com\/it\/wp-json\/wp\/v2\/media?parent=1585"}],"wp:term":[{"taxonomy":"product_brand","embeddable":true,"href":"https:\/\/www.sikortex.com\/it\/wp-json\/wp\/v2\/product_brand?post=1585"},{"taxonomy":"product_cat","embeddable":true,"href":"https:\/\/www.sikortex.com\/it\/wp-json\/wp\/v2\/product_cat?post=1585"},{"taxonomy":"product_tag","embeddable":true,"href":"https:\/\/www.sikortex.com\/it\/wp-json\/wp\/v2\/product_tag?post=1585"}],"curies":[{"name":"wp","href":"https:\/\/api.w.org\/{rel}","templated":true}]}}