{"id":8636,"date":"2025-04-26T12:46:09","date_gmt":"2025-04-26T04:46:09","guid":{"rendered":"https:\/\/www.sikortex.com\/?post_type=product&#038;p=8636"},"modified":"2025-04-27T11:06:09","modified_gmt":"2025-04-27T03:06:09","slug":"tissu-lamine-en-film-imprime","status":"publish","type":"product","link":"https:\/\/www.sikortex.com\/fr\/produit\/tissu-lamine-en-film-imprime\/","title":{"rendered":"Tissu lamin\u00e9 en film imprim\u00e9 pour vestes de sport"},"content":{"rendered":"<p>&nbsp;<\/p>\n<h2>Tissu lamin\u00e9 imprim\u00e9\u00a0: le choix id\u00e9al pour les vestes de sport<\/h2>\n<p>En mati\u00e8re de v\u00eatements d&#039;ext\u00e9rieur haute performance, <strong>Tissu lamin\u00e9 en film imprim\u00e9<\/strong> Solution innovante pour les vestes de sport modernes, ce mat\u00e9riau innovant allie fonctionnalit\u00e9 et style, id\u00e9al pour les athl\u00e8tes et les amateurs de plein air.<\/p>\n<h3>Principales caract\u00e9ristiques de notre tissu pour vestes de sport<\/h3>\n<p>Le <strong>tissu lamin\u00e9 en film imprim\u00e9<\/strong> offre des caract\u00e9ristiques de performance exceptionnelles :<\/p>\n<ul>\n<li><strong>Coupe-vent<\/strong> \u2013 Bloque les vents froids pendant les activit\u00e9s de plein air<\/li>\n<li><strong>Imperm\u00e9able<\/strong> \u2013 Vous garde au sec dans des conditions humides<\/li>\n<li><strong>Respirant<\/strong> \u2013 Permet \u00e0 la vapeur d\u2019eau de s\u2019\u00e9chapper, \u00e9vitant ainsi la surchauffe<\/li>\n<li><strong>L\u00e9ger \u00e9tirement<\/strong> \u2013 Offre une libert\u00e9 de mouvement confortable<\/li>\n<\/ul>\n<h3>Applications id\u00e9ales pour les tissus lamin\u00e9s \u00e0 film imprim\u00e9<\/h3>\n<p>Ce polyvalent <strong>tissu pour vestes de sport<\/strong> est parfait pour diverses applications ext\u00e9rieures :<\/p>\n<ul>\n<li>Vestes de sport de plein air performantes<\/li>\n<li>V\u00eatements d&#039;ext\u00e9rieur haut de gamme<\/li>\n<li>Doudounes et parkas haut de gamme<\/li>\n<li>V\u00eatements de sport toutes saisons<\/li>\n<\/ul>\n<h4>Pourquoi choisir notre tissu ?<\/h4>\n<p>Le <strong>tissu lamin\u00e9 en film imprim\u00e9<\/strong> allie technologie de pointe et design pratique. Le proc\u00e9d\u00e9 de laminage cr\u00e9e une surface durable et r\u00e9sistante aux intemp\u00e9ries, tout en pr\u00e9servant la souplesse naturelle du tissu. Les imprim\u00e9s \u00e9clatants restent nets m\u00eame apr\u00e8s plusieurs utilisations et lavages, pour un r\u00e9sultat impeccable. <strong>vestes de sport<\/strong> para\u00eetre tout neuf saison apr\u00e8s saison.<\/p>\n<p>&nbsp;<\/p>","protected":false},"excerpt":{"rendered":"<p>1000 m\u00e8tres (commande minimum)<\/p>","protected":false},"featured_media":8641,"comment_status":"closed","ping_status":"closed","template":"","meta":{"_uag_custom_page_level_css":"","site-sidebar-layout":"default","site-content-layout":"default","ast-site-content-layout":"default","site-content-style":"default","site-sidebar-style":"default","ast-global-header-display":"","ast-banner-title-visibility":"","ast-main-header-display":"","ast-hfb-above-header-display":"","ast-hfb-below-header-display":"","ast-hfb-mobile-header-display":"","site-post-title":"","ast-breadcrumbs-content":"","ast-featured-img":"","footer-sml-layout":"","theme-transparent-header-meta":"default","adv-header-id-meta":"","stick-header-meta":"default","header-above-stick-meta":"","header-main-stick-meta":"","header-below-stick-meta":"","astra-migrate-meta-layouts":"set","ast-page-background-enabled":"default","ast-page-background-meta":{"desktop":{"background-color":"","background-image":"","background-repeat":"repeat","background-position":"center center","background-size":"auto","background-attachment":"scroll","background-type":"","background-media":"","overlay-type":"","overlay-color":"","overlay-opacity":"","overlay-gradient":""},"tablet":{"background-color":"","background-image":"","background-repeat":"repeat","background-position":"center center","background-size":"auto","background-attachment":"scroll","background-type":"","background-media":"","overlay-type":"","overlay-color":"","overlay-opacity":"","overlay-gradient":""},"mobile":{"background-color":"","background-image":"","background-repeat":"repeat","background-position":"center center","background-size":"auto","background-attachment":"scroll","background-type":"","background-media":"","overlay-type":"","overlay-color":"","overlay-opacity":"","overlay-gradient":""}},"ast-content-background-meta":{"desktop":{"background-color":"var(--ast-global-color-5)","background-image":"","background-repeat":"repeat","background-position":"center center","background-size":"auto","background-attachment":"scroll","background-type":"","background-media":"","overlay-type":"","overlay-color":"","overlay-opacity":"","overlay-gradient":""},"tablet":{"background-color":"var(--ast-global-color-5)","background-image":"","background-repeat":"repeat","background-position":"center center","background-size":"auto","background-attachment":"scroll","background-type":"","background-media":"","overlay-type":"","overlay-color":"","overlay-opacity":"","overlay-gradient":""},"mobile":{"background-color":"var(--ast-global-color-5)","background-image":"","background-repeat":"repeat","background-position":"center center","background-size":"auto","background-attachment":"scroll","background-type":"","background-media":"","overlay-type":"","overlay-color":"","overlay-opacity":"","overlay-gradient":""}}},"product_brand":[],"product_cat":[431,428,429,421,403,414],"product_tag":[],"class_list":{"0":"post-8636","1":"product","2":"type-product","3":"status-publish","4":"has-post-thumbnail","6":"product_cat-fabric-for-commuting-clothing","7":"product_cat-fabric-for-outdoor-sports","8":"product_cat-fabric-for-sportswear","9":"product_cat-foul-weather-fabrics","10":"product_cat-polyester-fabrics","11":"product_cat-waterproof-fabrics","12":"desktop-align-left","13":"tablet-align-left","14":"mobile-align-left","15":"ast-product-gallery-layout-vertical-slider","16":"ast-product-tabs-layout-horizontal","18":"first","19":"instock","20":"shipping-taxable","21":"product-type-simple"},"uagb_featured_image_src":{"full":["https:\/\/www.sikortex.com\/wp-content\/uploads\/2025\/04\/5-8.jpg",800,800,false],"thumbnail":["https:\/\/www.sikortex.com\/wp-content\/uploads\/2025\/04\/5-8-150x150.jpg",150,150,true],"medium":["https:\/\/www.sikortex.com\/wp-content\/uploads\/2025\/04\/5-8-300x300.jpg",300,300,true],"medium_large":["https:\/\/www.sikortex.com\/wp-content\/uploads\/2025\/04\/5-8-768x768.jpg",768,768,true],"large":["https:\/\/www.sikortex.com\/wp-content\/uploads\/2025\/04\/5-8.jpg",800,800,false],"1536x1536":["https:\/\/www.sikortex.com\/wp-content\/uploads\/2025\/04\/5-8.jpg",800,800,false],"2048x2048":["https:\/\/www.sikortex.com\/wp-content\/uploads\/2025\/04\/5-8.jpg",800,800,false],"trp-custom-language-flag":["https:\/\/www.sikortex.com\/wp-content\/uploads\/2025\/04\/5-8-12x12.jpg",12,12,true],"woocommerce_thumbnail":["https:\/\/www.sikortex.com\/wp-content\/uploads\/2025\/04\/5-8-300x300.jpg",300,300,true],"woocommerce_single":["https:\/\/www.sikortex.com\/wp-content\/uploads\/2025\/04\/5-8-600x600.jpg",600,600,true],"woocommerce_gallery_thumbnail":["https:\/\/www.sikortex.com\/wp-content\/uploads\/2025\/04\/5-8-100x100.jpg",100,100,true]},"uagb_author_info":{"display_name":"Sandy","author_link":"https:\/\/www.sikortex.com\/fr\/author\/"},"uagb_comment_info":0,"uagb_excerpt":"1000 Meters(Min.Order)","_links":{"self":[{"href":"https:\/\/www.sikortex.com\/fr\/wp-json\/wp\/v2\/product\/8636","targetHints":{"allow":["GET"]}}],"collection":[{"href":"https:\/\/www.sikortex.com\/fr\/wp-json\/wp\/v2\/product"}],"about":[{"href":"https:\/\/www.sikortex.com\/fr\/wp-json\/wp\/v2\/types\/product"}],"replies":[{"embeddable":true,"href":"https:\/\/www.sikortex.com\/fr\/wp-json\/wp\/v2\/comments?post=8636"}],"wp:featuredmedia":[{"embeddable":true,"href":"https:\/\/www.sikortex.com\/fr\/wp-json\/wp\/v2\/media\/8641"}],"wp:attachment":[{"href":"https:\/\/www.sikortex.com\/fr\/wp-json\/wp\/v2\/media?parent=8636"}],"wp:term":[{"taxonomy":"product_brand","embeddable":true,"href":"https:\/\/www.sikortex.com\/fr\/wp-json\/wp\/v2\/product_brand?post=8636"},{"taxonomy":"product_cat","embeddable":true,"href":"https:\/\/www.sikortex.com\/fr\/wp-json\/wp\/v2\/product_cat?post=8636"},{"taxonomy":"product_tag","embeddable":true,"href":"https:\/\/www.sikortex.com\/fr\/wp-json\/wp\/v2\/product_tag?post=8636"}],"curies":[{"name":"wp","href":"https:\/\/api.w.org\/{rel}","templated":true}]}}