{"id":8577,"date":"2025-04-23T12:32:26","date_gmt":"2025-04-23T04:32:26","guid":{"rendered":"https:\/\/www.sikortex.com\/?post_type=product&#038;p=8577"},"modified":"2025-04-23T13:51:29","modified_gmt":"2025-04-23T05:51:29","slug":"tissu-elastique-en-nylon-pour-pantalons-de-sport","status":"publish","type":"product","link":"https:\/\/www.sikortex.com\/fr\/produit\/tissu-elastique-en-nylon-pour-pantalons-de-sport\/","title":{"rendered":"Tissu \u00e9lastique en nylon pour pantalons et vestes de sport"},"content":{"rendered":"<p>&nbsp;<\/p>\n<style>\n        body {<br \/>            font-family: 'Segoe UI', Roboto, sans-serif;<br \/>            line-height: 1.6;<br \/>            color: #333;<br \/>            max-width: 900px;<br \/>            margin: 0 auto;<br \/>            padding: 25px;<br \/>            background-color: #f8f9fa;<br \/>        }<br \/>        h2 {<br \/>            color: #2c3e50;<br \/>            font-size: 24px;<br \/>            margin-bottom: 20px;<br \/>            padding-bottom: 10px;<br \/>            border-bottom: 2px solid #3498db;<br \/>        }<br \/>        .intro-text {<br \/>            font-size: 16px;<br \/>            margin-bottom: 25px;<br \/>        }<br \/>        .feature-container {<br \/>            background: white;<br \/>            border-radius: 8px;<br \/>            padding: 20px;<br \/>            box-shadow: 0 2px 10px rgba(0,0,0,0.05);<br \/>            margin-bottom: 25px;<br \/>        }<br \/>        .feature-item {<br \/>            margin-bottom: 15px;<br \/>            padding-left: 25px;<br \/>            position: relative;<br \/>            line-height: 1.5;<br \/>        }<br \/>        .feature-item:before {<br \/>            content: \"\u2192\";<br \/>            color: #3498db;<br \/>            position: absolute;<br \/>            left: 5px;<br \/>        }<br \/>        .highlight {<br \/>            color: #2980b9;<br \/>            font-weight: 600;<br \/>        }<br \/>        .conclusion {<br \/>            background-color: #eaf2f8;<br \/>            padding: 15px;<br \/>            border-left: 4px solid #3498db;<br \/>            font-size: 15px;<br \/>        }<br \/>    <\/style>\n<p>&nbsp;<\/p>\n<h2>Tissu \u00e9lastique en nylon pour pantalons et vestes de sport<\/h2>\n<p class=\"intro-text\">Con\u00e7u pour la performance et le style, notre <span class=\"highlight\">tissu \u00e9lastique en nylon<\/span> est le choix id\u00e9al pour les v\u00eatements de sport modernes. Con\u00e7u sp\u00e9cifiquement pour <span class=\"highlight\">pantalons et vestes de sport<\/span>, ce mat\u00e9riau innovant allie fonctionnalit\u00e9 technique et esth\u00e9tique contemporaine pour r\u00e9pondre aux exigences des modes de vie actifs.<\/p>\n<div class=\"feature-container\">\n<div class=\"feature-item\"><strong>Texture tendance, l\u00e9g\u00e8rement froiss\u00e9e :<\/strong> L&#039;aspect textur\u00e9 intentionnel du tissu avec des plis subtils cr\u00e9e un look moderne et v\u00e9cu qui est actuellement tendance dans la mode sportive.<\/div>\n<div class=\"feature-item\"><strong>Toucher doux avec double fonctionnalit\u00e9 :<\/strong> Toucher doux, double fonction : apr\u00e8s un traitement sp\u00e9cial, il poss\u00e8de la fonction imperm\u00e9able requise pour les sports de plein air, et nous pouvons \u00e9galement personnaliser la fonction d&#039;absorption d&#039;humidit\u00e9 et de transpiration pour vous garder au sec pour les exercices de haute intensit\u00e9.<\/div>\n<div class=\"feature-item\"><strong>Construction \u00e9lastique de trame :<\/strong> Offre une excellente \u00e9lasticit\u00e9 et une excellente r\u00e9cup\u00e9ration dans le sens transversal, garantissant une libert\u00e9 de mouvement optimale pour les performances sportives tout en pr\u00e9servant l&#039;int\u00e9grit\u00e9 de la forme.<\/div>\n<\/div>\n<div class=\"conclusion\">Id\u00e9al pour les v\u00eatements ax\u00e9s sur la performance, ce <span class=\"highlight\">tissu \u00e9lastique en nylon<\/span> Offre un \u00e9quilibre parfait entre confort, fonctionnalit\u00e9 et style. Qu&#039;il s&#039;agisse de pantalons de course l\u00e9gers ou de vestes d&#039;entra\u00eenement respirantes, la marque offre aux cr\u00e9ateurs des solutions polyvalentes pour le march\u00e9 actuel des v\u00eatements de sport.<\/div>\n<p>&nbsp;<\/p>","protected":false},"excerpt":{"rendered":"<p>1000 m\u00e8tres (commande minimum)<\/p>","protected":false},"featured_media":8583,"comment_status":"closed","ping_status":"closed","template":"","meta":{"_uag_custom_page_level_css":"","site-sidebar-layout":"default","site-content-layout":"default","ast-site-content-layout":"default","site-content-style":"default","site-sidebar-style":"default","ast-global-header-display":"","ast-banner-title-visibility":"","ast-main-header-display":"","ast-hfb-above-header-display":"","ast-hfb-below-header-display":"","ast-hfb-mobile-header-display":"","site-post-title":"","ast-breadcrumbs-content":"","ast-featured-img":"","footer-sml-layout":"","theme-transparent-header-meta":"default","adv-header-id-meta":"","stick-header-meta":"default","header-above-stick-meta":"","header-main-stick-meta":"","header-below-stick-meta":"","astra-migrate-meta-layouts":"set","ast-page-background-enabled":"default","ast-page-background-meta":{"desktop":{"background-color":"","background-image":"","background-repeat":"repeat","background-position":"center center","background-size":"auto","background-attachment":"scroll","background-type":"","background-media":"","overlay-type":"","overlay-color":"","overlay-opacity":"","overlay-gradient":""},"tablet":{"background-color":"","background-image":"","background-repeat":"repeat","background-position":"center center","background-size":"auto","background-attachment":"scroll","background-type":"","background-media":"","overlay-type":"","overlay-color":"","overlay-opacity":"","overlay-gradient":""},"mobile":{"background-color":"","background-image":"","background-repeat":"repeat","background-position":"center center","background-size":"auto","background-attachment":"scroll","background-type":"","background-media":"","overlay-type":"","overlay-color":"","overlay-opacity":"","overlay-gradient":""}},"ast-content-background-meta":{"desktop":{"background-color":"var(--ast-global-color-5)","background-image":"","background-repeat":"repeat","background-position":"center center","background-size":"auto","background-attachment":"scroll","background-type":"","background-media":"","overlay-type":"","overlay-color":"","overlay-opacity":"","overlay-gradient":""},"tablet":{"background-color":"var(--ast-global-color-5)","background-image":"","background-repeat":"repeat","background-position":"center center","background-size":"auto","background-attachment":"scroll","background-type":"","background-media":"","overlay-type":"","overlay-color":"","overlay-opacity":"","overlay-gradient":""},"mobile":{"background-color":"var(--ast-global-color-5)","background-image":"","background-repeat":"repeat","background-position":"center center","background-size":"auto","background-attachment":"scroll","background-type":"","background-media":"","overlay-type":"","overlay-color":"","overlay-opacity":"","overlay-gradient":""}}},"product_brand":[],"product_cat":[404,431,423,428,429,420],"product_tag":[],"class_list":{"0":"post-8577","1":"product","2":"type-product","3":"status-publish","4":"has-post-thumbnail","6":"product_cat-nylon-fabrics","7":"product_cat-fabric-for-commuting-clothing","8":"product_cat-fabric-for-military-police","9":"product_cat-fabric-for-outdoor-sports","10":"product_cat-fabric-for-sportswear","11":"product_cat-stretch-fabrics","12":"pa_available_colors-911052-spc","13":"desktop-align-left","14":"tablet-align-left","15":"mobile-align-left","16":"ast-product-gallery-layout-vertical-slider","17":"ast-product-tabs-layout-horizontal","19":"first","20":"instock","21":"shipping-taxable","22":"product-type-simple"},"uagb_featured_image_src":{"full":["https:\/\/www.sikortex.com\/wp-content\/uploads\/2025\/04\/5-2.jpg",800,800,false],"thumbnail":["https:\/\/www.sikortex.com\/wp-content\/uploads\/2025\/04\/5-2-150x150.jpg",150,150,true],"medium":["https:\/\/www.sikortex.com\/wp-content\/uploads\/2025\/04\/5-2-300x300.jpg",300,300,true],"medium_large":["https:\/\/www.sikortex.com\/wp-content\/uploads\/2025\/04\/5-2-768x768.jpg",768,768,true],"large":["https:\/\/www.sikortex.com\/wp-content\/uploads\/2025\/04\/5-2.jpg",800,800,false],"1536x1536":["https:\/\/www.sikortex.com\/wp-content\/uploads\/2025\/04\/5-2.jpg",800,800,false],"2048x2048":["https:\/\/www.sikortex.com\/wp-content\/uploads\/2025\/04\/5-2.jpg",800,800,false],"trp-custom-language-flag":["https:\/\/www.sikortex.com\/wp-content\/uploads\/2025\/04\/5-2-12x12.jpg",12,12,true],"woocommerce_thumbnail":["https:\/\/www.sikortex.com\/wp-content\/uploads\/2025\/04\/5-2-300x300.jpg",300,300,true],"woocommerce_single":["https:\/\/www.sikortex.com\/wp-content\/uploads\/2025\/04\/5-2-600x600.jpg",600,600,true],"woocommerce_gallery_thumbnail":["https:\/\/www.sikortex.com\/wp-content\/uploads\/2025\/04\/5-2-100x100.jpg",100,100,true]},"uagb_author_info":{"display_name":"Sandy","author_link":"https:\/\/www.sikortex.com\/fr\/author\/"},"uagb_comment_info":0,"uagb_excerpt":"1000 Meters(Min.Order)","_links":{"self":[{"href":"https:\/\/www.sikortex.com\/fr\/wp-json\/wp\/v2\/product\/8577","targetHints":{"allow":["GET"]}}],"collection":[{"href":"https:\/\/www.sikortex.com\/fr\/wp-json\/wp\/v2\/product"}],"about":[{"href":"https:\/\/www.sikortex.com\/fr\/wp-json\/wp\/v2\/types\/product"}],"replies":[{"embeddable":true,"href":"https:\/\/www.sikortex.com\/fr\/wp-json\/wp\/v2\/comments?post=8577"}],"wp:featuredmedia":[{"embeddable":true,"href":"https:\/\/www.sikortex.com\/fr\/wp-json\/wp\/v2\/media\/8583"}],"wp:attachment":[{"href":"https:\/\/www.sikortex.com\/fr\/wp-json\/wp\/v2\/media?parent=8577"}],"wp:term":[{"taxonomy":"product_brand","embeddable":true,"href":"https:\/\/www.sikortex.com\/fr\/wp-json\/wp\/v2\/product_brand?post=8577"},{"taxonomy":"product_cat","embeddable":true,"href":"https:\/\/www.sikortex.com\/fr\/wp-json\/wp\/v2\/product_cat?post=8577"},{"taxonomy":"product_tag","embeddable":true,"href":"https:\/\/www.sikortex.com\/fr\/wp-json\/wp\/v2\/product_tag?post=8577"}],"curies":[{"name":"wp","href":"https:\/\/api.w.org\/{rel}","templated":true}]}}