{"id":8566,"date":"2025-04-23T11:33:00","date_gmt":"2025-04-23T03:33:00","guid":{"rendered":"https:\/\/www.sikortex.com\/?post_type=product&#038;p=8566"},"modified":"2025-04-23T13:15:27","modified_gmt":"2025-04-23T05:15:27","slug":"tissu-polaire-pu-lamine-extensible-dans-les-4-sens-en-nylon","status":"publish","type":"product","link":"https:\/\/www.sikortex.com\/fr\/produit\/tissu-polaire-pu-lamine-extensible-dans-les-4-sens-en-nylon\/","title":{"rendered":"Tissu polaire PU lamin\u00e9 extensible dans les 4 sens en nylon de haute qualit\u00e9"},"content":{"rendered":"<style>\n        body {<br \/>\n            font-family: 'Arial', sans-serif;<br \/>\n            line-height: 1.6;<br \/>\n            color: #333;<br \/>\n            max-width: 1000px;<br \/>\n            margin: 0 auto;<br \/>\n            padding: 20px;<br \/>\n        }<br \/>\n        h1 {<br \/>\n            color: #2a5885;<br \/>\n            font-size: 28px;<br \/>\n            margin-bottom: 20px;<br \/>\n            border-bottom: 2px solid #f0f0f0;<br \/>\n            padding-bottom: 10px;<br \/>\n        }<br \/>\n        h2 {<br \/>\n            color: #3a6ea5;<br \/>\n            font-size: 22px;<br \/>\n            margin-top: 30px;<br \/>\n        }<br \/>\n        .features-grid {<br \/>\n            display: grid;<br \/>\n            grid-template-columns: repeat(2, 1fr);<br \/>\n            gap: 15px;<br \/>\n            margin: 20px 0;<br \/>\n        }<br \/>\n        .feature-item {<br \/>\n            background: #f9f9f9;<br \/>\n            padding: 15px;<br \/>\n            border-radius: 5px;<br \/>\n            border-left: 4px solid #3a6ea5;<br \/>\n        }<br \/>\n        .feature-title {<br \/>\n            font-weight: bold;<br \/>\n            color: #2a5885;<br \/>\n            margin-bottom: 5px;<br \/>\n        }<br \/>\n        table {<br \/>\n            width: 100%;<br \/>\n            border-collapse: collapse;<br \/>\n            margin: 25px 0;<br \/>\n        }<br \/>\n        th, td {<br \/>\n            padding: 12px 15px;<br \/>\n            text-align: left;<br \/>\n            border-bottom: 1px solid #ddd;<br \/>\n        }<br \/>\n        th {<br \/>\n            background-color: #f2f2f2;<br \/>\n            color: #2a5885;<br \/>\n        }<br \/>\n        .highlight {<br \/>\n            font-weight: bold;<br \/>\n            color: #2a5885;<br \/>\n        }<br \/>\n    <\/style>\n<h2>Tissu polaire PU lamin\u00e9 extensible dans les 4 sens en nylon de haute qualit\u00e9<\/h2>\n<p>D\u00e9couvrez le m\u00e9lange parfait de performance et de confort avec notre <span class=\"highlight\">Tissu polaire PU lamin\u00e9 extensible dans les 4 sens en nylon de haute qualit\u00e9<\/span>Con\u00e7u pour les v\u00eatements d&#039;ext\u00e9rieur et de sport haut de gamme, ce <span class=\"highlight\">Tissu lamin\u00e9 \u00e0 3 couches<\/span> offre une protection et une flexibilit\u00e9 exceptionnelles, ce qui le rend id\u00e9al pour les conditions m\u00e9t\u00e9orologiques extr\u00eames et les activit\u00e9s de haute intensit\u00e9.<\/p>\n<h3>Performances et protection in\u00e9gal\u00e9es<\/h3>\n<div class=\"features-grid\">\n<div class=\"feature-item\">\n<div class=\"feature-title\">Coupe-vent et imperm\u00e9able<\/div>\n<p>L&#039;avanc\u00e9 <span class=\"highlight\">Laminage PU<\/span> assure une r\u00e9sistance compl\u00e8te au vent et <span class=\"highlight\">imperm\u00e9able et durable<\/span> performance, vous gardant au sec sous de fortes pluies et de la neige.<\/p>\n<\/div>\n<div class=\"feature-item\">\n<div class=\"feature-title\">Respirant<\/div>\n<p>Con\u00e7u pour une circulation d&#039;air optimale, le tissu permet \u00e0 l&#039;humidit\u00e9 de s&#039;\u00e9chapper, \u00e9vitant ainsi la surchauffe pendant le mouvement.<\/p>\n<\/div>\n<div class=\"feature-item\">\n<div class=\"feature-title\">\u00c9tirement dans les quatre sens<\/div>\n<p>Le <span class=\"highlight\">nylon extensible dans les 4 sens<\/span> la construction offre une \u00e9lasticit\u00e9 sup\u00e9rieure, garantissant la libert\u00e9 de mouvement sans compromettre la durabilit\u00e9.<\/p>\n<\/div>\n<div class=\"feature-item\">\n<div class=\"feature-title\">R\u00e9sistant \u00e0 l&#039;abrasion<\/div>\n<p>Les fibres renforc\u00e9es am\u00e9liorent la t\u00e9nacit\u00e9, la rendant r\u00e9sistante \u00e0 l&#039;usure pour une utilisation durable.<\/p>\n<\/div>\n<div class=\"feature-item\">\n<div class=\"feature-title\">Chaleur exceptionnelle<\/div>\n<p>La couche int\u00e9rieure en polaire douce offre une isolation sup\u00e9rieure, vous gardant au chaud dans les climats froids.<\/p>\n<\/div>\n<div class=\"feature-item\">\n<div class=\"feature-title\">Finition luxueuse<\/div>\n<p>Le <span class=\"highlight\">surface fine et de haute qualit\u00e9<\/span> offre un look \u00e9l\u00e9gant et haut de gamme adapt\u00e9 \u00e0 la mode haut de gamme et aux \u00e9quipements de performance.<\/p>\n<\/div>\n<\/div>\n<h3>Sp\u00e9cifications techniques<\/h3>\n<table>\n<thead>\n<tr>\n<th>Propri\u00e9t\u00e9<\/th>\n<th>\u00c9valuation des performances<\/th>\n<\/tr>\n<\/thead>\n<tbody>\n<tr>\n<td>R\u00e9sistance \u00e0 la pression hydrostatique<\/td>\n<td>20 000 (JIS L)<\/td>\n<\/tr>\n<tr>\n<td>Respirabilit\u00e9<\/td>\n<td>10 000 (JIS L)<\/td>\n<\/tr>\n<\/tbody>\n<\/table>\n<p>Id\u00e9al pour les vestes de ski, les \u00e9quipements de plein air et les v\u00eatements d&#039;ext\u00e9rieur urbains, ce tissu combine <span class=\"highlight\">flexibilit\u00e9 du nylon<\/span> avec <span class=\"highlight\">confort polaire lamin\u00e9<\/span> pour des performances et un style ultimes.<\/p>\n<p>&nbsp;<\/p>","protected":false},"excerpt":{"rendered":"<p>1000 m\u00e8tres (commande minimum)<\/p>","protected":false},"featured_media":8571,"comment_status":"closed","ping_status":"closed","template":"","meta":{"_uag_custom_page_level_css":"","site-sidebar-layout":"default","site-content-layout":"default","ast-site-content-layout":"default","site-content-style":"default","site-sidebar-style":"default","ast-global-header-display":"","ast-banner-title-visibility":"","ast-main-header-display":"","ast-hfb-above-header-display":"","ast-hfb-below-header-display":"","ast-hfb-mobile-header-display":"","site-post-title":"","ast-breadcrumbs-content":"","ast-featured-img":"","footer-sml-layout":"","theme-transparent-header-meta":"default","adv-header-id-meta":"","stick-header-meta":"default","header-above-stick-meta":"","header-main-stick-meta":"","header-below-stick-meta":"","astra-migrate-meta-layouts":"set","ast-page-background-enabled":"default","ast-page-background-meta":{"desktop":{"background-color":"","background-image":"","background-repeat":"repeat","background-position":"center center","background-size":"auto","background-attachment":"scroll","background-type":"","background-media":"","overlay-type":"","overlay-color":"","overlay-opacity":"","overlay-gradient":""},"tablet":{"background-color":"","background-image":"","background-repeat":"repeat","background-position":"center center","background-size":"auto","background-attachment":"scroll","background-type":"","background-media":"","overlay-type":"","overlay-color":"","overlay-opacity":"","overlay-gradient":""},"mobile":{"background-color":"","background-image":"","background-repeat":"repeat","background-position":"center center","background-size":"auto","background-attachment":"scroll","background-type":"","background-media":"","overlay-type":"","overlay-color":"","overlay-opacity":"","overlay-gradient":""}},"ast-content-background-meta":{"desktop":{"background-color":"var(--ast-global-color-5)","background-image":"","background-repeat":"repeat","background-position":"center center","background-size":"auto","background-attachment":"scroll","background-type":"","background-media":"","overlay-type":"","overlay-color":"","overlay-opacity":"","overlay-gradient":""},"tablet":{"background-color":"var(--ast-global-color-5)","background-image":"","background-repeat":"repeat","background-position":"center center","background-size":"auto","background-attachment":"scroll","background-type":"","background-media":"","overlay-type":"","overlay-color":"","overlay-opacity":"","overlay-gradient":""},"mobile":{"background-color":"var(--ast-global-color-5)","background-image":"","background-repeat":"repeat","background-position":"center center","background-size":"auto","background-attachment":"scroll","background-type":"","background-media":"","overlay-type":"","overlay-color":"","overlay-opacity":"","overlay-gradient":""}}},"product_brand":[],"product_cat":[404,414],"product_tag":[],"class_list":{"0":"post-8566","1":"product","2":"type-product","3":"status-publish","4":"has-post-thumbnail","6":"product_cat-nylon-fabrics","7":"product_cat-waterproof-fabrics","8":"pa_available_colors-911052-spc","9":"desktop-align-left","10":"tablet-align-left","11":"mobile-align-left","12":"ast-product-gallery-layout-vertical-slider","13":"ast-product-tabs-layout-horizontal","15":"first","16":"instock","17":"shipping-taxable","18":"product-type-simple"},"uagb_featured_image_src":{"full":["https:\/\/www.sikortex.com\/wp-content\/uploads\/2025\/04\/IMG_0769.jpg",800,800,false],"thumbnail":["https:\/\/www.sikortex.com\/wp-content\/uploads\/2025\/04\/IMG_0769-150x150.jpg",150,150,true],"medium":["https:\/\/www.sikortex.com\/wp-content\/uploads\/2025\/04\/IMG_0769-300x300.jpg",300,300,true],"medium_large":["https:\/\/www.sikortex.com\/wp-content\/uploads\/2025\/04\/IMG_0769-768x768.jpg",768,768,true],"large":["https:\/\/www.sikortex.com\/wp-content\/uploads\/2025\/04\/IMG_0769.jpg",800,800,false],"1536x1536":["https:\/\/www.sikortex.com\/wp-content\/uploads\/2025\/04\/IMG_0769.jpg",800,800,false],"2048x2048":["https:\/\/www.sikortex.com\/wp-content\/uploads\/2025\/04\/IMG_0769.jpg",800,800,false],"trp-custom-language-flag":["https:\/\/www.sikortex.com\/wp-content\/uploads\/2025\/04\/IMG_0769-12x12.jpg",12,12,true],"woocommerce_thumbnail":["https:\/\/www.sikortex.com\/wp-content\/uploads\/2025\/04\/IMG_0769-300x300.jpg",300,300,true],"woocommerce_single":["https:\/\/www.sikortex.com\/wp-content\/uploads\/2025\/04\/IMG_0769-600x600.jpg",600,600,true],"woocommerce_gallery_thumbnail":["https:\/\/www.sikortex.com\/wp-content\/uploads\/2025\/04\/IMG_0769-100x100.jpg",100,100,true]},"uagb_author_info":{"display_name":"Sandy","author_link":"https:\/\/www.sikortex.com\/fr\/author\/"},"uagb_comment_info":0,"uagb_excerpt":"1000 Meters(Min.Order)","_links":{"self":[{"href":"https:\/\/www.sikortex.com\/fr\/wp-json\/wp\/v2\/product\/8566","targetHints":{"allow":["GET"]}}],"collection":[{"href":"https:\/\/www.sikortex.com\/fr\/wp-json\/wp\/v2\/product"}],"about":[{"href":"https:\/\/www.sikortex.com\/fr\/wp-json\/wp\/v2\/types\/product"}],"replies":[{"embeddable":true,"href":"https:\/\/www.sikortex.com\/fr\/wp-json\/wp\/v2\/comments?post=8566"}],"wp:featuredmedia":[{"embeddable":true,"href":"https:\/\/www.sikortex.com\/fr\/wp-json\/wp\/v2\/media\/8571"}],"wp:attachment":[{"href":"https:\/\/www.sikortex.com\/fr\/wp-json\/wp\/v2\/media?parent=8566"}],"wp:term":[{"taxonomy":"product_brand","embeddable":true,"href":"https:\/\/www.sikortex.com\/fr\/wp-json\/wp\/v2\/product_brand?post=8566"},{"taxonomy":"product_cat","embeddable":true,"href":"https:\/\/www.sikortex.com\/fr\/wp-json\/wp\/v2\/product_cat?post=8566"},{"taxonomy":"product_tag","embeddable":true,"href":"https:\/\/www.sikortex.com\/fr\/wp-json\/wp\/v2\/product_tag?post=8566"}],"curies":[{"name":"wp","href":"https:\/\/api.w.org\/{rel}","templated":true}]}}