{"id":8563,"date":"2025-04-23T11:15:38","date_gmt":"2025-04-23T03:15:38","guid":{"rendered":"https:\/\/www.sikortex.com\/?post_type=product&#038;p=8563"},"modified":"2025-04-23T12:46:39","modified_gmt":"2025-04-23T04:46:39","slug":"tissu-tricot-tpu-lamine-camouflage","status":"publish","type":"product","link":"https:\/\/www.sikortex.com\/fr\/produit\/tissu-tricot-tpu-lamine-camouflage\/","title":{"rendered":"Tissu tricot\u00e9 TPU lamin\u00e9 camouflage polyester pour uniformes militaires"},"content":{"rendered":"<h2>Tissu tricot\u00e9 TPU lamin\u00e9 camouflage polyester haute performance pour uniformes militaires<\/h2>\n<p>Notre tissu tricot\u00e9 TPU lamin\u00e9 camouflage polyester avanc\u00e9 est con\u00e7u pour r\u00e9pondre aux exigences rigoureuses des applications militaires modernes. Ce tissu haut de gamme allie une durabilit\u00e9 exceptionnelle \u00e0 des propri\u00e9t\u00e9s imperm\u00e9ables et respirantes sup\u00e9rieures, ce qui le rend id\u00e9al pour les uniformes tactiques et les \u00e9quipements outdoor sp\u00e9cialis\u00e9s.<\/p>\n<h3>Principales caract\u00e9ristiques:<\/h3>\n<ul>\n<li><strong>Durabilit\u00e9 de qualit\u00e9 militaire :<\/strong> La construction renforc\u00e9e r\u00e9siste aux conditions extr\u00eames et \u00e0 une utilisation r\u00e9p\u00e9t\u00e9e<\/li>\n<li><strong>Performances imperm\u00e9ables\/respirantes avanc\u00e9es :<\/strong> Conforme aux normes industrielles japonaises strictes<\/li>\n<li><strong>Mod\u00e8les personnalisables :<\/strong> Disponible avec impression num\u00e9rique ou s\u00e9rigraphie pour des motifs de camouflage parfaits<\/li>\n<li><strong>Fonctionnalit\u00e9 tactique :<\/strong> Optimis\u00e9 pour la mobilit\u00e9 et le confort dans les op\u00e9rations sur le terrain<\/li>\n<\/ul>\n<div class=\"specs-table\">\n<table>\n<tbody>\n<tr>\n<th>Sp\u00e9cification<\/th>\n<th>Indicateur de performance<\/th>\n<th>Norme de test<\/th>\n<\/tr>\n<tr>\n<td>R\u00e9sistance hydrostatique<\/td>\n<td>15 000 mmH\u2082O<\/td>\n<td>Norme industrielle japonaise<\/td>\n<\/tr>\n<tr>\n<td>Transmission de vapeur d&#039;eau<\/td>\n<td>15 000 g\/m\u00b2\/24 h<\/td>\n<td>Norme industrielle japonaise<\/td>\n<\/tr>\n<\/tbody>\n<\/table>\n<\/div>\n<h3>Options d&#039;impression personnalis\u00e9es<\/h3>\n<p>Nous proposons une personnalisation compl\u00e8te des motifs de camouflage \u00e0 travers :<\/p>\n<ul>\n<li><strong>Impression num\u00e9rique :<\/strong> Motifs haute r\u00e9solution avec des options de couleurs illimit\u00e9es et des d\u00e9tails complexes<\/li>\n<li><strong>S\u00e9rigraphie :<\/strong> M\u00e9thode traditionnelle pour les commandes de gros volume avec une correspondance des couleurs coh\u00e9rente<\/li>\n<\/ul>\n<p>Ce tissu lamin\u00e9 polyester\/TPU est le choix id\u00e9al pour les sous-traitants militaires, les fabricants d&#039;uniformes et les fabricants d&#039;\u00e9quipements tactiques exigeant des performances fiables dans des environnements difficiles. Le support en tricot offre un confort exceptionnel tout en pr\u00e9servant l&#039;int\u00e9grit\u00e9 structurelle n\u00e9cessaire \u00e0 une utilisation prolong\u00e9e sur le terrain.<\/p>\n<p>Contactez-nous d\u00e8s aujourd&#039;hui pour discuter de vos besoins sp\u00e9cifiques en mati\u00e8re de tissus de camouflage personnalis\u00e9s. Notre \u00e9quipe technique peut vous accompagner dans le d\u00e9veloppement de mod\u00e8les, la d\u00e9finition des sp\u00e9cifications de performance et la production en s\u00e9rie pour r\u00e9pondre pr\u00e9cis\u00e9ment \u00e0 vos besoins.<\/p>\n<p>&nbsp;<\/p>","protected":false},"excerpt":{"rendered":"<p>1000 m\u00e8tres (commande minimum)<\/p>","protected":false},"featured_media":8540,"comment_status":"closed","ping_status":"closed","template":"","meta":{"_uag_custom_page_level_css":"","site-sidebar-layout":"default","site-content-layout":"default","ast-site-content-layout":"default","site-content-style":"default","site-sidebar-style":"default","ast-global-header-display":"","ast-banner-title-visibility":"","ast-main-header-display":"","ast-hfb-above-header-display":"","ast-hfb-below-header-display":"","ast-hfb-mobile-header-display":"","site-post-title":"","ast-breadcrumbs-content":"","ast-featured-img":"","footer-sml-layout":"","theme-transparent-header-meta":"default","adv-header-id-meta":"","stick-header-meta":"default","header-above-stick-meta":"","header-main-stick-meta":"","header-below-stick-meta":"","astra-migrate-meta-layouts":"set","ast-page-background-enabled":"default","ast-page-background-meta":{"desktop":{"background-color":"","background-image":"","background-repeat":"repeat","background-position":"center center","background-size":"auto","background-attachment":"scroll","background-type":"","background-media":"","overlay-type":"","overlay-color":"","overlay-opacity":"","overlay-gradient":""},"tablet":{"background-color":"","background-image":"","background-repeat":"repeat","background-position":"center center","background-size":"auto","background-attachment":"scroll","background-type":"","background-media":"","overlay-type":"","overlay-color":"","overlay-opacity":"","overlay-gradient":""},"mobile":{"background-color":"","background-image":"","background-repeat":"repeat","background-position":"center center","background-size":"auto","background-attachment":"scroll","background-type":"","background-media":"","overlay-type":"","overlay-color":"","overlay-opacity":"","overlay-gradient":""}},"ast-content-background-meta":{"desktop":{"background-color":"var(--ast-global-color-5)","background-image":"","background-repeat":"repeat","background-position":"center center","background-size":"auto","background-attachment":"scroll","background-type":"","background-media":"","overlay-type":"","overlay-color":"","overlay-opacity":"","overlay-gradient":""},"tablet":{"background-color":"var(--ast-global-color-5)","background-image":"","background-repeat":"repeat","background-position":"center center","background-size":"auto","background-attachment":"scroll","background-type":"","background-media":"","overlay-type":"","overlay-color":"","overlay-opacity":"","overlay-gradient":""},"mobile":{"background-color":"var(--ast-global-color-5)","background-image":"","background-repeat":"repeat","background-position":"center center","background-size":"auto","background-attachment":"scroll","background-type":"","background-media":"","overlay-type":"","overlay-color":"","overlay-opacity":"","overlay-gradient":""}}},"product_brand":[],"product_cat":[423,421,403,414],"product_tag":[],"class_list":{"0":"post-8563","1":"product","2":"type-product","3":"status-publish","4":"has-post-thumbnail","6":"product_cat-fabric-for-military-police","7":"product_cat-foul-weather-fabrics","8":"product_cat-polyester-fabrics","9":"product_cat-waterproof-fabrics","10":"pa_available_colors-911052-spc","11":"desktop-align-left","12":"tablet-align-left","13":"mobile-align-left","14":"ast-product-gallery-layout-vertical-slider","15":"ast-product-tabs-layout-horizontal","17":"first","18":"instock","19":"shipping-taxable","20":"product-type-simple"},"uagb_featured_image_src":{"full":["https:\/\/www.sikortex.com\/wp-content\/uploads\/2025\/04\/3-1.jpg",800,800,false],"thumbnail":["https:\/\/www.sikortex.com\/wp-content\/uploads\/2025\/04\/3-1-150x150.jpg",150,150,true],"medium":["https:\/\/www.sikortex.com\/wp-content\/uploads\/2025\/04\/3-1-300x300.jpg",300,300,true],"medium_large":["https:\/\/www.sikortex.com\/wp-content\/uploads\/2025\/04\/3-1-768x768.jpg",768,768,true],"large":["https:\/\/www.sikortex.com\/wp-content\/uploads\/2025\/04\/3-1.jpg",800,800,false],"1536x1536":["https:\/\/www.sikortex.com\/wp-content\/uploads\/2025\/04\/3-1.jpg",800,800,false],"2048x2048":["https:\/\/www.sikortex.com\/wp-content\/uploads\/2025\/04\/3-1.jpg",800,800,false],"trp-custom-language-flag":["https:\/\/www.sikortex.com\/wp-content\/uploads\/2025\/04\/3-1-12x12.jpg",12,12,true],"woocommerce_thumbnail":["https:\/\/www.sikortex.com\/wp-content\/uploads\/2025\/04\/3-1-300x300.jpg",300,300,true],"woocommerce_single":["https:\/\/www.sikortex.com\/wp-content\/uploads\/2025\/04\/3-1-600x600.jpg",600,600,true],"woocommerce_gallery_thumbnail":["https:\/\/www.sikortex.com\/wp-content\/uploads\/2025\/04\/3-1-100x100.jpg",100,100,true]},"uagb_author_info":{"display_name":"Sandy","author_link":"https:\/\/www.sikortex.com\/fr\/author\/"},"uagb_comment_info":0,"uagb_excerpt":"1000 Meters(Min.Order)","_links":{"self":[{"href":"https:\/\/www.sikortex.com\/fr\/wp-json\/wp\/v2\/product\/8563","targetHints":{"allow":["GET"]}}],"collection":[{"href":"https:\/\/www.sikortex.com\/fr\/wp-json\/wp\/v2\/product"}],"about":[{"href":"https:\/\/www.sikortex.com\/fr\/wp-json\/wp\/v2\/types\/product"}],"replies":[{"embeddable":true,"href":"https:\/\/www.sikortex.com\/fr\/wp-json\/wp\/v2\/comments?post=8563"}],"wp:featuredmedia":[{"embeddable":true,"href":"https:\/\/www.sikortex.com\/fr\/wp-json\/wp\/v2\/media\/8540"}],"wp:attachment":[{"href":"https:\/\/www.sikortex.com\/fr\/wp-json\/wp\/v2\/media?parent=8563"}],"wp:term":[{"taxonomy":"product_brand","embeddable":true,"href":"https:\/\/www.sikortex.com\/fr\/wp-json\/wp\/v2\/product_brand?post=8563"},{"taxonomy":"product_cat","embeddable":true,"href":"https:\/\/www.sikortex.com\/fr\/wp-json\/wp\/v2\/product_cat?post=8563"},{"taxonomy":"product_tag","embeddable":true,"href":"https:\/\/www.sikortex.com\/fr\/wp-json\/wp\/v2\/product_tag?post=8563"}],"curies":[{"name":"wp","href":"https:\/\/api.w.org\/{rel}","templated":true}]}}