{"id":8014,"date":"2025-03-03T14:12:52","date_gmt":"2025-03-03T06:12:52","guid":{"rendered":"https:\/\/www.sikortex.com\/?post_type=product&#038;p=8014"},"modified":"2025-03-04T12:22:10","modified_gmt":"2025-03-04T04:22:10","slug":"tissu-soudable-en-polyester-600d-enduit-de-tpu","status":"publish","type":"product","link":"https:\/\/www.sikortex.com\/fr\/produit\/tissu-soudable-en-polyester-600d-enduit-de-tpu\/","title":{"rendered":"Tissu soudable en polyester 600D avec rev\u00eatement TPU"},"content":{"rendered":"<p>Notre tissu soudable en polyester 600D avec rev\u00eatement TPU est un mat\u00e9riau haute performance con\u00e7u pour les applications exigeantes. Alliant la r\u00e9sistance du polyester 600D \u00e0 un rev\u00eatement en polyur\u00e9thane thermoplastique (TPU), ce tissu offre une durabilit\u00e9, une r\u00e9sistance \u00e0 la corrosion et une tenue des couleurs exceptionnelles. Que vous fabriquiez des sacs, des gilets de plong\u00e9e ou des \u00e9quipements de plein air, ce tissu offre des performances fiables et une qualit\u00e9 durable.<\/p>\n<p><strong>Caract\u00e9ristiques principales<\/strong><br \/>\n1. R\u00e9sistance \u00e0 la corrosion :<br \/>\nLe rev\u00eatement TPU offre une excellente r\u00e9sistance aux produits chimiques et \u00e0 la corrosion, ce qui le rend id\u00e9al pour les environnements difficiles.<\/p>\n<p>2. Haute r\u00e9sistance des couleurs :<br \/>\nLe tissu conserve ses couleurs \u00e9clatantes m\u00eame apr\u00e8s une exposition prolong\u00e9e au soleil et au lavage, garantissant un attrait esth\u00e9tique durable.<\/p>\n<p>3. <a href=\"https:\/\/www.sikortex.com\/fr\/hydrofuge-resistant-impermeable\/\"><span style=\"color: #3366ff;\">Imperm\u00e9able<\/span><\/a> et durable :<br \/>\nLa couche TPU assure une protection compl\u00e8te <a href=\"https:\/\/www.sikortex.com\/fr\/hydrofuge-resistant-impermeable\/\"><span style=\"color: #3366ff;\">imperm\u00e9abilisation<\/span><\/a>, tandis que la base en polyester 600D offre une r\u00e9sistance sup\u00e9rieure \u00e0 l&#039;abrasion et \u00e0 la r\u00e9sistance \u00e0 l&#039;abrasion.<\/p>\n<p>4. Mat\u00e9riau \u00e9cologique :<br \/>\nLe TPU est exempt de produits chimiques nocifs comme les phtalates et le chlore, ce qui en fait une option plus s\u00fbre et plus durable.<\/p>\n<p>&nbsp;<\/p>\n<h5><strong>Applications<\/strong><br \/>\nTissu soudable enduit de TPU pour sacs<\/h5>\n<p>Durable et <a href=\"https:\/\/www.sikortex.com\/fr\/hydrofuge-resistant-impermeable\/\"><span style=\"color: #3366ff;\">imperm\u00e9able<\/span><\/a> sacs \u00e0 dos, sacs de voyage et sacs \u00e0 outils.<\/p>\n<h5>Tissu soudable enduit de TPU pour gilets de plong\u00e9e<\/h5>\n<p>R\u00e9sistant \u00e0 la corrosion et <a href=\"https:\/\/www.sikortex.com\/fr\/hydrofuge-resistant-impermeable\/\"><span style=\"color: #3366ff;\">imperm\u00e9able<\/span><\/a> mat\u00e9riel pour \u00e9quipement de plong\u00e9e et marin.<\/p>\n<h5>Tissu soudable enduit de TPU pour \u00e9quipements de plein air<\/h5>\n<p>des b\u00e2ches et des housses de protection qui n\u00e9cessitent durabilit\u00e9 et r\u00e9sistance aux intemp\u00e9ries.<\/p>\n<p>&nbsp;<\/p>\n<p><strong>Pourquoi choisir notre tissu ?<\/strong><br \/>\n1. Performances prouv\u00e9es :<br \/>\nApprouv\u00e9 par les fabricants du monde entier pour sa durabilit\u00e9 et sa fonctionnalit\u00e9.<br \/>\n2. Options personnalisables\u00a0:<br \/>\nDisponible en diff\u00e9rentes couleurs et finitions pour r\u00e9pondre \u00e0 vos besoins sp\u00e9cifiques.<br \/>\n3. Choix \u00e9cologique :<br \/>\nFabriqu\u00e9 \u00e0 partir de mat\u00e9riaux recyclables et non toxiques.<\/p>\n<p>Notre tissu soudable en polyester 600D enduit de TPU est le choix id\u00e9al pour cr\u00e9er des produits de haute qualit\u00e9, durables et \u00e9cologiques. Contactez-nous d\u00e8s aujourd&#039;hui pour demander des \u00e9chantillons ou discuter de vos besoins\u00a0!<\/p>\n<p>&nbsp;<\/p>\n<p>&nbsp;<\/p>","protected":false},"excerpt":{"rendered":"<p>600 m\u00e8tres (Min.Order)<\/p>","protected":false},"featured_media":8018,"comment_status":"closed","ping_status":"closed","template":"","meta":{"_uag_custom_page_level_css":"","site-sidebar-layout":"default","site-content-layout":"default","ast-site-content-layout":"default","site-content-style":"default","site-sidebar-style":"default","ast-global-header-display":"","ast-banner-title-visibility":"","ast-main-header-display":"","ast-hfb-above-header-display":"","ast-hfb-below-header-display":"","ast-hfb-mobile-header-display":"","site-post-title":"","ast-breadcrumbs-content":"","ast-featured-img":"","footer-sml-layout":"","theme-transparent-header-meta":"default","adv-header-id-meta":"","stick-header-meta":"default","header-above-stick-meta":"","header-main-stick-meta":"","header-below-stick-meta":"","astra-migrate-meta-layouts":"set","ast-page-background-enabled":"default","ast-page-background-meta":{"desktop":{"background-color":"","background-image":"","background-repeat":"repeat","background-position":"center center","background-size":"auto","background-attachment":"scroll","background-type":"","background-media":"","overlay-type":"","overlay-color":"","overlay-opacity":"","overlay-gradient":""},"tablet":{"background-color":"","background-image":"","background-repeat":"repeat","background-position":"center center","background-size":"auto","background-attachment":"scroll","background-type":"","background-media":"","overlay-type":"","overlay-color":"","overlay-opacity":"","overlay-gradient":""},"mobile":{"background-color":"","background-image":"","background-repeat":"repeat","background-position":"center center","background-size":"auto","background-attachment":"scroll","background-type":"","background-media":"","overlay-type":"","overlay-color":"","overlay-opacity":"","overlay-gradient":""}},"ast-content-background-meta":{"desktop":{"background-color":"var(--ast-global-color-5)","background-image":"","background-repeat":"repeat","background-position":"center center","background-size":"auto","background-attachment":"scroll","background-type":"","background-media":"","overlay-type":"","overlay-color":"","overlay-opacity":"","overlay-gradient":""},"tablet":{"background-color":"var(--ast-global-color-5)","background-image":"","background-repeat":"repeat","background-position":"center center","background-size":"auto","background-attachment":"scroll","background-type":"","background-media":"","overlay-type":"","overlay-color":"","overlay-opacity":"","overlay-gradient":""},"mobile":{"background-color":"var(--ast-global-color-5)","background-image":"","background-repeat":"repeat","background-position":"center center","background-size":"auto","background-attachment":"scroll","background-type":"","background-media":"","overlay-type":"","overlay-color":"","overlay-opacity":"","overlay-gradient":""}}},"product_brand":[],"product_cat":[1206,432,1184,403,433,414],"product_tag":[],"class_list":{"0":"post-8014","1":"product","2":"type-product","3":"status-publish","4":"has-post-thumbnail","6":"product_cat-fabric-for-bag","7":"product_cat-fabric-for-tent","8":"product_cat-oxford-fabric","9":"product_cat-polyester-fabrics","10":"product_cat-textile-for-industrial","11":"product_cat-waterproof-fabrics","12":"pa_available_colors-h-black","13":"desktop-align-left","14":"tablet-align-left","15":"mobile-align-left","16":"ast-product-gallery-layout-vertical-slider","17":"ast-product-tabs-layout-horizontal","19":"first","20":"instock","21":"shipping-taxable","22":"product-type-simple"},"uagb_featured_image_src":{"full":["https:\/\/www.sikortex.com\/wp-content\/uploads\/2025\/03\/600D-oxford-TPU-Cast-Fabric.jpg",800,800,false],"thumbnail":["https:\/\/www.sikortex.com\/wp-content\/uploads\/2025\/03\/600D-oxford-TPU-Cast-Fabric-150x150.jpg",150,150,true],"medium":["https:\/\/www.sikortex.com\/wp-content\/uploads\/2025\/03\/600D-oxford-TPU-Cast-Fabric-300x300.jpg",300,300,true],"medium_large":["https:\/\/www.sikortex.com\/wp-content\/uploads\/2025\/03\/600D-oxford-TPU-Cast-Fabric-768x768.jpg",768,768,true],"large":["https:\/\/www.sikortex.com\/wp-content\/uploads\/2025\/03\/600D-oxford-TPU-Cast-Fabric.jpg",800,800,false],"1536x1536":["https:\/\/www.sikortex.com\/wp-content\/uploads\/2025\/03\/600D-oxford-TPU-Cast-Fabric.jpg",800,800,false],"2048x2048":["https:\/\/www.sikortex.com\/wp-content\/uploads\/2025\/03\/600D-oxford-TPU-Cast-Fabric.jpg",800,800,false],"trp-custom-language-flag":["https:\/\/www.sikortex.com\/wp-content\/uploads\/2025\/03\/600D-oxford-TPU-Cast-Fabric-12x12.jpg",12,12,true],"woocommerce_thumbnail":["https:\/\/www.sikortex.com\/wp-content\/uploads\/2025\/03\/600D-oxford-TPU-Cast-Fabric-300x300.jpg",300,300,true],"woocommerce_single":["https:\/\/www.sikortex.com\/wp-content\/uploads\/2025\/03\/600D-oxford-TPU-Cast-Fabric-600x600.jpg",600,600,true],"woocommerce_gallery_thumbnail":["https:\/\/www.sikortex.com\/wp-content\/uploads\/2025\/03\/600D-oxford-TPU-Cast-Fabric-100x100.jpg",100,100,true]},"uagb_author_info":{"display_name":"Perry","author_link":"https:\/\/www.sikortex.com\/fr\/author\/"},"uagb_comment_info":0,"uagb_excerpt":"600 Meters(Min.Order)","_links":{"self":[{"href":"https:\/\/www.sikortex.com\/fr\/wp-json\/wp\/v2\/product\/8014","targetHints":{"allow":["GET"]}}],"collection":[{"href":"https:\/\/www.sikortex.com\/fr\/wp-json\/wp\/v2\/product"}],"about":[{"href":"https:\/\/www.sikortex.com\/fr\/wp-json\/wp\/v2\/types\/product"}],"replies":[{"embeddable":true,"href":"https:\/\/www.sikortex.com\/fr\/wp-json\/wp\/v2\/comments?post=8014"}],"wp:featuredmedia":[{"embeddable":true,"href":"https:\/\/www.sikortex.com\/fr\/wp-json\/wp\/v2\/media\/8018"}],"wp:attachment":[{"href":"https:\/\/www.sikortex.com\/fr\/wp-json\/wp\/v2\/media?parent=8014"}],"wp:term":[{"taxonomy":"product_brand","embeddable":true,"href":"https:\/\/www.sikortex.com\/fr\/wp-json\/wp\/v2\/product_brand?post=8014"},{"taxonomy":"product_cat","embeddable":true,"href":"https:\/\/www.sikortex.com\/fr\/wp-json\/wp\/v2\/product_cat?post=8014"},{"taxonomy":"product_tag","embeddable":true,"href":"https:\/\/www.sikortex.com\/fr\/wp-json\/wp\/v2\/product_tag?post=8014"}],"curies":[{"name":"wp","href":"https:\/\/api.w.org\/{rel}","templated":true}]}}