{"id":8006,"date":"2025-03-03T12:37:18","date_gmt":"2025-03-03T04:37:18","guid":{"rendered":"https:\/\/www.sikortex.com\/?post_type=product&#038;p=8006"},"modified":"2025-03-04T13:01:26","modified_gmt":"2025-03-04T05:01:26","slug":"tissu-moule-en-taffetas-de-polyester-tpu-diamante","status":"publish","type":"product","link":"https:\/\/www.sikortex.com\/fr\/produit\/tissu-moule-en-taffetas-de-polyester-tpu-diamante\/","title":{"rendered":"Tissu coul\u00e9 en polyester TPU et taffetas diamant\u00e9"},"content":{"rendered":"<p>Notre tissu coul\u00e9 en polyester TPU Diamond Taffetas est un mat\u00e9riau haut de gamme alliant douceur, durabilit\u00e9 et respect de l&#039;environnement. Cr\u00e9\u00e9 en coulant du polyur\u00e9thane thermoplastique (TPU) sur une base en polyester de haute qualit\u00e9, ce tissu polyvalent et performant offre des performances exceptionnelles. Que vous conceviez des sacs, des tentes ou des produits gonflables, ce tissu offre des performances exceptionnelles. <a href=\"https:\/\/www.sikortex.com\/fr\/hydrofuge-resistant-impermeable\/\"><span style=\"color: #3366ff;\">imperm\u00e9abilisation<\/span><\/a>, \u00e9tanch\u00e9it\u00e9 \u00e0 l&#039;air et durabilit\u00e9.<\/p>\n<p>&nbsp;<\/p>\n<p>Caract\u00e9ristiques principales<br \/>\n1. Doux et flexible :<br \/>\nLe rev\u00eatement moul\u00e9 en TPU assure une texture lisse et douce, ce qui le rend confortable \u00e0 manipuler et id\u00e9al pour les produits n\u00e9cessitant de la flexibilit\u00e9.<\/p>\n<p>2. <a href=\"https:\/\/www.sikortex.com\/fr\/hydrofuge-resistant-impermeable\/\"><span style=\"color: #3366ff;\">Imperm\u00e9able<\/span><\/a> et herm\u00e9tique :<br \/>\nLa couche TPU offre une excellente <a href=\"https:\/\/www.sikortex.com\/fr\/hydrofuge-resistant-impermeable\/\"><span style=\"color: #3366ff;\">imperm\u00e9abilisation<\/span><\/a> et des propri\u00e9t\u00e9s herm\u00e9tiques, garantissant que vos produits sont prot\u00e9g\u00e9s de l&#039;humidit\u00e9 et des fuites d&#039;air.<\/p>\n<p>3. Mat\u00e9riau \u00e9cologique :<br \/>\nLe TPU est exempt de produits chimiques nocifs comme les phtalates et le chlore, ce qui en fait un choix plus s\u00fbr et plus durable que le PVC.<\/p>\n<p>4. Durable et <a href=\"https:\/\/www.sikortex.com\/fr\/nylon-coton-tissu-ripstop-coupe-vent-tissu-3\/\"><span style=\"color: #3366ff;\">L\u00e9ger<\/span><\/a>:<br \/>\nMalgr\u00e9 son <a href=\"https:\/\/www.sikortex.com\/fr\/nylon-coton-tissu-ripstop-coupe-vent-tissu-3\/\"><span style=\"color: #3366ff;\">l\u00e9ger<\/span><\/a> nature, le tissu est tr\u00e8s durable et r\u00e9sistant \u00e0 l&#039;abrasion, garantissant des performances durables.<\/p>\n<p>5. Finitions polyvalentes :<br \/>\nDisponible en diff\u00e9rentes finitions, notamment mates et brillantes, pour r\u00e9pondre \u00e0 diff\u00e9rents besoins de conception.<\/p>\n<p>&nbsp;<\/p>\n<p>Applications<br \/>\nNotre tissu moul\u00e9 en polyester TPU taffetas diamant\u00e9 est parfait pour une large gamme d&#039;applications, notamment\u00a0:<br \/>\nSacs : Sacs \u00e0 dos, sacs fourre-tout et sacs de voyage durables et imperm\u00e9ables.<br \/>\nTentes et \u00e9quipement de plein air : <a href=\"https:\/\/www.sikortex.com\/fr\/nylon-coton-tissu-ripstop-coupe-vent-tissu-3\/\"><span style=\"color: #3366ff;\">L\u00e9ger<\/span><\/a> et des tentes, des b\u00e2ches et du mat\u00e9riel de camping r\u00e9sistants aux intemp\u00e9ries.<br \/>\nSacs \u00e9tanches : Sacs \u00e9tanches et housses de protection pour usage ext\u00e9rieur et marin.<br \/>\nProduits gonflables : Mat\u00e9riaux \u00e9tanches et durables pour jouets gonflables, radeaux et \u00e9quipements sportifs.<br \/>\n\u00c9quipements sportifs : Housses et \u00e9quipements de protection n\u00e9cessitant souplesse et durabilit\u00e9.<\/p>\n<p>&nbsp;<\/p>\n<p>Pourquoi choisir notre tissu moul\u00e9 en TPU ?<br \/>\n1. Qualit\u00e9 sup\u00e9rieure :<br \/>\nNotre tissu moul\u00e9 en TPU est fabriqu\u00e9 selon les normes les plus \u00e9lev\u00e9es, garantissant des performances et une fiabilit\u00e9 constantes.<\/p>\n<p>2. Choix \u00e9cologique :<br \/>\nFabriqu\u00e9 \u00e0 partir de <a href=\"https:\/\/www.sikortex.com\/fr\/creer-une-mode-eco-responsable\/\"><span style=\"color: #3366ff;\">recyclable<\/span><\/a> et des mat\u00e9riaux non toxiques, notre tissu s&#039;aligne sur les objectifs mondiaux de durabilit\u00e9.<\/p>\n<p>3. Options personnalisables\u00a0:<br \/>\nNous proposons une gamme de couleurs, d&#039;\u00e9paisseurs et de finitions pour r\u00e9pondre \u00e0 vos besoins sp\u00e9cifiques.<\/p>\n<p>4. Performances prouv\u00e9es :<br \/>\nId\u00e9al pour les applications exigeantes, notre tissu est reconnu par les fabricants du monde entier pour sa durabilit\u00e9 et sa fonctionnalit\u00e9.<\/p>","protected":false},"excerpt":{"rendered":"<p>1000 m\u00e8tres (commande minimum)<\/p>","protected":false},"featured_media":8009,"comment_status":"closed","ping_status":"closed","template":"","meta":{"_uag_custom_page_level_css":"","site-sidebar-layout":"default","site-content-layout":"default","ast-site-content-layout":"default","site-content-style":"default","site-sidebar-style":"default","ast-global-header-display":"","ast-banner-title-visibility":"","ast-main-header-display":"","ast-hfb-above-header-display":"","ast-hfb-below-header-display":"","ast-hfb-mobile-header-display":"","site-post-title":"","ast-breadcrumbs-content":"","ast-featured-img":"","footer-sml-layout":"","theme-transparent-header-meta":"default","adv-header-id-meta":"","stick-header-meta":"default","header-above-stick-meta":"","header-main-stick-meta":"","header-below-stick-meta":"","astra-migrate-meta-layouts":"set","ast-page-background-enabled":"default","ast-page-background-meta":{"desktop":{"background-color":"","background-image":"","background-repeat":"repeat","background-position":"center center","background-size":"auto","background-attachment":"scroll","background-type":"","background-media":"","overlay-type":"","overlay-color":"","overlay-opacity":"","overlay-gradient":""},"tablet":{"background-color":"","background-image":"","background-repeat":"repeat","background-position":"center center","background-size":"auto","background-attachment":"scroll","background-type":"","background-media":"","overlay-type":"","overlay-color":"","overlay-opacity":"","overlay-gradient":""},"mobile":{"background-color":"","background-image":"","background-repeat":"repeat","background-position":"center center","background-size":"auto","background-attachment":"scroll","background-type":"","background-media":"","overlay-type":"","overlay-color":"","overlay-opacity":"","overlay-gradient":""}},"ast-content-background-meta":{"desktop":{"background-color":"var(--ast-global-color-5)","background-image":"","background-repeat":"repeat","background-position":"center center","background-size":"auto","background-attachment":"scroll","background-type":"","background-media":"","overlay-type":"","overlay-color":"","overlay-opacity":"","overlay-gradient":""},"tablet":{"background-color":"var(--ast-global-color-5)","background-image":"","background-repeat":"repeat","background-position":"center center","background-size":"auto","background-attachment":"scroll","background-type":"","background-media":"","overlay-type":"","overlay-color":"","overlay-opacity":"","overlay-gradient":""},"mobile":{"background-color":"var(--ast-global-color-5)","background-image":"","background-repeat":"repeat","background-position":"center center","background-size":"auto","background-attachment":"scroll","background-type":"","background-media":"","overlay-type":"","overlay-color":"","overlay-opacity":"","overlay-gradient":""}}},"product_brand":[],"product_cat":[1206,432,1184,403,433,414],"product_tag":[],"class_list":{"0":"post-8006","1":"product","2":"type-product","3":"status-publish","4":"has-post-thumbnail","6":"product_cat-fabric-for-bag","7":"product_cat-fabric-for-tent","8":"product_cat-oxford-fabric","9":"product_cat-polyester-fabrics","10":"product_cat-textile-for-industrial","11":"product_cat-waterproof-fabrics","12":"desktop-align-left","13":"tablet-align-left","14":"mobile-align-left","15":"ast-product-gallery-layout-vertical-slider","16":"ast-product-tabs-layout-horizontal","18":"first","19":"instock","20":"shipping-taxable","21":"product-type-simple"},"uagb_featured_image_src":{"full":["https:\/\/www.sikortex.com\/wp-content\/uploads\/2025\/03\/Diamond-shaped-polyester-fabric-TPU-coated-fabric.jpg",720,480,false],"thumbnail":["https:\/\/www.sikortex.com\/wp-content\/uploads\/2025\/03\/Diamond-shaped-polyester-fabric-TPU-coated-fabric-150x150.jpg",150,150,true],"medium":["https:\/\/www.sikortex.com\/wp-content\/uploads\/2025\/03\/Diamond-shaped-polyester-fabric-TPU-coated-fabric-300x200.jpg",300,200,true],"medium_large":["https:\/\/www.sikortex.com\/wp-content\/uploads\/2025\/03\/Diamond-shaped-polyester-fabric-TPU-coated-fabric.jpg",720,480,false],"large":["https:\/\/www.sikortex.com\/wp-content\/uploads\/2025\/03\/Diamond-shaped-polyester-fabric-TPU-coated-fabric.jpg",720,480,false],"1536x1536":["https:\/\/www.sikortex.com\/wp-content\/uploads\/2025\/03\/Diamond-shaped-polyester-fabric-TPU-coated-fabric.jpg",720,480,false],"2048x2048":["https:\/\/www.sikortex.com\/wp-content\/uploads\/2025\/03\/Diamond-shaped-polyester-fabric-TPU-coated-fabric.jpg",720,480,false],"trp-custom-language-flag":["https:\/\/www.sikortex.com\/wp-content\/uploads\/2025\/03\/Diamond-shaped-polyester-fabric-TPU-coated-fabric-18x12.jpg",18,12,true],"woocommerce_thumbnail":["https:\/\/www.sikortex.com\/wp-content\/uploads\/2025\/03\/Diamond-shaped-polyester-fabric-TPU-coated-fabric-300x300.jpg",300,300,true],"woocommerce_single":["https:\/\/www.sikortex.com\/wp-content\/uploads\/2025\/03\/Diamond-shaped-polyester-fabric-TPU-coated-fabric-600x400.jpg",600,400,true],"woocommerce_gallery_thumbnail":["https:\/\/www.sikortex.com\/wp-content\/uploads\/2025\/03\/Diamond-shaped-polyester-fabric-TPU-coated-fabric-100x100.jpg",100,100,true]},"uagb_author_info":{"display_name":"Perry","author_link":"https:\/\/www.sikortex.com\/fr\/author\/"},"uagb_comment_info":0,"uagb_excerpt":"1000 Meters(Min.Order)","_links":{"self":[{"href":"https:\/\/www.sikortex.com\/fr\/wp-json\/wp\/v2\/product\/8006","targetHints":{"allow":["GET"]}}],"collection":[{"href":"https:\/\/www.sikortex.com\/fr\/wp-json\/wp\/v2\/product"}],"about":[{"href":"https:\/\/www.sikortex.com\/fr\/wp-json\/wp\/v2\/types\/product"}],"replies":[{"embeddable":true,"href":"https:\/\/www.sikortex.com\/fr\/wp-json\/wp\/v2\/comments?post=8006"}],"wp:featuredmedia":[{"embeddable":true,"href":"https:\/\/www.sikortex.com\/fr\/wp-json\/wp\/v2\/media\/8009"}],"wp:attachment":[{"href":"https:\/\/www.sikortex.com\/fr\/wp-json\/wp\/v2\/media?parent=8006"}],"wp:term":[{"taxonomy":"product_brand","embeddable":true,"href":"https:\/\/www.sikortex.com\/fr\/wp-json\/wp\/v2\/product_brand?post=8006"},{"taxonomy":"product_cat","embeddable":true,"href":"https:\/\/www.sikortex.com\/fr\/wp-json\/wp\/v2\/product_cat?post=8006"},{"taxonomy":"product_tag","embeddable":true,"href":"https:\/\/www.sikortex.com\/fr\/wp-json\/wp\/v2\/product_tag?post=8006"}],"curies":[{"name":"wp","href":"https:\/\/api.w.org\/{rel}","templated":true}]}}