{"id":8000,"date":"2025-03-01T11:02:42","date_gmt":"2025-03-01T03:02:42","guid":{"rendered":"https:\/\/www.sikortex.com\/?post_type=product&#038;p=8000"},"modified":"2025-03-04T13:27:30","modified_gmt":"2025-03-04T05:27:30","slug":"tissu-en-polyester-1680d-enduit-de-tpu","status":"publish","type":"product","link":"https:\/\/www.sikortex.com\/fr\/produit\/tissu-en-polyester-1680d-enduit-de-tpu\/","title":{"rendered":"Tissu enduit de TPU en polyester 1680D"},"content":{"rendered":"<p>Notre\u00a0<strong>Tissu enduit de TPU en polyester 1680D<\/strong>\u00a0est un mat\u00e9riau haute performance con\u00e7u pour les applications exigeantes. Alliant la r\u00e9sistance du polyester 1680D aux propri\u00e9t\u00e9s avanc\u00e9es du rev\u00eatement en polyur\u00e9thane thermoplastique (TPU), ce tissu offre une durabilit\u00e9 exceptionnelle. <a href=\"https:\/\/www.sikortex.com\/fr\/hydrofuge-resistant-impermeable\/\"><span style=\"color: #3366ff;\">imperm\u00e9abilisation<\/span><\/a>et des options de personnalisation. Que vous en ayez besoin pour votre \u00e9quipement de plein air, <a href=\"https:\/\/www.sikortex.com\/fr\/vetements-de-travail-pour-le-transport-et\/\"><span style=\"color: #3366ff;\">couvertures industrielles<\/span><\/a>, ou des sacs robustes, ce tissu offre des performances et une fiabilit\u00e9 sup\u00e9rieures.<\/p>\n<hr \/>\n<h3><strong>Caract\u00e9ristiques principales<\/strong><\/h3>\n<ol start=\"1\">\n<li><strong>Durabilit\u00e9 in\u00e9gal\u00e9e<\/strong>:<br \/>\nLa base en polyester 1680D offre une r\u00e9sistance et une r\u00e9sistance \u00e0 l&#039;abrasion exceptionnelles, ce qui la rend id\u00e9ale pour une utilisation intensive.<\/li>\n<li><strong><a href=\"https:\/\/www.sikortex.com\/fr\/hydrofuge-resistant-impermeable\/\"><span style=\"color: #3366ff;\">Imperm\u00e9able<\/span><\/a> et r\u00e9sistant aux intemp\u00e9ries<\/strong>:<br \/>\nLe rev\u00eatement TPU assure une protection compl\u00e8te <a href=\"https:\/\/www.sikortex.com\/fr\/hydrofuge-resistant-impermeable\/\"><span style=\"color: #3366ff;\">imperm\u00e9abilisation<\/span><\/a>, prot\u00e9geant vos produits de la pluie, de l&#039;humidit\u00e9 et des conditions m\u00e9t\u00e9orologiques difficiles.<\/li>\n<li><strong>Options personnalisables<\/strong>:<br \/>\nNous prenons en charge une large gamme de personnalisations, y compris\u00a0<strong>rev\u00eatement TPU transparent<\/strong>,\u00a0<strong>rev\u00eatement TPU givr\u00e9<\/strong>, et\u00a0<strong>rev\u00eatement TPU teint\u00e9<\/strong>\u00a0en diff\u00e9rentes couleurs.<\/li>\n<li><strong>Mat\u00e9riau \u00e9cologique<\/strong>:<br \/>\nLe TPU est exempt de produits chimiques nocifs comme les phtalates et le chlore, ce qui en fait un mat\u00e9riau plus s\u00fbr et plus <a href=\"https:\/\/www.sikortex.com\/fr\/creer-une-mode-eco-responsable\/\"><span style=\"color: #3366ff;\">durable<\/span><\/a> option.<\/li>\n<li><a href=\"\/fr\/tissu-teint-dans-la-masse\/\"><span style=\"color: #3366ff;\"><strong>R\u00e9sistance aux UV<\/strong><\/span><\/a>:<br \/>\nCon\u00e7u pour r\u00e9sister \u00e0 une exposition prolong\u00e9e au soleil, ce tissu est parfait pour les applications ext\u00e9rieures.<\/li>\n<\/ol>\n<hr \/>\n<h3><strong>Applications<\/strong><\/h3>\n<p>Notre\u00a0<strong>Tissu enduit de TPU en polyester 1680D<\/strong>\u00a0est polyvalent et convient pour :<\/p>\n<ul>\n<li><strong>\u00c9quipement de plein air<\/strong>: <a href=\"https:\/\/www.sikortex.com\/fr\/fabricants-de-toiles-de-tente\/\"><span style=\"color: #3366ff;\">Tentes<\/span><\/a>, sacs \u00e0 dos et b\u00e2ches.<\/li>\n<li><a href=\"https:\/\/www.sikortex.com\/fr\/vetements-de-travail-pour-le-transport-et\/\"><span style=\"color: #3366ff;\"><strong>Couvertures industrielles<\/strong><\/span><\/a>: Housses de protection pour machines et v\u00e9hicules.<\/li>\n<li><strong>Sacs robustes<\/strong>:Bagages, sacs \u00e0 outils et \u00e9quipement tactique.<\/li>\n<li><strong>\u00c9quipement marin<\/strong>: Housses de bateau et sellerie marine.<\/li>\n<\/ul>\n<hr \/>\n<h3><strong>Pourquoi nous choisir?<\/strong><\/h3>\n<ol start=\"1\">\n<li><strong>Fabrication avanc\u00e9e<\/strong>:<br \/>\nNous sommes sp\u00e9cialis\u00e9s dans la technologie de rev\u00eatement TPU, garantissant des r\u00e9sultats de haute qualit\u00e9 et coh\u00e9rents.<\/li>\n<li><strong>Personnalisation<\/strong>:<br \/>\nDes rev\u00eatements transparents aux rev\u00eatements givr\u00e9s ou teint\u00e9s, nous adaptons nos tissus pour r\u00e9pondre \u00e0 vos besoins sp\u00e9cifiques.<\/li>\n<li><strong>\u00c9cologique<\/strong>:<br \/>\nNos rev\u00eatements TPU sont <a href=\"https:\/\/www.sikortex.com\/fr\/creer-une-mode-eco-responsable\/\"><span style=\"color: #3366ff;\">recyclable<\/span><\/a> et exempt de produits chimiques toxiques.<\/li>\n<li><strong>Qualit\u00e9 fiable<\/strong>:<br \/>\nFabriqu\u00e9 selon les normes les plus \u00e9lev\u00e9es, notre tissu garantit des performances durables.<\/li>\n<\/ol>\n<hr \/>\n<p>Si vous recherchez un tissu durable, imperm\u00e9able et \u00e9cologique, notre tissu polyester 1680D enduit de TPU est la solution id\u00e9ale. Parfait pour les applications ext\u00e9rieures, industrielles et intensives, ce tissu allie r\u00e9sistance, flexibilit\u00e9 et durabilit\u00e9 dans un mat\u00e9riau haut de gamme.<\/p>\n<p>Contactez-nous d\u00e8s aujourd&#039;hui pour demander des \u00e9chantillons ou passer commande. Cr\u00e9ons ensemble des produits de haute qualit\u00e9\u00a0!<\/p>\n<p>&nbsp;<\/p>","protected":false},"excerpt":{"rendered":"<p>600 m\u00e8tres (Min.Order)<\/p>","protected":false},"featured_media":8001,"comment_status":"closed","ping_status":"closed","template":"","meta":{"_uag_custom_page_level_css":"","site-sidebar-layout":"default","site-content-layout":"default","ast-site-content-layout":"default","site-content-style":"default","site-sidebar-style":"default","ast-global-header-display":"","ast-banner-title-visibility":"","ast-main-header-display":"","ast-hfb-above-header-display":"","ast-hfb-below-header-display":"","ast-hfb-mobile-header-display":"","site-post-title":"","ast-breadcrumbs-content":"","ast-featured-img":"","footer-sml-layout":"","theme-transparent-header-meta":"default","adv-header-id-meta":"","stick-header-meta":"default","header-above-stick-meta":"","header-main-stick-meta":"","header-below-stick-meta":"","astra-migrate-meta-layouts":"set","ast-page-background-enabled":"default","ast-page-background-meta":{"desktop":{"background-color":"","background-image":"","background-repeat":"repeat","background-position":"center center","background-size":"auto","background-attachment":"scroll","background-type":"","background-media":"","overlay-type":"","overlay-color":"","overlay-opacity":"","overlay-gradient":""},"tablet":{"background-color":"","background-image":"","background-repeat":"repeat","background-position":"center center","background-size":"auto","background-attachment":"scroll","background-type":"","background-media":"","overlay-type":"","overlay-color":"","overlay-opacity":"","overlay-gradient":""},"mobile":{"background-color":"","background-image":"","background-repeat":"repeat","background-position":"center center","background-size":"auto","background-attachment":"scroll","background-type":"","background-media":"","overlay-type":"","overlay-color":"","overlay-opacity":"","overlay-gradient":""}},"ast-content-background-meta":{"desktop":{"background-color":"var(--ast-global-color-5)","background-image":"","background-repeat":"repeat","background-position":"center center","background-size":"auto","background-attachment":"scroll","background-type":"","background-media":"","overlay-type":"","overlay-color":"","overlay-opacity":"","overlay-gradient":""},"tablet":{"background-color":"var(--ast-global-color-5)","background-image":"","background-repeat":"repeat","background-position":"center center","background-size":"auto","background-attachment":"scroll","background-type":"","background-media":"","overlay-type":"","overlay-color":"","overlay-opacity":"","overlay-gradient":""},"mobile":{"background-color":"var(--ast-global-color-5)","background-image":"","background-repeat":"repeat","background-position":"center center","background-size":"auto","background-attachment":"scroll","background-type":"","background-media":"","overlay-type":"","overlay-color":"","overlay-opacity":"","overlay-gradient":""}}},"product_brand":[],"product_cat":[1206,432,1184,403,433,414],"product_tag":[],"class_list":{"0":"post-8000","1":"product","2":"type-product","3":"status-publish","4":"has-post-thumbnail","6":"product_cat-fabric-for-bag","7":"product_cat-fabric-for-tent","8":"product_cat-oxford-fabric","9":"product_cat-polyester-fabrics","10":"product_cat-textile-for-industrial","11":"product_cat-waterproof-fabrics","12":"pa_available_colors-h-black","13":"desktop-align-left","14":"tablet-align-left","15":"mobile-align-left","16":"ast-product-gallery-layout-vertical-slider","17":"ast-product-tabs-layout-horizontal","19":"first","20":"instock","21":"shipping-taxable","22":"product-type-simple"},"uagb_featured_image_src":{"full":["https:\/\/www.sikortex.com\/wp-content\/uploads\/2025\/03\/Polyester-TPU-coated-fabric.jpg",800,800,false],"thumbnail":["https:\/\/www.sikortex.com\/wp-content\/uploads\/2025\/03\/Polyester-TPU-coated-fabric-150x150.jpg",150,150,true],"medium":["https:\/\/www.sikortex.com\/wp-content\/uploads\/2025\/03\/Polyester-TPU-coated-fabric-300x300.jpg",300,300,true],"medium_large":["https:\/\/www.sikortex.com\/wp-content\/uploads\/2025\/03\/Polyester-TPU-coated-fabric-768x768.jpg",768,768,true],"large":["https:\/\/www.sikortex.com\/wp-content\/uploads\/2025\/03\/Polyester-TPU-coated-fabric.jpg",800,800,false],"1536x1536":["https:\/\/www.sikortex.com\/wp-content\/uploads\/2025\/03\/Polyester-TPU-coated-fabric.jpg",800,800,false],"2048x2048":["https:\/\/www.sikortex.com\/wp-content\/uploads\/2025\/03\/Polyester-TPU-coated-fabric.jpg",800,800,false],"trp-custom-language-flag":["https:\/\/www.sikortex.com\/wp-content\/uploads\/2025\/03\/Polyester-TPU-coated-fabric-12x12.jpg",12,12,true],"woocommerce_thumbnail":["https:\/\/www.sikortex.com\/wp-content\/uploads\/2025\/03\/Polyester-TPU-coated-fabric-300x300.jpg",300,300,true],"woocommerce_single":["https:\/\/www.sikortex.com\/wp-content\/uploads\/2025\/03\/Polyester-TPU-coated-fabric-600x600.jpg",600,600,true],"woocommerce_gallery_thumbnail":["https:\/\/www.sikortex.com\/wp-content\/uploads\/2025\/03\/Polyester-TPU-coated-fabric-100x100.jpg",100,100,true]},"uagb_author_info":{"display_name":"Perry","author_link":"https:\/\/www.sikortex.com\/fr\/author\/"},"uagb_comment_info":0,"uagb_excerpt":"600 Meters(Min.Order)","_links":{"self":[{"href":"https:\/\/www.sikortex.com\/fr\/wp-json\/wp\/v2\/product\/8000","targetHints":{"allow":["GET"]}}],"collection":[{"href":"https:\/\/www.sikortex.com\/fr\/wp-json\/wp\/v2\/product"}],"about":[{"href":"https:\/\/www.sikortex.com\/fr\/wp-json\/wp\/v2\/types\/product"}],"replies":[{"embeddable":true,"href":"https:\/\/www.sikortex.com\/fr\/wp-json\/wp\/v2\/comments?post=8000"}],"wp:featuredmedia":[{"embeddable":true,"href":"https:\/\/www.sikortex.com\/fr\/wp-json\/wp\/v2\/media\/8001"}],"wp:attachment":[{"href":"https:\/\/www.sikortex.com\/fr\/wp-json\/wp\/v2\/media?parent=8000"}],"wp:term":[{"taxonomy":"product_brand","embeddable":true,"href":"https:\/\/www.sikortex.com\/fr\/wp-json\/wp\/v2\/product_brand?post=8000"},{"taxonomy":"product_cat","embeddable":true,"href":"https:\/\/www.sikortex.com\/fr\/wp-json\/wp\/v2\/product_cat?post=8000"},{"taxonomy":"product_tag","embeddable":true,"href":"https:\/\/www.sikortex.com\/fr\/wp-json\/wp\/v2\/product_tag?post=8000"}],"curies":[{"name":"wp","href":"https:\/\/api.w.org\/{rel}","templated":true}]}}