{"id":7861,"date":"2025-01-18T10:46:44","date_gmt":"2025-01-18T02:46:44","guid":{"rendered":"https:\/\/www.sikortex.com\/?post_type=product&#038;p=7861"},"modified":"2025-03-04T13:21:58","modified_gmt":"2025-03-04T05:21:58","slug":"tissu-enduit-de-nylon-tpu-210d-420d","status":"publish","type":"product","link":"https:\/\/www.sikortex.com\/fr\/produit\/tissu-enduit-de-nylon-tpu-210d-420d\/","title":{"rendered":"Tissu enduit TPU double face en nylon 210D 420D"},"content":{"rendered":"<h3 class=\"header-vfC6AV auto-hide-last-sibling-br\">Notre tissu de rev\u00eatement en nylon TPU double face 210D et 420D<\/h3>\n<p>&nbsp;<\/p>\n<div class=\"auto-hide-last-sibling-br paragraph-JOTKXA paragraph-element br-paragraph-space\">Ce tissu a un large spectre d&#039;applications, notamment dans le domaine des produits gonflables ou imperm\u00e9ables. Le nylon 210D et 420D sont particuli\u00e8rement adapt\u00e9s \u00e0 la fabrication d&#039;articles tels que des sacs \u00e0 dos, des radeaux, des sacs \u00e9tanches et des \u00e9quipements de cyclisme.<\/div>\n<p>&nbsp;<\/p>\n<div class=\"auto-hide-last-sibling-br paragraph-JOTKXA paragraph-element br-paragraph-space\">De plus, nous proposons des tissus en nylon 840D et 1000D, qui sont \u00e9galement d&#039;excellents choix pour les produits gonflables. Lorsqu&#039;il s&#039;agit de mat\u00e9riaux gonflables, une \u00e9tanch\u00e9it\u00e9 sup\u00e9rieure est de la plus haute importance, et notre rev\u00eatement en TPU se distingue comme l&#039;option de premier ordre.<\/div>\n<h4 class=\"header-vfC6AV auto-hide-last-sibling-br\">Options de rev\u00eatement TPU<\/h4>\n<p>&nbsp;<\/p>\n<div class=\"auto-hide-last-sibling-br paragraph-JOTKXA paragraph-element br-paragraph-space\">L&#039;une des principales caract\u00e9ristiques des tissus 210D et 420D est leur rev\u00eatement TPU. Ce tissu peut \u00eatre recouvert d&#039;une couche de TPU simple face, disponible en finition mate ou brillante, pour am\u00e9liorer consid\u00e9rablement sa r\u00e9sistance. <a href=\"https:\/\/www.sikortex.com\/fr\/hydrofuge-resistant-impermeable\/\"><span style=\"color: #3366ff;\">imperm\u00e9able<\/span><\/a> capacit\u00e9s. Le rev\u00eatement TPU sur le tissu en nylon est relativement \u00e9pais, cr\u00e9ant une <a href=\"https:\/\/www.sikortex.com\/fr\/hydrofuge-resistant-impermeable\/\"><span style=\"color: #3366ff;\">imperm\u00e9able<\/span><\/a> Barri\u00e8re. De plus, nous proposons une version avec rev\u00eatement TPU double face, am\u00e9liorant encore son \u00e9tanch\u00e9it\u00e9 et sa durabilit\u00e9.<\/div>\n<h4 class=\"header-vfC6AV auto-hide-last-sibling-br\">Comparaison avec le rev\u00eatement PU<\/h4>\n<p>&nbsp;<\/p>\n<div class=\"auto-hide-last-sibling-br paragraph-JOTKXA paragraph-element br-paragraph-space\">Outre le rev\u00eatement TPU, le nylon balistique peut \u00eatre enduit de PU. Cependant, avec ce rev\u00eatement, l&#039;\u00e9paisseur du tissu est sensiblement r\u00e9duite par rapport \u00e0 celle de son homologue enduit de TPU. Le choix entre un rev\u00eatement TPU et un rev\u00eatement PU d\u00e9pend des exigences sp\u00e9cifiques du produit final. Pour les applications n\u00e9cessitant une durabilit\u00e9 maximale et une couche \u00e9paisse. <a href=\"https:\/\/www.sikortex.com\/fr\/hydrofuge-resistant-impermeable\/\"><span style=\"color: #3366ff;\">imperm\u00e9able<\/span><\/a> la protection est cruciale, le tissu en nylon balistique enduit de TPU est g\u00e9n\u00e9ralement le choix pr\u00e9f\u00e9r\u00e9.<\/div>\n<h2 class=\"header-vfC6AV auto-hide-last-sibling-br\"><\/h2>\n<h4 class=\"header-vfC6AV auto-hide-last-sibling-br\">Tissus enduits de polyester TPU<\/h4>\n<p>&nbsp;<\/p>\n<div class=\"auto-hide-last-sibling-br paragraph-JOTKXA paragraph-element br-paragraph-space\">Nous fournissons \u00e9galement des tissus enduits de polyester TPU. Le polyester offre une meilleure solidit\u00e9 des couleurs, ce qui le rend adapt\u00e9 \u00e0 certains sc\u00e9narios ext\u00e9rieurs sp\u00e9cifiques.<\/div>\n<p>&nbsp;<\/p>\n<div class=\"auto-hide-last-sibling-br paragraph-JOTKXA paragraph-element br-paragraph-space\"><\/div>","protected":false},"excerpt":{"rendered":"<p>1200 m\u00e8tres (commande minimum)<\/p>","protected":false},"featured_media":7580,"comment_status":"closed","ping_status":"closed","template":"","meta":{"_uag_custom_page_level_css":"","site-sidebar-layout":"default","site-content-layout":"default","ast-site-content-layout":"default","site-content-style":"default","site-sidebar-style":"default","ast-global-header-display":"","ast-banner-title-visibility":"","ast-main-header-display":"","ast-hfb-above-header-display":"","ast-hfb-below-header-display":"","ast-hfb-mobile-header-display":"","site-post-title":"","ast-breadcrumbs-content":"","ast-featured-img":"","footer-sml-layout":"","theme-transparent-header-meta":"default","adv-header-id-meta":"","stick-header-meta":"default","header-above-stick-meta":"","header-main-stick-meta":"","header-below-stick-meta":"","astra-migrate-meta-layouts":"set","ast-page-background-enabled":"default","ast-page-background-meta":{"desktop":{"background-color":"","background-image":"","background-repeat":"repeat","background-position":"center center","background-size":"auto","background-attachment":"scroll","background-type":"","background-media":"","overlay-type":"","overlay-color":"","overlay-opacity":"","overlay-gradient":""},"tablet":{"background-color":"","background-image":"","background-repeat":"repeat","background-position":"center center","background-size":"auto","background-attachment":"scroll","background-type":"","background-media":"","overlay-type":"","overlay-color":"","overlay-opacity":"","overlay-gradient":""},"mobile":{"background-color":"","background-image":"","background-repeat":"repeat","background-position":"center center","background-size":"auto","background-attachment":"scroll","background-type":"","background-media":"","overlay-type":"","overlay-color":"","overlay-opacity":"","overlay-gradient":""}},"ast-content-background-meta":{"desktop":{"background-color":"var(--ast-global-color-5)","background-image":"","background-repeat":"repeat","background-position":"center center","background-size":"auto","background-attachment":"scroll","background-type":"","background-media":"","overlay-type":"","overlay-color":"","overlay-opacity":"","overlay-gradient":""},"tablet":{"background-color":"var(--ast-global-color-5)","background-image":"","background-repeat":"repeat","background-position":"center center","background-size":"auto","background-attachment":"scroll","background-type":"","background-media":"","overlay-type":"","overlay-color":"","overlay-opacity":"","overlay-gradient":""},"mobile":{"background-color":"var(--ast-global-color-5)","background-image":"","background-repeat":"repeat","background-position":"center center","background-size":"auto","background-attachment":"scroll","background-type":"","background-media":"","overlay-type":"","overlay-color":"","overlay-opacity":"","overlay-gradient":""}}},"product_brand":[],"product_cat":[1206,432,404,1184,433,414],"product_tag":[],"class_list":{"0":"post-7861","1":"product","2":"type-product","3":"status-publish","4":"has-post-thumbnail","6":"product_cat-fabric-for-bag","7":"product_cat-fabric-for-tent","8":"product_cat-nylon-fabrics","9":"product_cat-oxford-fabric","10":"product_cat-textile-for-industrial","11":"product_cat-waterproof-fabrics","12":"pa_available_colors-h-black","13":"desktop-align-left","14":"tablet-align-left","15":"mobile-align-left","16":"ast-product-gallery-layout-vertical-slider","17":"ast-product-tabs-layout-horizontal","19":"first","20":"instock","21":"shipping-taxable","22":"product-type-simple"},"uagb_featured_image_src":{"full":["https:\/\/www.sikortex.com\/wp-content\/uploads\/2024\/12\/210D-Nylon-Oxford-Waterproof-PU-Coating-Fabric.jpg",1500,1500,false],"thumbnail":["https:\/\/www.sikortex.com\/wp-content\/uploads\/2024\/12\/210D-Nylon-Oxford-Waterproof-PU-Coating-Fabric-150x150.jpg",150,150,true],"medium":["https:\/\/www.sikortex.com\/wp-content\/uploads\/2024\/12\/210D-Nylon-Oxford-Waterproof-PU-Coating-Fabric-300x300.jpg",300,300,true],"medium_large":["https:\/\/www.sikortex.com\/wp-content\/uploads\/2024\/12\/210D-Nylon-Oxford-Waterproof-PU-Coating-Fabric-768x768.jpg",768,768,true],"large":["https:\/\/www.sikortex.com\/wp-content\/uploads\/2024\/12\/210D-Nylon-Oxford-Waterproof-PU-Coating-Fabric-1024x1024.jpg",1024,1024,true],"1536x1536":["https:\/\/www.sikortex.com\/wp-content\/uploads\/2024\/12\/210D-Nylon-Oxford-Waterproof-PU-Coating-Fabric.jpg",1500,1500,false],"2048x2048":["https:\/\/www.sikortex.com\/wp-content\/uploads\/2024\/12\/210D-Nylon-Oxford-Waterproof-PU-Coating-Fabric.jpg",1500,1500,false],"trp-custom-language-flag":["https:\/\/www.sikortex.com\/wp-content\/uploads\/2024\/12\/210D-Nylon-Oxford-Waterproof-PU-Coating-Fabric-12x12.jpg",12,12,true],"woocommerce_thumbnail":["https:\/\/www.sikortex.com\/wp-content\/uploads\/2024\/12\/210D-Nylon-Oxford-Waterproof-PU-Coating-Fabric-300x300.jpg",300,300,true],"woocommerce_single":["https:\/\/www.sikortex.com\/wp-content\/uploads\/2024\/12\/210D-Nylon-Oxford-Waterproof-PU-Coating-Fabric-600x600.jpg",600,600,true],"woocommerce_gallery_thumbnail":["https:\/\/www.sikortex.com\/wp-content\/uploads\/2024\/12\/210D-Nylon-Oxford-Waterproof-PU-Coating-Fabric-100x100.jpg",100,100,true]},"uagb_author_info":{"display_name":"Perry","author_link":"https:\/\/www.sikortex.com\/fr\/author\/"},"uagb_comment_info":0,"uagb_excerpt":"1200 Meters(Min.Order)","_links":{"self":[{"href":"https:\/\/www.sikortex.com\/fr\/wp-json\/wp\/v2\/product\/7861","targetHints":{"allow":["GET"]}}],"collection":[{"href":"https:\/\/www.sikortex.com\/fr\/wp-json\/wp\/v2\/product"}],"about":[{"href":"https:\/\/www.sikortex.com\/fr\/wp-json\/wp\/v2\/types\/product"}],"replies":[{"embeddable":true,"href":"https:\/\/www.sikortex.com\/fr\/wp-json\/wp\/v2\/comments?post=7861"}],"wp:featuredmedia":[{"embeddable":true,"href":"https:\/\/www.sikortex.com\/fr\/wp-json\/wp\/v2\/media\/7580"}],"wp:attachment":[{"href":"https:\/\/www.sikortex.com\/fr\/wp-json\/wp\/v2\/media?parent=7861"}],"wp:term":[{"taxonomy":"product_brand","embeddable":true,"href":"https:\/\/www.sikortex.com\/fr\/wp-json\/wp\/v2\/product_brand?post=7861"},{"taxonomy":"product_cat","embeddable":true,"href":"https:\/\/www.sikortex.com\/fr\/wp-json\/wp\/v2\/product_cat?post=7861"},{"taxonomy":"product_tag","embeddable":true,"href":"https:\/\/www.sikortex.com\/fr\/wp-json\/wp\/v2\/product_tag?post=7861"}],"curies":[{"name":"wp","href":"https:\/\/api.w.org\/{rel}","templated":true}]}}