{"id":7729,"date":"2025-01-07T13:22:42","date_gmt":"2025-01-07T05:22:42","guid":{"rendered":"https:\/\/www.sikortex.com\/?post_type=product&#038;p=7729"},"modified":"2025-01-09T12:22:03","modified_gmt":"2025-01-09T04:22:03","slug":"tissu-de-revetement-en-polyester-pu-300d-pour-conduit-dair","status":"publish","type":"product","link":"https:\/\/www.sikortex.com\/fr\/produit\/tissu-de-revetement-en-polyester-pu-300d-pour-conduit-dair\/","title":{"rendered":"Tissu de rev\u00eatement en polyester PU 300D pour conduit d&#039;air NFPA 701"},"content":{"rendered":"<div class=\"auto-hide-last-sibling-br paragraph-JOTKXA paragraph-element br-paragraph-space\">Dans les secteurs industriel et commercial, le choix du tissu pour les conduits d&#039;air est crucial pour la performance et la s\u00e9curit\u00e9 du syst\u00e8me. <a href=\"https:\/\/www.sikortex.com\/fr\/tissus-en-polyester\/\"><span style=\"color: #3366ff;\">polyester<\/span><\/a> 300D <span style=\"color: #3366ff;\">O<a style=\"color: #3366ff;\" href=\"https:\/\/www.sikortex.com\/fr\/nylon-coton-tissu-ripstop-coupe-vent-tissu-5\/\">xford<\/a><\/span> tissu, apr\u00e8s avoir \u00e9t\u00e9 trait\u00e9 avec un polyur\u00e9thane <a href=\"https:\/\/www.sikortex.com\/fr\/2025\/01\/03\/fabricants-de-tissus-enduits\/\"><span style=\"color: #3366ff;\">rev\u00eatement<\/span><\/a>, devient un mat\u00e9riau id\u00e9al pour les conduits d&#039;air, excellant particuli\u00e8rement dans le respect de la norme NFPA 701.<\/div>\n<h4><\/h4>\n<div class=\"auto-hide-last-sibling-br paragraph-JOTKXA paragraph-element br-paragraph-space\">Le 300D <span style=\"color: #3366ff;\"><a style=\"color: #3366ff;\" href=\"https:\/\/www.sikortex.com\/fr\/tissus-en-polyester\/\">Polyester<\/a><\/span> Pu <a href=\"https:\/\/www.sikortex.com\/fr\/2025\/01\/03\/fabricants-de-tissus-enduits\/\"><span style=\"color: #3366ff;\">enrobage<\/span><\/a> Le tissu lui-m\u00eame offre une excellente r\u00e9sistance \u00e0 l&#039;abrasion. Avec un nombre de fibres de 300D, le tissu est l\u00e9ger mais r\u00e9sistant. Pendant le fonctionnement quotidien des conduits d&#039;air, il peut r\u00e9sister aux frottements et aux tractions et n&#039;est pas facilement endommag\u00e9 par les forces externes.<\/div>\n<h4><\/h4>\n<div class=\"auto-hide-last-sibling-br paragraph-JOTKXA paragraph-element br-paragraph-space\">Le rev\u00eatement en polyur\u00e9thane am\u00e9liore encore ses performances. Il offre non seulement une excellente \u00e9tanch\u00e9it\u00e9, emp\u00eachant efficacement l&#039;humidit\u00e9 ext\u00e9rieure de p\u00e9n\u00e9trer dans les conduits et pr\u00e9servant la s\u00e9cheresse de l&#039;air int\u00e9rieur, mais am\u00e9liore \u00e9galement l&#039;\u00e9tanch\u00e9it\u00e9 \u00e0 l&#039;air, r\u00e9duisant les fuites d&#039;air, am\u00e9liorant l&#039;efficacit\u00e9 du transport et r\u00e9duisant la consommation d&#039;\u00e9nergie.<\/div>\n<h4><\/h4>\n<div class=\"auto-hide-last-sibling-br paragraph-JOTKXA paragraph-element br-paragraph-space\">Il convient de noter que ce tissu pr\u00e9sente des caract\u00e9ristiques exceptionnelles <a href=\"https:\/\/www.sikortex.com\/fr\/fabricant-de-tissus-ignifuges\/\">ignifuge<\/a> propri\u00e9t\u00e9s. La combinaison du rev\u00eatement en polyur\u00e9thane et du polyester 300D <span style=\"color: #3366ff;\"><a style=\"color: #3366ff;\" href=\"https:\/\/www.sikortex.com\/fr\/nylon-coton-tissu-ripstop-coupe-vent-tissu-5\/\">Oxford<\/a><\/span> le tissu permet au mat\u00e9riau de r\u00e9pondre strictement aux<span style=\"color: #3366ff;\"><a style=\"color: #3366ff;\" href=\"https:\/\/www.sikortex.com\/fr\/fabricant-de-tissus-ignifuges\/\"> r\u00e9sistance au feu<\/a><\/span> exigences de la norme NFPA 701. Cette norme impose des exigences strictes en mati\u00e8re de r\u00e9sistance au feu des mat\u00e9riaux utilis\u00e9s pour les rideaux, les tentures et les applications similaires. Le tissu pour conduit d&#039;air peut r\u00e9duire efficacement les risques d&#039;incendie et fournir une protection de s\u00e9curit\u00e9 fiable pour l&#039;environnement dans lequel les conduits d&#039;air sont utilis\u00e9s. Que ce soit dans les b\u00e2timents commerciaux, les usines industrielles ou les installations publiques, les conduits d&#039;air fabriqu\u00e9s \u00e0 partir de ce tissu <a href=\"https:\/\/www.sikortex.com\/fr\/fabricant-de-tissus-ignifuges\/\"><span style=\"color: #3366ff;\">ignifuge<\/span><\/a> le tissu peut fonctionner de mani\u00e8re stable, ce qui en fait le premier choix qui \u00e9quilibre performance et s\u00e9curit\u00e9.<\/div>","protected":false},"excerpt":{"rendered":"<p>2000 m\u00e8tres (commande minimum)<\/p>","protected":false},"featured_media":7732,"comment_status":"closed","ping_status":"closed","template":"","meta":{"_uag_custom_page_level_css":"","site-sidebar-layout":"default","site-content-layout":"default","ast-site-content-layout":"","site-content-style":"default","site-sidebar-style":"default","ast-global-header-display":"","ast-banner-title-visibility":"","ast-main-header-display":"","ast-hfb-above-header-display":"","ast-hfb-below-header-display":"","ast-hfb-mobile-header-display":"","site-post-title":"","ast-breadcrumbs-content":"","ast-featured-img":"","footer-sml-layout":"","theme-transparent-header-meta":"default","adv-header-id-meta":"","stick-header-meta":"default","header-above-stick-meta":"","header-main-stick-meta":"","header-below-stick-meta":"","astra-migrate-meta-layouts":"default","ast-page-background-enabled":"default","ast-page-background-meta":{"desktop":{"background-color":"","background-image":"","background-repeat":"repeat","background-position":"center center","background-size":"auto","background-attachment":"scroll","background-type":"","background-media":"","overlay-type":"","overlay-color":"","overlay-opacity":"","overlay-gradient":""},"tablet":{"background-color":"","background-image":"","background-repeat":"repeat","background-position":"center center","background-size":"auto","background-attachment":"scroll","background-type":"","background-media":"","overlay-type":"","overlay-color":"","overlay-opacity":"","overlay-gradient":""},"mobile":{"background-color":"","background-image":"","background-repeat":"repeat","background-position":"center center","background-size":"auto","background-attachment":"scroll","background-type":"","background-media":"","overlay-type":"","overlay-color":"","overlay-opacity":"","overlay-gradient":""}},"ast-content-background-meta":{"desktop":{"background-color":"var(--ast-global-color-5)","background-image":"","background-repeat":"repeat","background-position":"center center","background-size":"auto","background-attachment":"scroll","background-type":"","background-media":"","overlay-type":"","overlay-color":"","overlay-opacity":"","overlay-gradient":""},"tablet":{"background-color":"var(--ast-global-color-5)","background-image":"","background-repeat":"repeat","background-position":"center center","background-size":"auto","background-attachment":"scroll","background-type":"","background-media":"","overlay-type":"","overlay-color":"","overlay-opacity":"","overlay-gradient":""},"mobile":{"background-color":"var(--ast-global-color-5)","background-image":"","background-repeat":"repeat","background-position":"center center","background-size":"auto","background-attachment":"scroll","background-type":"","background-media":"","overlay-type":"","overlay-color":"","overlay-opacity":"","overlay-gradient":""}}},"product_brand":[],"product_cat":[432,416,1184,403,433,414],"product_tag":[],"class_list":{"0":"post-7729","1":"product","2":"type-product","3":"status-publish","4":"has-post-thumbnail","6":"product_cat-fabric-for-tent","7":"product_cat-fire-retardant-fabrics","8":"product_cat-oxford-fabric","9":"product_cat-polyester-fabrics","10":"product_cat-textile-for-industrial","11":"product_cat-waterproof-fabrics","12":"desktop-align-left","13":"tablet-align-left","14":"mobile-align-left","15":"ast-product-gallery-layout-vertical-slider","16":"ast-product-tabs-layout-horizontal","18":"first","19":"instock","20":"shipping-taxable","21":"product-type-simple"},"uagb_featured_image_src":{"full":["https:\/\/www.sikortex.com\/wp-content\/uploads\/2025\/01\/300D-Oxford-PU.jpg",800,800,false],"thumbnail":["https:\/\/www.sikortex.com\/wp-content\/uploads\/2025\/01\/300D-Oxford-PU-150x150.jpg",150,150,true],"medium":["https:\/\/www.sikortex.com\/wp-content\/uploads\/2025\/01\/300D-Oxford-PU-300x300.jpg",300,300,true],"medium_large":["https:\/\/www.sikortex.com\/wp-content\/uploads\/2025\/01\/300D-Oxford-PU-768x768.jpg",768,768,true],"large":["https:\/\/www.sikortex.com\/wp-content\/uploads\/2025\/01\/300D-Oxford-PU.jpg",800,800,false],"1536x1536":["https:\/\/www.sikortex.com\/wp-content\/uploads\/2025\/01\/300D-Oxford-PU.jpg",800,800,false],"2048x2048":["https:\/\/www.sikortex.com\/wp-content\/uploads\/2025\/01\/300D-Oxford-PU.jpg",800,800,false],"trp-custom-language-flag":["https:\/\/www.sikortex.com\/wp-content\/uploads\/2025\/01\/300D-Oxford-PU-12x12.jpg",12,12,true],"woocommerce_thumbnail":["https:\/\/www.sikortex.com\/wp-content\/uploads\/2025\/01\/300D-Oxford-PU-300x300.jpg",300,300,true],"woocommerce_single":["https:\/\/www.sikortex.com\/wp-content\/uploads\/2025\/01\/300D-Oxford-PU-600x600.jpg",600,600,true],"woocommerce_gallery_thumbnail":["https:\/\/www.sikortex.com\/wp-content\/uploads\/2025\/01\/300D-Oxford-PU-100x100.jpg",100,100,true]},"uagb_author_info":{"display_name":"Perry","author_link":"https:\/\/www.sikortex.com\/fr\/author\/"},"uagb_comment_info":0,"uagb_excerpt":"2000 Meters(Min.Order)","_links":{"self":[{"href":"https:\/\/www.sikortex.com\/fr\/wp-json\/wp\/v2\/product\/7729","targetHints":{"allow":["GET"]}}],"collection":[{"href":"https:\/\/www.sikortex.com\/fr\/wp-json\/wp\/v2\/product"}],"about":[{"href":"https:\/\/www.sikortex.com\/fr\/wp-json\/wp\/v2\/types\/product"}],"replies":[{"embeddable":true,"href":"https:\/\/www.sikortex.com\/fr\/wp-json\/wp\/v2\/comments?post=7729"}],"wp:featuredmedia":[{"embeddable":true,"href":"https:\/\/www.sikortex.com\/fr\/wp-json\/wp\/v2\/media\/7732"}],"wp:attachment":[{"href":"https:\/\/www.sikortex.com\/fr\/wp-json\/wp\/v2\/media?parent=7729"}],"wp:term":[{"taxonomy":"product_brand","embeddable":true,"href":"https:\/\/www.sikortex.com\/fr\/wp-json\/wp\/v2\/product_brand?post=7729"},{"taxonomy":"product_cat","embeddable":true,"href":"https:\/\/www.sikortex.com\/fr\/wp-json\/wp\/v2\/product_cat?post=7729"},{"taxonomy":"product_tag","embeddable":true,"href":"https:\/\/www.sikortex.com\/fr\/wp-json\/wp\/v2\/product_tag?post=7729"}],"curies":[{"name":"wp","href":"https:\/\/api.w.org\/{rel}","templated":true}]}}